{"id":10571,"date":"2018-10-25T15:31:44","date_gmt":"2018-10-25T15:31:44","guid":{"rendered":"http:\/\/globalpacta.com?page_id=10571"},"modified":"2018-10-25T15:31:44","modified_gmt":"2018-10-25T15:31:44","slug":"florence-loan","status":"publish","type":"page","link":"https:\/\/globalpacta.com\/ca\/equipo-2-2\/florence-loan\/","title":{"rendered":"FLORENCE LOAN"},"content":{"rendered":"<div class=\"fusion-fullwidth fullwidth-box fusion-builder-row-1 gp-single-team nonhundred-percent-fullwidth non-hundred-percent-height-scrolling\" style=\"--awb-background-position:left top;--awb-border-radius-top-left:0px;--awb-border-radius-top-right:0px;--awb-border-radius-bottom-right:0px;--awb-border-radius-bottom-left:0px;--awb-padding-top:20px;--awb-padding-bottom:20px;--awb-border-sizes-top:0px;--awb-border-sizes-bottom:0px;--awb-flex-wrap:wrap;\" ><div class=\"fusion-builder-row fusion-row\"><div class=\"fusion-layout-column fusion_builder_column fusion-builder-column-0 fusion_builder_column_1_2 1_2 fusion-one-half fusion-column-first\" style=\"--awb-bg-size:cover;width:48%; margin-right: 4%;\"><div class=\"fusion-column-wrapper fusion-flex-column-wrapper-legacy\"><div class=\"fusion-image-element fusion-image-align-right in-legacy-container\" style=\"text-align:right;--awb-caption-title-font-family:var(--h2_typography-font-family);--awb-caption-title-font-weight:var(--h2_typography-font-weight);--awb-caption-title-font-style:var(--h2_typography-font-style);--awb-caption-title-size:var(--h2_typography-font-size);--awb-caption-title-transform:var(--h2_typography-text-transform);--awb-caption-title-line-height:var(--h2_typography-line-height);--awb-caption-title-letter-spacing:var(--h2_typography-letter-spacing);\"><span class=\" fusion-imageframe imageframe-none imageframe-1 hover-type-none\" style=\"margin-left:25px;float:right;\"><img decoding=\"async\" width=\"300\" height=\"300\" title=\"floan\" src=\"http:\/\/globalpacta.com\/wp-content\/uploads\/2018\/10\/floan-300x300.jpg\" alt class=\"img-responsive wp-image-10579\" srcset=\"https:\/\/globalpacta.com\/wp-content\/uploads\/2018\/10\/floan-200x200.jpg 200w, https:\/\/globalpacta.com\/wp-content\/uploads\/2018\/10\/floan-400x400.jpg 400w, https:\/\/globalpacta.com\/wp-content\/uploads\/2018\/10\/floan.jpg 427w\" sizes=\"(max-width: 800px) 100vw, 300px\" \/><\/span><\/div><div class=\"fusion-clearfix\"><\/div><\/div><\/div><div class=\"fusion-layout-column fusion_builder_column fusion-builder-column-1 fusion_builder_column_1_2 1_2 fusion-one-half fusion-column-last\" style=\"--awb-bg-size:cover;width:48%;\"><div class=\"fusion-column-wrapper fusion-flex-column-wrapper-legacy\"><div class=\"fusion-text fusion-text-1\"><p><strong>Advocada de Costa de Marfil<\/strong><\/p>\n<p>Florence Loan \u00e9s experta en dret bancari, dret de la contractaci\u00f3, dret de l&#8217;asseguran\u00e7a-responsabilitat civil, dret laboral, dret mercantil i dret societari.<\/p>\n<p>Desenvolupa la seva professi\u00f3 en els \u00e0mbits de la banca, de les empreses i de les assegurances.<\/p>\n<p>\u00c9s membre del Col\u00b7legi d\u2019Advocats de Costa de Marfil des de 1996.<\/p>\n<p>Ha exercit el c\u00e0rrec de Primera Secret\u00e0ria de la Confer\u00e8ncia d&#8217;Advocats de Costa de Marfil en els anys 1998-1999 i de Secret\u00e0ria del Col\u00b7legit d\u2019Advocats de Costa de Marfil el 2015-2018.<\/p>\n<p><strong>Formaci\u00f3 acad\u00e8mica<\/strong><\/p>\n<p>\u2013 Llicenciada en Dret i M\u00e0ster de Dret Privat per la Universitat d\u2019Abidjan (Costa de Marfil).<\/p>\n<p>\u2013 M\u00e0ster de l\u2019Advocacia d\u2019Empresa per la Universitat de Toulouse Capitole (Fran\u00e7a).<\/p>\n<p><strong>Idiomes<\/strong><\/p>\n<p>Franc\u00e8s i angl\u00e8s.<\/p>\n<\/div><div class=\"fusion-clearfix\"><\/div><\/div><\/div><\/div><\/div>\n","protected":false},"excerpt":{"rendered":"","protected":false},"author":5,"featured_media":0,"parent":7208,"menu_order":0,"comment_status":"open","ping_status":"open","template":"","meta":{"_exactmetrics_skip_tracking":false,"_exactmetrics_sitenote_active":false,"_exactmetrics_sitenote_note":"","_exactmetrics_sitenote_category":0,"footnotes":""},"_links":{"self":[{"href":"https:\/\/globalpacta.com\/ca\/wp-json\/wp\/v2\/pages\/10571"}],"collection":[{"href":"https:\/\/globalpacta.com\/ca\/wp-json\/wp\/v2\/pages"}],"about":[{"href":"https:\/\/globalpacta.com\/ca\/wp-json\/wp\/v2\/types\/page"}],"author":[{"embeddable":true,"href":"https:\/\/globalpacta.com\/ca\/wp-json\/wp\/v2\/users\/5"}],"replies":[{"embeddable":true,"href":"https:\/\/globalpacta.com\/ca\/wp-json\/wp\/v2\/comments?post=10571"}],"version-history":[{"count":1,"href":"https:\/\/globalpacta.com\/ca\/wp-json\/wp\/v2\/pages\/10571\/revisions"}],"predecessor-version":[{"id":10599,"href":"https:\/\/globalpacta.com\/ca\/wp-json\/wp\/v2\/pages\/10571\/revisions\/10599"}],"up":[{"embeddable":true,"href":"https:\/\/globalpacta.com\/ca\/wp-json\/wp\/v2\/pages\/7208"}],"wp:attachment":[{"href":"https:\/\/globalpacta.com\/ca\/wp-json\/wp\/v2\/media?parent=10571"}],"curies":[{"name":"wp","href":"https:\/\/api.w.org\/{rel}","templated":true}]}}