{"id":10603,"date":"2018-10-26T15:12:48","date_gmt":"2018-10-26T15:12:48","guid":{"rendered":"http:\/\/globalpacta.com?page_id=10603"},"modified":"2024-05-24T12:35:08","modified_gmt":"2024-05-24T12:35:08","slug":"mari-cruz","status":"publish","type":"page","link":"https:\/\/globalpacta.com\/ca\/mari-cruz\/","title":{"rendered":"MARI CRUZ PUCHAU"},"content":{"rendered":"<div class=\"fusion-fullwidth fullwidth-box fusion-builder-row-1 gp-single-team nonhundred-percent-fullwidth non-hundred-percent-height-scrolling\" style=\"--awb-background-position:left top;--awb-border-sizes-top:0px;--awb-border-sizes-bottom:0px;--awb-border-sizes-left:0px;--awb-border-sizes-right:0px;--awb-border-radius-top-left:0px;--awb-border-radius-top-right:0px;--awb-border-radius-bottom-right:0px;--awb-border-radius-bottom-left:0px;--awb-padding-top:20px;--awb-padding-bottom:20px;--awb-flex-wrap:wrap;\" ><div class=\"fusion-builder-row fusion-row\"><div class=\"fusion-layout-column fusion_builder_column fusion-builder-column-0 fusion_builder_column_1_2 1_2 fusion-one-half fusion-column-first\" style=\"--awb-bg-size:cover;width:48%; margin-right: 4%;\"><div class=\"fusion-column-wrapper fusion-flex-column-wrapper-legacy\"><div class=\"fusion-image-element fusion-image-align-right in-legacy-container\" style=\"text-align:right;--awb-caption-title-font-family:var(--h2_typography-font-family);--awb-caption-title-font-weight:var(--h2_typography-font-weight);--awb-caption-title-font-style:var(--h2_typography-font-style);--awb-caption-title-size:var(--h2_typography-font-size);--awb-caption-title-transform:var(--h2_typography-text-transform);--awb-caption-title-line-height:var(--h2_typography-line-height);--awb-caption-title-letter-spacing:var(--h2_typography-letter-spacing);\"><span class=\" fusion-imageframe imageframe-none imageframe-1 hover-type-none\" style=\"margin-left:25px;float:right;\"><img decoding=\"async\" width=\"300\" height=\"300\" title=\"mcruz\" src=\"http:\/\/globalpacta.com\/wp-content\/uploads\/2018\/10\/mcruz-300x300.jpg\" alt class=\"img-responsive wp-image-10587\" srcset=\"https:\/\/globalpacta.com\/wp-content\/uploads\/2018\/10\/mcruz-200x200.jpg 200w, https:\/\/globalpacta.com\/wp-content\/uploads\/2018\/10\/mcruz-400x400.jpg 400w, https:\/\/globalpacta.com\/wp-content\/uploads\/2018\/10\/mcruz.jpg 427w\" sizes=\"(max-width: 800px) 100vw, 300px\" \/><\/span><\/div><div class=\"fusion-clearfix\"><\/div><\/div><\/div><div class=\"fusion-layout-column fusion_builder_column fusion-builder-column-1 fusion_builder_column_1_2 1_2 fusion-one-half fusion-column-last\" style=\"--awb-bg-size:cover;width:48%;\"><div class=\"fusion-column-wrapper fusion-flex-column-wrapper-legacy\"><div class=\"fusion-text fusion-text-1\"><p><strong>Advocada<\/strong><\/p>\n<p>Mari Cruz Puchau de Lecea, despr\u00e9s de cursar els estudis de Secretaria Jur\u00eddica i desenvolupar durant anys aquest professi\u00f3, obtingu\u00e9 la llicenciatura en Dret i comen\u00e7\u00e0 a col\u00b7laborar en el departament processal i mercantil de diferents despatxos d&#8217;advocats, aix\u00ed com en el departament de bastanteig, en diverses empreses de serveis per a entitats financeres, oferint el seu suport tant a persones f\u00edsiques com jur\u00eddiques en situacions diverses: incapacitacions, concursos de creditors, menors desemparats, ajuntaments, etc.<\/p>\n<p>\u00c9s membre del Il\u00b7lustre Col\u00b7legi de l&#8217;Advocacia de Barcelona des del 2012.<\/p>\n<p><strong>Formaci\u00f3 acad\u00e8mica<\/strong><\/p>\n<p>&#8211; M\u00e0ster en Assessoria Jur\u00eddica d&#8217;Empresa per la Universitat Oberta de Catalunya.<br \/>\n&#8211; Llicenciada en Dret per la Universitat Oberta de Catalunya.<br \/>\n&#8211; T\u00e8cnic Superior en Secretariat pel Centre d&#8217;Estudis Professionals Xavier.<br \/>\n&#8211; V Congr\u00e9s sobre els Drets dels Animals.<br \/>\n&#8211; Curs de Societats Mercantils.<br \/>\n&#8211; Curs de Llenguatge Jur\u00eddic Catal\u00e0.<br \/>\n&#8211; Curs de Responsabilitat dels Administradors.<br \/>\n&#8211; Curs de Prevenci\u00f3 i Protecci\u00f3 contra l&#8217;Explotaci\u00f3 Sexual Infantil.<br \/>\n&#8211; Curs de Dret Concursal Avan\u00e7at.<\/p>\n<p><strong>Idiomes<\/strong><\/p>\n<p>Castell\u00e0, catal\u00e0, angl\u00e8s, franc\u00e8s i itali\u00e0.<\/p>\n<\/div><div class=\"fusion-clearfix\"><\/div><\/div><\/div><\/div><\/div>\n","protected":false},"excerpt":{"rendered":"","protected":false},"author":5,"featured_media":0,"parent":0,"menu_order":0,"comment_status":"open","ping_status":"open","template":"","meta":{"_exactmetrics_skip_tracking":false,"_exactmetrics_sitenote_active":false,"_exactmetrics_sitenote_note":"","_exactmetrics_sitenote_category":0,"footnotes":""},"_links":{"self":[{"href":"https:\/\/globalpacta.com\/ca\/wp-json\/wp\/v2\/pages\/10603"}],"collection":[{"href":"https:\/\/globalpacta.com\/ca\/wp-json\/wp\/v2\/pages"}],"about":[{"href":"https:\/\/globalpacta.com\/ca\/wp-json\/wp\/v2\/types\/page"}],"author":[{"embeddable":true,"href":"https:\/\/globalpacta.com\/ca\/wp-json\/wp\/v2\/users\/5"}],"replies":[{"embeddable":true,"href":"https:\/\/globalpacta.com\/ca\/wp-json\/wp\/v2\/comments?post=10603"}],"version-history":[{"count":3,"href":"https:\/\/globalpacta.com\/ca\/wp-json\/wp\/v2\/pages\/10603\/revisions"}],"predecessor-version":[{"id":22784,"href":"https:\/\/globalpacta.com\/ca\/wp-json\/wp\/v2\/pages\/10603\/revisions\/22784"}],"wp:attachment":[{"href":"https:\/\/globalpacta.com\/ca\/wp-json\/wp\/v2\/media?parent=10603"}],"curies":[{"name":"wp","href":"https:\/\/api.w.org\/{rel}","templated":true}]}}