{"id":11450,"date":"2019-01-31T16:26:29","date_gmt":"2019-01-31T16:26:29","guid":{"rendered":"https:\/\/globalpacta.com?page_id=11450"},"modified":"2019-04-01T14:51:34","modified_gmt":"2019-04-01T14:51:34","slug":"aviso-legal","status":"publish","type":"page","link":"https:\/\/globalpacta.com\/ca\/aviso-legal\/","title":{"rendered":"Aviso Legal"},"content":{"rendered":"<div class=\"fusion-fullwidth fullwidth-box fusion-builder-row-1 nonhundred-percent-fullwidth non-hundred-percent-height-scrolling\" style=\"--awb-background-position:left top;--awb-border-radius-top-left:0px;--awb-border-radius-top-right:0px;--awb-border-radius-bottom-right:0px;--awb-border-radius-bottom-left:0px;--awb-padding-top:50px;--awb-padding-bottom:100px;--awb-border-sizes-top:0px;--awb-border-sizes-bottom:0px;--awb-flex-wrap:wrap;\" ><div class=\"fusion-builder-row fusion-row\"><div class=\"fusion-layout-column fusion_builder_column fusion-builder-column-0 fusion_builder_column_1_1 1_1 fusion-one-full fusion-column-first fusion-column-last green-border rounded-border\" style=\"--awb-padding-top:40px;--awb-padding-right:60px;--awb-padding-bottom:20px;--awb-padding-left:60px;--awb-bg-color:#ffffff;--awb-bg-color-hover:#ffffff;--awb-bg-size:cover;--awb-border-color:#e2e2e2;--awb-border-top:1px;--awb-border-right:1px;--awb-border-bottom:1px;--awb-border-left:1px;--awb-border-style:solid;\"><div class=\"fusion-column-wrapper fusion-flex-column-wrapper-legacy\"><div class=\"fusion-title title fusion-title-1 fusion-title-text fusion-title-size-one\"><h1 class=\"fusion-title-heading title-heading-left\" style=\"margin:0;\"><h1><strong>AV\u00cdS LEGAL<\/strong><\/h1><\/h1><span class=\"awb-title-spacer\"><\/span><div class=\"title-sep-container\"><div class=\"title-sep sep-single sep-solid\" style=\"border-color:#e0dede;\"><\/div><\/div><\/div><div class=\"fusion-sep-clear\"><\/div><div class=\"fusion-separator fusion-full-width-sep\" style=\"margin-left: auto;margin-right: auto;margin-top:10px;margin-bottom:10px;width:100%;\"><\/div><div class=\"fusion-sep-clear\"><\/div><div class=\"fusion-text fusion-text-1\"><p><strong>Responsable del tractament de les dades: Pacta legal, S.L.P.<\/strong><\/p>\n<p><strong>Finalitat del tractament: <\/strong>gesti\u00f3 comercial i administrativa dels serveis o de la informaci\u00f3 sol\u00b7licitada aix\u00ed com l&#8217;execuci\u00f3 dels contractes o enc\u00e0rrecs realitzats.<\/p>\n<p><strong>Legitimaci\u00f3 del tractament: <\/strong>consentiment de l&#8217;interessat en facilitar les seves dades personals; relaci\u00f3 contractual.<\/p>\n<p><strong>Destinataris: <\/strong>les dades que ens faciliteu s&#8217;incorporaran a una base de dades pertanyent a gl<u>o<\/u>balpacta, formada per PACTA LEGAL, S.L.P i AMB PACTA, S.L, i no se cediran a tercers excepte obligaci\u00f3 legal.<\/p>\n<p><strong>Drets: <\/strong>accedir, rectificar i suprimir les vostres dades, aix\u00ed com els altres drets previstos per la normativa vigent.<\/p>\n<p>Podeu exercir els vostres drets en el seg\u00fcent enlla\u00e7: <a href=\"https:\/\/globalpacta.com\/ca\/ejercicio-de-derechos\"><strong><u>Exerceix els teus drets.<\/u><\/strong><\/a><\/p>\n<p>Si desitgeu m\u00e9s informaci\u00f3, consulteu la nostra <a href=\"https:\/\/globalpacta.com\/ca\/politica-de-privacidad-2\"><strong><u>Pol\u00edtica de privacitat<\/u><\/strong><\/a> i la nostra <a href=\"https:\/\/globalpacta.com\/ca\/politica-de-cookies\"><strong><u>Pol\u00edtica de <em>cookies<\/em><\/u><\/strong><strong>.<\/strong><\/a><\/p>\n<p><strong>Reclamacions davant l&#8217;Autoritat de protecci\u00f3 de dades: <\/strong>podeu adre\u00e7ar les reclamacions derivades del tractament de les vostres dades de car\u00e0cter personal a l&#8217;Ag\u00e8ncia Espanyola de Protecci\u00f3 de Dades, <a href=\"https:\/\/www.aepd.es\/\" rel=\"nofollow noopener\" target=\"_blank\">https:\/\/www.aepd.es\/<\/a>.<\/p>\n<\/div><div class=\"fusion-clearfix\"><\/div><\/div><\/div><\/div><\/div>\n","protected":false},"excerpt":{"rendered":"","protected":false},"author":3,"featured_media":0,"parent":0,"menu_order":0,"comment_status":"closed","ping_status":"closed","template":"","meta":{"_exactmetrics_skip_tracking":false,"_exactmetrics_sitenote_active":false,"_exactmetrics_sitenote_note":"","_exactmetrics_sitenote_category":0,"footnotes":""},"_links":{"self":[{"href":"https:\/\/globalpacta.com\/ca\/wp-json\/wp\/v2\/pages\/11450"}],"collection":[{"href":"https:\/\/globalpacta.com\/ca\/wp-json\/wp\/v2\/pages"}],"about":[{"href":"https:\/\/globalpacta.com\/ca\/wp-json\/wp\/v2\/types\/page"}],"author":[{"embeddable":true,"href":"https:\/\/globalpacta.com\/ca\/wp-json\/wp\/v2\/users\/3"}],"replies":[{"embeddable":true,"href":"https:\/\/globalpacta.com\/ca\/wp-json\/wp\/v2\/comments?post=11450"}],"version-history":[{"count":12,"href":"https:\/\/globalpacta.com\/ca\/wp-json\/wp\/v2\/pages\/11450\/revisions"}],"predecessor-version":[{"id":11868,"href":"https:\/\/globalpacta.com\/ca\/wp-json\/wp\/v2\/pages\/11450\/revisions\/11868"}],"wp:attachment":[{"href":"https:\/\/globalpacta.com\/ca\/wp-json\/wp\/v2\/media?parent=11450"}],"curies":[{"name":"wp","href":"https:\/\/api.w.org\/{rel}","templated":true}]}}