{"id":11545,"date":"2019-01-31T17:30:03","date_gmt":"2019-01-31T17:30:03","guid":{"rendered":"https:\/\/globalpacta.com\/ejercicio-de-derechos"},"modified":"2019-04-17T11:50:00","modified_gmt":"2019-04-17T11:50:00","slug":"ejercicio-de-derechos","status":"publish","type":"page","link":"https:\/\/globalpacta.com\/ca\/ejercicio-de-derechos\/","title":{"rendered":"Ejercicio de derechos"},"content":{"rendered":"<div class=\"fusion-fullwidth fullwidth-box fusion-builder-row-1 nonhundred-percent-fullwidth non-hundred-percent-height-scrolling\" style=\"--awb-background-position:left top;--awb-border-radius-top-left:0px;--awb-border-radius-top-right:0px;--awb-border-radius-bottom-right:0px;--awb-border-radius-bottom-left:0px;--awb-padding-top:50px;--awb-padding-bottom:100px;--awb-border-sizes-top:0px;--awb-border-sizes-bottom:0px;--awb-flex-wrap:wrap;\" ><div class=\"fusion-builder-row fusion-row\"><div class=\"fusion-layout-column fusion_builder_column fusion-builder-column-0 fusion_builder_column_1_1 1_1 fusion-one-full fusion-column-first fusion-column-last green-border rounded-border\" style=\"--awb-padding-top:40px;--awb-padding-right:60px;--awb-padding-bottom:20px;--awb-padding-left:60px;--awb-bg-color:#ffffff;--awb-bg-color-hover:#ffffff;--awb-bg-size:cover;--awb-border-color:#e2e2e2;--awb-border-top:1px;--awb-border-right:1px;--awb-border-bottom:1px;--awb-border-left:1px;--awb-border-style:solid;\"><div class=\"fusion-column-wrapper fusion-flex-column-wrapper-legacy\"><div class=\"fusion-title title fusion-title-1 fusion-title-text fusion-title-size-one\"><h1 class=\"fusion-title-heading title-heading-left\" style=\"margin:0;\"><h1><strong>EXERCICI DE DRETS SOBRE LES SEVES DADES PERSONALS<\/strong><\/h1><\/h1><span class=\"awb-title-spacer\"><\/span><div class=\"title-sep-container\"><div class=\"title-sep sep-single sep-solid\" style=\"border-color:#e0dede;\"><\/div><\/div><\/div><div class=\"fusion-sep-clear\"><\/div><div class=\"fusion-separator fusion-full-width-sep\" style=\"margin-left: auto;margin-right: auto;margin-top:10px;margin-bottom:10px;width:100%;\"><\/div><div class=\"fusion-sep-clear\"><\/div><div class=\"fusion-text fusion-text-1\"><p>Si desitgeu exercir els drets que la normativa de protecci\u00f3 de dades us atorga, envieu-nos un correu electr\u00f2nic a l&#8217;adre\u00e7a seg\u00fcent\u00a0<a href=\"mailto:protecciondatos@globalpacta.com\">protecciondatos@globalpacta.com<\/a>, indicant al tema el dret que voleu exercir i adjuntant una c\u00f2pia del vostre document nacional d&#8217;identitat o passaport.<\/p>\n<p>Els drets que podeu exercir son:<\/p>\n<ol>\n<li>Acc\u00e9s a les dades.<\/li>\n<li>Rectificaci\u00f3 de les dades.<\/li>\n<li>Supressi\u00f3 de les dades.<\/li>\n<li>Portabilitat de les dades.<\/li>\n<li>Limitaci\u00f3 del tractament.<\/li>\n<li>Oposici\u00f3 al tractament.<\/li>\n<li>No ser objecte d&#8217;una elaboraci\u00f3 de perfils.<\/li>\n<\/ol>\n<\/div><button onclick=\"leerMas()\">Llegir m\u00e9s\u2026<\/button><div class=\"fusion-text fusion-text-2\"><div id=\"leerMas\" style=\"display: none;\">\n<h3><strong>1. Dret d&#8217;acc\u00e9s a les dades<\/strong><\/h3>\n<p>Teniu dret a qu\u00e8 el Responsable us comuniqui si s&#8217;estan tractant o no les vostres dades personals, i en cas que es confirmi el tractament, haur\u00e0 de possibilitar que hi accediu facilitant-vos la informaci\u00f3 seg\u00fcent:<\/p>\n<ul>\n<li>Les finalitats del tractament.<\/li>\n<li>Les categories de les dades en q\u00fcesti\u00f3.<\/li>\n<li>El termini o criteris de conservaci\u00f3.<\/li>\n<\/ul>\n<h3><strong>2. Dret de rectificaci\u00f3 de les dades<\/strong><\/h3>\n<p>Tindreu dret a qu\u00e8 el Responsable rectifiqui les vostres dades quan no siguin exactes o no estiguin completes mitjan\u00e7ant una declaraci\u00f3 rectificativa addicional.<\/p>\n<h3><strong>3. Dret de supressi\u00f3 de les dades<\/strong><\/h3>\n<p>Tindreu dret a qu\u00e8 el responsable suprimeixi les vostres dades quan:<\/p>\n<ul>\n<li>El tractament sigui il\u00b7l\u00edcit.<\/li>\n<li>L&#8217;interessat hagi retirat el seu consentiment.<\/li>\n<li>Ja no calguin en relaci\u00f3 amb les finalitats per a les quals es van recollir o tractar.<\/li>\n<li>L&#8217;interessat hagi exercit el dret d&#8217;oposici\u00f3 i no prevalguin altres motius leg\u00edtims per al tractament.<\/li>\n<li>Les dades s&#8217;hagin de suprimir per complir una obligaci\u00f3 jur\u00eddica del responsable.<\/li>\n<\/ul>\n<p>No tindreu dret a qu\u00e8 el Responsable suprimeixi les vostres dades quan el tractament sigui necessari:<\/p>\n<ul>\n<li>Per exercir el dret a la llibertat d&#8217;expressi\u00f3 i informaci\u00f3.<\/li>\n<li>Per complir una obligaci\u00f3 jur\u00eddica del Responsable.<\/li>\n<li>Per la formulaci\u00f3, exercici o defensa de reclamacions.<\/li>\n<li>Per inter\u00e8s p\u00fablic fonamentat en la legislaci\u00f3 vigent per motius de salut p\u00fablica o per a finalitats d&#8217;investigaci\u00f3 hist\u00f2rica, estad\u00edstica o cient\u00edfica.<\/li>\n<\/ul>\n<h3><strong>4. Dret de portabilitat de les dades<\/strong><\/h3>\n<p>Teniu dret a qu\u00e8 el Responsable transmeti les vostres dades a un altre Responsable de tractament o al mateix interessat, mitjan\u00e7ant un format estructurat d&#8217;\u00fas habitual i lectura mec\u00e0nica quan el tractament es faci amb mitjans inform\u00e0tics i es basi en:<\/p>\n<ul>\n<li>El consentiment de l&#8217;interessat per a fins espec\u00edfics.<\/li>\n<li>L&#8217;execuci\u00f3 d&#8217;un contracte o precontracte amb l&#8217;interessat.<\/li>\n<\/ul>\n<p>El dret a la portabilitat de les dades no s&#8217;aplicar\u00e0 quan:<\/p>\n<ul>\n<li>La transmissi\u00f3 sigui t\u00e8cnicament impossible.<\/li>\n<li>Pugui afectar negativament als drets i llibertats de tercers.<\/li>\n<li>El tractament tingui una missi\u00f3 d&#8217;inter\u00e8s p\u00fablic fonamentat en la legislaci\u00f3 vigent.<\/li>\n<\/ul>\n<h3><strong>5. Dret de limitaci\u00f3 del tractament<\/strong><\/h3>\n<p>Tindreu dret a oposar-vos al tractament de les vostres dades que faci el Responsable per motius relacionats amb la vostra situaci\u00f3 particular, quan el tractament es basi en:<\/p>\n<ul>\n<li>M\u00e0rqueting directe.<\/li>\n<li>Elaboraci\u00f3 de perfils.<\/li>\n<li>Inter\u00e8s leg\u00edtim del Responsable o de tercers, sempre que no prevalguin els interessos o els drets i llibertats de l&#8217;interessat, especialment si \u00e9s un nen.<\/li>\n<li>Investigaci\u00f3 hist\u00f2rica, estad\u00edstica o cient\u00edfica, excepte que el tractament sigui necessari per motius d&#8217;inter\u00e8s p\u00fablic.<\/li>\n<\/ul>\n<p>Encara que l&#8217;interessat s&#8217;oposi al tractament de les seves dades, el Responsable podr\u00e0 continuar tractant-les, sempre que l&#8217;inter\u00e8s leg\u00edtim del Responsable imperi per sobre dels interessos o els drets i llibertats de l&#8217;interessat en un procediment judicial que ho justifiqui.<\/p>\n<p>El Responsable haur\u00e0 d&#8217;informar a l&#8217;interessat del dret a oposici\u00f3 al tractament de les seves dades de manera expl\u00edcita, clara i independent de qualsevol altra informaci\u00f3 en el moment de la primera comunicaci\u00f3.<\/p>\n<h3><strong>6. Dret d&#8217;oposici\u00f3<\/strong><\/h3>\n<p>\u00c9s el dret al fet que no es dugui a terme el tractament de les vostres dades o se cessi en ell quan no calgui el vostre consentiment per al tractament, per la concurr\u00e8ncia d&#8217;un motiu leg\u00edtim i fundat, referit a la vostra situaci\u00f3 personal concreta que ho justifiqui, i sempre que una Llei no disposi el contrari.<\/p>\n<h3><strong>7. Dret a no ser objecte d&#8217;una elaboraci\u00f3 de perfils<\/strong><\/h3>\n<p>Tindreu dret a no ser objecte d&#8217;una elaboraci\u00f3 de perfils la finalitat dels quals sigui adoptar decisions individuals basades en un tractament automatitzat de dades i destinades a avaluar, analitzar o predir els seg\u00fcents aspectes personals:<\/p>\n<ul>\n<li>Rendiment professional.<\/li>\n<li>Situaci\u00f3 econ\u00f2mica.<\/li>\n<li>Salut.<\/li>\n<li>Prefer\u00e8ncies o interessos personals.<\/li>\n<li>Fiabilitat.<\/li>\n<li>Comportament.<\/li>\n<li>Ubicaci\u00f3 o moviments de la persona.<\/li>\n<\/ul>\n<p>Quan l&#8217;elaboraci\u00f3 de perfils es fonamenti \u00fanicament en un tractament automatitzat:<\/p>\n<ul>\n<li>Tindreu dret a estar informat si la decisi\u00f3 que es pugui prendre pot generar uns efectes jur\u00eddics que us afectin significativament.<\/li>\n<li>Tindreu dret a obtenir la intervenci\u00f3 humana per part del Responsable, a expressar el vostre punt de vista i a impugnar la decisi\u00f3, si el tractament s&#8217;ha autoritzat amb:\n<ol>\n<table style=\"margin-bottom:15px;\"><\/table>\n<li>El consentiment expl\u00edcit de l&#8217;interessat.<\/li>\n<li>Un contracte entre el Responsable i l&#8217;interessat.<\/li>\n<\/ol>\n<\/li>\n<\/ul>\n<p>No s&#8217;aplicar\u00e0 el dret a no ser objecte d&#8217;una elaboraci\u00f3 de perfils quan la decisi\u00f3 que es pugui prendre com a conseq\u00fc\u00e8ncia d&#8217;aquesta elaboraci\u00f3 estigui autoritzada amb:<\/p>\n<ul>\n<li>El consentiment expl\u00edcit de l&#8217;interessat.<\/li>\n<li>Un contracte entre el Responsable i l&#8217;interessat.<\/li>\n<li>Un tractament fonamentat en la legislaci\u00f3 vigent.<\/li>\n<\/ul>\n<\/div>\n<\/div><div class=\"fusion-clearfix\"><\/div><\/div><\/div><\/div><\/div>\n","protected":false},"excerpt":{"rendered":"","protected":false},"author":3,"featured_media":0,"parent":0,"menu_order":0,"comment_status":"closed","ping_status":"closed","template":"","meta":{"_exactmetrics_skip_tracking":false,"_exactmetrics_sitenote_active":false,"_exactmetrics_sitenote_note":"","_exactmetrics_sitenote_category":0,"footnotes":""},"_links":{"self":[{"href":"https:\/\/globalpacta.com\/ca\/wp-json\/wp\/v2\/pages\/11545"}],"collection":[{"href":"https:\/\/globalpacta.com\/ca\/wp-json\/wp\/v2\/pages"}],"about":[{"href":"https:\/\/globalpacta.com\/ca\/wp-json\/wp\/v2\/types\/page"}],"author":[{"embeddable":true,"href":"https:\/\/globalpacta.com\/ca\/wp-json\/wp\/v2\/users\/3"}],"replies":[{"embeddable":true,"href":"https:\/\/globalpacta.com\/ca\/wp-json\/wp\/v2\/comments?post=11545"}],"version-history":[{"count":7,"href":"https:\/\/globalpacta.com\/ca\/wp-json\/wp\/v2\/pages\/11545\/revisions"}],"predecessor-version":[{"id":11884,"href":"https:\/\/globalpacta.com\/ca\/wp-json\/wp\/v2\/pages\/11545\/revisions\/11884"}],"wp:attachment":[{"href":"https:\/\/globalpacta.com\/ca\/wp-json\/wp\/v2\/media?parent=11545"}],"curies":[{"name":"wp","href":"https:\/\/api.w.org\/{rel}","templated":true}]}}