{"id":11562,"date":"2019-01-31T18:03:52","date_gmt":"2019-01-31T18:03:52","guid":{"rendered":"https:\/\/globalpacta.com\/politica-de-cookies"},"modified":"2019-05-14T09:46:05","modified_gmt":"2019-05-14T09:46:05","slug":"politica-de-cookies","status":"publish","type":"page","link":"https:\/\/globalpacta.com\/ca\/politica-de-cookies\/","title":{"rendered":"Pol\u00edtica de Cookies"},"content":{"rendered":"<p><div class=\"fusion-fullwidth fullwidth-box fusion-builder-row-1 nonhundred-percent-fullwidth non-hundred-percent-height-scrolling\" style=\"--awb-background-position:left top;--awb-border-radius-top-left:0px;--awb-border-radius-top-right:0px;--awb-border-radius-bottom-right:0px;--awb-border-radius-bottom-left:0px;--awb-padding-top:50px;--awb-padding-bottom:100px;--awb-border-sizes-top:0px;--awb-border-sizes-bottom:0px;--awb-flex-wrap:wrap;\" ><div class=\"fusion-builder-row fusion-row\"><div class=\"fusion-layout-column fusion_builder_column fusion-builder-column-0 fusion_builder_column_1_1 1_1 fusion-one-full fusion-column-first fusion-column-last green-border rounded-border\" style=\"--awb-padding-top:40px;--awb-padding-right:60px;--awb-padding-bottom:20px;--awb-padding-left:60px;--awb-bg-color:#ffffff;--awb-bg-color-hover:#ffffff;--awb-bg-size:cover;--awb-border-color:#e2e2e2;--awb-border-top:1px;--awb-border-right:1px;--awb-border-bottom:1px;--awb-border-left:1px;--awb-border-style:solid;\"><div class=\"fusion-column-wrapper fusion-flex-column-wrapper-legacy\"><div class=\"fusion-title title fusion-title-1 fusion-title-text fusion-title-size-one\"><h1 class=\"fusion-title-heading title-heading-left\" style=\"margin:0;\"><h1><strong>POL\u00cdTICA DE <em>COOKIES<\/em><\/strong><\/h1><\/h1><span class=\"awb-title-spacer\"><\/span><div class=\"title-sep-container\"><div class=\"title-sep sep-single sep-solid\" style=\"border-color:#e0dede;\"><\/div><\/div><\/div><div class=\"fusion-sep-clear\"><\/div><div class=\"fusion-separator fusion-full-width-sep\" style=\"margin-left: auto;margin-right: auto;margin-top:10px;margin-bottom:10px;width:100%;\"><\/div><div class=\"fusion-sep-clear\"><\/div><div class=\"fusion-text fusion-text-1\"><h3><strong>POL\u00cdTICA DE <em>COOKIES<\/em><\/strong><\/h3>\n<p>El nostre lloc web http:\/\/globalpacta.com\/ (el \u201cLloc web\u201d) pot utilitzar una tecnologia anomenada &#8220;galetes&#8221; que permet obtenir informaci\u00f3 sobre l&#8217;\u00fas que es fa del lloc web.<\/p>\n<p>Us informem del fet que podria ser que f\u00e9ssim servir galetes amb la finalitat de facilitar-vos la navegaci\u00f3 pel Lloc web, diferenciar-vos d&#8217;altres usuaris, proporcionar-vos una millor experi\u00e8ncia d&#8217;\u00fas i, si escau, identificar problemes per millorar el nostre Lloc web.<\/p>\n<p>Tanmateix, si ho consentiu, podr\u00edem fer servir galetes que ens permetessin obtenir m\u00e9s informaci\u00f3 sobre les vostres prefer\u00e8ncies i personalitzar el nostre Lloc web d&#8217;acord amb els vostres interessos individuals.<\/p>\n<p>Aquesta pol\u00edtica de galetes t\u00e9 com a finalitat informar-vos de manera clara i precisa sobre les galetes que es fan servir en cada moment el nostre Lloc web. Si voleu obtenir m\u00e9s informaci\u00f3, podeu enviar un missatge de correu electr\u00f2nic a la seg\u00fcent adre\u00e7a: <a href=\"mailto:protecciondatos@globalpacta.com\">protecciondatos@globalpacta.com<\/a>.<\/p>\n<h3><em><strong>COOKIES<\/strong><\/em><\/h3>\n<p>Una <em>cookie <\/em>(galete) \u00e9s un arxiu que es descarrega en el vostre equip (ordinador o dispositiu m\u00f2bil) amb la finalitat d&#8217;emmagatzemar dades que l&#8217;entitat responsable de la seva instal\u00b7laci\u00f3 podr\u00e0 actualitzar i recuperar. Es tracta d&#8217;un mecanisme que consisteix a crear en l&#8217;equip de l&#8217;usuari un fitxer inform\u00e0tic amb dades de les seves prefer\u00e8ncies, gustos i perfil, perqu\u00e8 en la propera visita que faci, els continguts i funcionalitats s&#8217;ajustin a les seves prefer\u00e8ncies.<\/p>\n<p>La informaci\u00f3 obtinguda per mitj\u00e0 de les galetes pot incloure la data i hora de les visites al Lloc web, les p\u00e0gines visualitzades, el temps que heu estat al nostre lloc web i els llocs visitats just abans i despr\u00e9s de visitar-lo.<\/p>\n<h3><strong>TIPUS DE <em>COOKIES<\/em> QUE ES FAN SERVIR AL LLOC WEB<\/strong><\/h3>\n<p><strong>Galetes de sessi\u00f3<\/strong><strong>:<\/strong><\/p>\n<p>S&#8217;envien al vostre equip (ordinador o dispositiu) i les gestionem nosaltres exclusivament amb la finalitat de millorar el funcionament del Lloc web. La informaci\u00f3 que obtenim s&#8217;utilitza per millorar la qualitat del nostre servei i la vostra experi\u00e8ncia d&#8217;usuari.<\/p>\n<p><strong>Galetes persistents:<\/strong><\/p>\n<p>Romanen al vostre navegador m\u00e9s temps. Ens permeten recon\u00e8ixer-vos com a visitant recurrent del Lloc web i adaptar-lo per oferir-vos continguts que s&#8217;adaptin a les vostres prefer\u00e8ncies.<\/p>\n<p>En concret, fem servir les galetes seg\u00fcents:<\/p>\n<p><strong><em><u>1.- Galetes<\/u><\/em><\/strong> <strong><u>pr\u00f2pies<\/u><\/strong><strong><u>, <\/u><u>globalpacta<\/u><\/strong><\/p>\n<table width=\"100%\">\n<tbody>\n<tr>\n<td width=\"16%\"><strong>Galeta<\/strong><\/td>\n<td colspan=\"2\" width=\"24%\"><strong>Durada<\/strong><\/td>\n<td width=\"59%\"><strong>Funci\u00f3<\/strong><\/td>\n<\/tr>\n<tr>\n<td width=\"16%\"><strong>_ga<\/strong><\/td>\n<td width=\"19%\">2 anys<\/td>\n<td colspan=\"2\" width=\"63%\">Diferenciar usuaris i calcular el volum de visitants.<\/td>\n<\/tr>\n<tr>\n<td width=\"16%\"><strong>_gat<\/strong><\/td>\n<td width=\"19%\">1 minut<\/td>\n<td colspan=\"2\" width=\"63%\">Limitar el percentatge de sol\u00b7licituds.<\/td>\n<\/tr>\n<tr>\n<td width=\"16%\"><strong>_gid<\/strong><\/td>\n<td width=\"19%\">24 hores<\/td>\n<td colspan=\"2\" width=\"63%\">Es fa servir per diferenciar els usuaris.<\/td>\n<\/tr>\n<tr>\n<td width=\"115\">\u00a0<\/td>\n<td width=\"140\">\u00a0<\/td>\n<td width=\"32\">\u00a0<\/td>\n<td width=\"420\">\u00a0<\/td>\n<\/tr>\n<\/tbody>\n<\/table>\n<p><strong><br \/><em><u>2.- Galetes <\/u><\/em><\/strong><strong><u>anal\u00edtiques<\/u><\/strong><strong><u> de<\/u><\/strong> <strong><u>tercers<\/u><\/strong><\/p>\n<p><u>a) Google Ireland Limited<\/u><\/p>\n<table style=\"margin-bottom: 20px;\">\n<tbody>\n<tr>\n<td width=\"66\"><strong>Galeta<\/strong><\/td>\n<td width=\"70\"><strong>Durada<\/strong><\/td>\n<td width=\"311\"><strong>Funci\u00f3<\/strong><\/td>\n<\/tr>\n<tr>\n<td width=\"66\"><strong>1P_JAR<\/strong><\/td>\n<td width=\"70\">1 setmana<\/td>\n<td width=\"311\">Transfereix dades a Google.<\/td>\n<\/tr>\n<tr>\n<td width=\"66\"><strong>CONSENT<\/strong><\/td>\n<td width=\"70\">Permanent<\/td>\n<td width=\"311\">Consentiment dels serveis de Google.<\/td>\n<\/tr>\n<tr>\n<td width=\"66\"><strong>NID<\/strong><\/td>\n<td width=\"70\">9 mesos<\/td>\n<td width=\"311\">Ubicacions geogr\u00e0fiques.<\/td>\n<\/tr>\n<tr>\n<td width=\"66\"><strong>APISID<\/strong><\/td>\n<td rowspan=\"2\" width=\"70\">1 any<\/td>\n<td rowspan=\"2\" width=\"311\">Millorar l&#8217;experi\u00e8ncia d&#8217;\u00fas.<\/td>\n<\/tr>\n<tr>\n<td width=\"66\"><strong>HSID<\/strong><\/td>\n<\/tr>\n<tr>\n<td width=\"66\"><strong>OTZ<\/strong><\/td>\n<td width=\"70\">1 mes<\/td>\n<td width=\"311\">Recopilar informaci\u00f3 sobre les prefer\u00e8ncies per fer-les servir amb finalitats publicit\u00e0ries. No emmagatzema dades personals.<\/td>\n<\/tr>\n<tr>\n<td width=\"66\"><strong>OSID<\/strong><\/td>\n<td width=\"70\">2 anys<\/td>\n<td width=\"311\">Aquesta galeta emmagatzema informaci\u00f3 sobre les dades de connexi\u00f3 vinculades a Google.<\/td>\n<\/tr>\n<tr>\n<td width=\"66\"><strong>SIDCC<\/strong><\/td>\n<td width=\"70\">3 mesos<\/td>\n<td width=\"311\">Aquesta galeta la fa servir Google per proporcionar serveis i extreure informaci\u00f3 an\u00f2nima sobre la navegaci\u00f3.<\/td>\n<\/tr>\n<tr>\n<td width=\"66\"><strong>SAPISID<\/strong><\/td>\n<td rowspan=\"3\" width=\"70\">1 any<\/td>\n<td rowspan=\"3\" width=\"311\">Emmagatzemar prefer\u00e8ncies d&#8217;usuari.<\/td>\n<\/tr>\n<tr>\n<td width=\"66\"><strong>SID<\/strong><\/td>\n<\/tr>\n<tr>\n<td width=\"66\"><strong>SSID<\/strong><\/td>\n<\/tr>\n<\/tbody>\n<\/table>\n<p>Si desitgeu m\u00e9s informaci\u00f3 sobre l&#8217;\u00fas de les galetes de Google Inc., podeu posar-vos en contacte amb ells des de la p\u00e0gina\u00a0<a href=\"http:\/\/www.google.com\/policies\/technologies\/ads\/\" rel=\"nofollow noopener\" target=\"_blank\"><u>http:\/\/www.google.com\/policies\/technologies\/ads\/<\/u><\/a>.<strong>\u00a0<\/strong><\/p>\n<p><u>b) Doubleclick.net<\/u> (Google)<\/p>\n<table width=\"494\">\n<tbody>\n<tr>\n<td width=\"48\"><strong><em>Galeta<\/em><\/strong><\/td>\n<td width=\"57\"><strong>Durada<\/strong><\/td>\n<td width=\"341\"><strong>Funci\u00f3<\/strong><\/td>\n<td width=\"48\">\u00a0<\/td>\n<\/tr>\n<tr>\n<td width=\"48\"><strong>IDE<\/strong><\/td>\n<td width=\"57\">19 mesos<\/td>\n<td colspan=\"2\" width=\"390\">Galetes publicit\u00e0ries per millorar la publicitat.<\/td>\n<\/tr>\n<tr>\n<td width=\"48\"><strong>DSID<\/strong><\/td>\n<td width=\"57\">7 dies<\/td>\n<td width=\"341\">Es pot utilitzar en altres propietats de Google (com ara a YouTube) per mostrar anuncis m\u00e9s rellevants.<\/td>\n<td width=\"48\">\u00a0<\/td>\n<\/tr>\n<\/tbody>\n<\/table>\n<p><strong><br \/><em><u>3.- Galetes de xarxes <\/u><\/em><\/strong><strong><u>socials<\/u><\/strong><\/p>\n<p>A m\u00e9s, si interactueu amb el contingut del nostre Lloc web, tamb\u00e9 es poden establir galetes de tercers (per exemple, si feu clic en botons de xarxes socials o visualitzeu v\u00eddeos allotjats en un altre lloc web).<\/p>\n<p>A continuaci\u00f3, incloem els enlla\u00e7os als llocs web on podeu consultar la descripci\u00f3 del tipus de galeta que fan servir les xarxes socials a les quals podeu accedir des del nostre Lloc web i quina \u00e9s la seva caducitat:<\/p>\n<table>\n<tbody>\n<tr>\n<td width=\"34\">\u00a0<\/td>\n<td width=\"401\"><a href=\"https:\/\/twitter.com\/es\/privacy\" rel=\"nofollow noopener\" target=\"_blank\">https:\/\/twitter.com\/es\/privacy<\/a><\/td>\n<\/tr>\n<tr>\n<td width=\"34\">\u00a0<\/td>\n<td width=\"401\"><a href=\"https:\/\/es-es.facebook.com\/privacy\/explanation\" rel=\"nofollow noopener\" target=\"_blank\">https:\/\/es-es.facebook.com\/privacy\/explanation<\/a><\/td>\n<\/tr>\n<tr>\n<td width=\"34\">\u00a0<\/td>\n<td width=\"401\"><a href=\"https:\/\/www.linkedin.com\/legal\/privacy-policy?_l=es_ES\" rel=\"nofollow noopener\" target=\"_blank\">https:\/\/www.linkedin.com\/legal\/privacy-policy?_l=es_ES<\/a><\/td>\n<\/tr>\n<\/tbody>\n<\/table>\n<h3><strong>CONSENTIMENT<\/strong><\/h3>\n<p>En navegar i romandre al nostre Lloc web, esteu consentint l&#8217;\u00fas de les galetes esmentades durant els terminis indicats i en les condicions contingudes en la present Pol\u00edtica de galetes.<\/p>\n<h3><strong>DESACTIVAR I BLOQUEJAR GALETES O RETIRAR EL MEU CONSENTIMENT<\/strong><\/h3>\n<p>En qualsevol cas, us informem que les galetes no s\u00f3n imprescindibles per fer servir el nostre Lloc web, de manera que podeu bloquejar-les o desactivar-les des de la configuraci\u00f3 del vostre navegador, que us permet rebutjar la instal\u00b7laci\u00f3 de totes o una part de les galetes. La majoria dels navegadors permeten avisar de la pres\u00e8ncia de galetes o rebutjar-les autom\u00e0ticament. Si les rebutgeu, podreu continuar fent servir el nostre Lloc web, tot i que l&#8217;\u00fas d&#8217;alguns serveis es podria veure limitat i per tant, la vostra experi\u00e8ncia al nostre Lloc web podria ser menys satisfact\u00f2ria.<\/p>\n<p>Per obtenir m\u00e9s informaci\u00f3 sobre l&#8217;eliminaci\u00f3, desactivaci\u00f3 o bloqueig de les galetes, aneu a: <a href=\"http:\/\/www.aboutcookies.org\/Default.aspx?page=2\" rel=\"nofollow noopener\" target=\"_blank\">http:\/\/www.aboutcookies.org\/Default.aspx?page=2<\/a><\/p>\n<p><strong>En funci\u00f3 del navegador que feu servir:<\/strong><\/p>\n<table width=\"96%\">\n<tbody>\n<tr>\n<td width=\"6%\">\u00a0<\/td>\n<td width=\"93%\"><a href=\"https:\/\/support.mozilla.org\/es\/kb\/habilitar-y-deshabilitar-cookies-sitios-web-rastrear-preferencias\" rel=\"nofollow noopener\" target=\"_blank\">https:\/\/support.mozilla.org\/es\/kb\/habilitar-y-deshabilitar-cookies-sitios-web-rastrear-preferencias<\/a><\/td>\n<\/tr>\n<tr>\n<td width=\"6%\">\u00a0<\/td>\n<td width=\"93%\"><a href=\"http:\/\/support.google.com\/chrome\/bin\/answer.py?hl=es&amp;answer=95647\" rel=\"nofollow noopener\" target=\"_blank\">http:\/\/support.google.com\/chrome\/bin\/answer.py?hl=es&amp;answer=95647<\/a><\/td>\n<\/tr>\n<tr>\n<td width=\"6%\">\u00a0<\/td>\n<td width=\"93%\"><a href=\"http:\/\/windows.microsoft.com\/es-es\/windows7\/how-to-manage-cookies-in-internet-explorer-9\" rel=\"nofollow noopener\" target=\"_blank\">http:\/\/windows.microsoft.com\/es-es\/windows7\/how-to-manage-cookies-in-internet-explorer-9<\/a><\/td>\n<\/tr>\n<tr>\n<td width=\"6%\">\u00a0<\/td>\n<td width=\"93%\"><a href=\"http:\/\/support.apple.com\/kb\/ph5042\" rel=\"nofollow noopener\" target=\"_blank\">http:\/\/support.apple.com\/kb\/ph5042<\/a><\/td>\n<\/tr>\n<tr>\n<td width=\"6%\">\u00a0<\/td>\n<td width=\"93%\"><a href=\"http:\/\/help.opera.com\/Windows\/11.50\/es-ES\/cookies.html\" rel=\"nofollow noopener\" target=\"_blank\">http:\/\/help.opera.com\/Windows\/11.50\/es-ES\/cookies.html<\/a><\/td>\n<\/tr>\n<\/tbody>\n<\/table>\n<h3><strong>AG\u00c8NCIA ESPANYOLA DE PROTECCI\u00d3 DE DADES<\/strong><\/h3>\n<p>Si ho desitgeu, podeu veure els v\u00eddeos desenvolupats per l&#8217;Ag\u00e8ncia Espanyola de Protecci\u00f3 de Dades que expliquen com configurar les opcions de privacitat des de diferents plataformes i equips. <a href=\"https:\/\/www.aepd.es\/\" rel=\"nofollow noopener\" target=\"_blank\">https:\/\/www.aepd.es\/<\/a>.<strong>\u00a0<\/strong><\/p>\n<h3><strong>CANVIS EN LA POL\u00cdTICA DE GALETES<\/strong><\/h3>\n<p>\u00c9s possible que actualitzem la Pol\u00edtica de galetes del nostre Lloc web, per aix\u00f2 us recomanem que la reviseu cada vegada que accediu al nostre Lloc web. D&#8217;aquesta manera, estareu adequadament informat sobre aquesta pol\u00edtica i del motiu pel qual fem servir les galetes.<\/p>\n<p><u>La Pol\u00edtica de galetes es <\/u><u>va actualitzar <\/u><u>per darrera vegada l&#8217;octubre <strong>de<\/strong><\/u><strong><u> 2018<\/u><\/strong><u>.<\/u><code><\/code><\/p>\n<\/div><div class=\"fusion-clearfix\"><\/div><\/div><\/div><\/div><\/div><div class=\"fusion-fullwidth fullwidth-box fusion-builder-row-2 nonhundred-percent-fullwidth non-hundred-percent-height-scrolling\" style=\"--awb-border-radius-top-left:0px;--awb-border-radius-top-right:0px;--awb-border-radius-bottom-right:0px;--awb-border-radius-bottom-left:0px;--awb-flex-wrap:wrap;\" ><div class=\"fusion-builder-row fusion-row\"><div class=\"fusion-layout-column fusion_builder_column fusion-builder-column-1 fusion_builder_column_1_1 1_1 fusion-one-full fusion-column-first fusion-column-last\" style=\"--awb-bg-size:cover;--awb-margin-bottom:0px;\"><div class=\"fusion-column-wrapper fusion-flex-column-wrapper-legacy\"><div class=\"fusion-text fusion-text-2\"><p><\/code><\/p>\n<\/div><div class=\"fusion-clearfix\"><\/div><\/div><\/div><\/div><\/div><\/p>\n","protected":false},"excerpt":{"rendered":"","protected":false},"author":3,"featured_media":0,"parent":0,"menu_order":0,"comment_status":"closed","ping_status":"closed","template":"","meta":{"_exactmetrics_skip_tracking":false,"_exactmetrics_sitenote_active":false,"_exactmetrics_sitenote_note":"","_exactmetrics_sitenote_category":0,"footnotes":""},"_links":{"self":[{"href":"https:\/\/globalpacta.com\/ca\/wp-json\/wp\/v2\/pages\/11562"}],"collection":[{"href":"https:\/\/globalpacta.com\/ca\/wp-json\/wp\/v2\/pages"}],"about":[{"href":"https:\/\/globalpacta.com\/ca\/wp-json\/wp\/v2\/types\/page"}],"author":[{"embeddable":true,"href":"https:\/\/globalpacta.com\/ca\/wp-json\/wp\/v2\/users\/3"}],"replies":[{"embeddable":true,"href":"https:\/\/globalpacta.com\/ca\/wp-json\/wp\/v2\/comments?post=11562"}],"version-history":[{"count":8,"href":"https:\/\/globalpacta.com\/ca\/wp-json\/wp\/v2\/pages\/11562\/revisions"}],"predecessor-version":[{"id":11906,"href":"https:\/\/globalpacta.com\/ca\/wp-json\/wp\/v2\/pages\/11562\/revisions\/11906"}],"wp:attachment":[{"href":"https:\/\/globalpacta.com\/ca\/wp-json\/wp\/v2\/media?parent=11562"}],"curies":[{"name":"wp","href":"https:\/\/api.w.org\/{rel}","templated":true}]}}