{"id":11576,"date":"2019-02-04T14:20:01","date_gmt":"2019-02-04T14:20:01","guid":{"rendered":"https:\/\/globalpacta.com?page_id=11576"},"modified":"2019-03-27T10:02:38","modified_gmt":"2019-03-27T10:02:38","slug":"politica-de-privacidad-2","status":"publish","type":"page","link":"https:\/\/globalpacta.com\/ca\/politica-de-privacidad-2\/","title":{"rendered":"Pol\u00edtica de privacidad"},"content":{"rendered":"<div class=\"fusion-fullwidth fullwidth-box fusion-builder-row-1 nonhundred-percent-fullwidth non-hundred-percent-height-scrolling\" style=\"--awb-background-position:left top;--awb-border-radius-top-left:0px;--awb-border-radius-top-right:0px;--awb-border-radius-bottom-right:0px;--awb-border-radius-bottom-left:0px;--awb-padding-top:50px;--awb-padding-bottom:100px;--awb-border-sizes-top:0px;--awb-border-sizes-bottom:0px;--awb-flex-wrap:wrap;\" ><div class=\"fusion-builder-row fusion-row\"><div class=\"fusion-layout-column fusion_builder_column fusion-builder-column-0 fusion_builder_column_1_1 1_1 fusion-one-full fusion-column-first fusion-column-last green-border rounded-border\" style=\"--awb-padding-top:40px;--awb-padding-right:60px;--awb-padding-bottom:20px;--awb-padding-left:60px;--awb-bg-color:#ffffff;--awb-bg-color-hover:#ffffff;--awb-bg-size:cover;--awb-border-color:#e2e2e2;--awb-border-top:1px;--awb-border-right:1px;--awb-border-bottom:1px;--awb-border-left:1px;--awb-border-style:solid;\"><div class=\"fusion-column-wrapper fusion-flex-column-wrapper-legacy\"><div class=\"fusion-title title fusion-title-1 fusion-title-text fusion-title-size-one\"><h1 class=\"fusion-title-heading title-heading-left\" style=\"margin:0;\"><h1>POL\u00cdTICA DE PRIVACITAT I CONFIDENCIALITAT<\/h1><\/h1><span class=\"awb-title-spacer\"><\/span><div class=\"title-sep-container\"><div class=\"title-sep sep-single sep-solid\" style=\"border-color:#e0dede;\"><\/div><\/div><\/div><div class=\"fusion-sep-clear\"><\/div><div class=\"fusion-separator fusion-full-width-sep\" style=\"margin-left: auto;margin-right: auto;margin-top:10px;margin-bottom:10px;width:100%;\"><\/div><div class=\"fusion-sep-clear\"><\/div><div class=\"fusion-text fusion-text-1\"><h3><strong>1. Qui \u00e9s el responsable del tractament de les vostres dades?<\/strong><\/h3>\n<p>El Responsable de les dades i titular de la p\u00e0gina web <a href=\"http:\/\/globalpacta.com\/\">http:\/\/globalpacta.com\/<\/a> \u00e9s Globalpacta S.L. (d&#8217;ara en endavant, gl<u>o<\/u>balpacta), una societat mercantil amb domicili al c\/ Muntaner, 340, Principal, 08021, Barcelona, amb NIF B-66984485, inscrita al Registre Mercantil de Barcelona al Tom 45941, Foli 164, Full B 503587, Inscripci\u00f3 1.<\/p>\n<p>Tel\u00e8fon +34 93.363.79.10<\/p>\n<p>Adre\u00e7a de correu electr\u00f2nic: <a href=\"mailto:protecciondatos@globalpacta.com\">protecciondatos@globalpacta.com<\/a><\/p>\n<h3><\/h3>\n<h3><strong>2. Amb quina finalitat tractem los vostres dades personals?<\/strong><\/h3>\n<p>A gl<u>o<\/u>balpacta tractem la informaci\u00f3 que ens faciliteu amb l&#8217;objectiu de proporcionar-vos els serveis que ens sol\u00b7liciteu i enviar-vos informaci\u00f3 sobre aquests mateixos serveis, si \u00e9s que aix\u00ed ens ho demaneu en introduir les vostres dades i adre\u00e7a de correu electr\u00f2nic a l&#8217;espai habilitat al nostre formulari o posant-vos en contacte amb nosaltres de qualsevol altra manera.<\/p>\n<p>Si contracteu els nostres serveis, el tractament de les vostres dades personals es dur\u00e0 a terme amb la finalitat de prestar-vos aquests serveis, atendre les gestions administratives complement\u00e0ries i complir amb les obligacions legals que es generin.<\/p>\n<p>Quant temps conservarem les vostres dades?<\/p>\n<p>Les dades personals que ens proporcioneu es conservaran mentre duri la nostra relaci\u00f3 professional i mercantil i no ens demaneu que les suprimim. En tot cas, es conservaran durant el termini legalment establert per a la prescripci\u00f3 de responsabilitats.<\/p>\n<h3><strong>3. Quina \u00e9s la legitimaci\u00f3 pel tractament de les vostres dades?<\/strong><\/h3>\n<p>La base legal del tractament de les vostres dades \u00e9s la relaci\u00f3 contractual que es generar\u00e0 quan us prestem els nostres serveis i en tot cas, el vostre consentiment expr\u00e9s de facilitar-nos les vostres dades.<\/p>\n<h3><strong>4. A quins destinataris es comunicara les vostres dades?<\/strong><\/h3>\n<p>Les vostres dades s&#8217;incorporaran a la base de dades propietat de gl<u>o<\/u>balpacta, formada per PACTA LEGAL, S.L.P i AMB PACTA, S.L, per\u00f2 no se cediran a tercers excepte obligaci\u00f3 legal. No obstant aix\u00f2, per dur a terme els nostres diversos serveis, pot ser que calgui compartir les vostres dades amb prove\u00efdors o professionals col\u00b7laboradors, els quals i en tot cas, estaran sotmesos a la corresponent obligaci\u00f3 de confidencialitat i deure de secret professional.<\/p>\n<h3><strong>5. Quins drets teniu quan ens faciliteu les dades?<\/strong><\/h3>\n<p>Tothom t\u00e9 dret a obtenir una confirmaci\u00f3 sobre si a gl<u>o<\/u>balpacta tractem, o no, dades personals que l&#8217;afectin.<\/p>\n<p>Les persones interessades tenen dret a accedir a les seves dades personals i a sol\u00b7licitar que es rectifiquin les dades inexactes o, si escau, sol\u00b7licitar que se suprimeixin quan, entre altres motius, les dades ja no siguin necess\u00e0ries per a l&#8217;objectiu amb el qual s&#8217;havien recollit.<\/p>\n<p>En determinades circumst\u00e0ncies, els interessats podran sol\u00b7licitar la limitaci\u00f3 del tractament de les seves dades, i en aquest cas, nom\u00e9s les conservarem per poder fer o defensar-nos de reclamacions.<\/p>\n<p>En determinades circumst\u00e0ncies i per motius relacionats amb la seva situaci\u00f3 particular, els interessats podran oposar\u00adse al tractament de les seves dades. gl<u>o<\/u>balpacta deixar\u00e0 de tractar les dades excepte que sigui necessari per motius leg\u00edtims, imperiosos o l&#8217;exercici o la defensa de possibles reclamacions.<\/p>\n<p>Per obtenir m\u00e9s informaci\u00f3 i per exercir els vostres drets, si us plau, aneu a l&#8217;apartat <a href=\"https:\/\/globalpacta.com\/ca\/ejercicio-de-derechos\"><strong><u>Exerceix els teus drets<\/u><\/strong><\/a> d&#8217;aquesta p\u00e0gina web.<\/p>\n<h3><strong>6. Confidencialitat<\/strong><\/h3>\n<p>Els correus electr\u00f2nics i els seus arxius adjunts van adre\u00e7ats exclusivament al seu destinatari. Poden contenir informaci\u00f3 confidencial sotmesa a secret professional. No es permet la seva reproducci\u00f3 o distribuci\u00f3 sense l&#8217;autoritzaci\u00f3 expressa de gl<u>o<\/u>balpacta. Si rebeu un correu electr\u00f2nic de la nostra empresa i no en sou el destinatari final, us agrairem que ens feu saber responent al missatge i despr\u00e9s l&#8217;elimineu.<\/p>\n<h3><strong>7. Legislaci\u00f3<\/strong><\/h3>\n<p>Aquesta pol\u00edtica de privacitat es regeix en tots i cadascun dels seus extrems pel Reglament General de Protecci\u00f3 de Dades de la Uni\u00f3 Europa i la resta de normativa relacionada.<\/p>\n<h3><strong>8. Actualizaci\u00f3<\/strong><\/h3>\n<p>Aquesta pol\u00edtica de privacitat s&#8217;ha revisat per darrera vegada al <strong><u>gener de 2019.<\/u><\/strong><\/p>\n<\/div><div class=\"fusion-clearfix\"><\/div><\/div><\/div><\/div><\/div>\n","protected":false},"excerpt":{"rendered":"","protected":false},"author":3,"featured_media":0,"parent":0,"menu_order":0,"comment_status":"closed","ping_status":"closed","template":"","meta":{"_exactmetrics_skip_tracking":false,"_exactmetrics_sitenote_active":false,"_exactmetrics_sitenote_note":"","_exactmetrics_sitenote_category":0,"footnotes":""},"_links":{"self":[{"href":"https:\/\/globalpacta.com\/ca\/wp-json\/wp\/v2\/pages\/11576"}],"collection":[{"href":"https:\/\/globalpacta.com\/ca\/wp-json\/wp\/v2\/pages"}],"about":[{"href":"https:\/\/globalpacta.com\/ca\/wp-json\/wp\/v2\/types\/page"}],"author":[{"embeddable":true,"href":"https:\/\/globalpacta.com\/ca\/wp-json\/wp\/v2\/users\/3"}],"replies":[{"embeddable":true,"href":"https:\/\/globalpacta.com\/ca\/wp-json\/wp\/v2\/comments?post=11576"}],"version-history":[{"count":8,"href":"https:\/\/globalpacta.com\/ca\/wp-json\/wp\/v2\/pages\/11576\/revisions"}],"predecessor-version":[{"id":11846,"href":"https:\/\/globalpacta.com\/ca\/wp-json\/wp\/v2\/pages\/11576\/revisions\/11846"}],"wp:attachment":[{"href":"https:\/\/globalpacta.com\/ca\/wp-json\/wp\/v2\/media?parent=11576"}],"curies":[{"name":"wp","href":"https:\/\/api.w.org\/{rel}","templated":true}]}}