{"id":15170,"date":"2020-04-15T11:44:59","date_gmt":"2020-04-15T11:44:59","guid":{"rendered":"https:\/\/globalpacta.com\/?page_id=15170"},"modified":"2024-05-24T12:29:45","modified_gmt":"2024-05-24T12:29:45","slug":"julia-jorda-sanchis-2","status":"publish","type":"page","link":"https:\/\/globalpacta.com\/ca\/equipo-2-2\/julia-jorda-sanchis-2\/","title":{"rendered":"J\u00daLIA JORD\u00c0 SANCHIS"},"content":{"rendered":"<div class=\"fusion-fullwidth fullwidth-box fusion-builder-row-1 gp-single-team nonhundred-percent-fullwidth non-hundred-percent-height-scrolling\" style=\"--awb-background-position:left top;--awb-border-radius-top-left:0px;--awb-border-radius-top-right:0px;--awb-border-radius-bottom-right:0px;--awb-border-radius-bottom-left:0px;--awb-padding-top:20px;--awb-padding-bottom:20px;--awb-border-sizes-top:0px;--awb-border-sizes-bottom:0px;--awb-flex-wrap:wrap;\" ><div class=\"fusion-builder-row fusion-row\"><div class=\"fusion-layout-column fusion_builder_column fusion-builder-column-0 fusion_builder_column_1_2 1_2 fusion-one-half fusion-column-first\" style=\"--awb-bg-size:cover;width:48%; margin-right: 4%;\"><div class=\"fusion-column-wrapper fusion-flex-column-wrapper-legacy\"><div class=\"fusion-image-element fusion-image-align-right in-legacy-container\" style=\"text-align:right;--awb-caption-title-font-family:var(--h2_typography-font-family);--awb-caption-title-font-weight:var(--h2_typography-font-weight);--awb-caption-title-font-style:var(--h2_typography-font-style);--awb-caption-title-size:var(--h2_typography-font-size);--awb-caption-title-transform:var(--h2_typography-text-transform);--awb-caption-title-line-height:var(--h2_typography-line-height);--awb-caption-title-letter-spacing:var(--h2_typography-letter-spacing);\"><span class=\" fusion-imageframe imageframe-none imageframe-1 hover-type-none\" style=\"margin-left:25px;float:right;\"><img decoding=\"async\" width=\"662\" height=\"662\" title=\"Julia_Jorda_2020_fondo\" src=\"https:\/\/globalpacta.com\/wp-content\/uploads\/2020\/04\/Julia_Jorda_2020_fondo.jpg\" alt class=\"img-responsive wp-image-15185\" srcset=\"https:\/\/globalpacta.com\/wp-content\/uploads\/2020\/04\/Julia_Jorda_2020_fondo-200x200.jpg 200w, https:\/\/globalpacta.com\/wp-content\/uploads\/2020\/04\/Julia_Jorda_2020_fondo-400x400.jpg 400w, https:\/\/globalpacta.com\/wp-content\/uploads\/2020\/04\/Julia_Jorda_2020_fondo-600x600.jpg 600w, https:\/\/globalpacta.com\/wp-content\/uploads\/2020\/04\/Julia_Jorda_2020_fondo.jpg 662w\" sizes=\"(max-width: 800px) 100vw, 662px\" \/><\/span><\/div><div class=\"fusion-clearfix\"><\/div><\/div><\/div><div class=\"fusion-layout-column fusion_builder_column fusion-builder-column-1 fusion_builder_column_1_2 1_2 fusion-one-half fusion-column-last\" style=\"--awb-bg-size:cover;width:48%;\"><div class=\"fusion-column-wrapper fusion-flex-column-wrapper-legacy\"><div class=\"fusion-text fusion-text-1\"><p><strong>Advocada<\/strong><\/p>\n<p>La seva carrera va comen\u00e7ar l\u2019any 2016, exercint com advocada laboralista des de 2019.<\/p>\n<p>Com advocada interv\u00e9 en la pr\u00e0ctica litigiosa davant la Jurisdicci\u00f3 Social i participa en l\u2019assessorament jur\u00eddic a empreses sobre les condicions de treball, aix\u00ed como l\u2019extinci\u00f3 dels contractes de treball i els acords d\u2019indemnitzaci\u00f3 corresponents.<\/p>\n<p>Ha participat en procediments d\u2019acomiadament col\u00b7lectiu i en tot tipus de negociacions amb els representants dels treballadors sobres les condicions de treball en processos de reestructuraci\u00f3 empresarial, on s\u2019inclouen, modificaci\u00f3 de les condicions de treball, mobilitats geogr\u00e0fiques, suspensions de contractes, processos de jubilaci\u00f3 i altres.<\/p>\n<p>\u00c9s membre de Il\u00b7lustre Col\u00b7legi de l&#8217;Advocacia de Barcelona.<\/p>\n<p>Forma part de l\u2019equip de globalpacta des de 2020.<\/p>\n<p><strong>Formaci\u00f3 acad\u00e8mica<\/strong><\/p>\n<p>\u2013 Graduada en Dret per la Universitat Rovira i Virgili.<br \/>\n\u2013 M\u00e0ster d\u2019acc\u00e9s a l\u2019advocacia per la Universitat Rovira i Virgili.<\/p>\n<p><strong>Idiomes<\/strong><strong>\u00a0<\/strong><\/p>\n<p>Espanyol, catal\u00e0 i angl\u00e8s.<\/p>\n<\/div><div class=\"fusion-clearfix\"><\/div><\/div><\/div><\/div><\/div>\n","protected":false},"excerpt":{"rendered":"","protected":false},"author":3,"featured_media":0,"parent":7208,"menu_order":0,"comment_status":"open","ping_status":"open","template":"","meta":{"_exactmetrics_skip_tracking":false,"_exactmetrics_sitenote_active":false,"_exactmetrics_sitenote_note":"","_exactmetrics_sitenote_category":0,"footnotes":""},"_links":{"self":[{"href":"https:\/\/globalpacta.com\/ca\/wp-json\/wp\/v2\/pages\/15170"}],"collection":[{"href":"https:\/\/globalpacta.com\/ca\/wp-json\/wp\/v2\/pages"}],"about":[{"href":"https:\/\/globalpacta.com\/ca\/wp-json\/wp\/v2\/types\/page"}],"author":[{"embeddable":true,"href":"https:\/\/globalpacta.com\/ca\/wp-json\/wp\/v2\/users\/3"}],"replies":[{"embeddable":true,"href":"https:\/\/globalpacta.com\/ca\/wp-json\/wp\/v2\/comments?post=15170"}],"version-history":[{"count":8,"href":"https:\/\/globalpacta.com\/ca\/wp-json\/wp\/v2\/pages\/15170\/revisions"}],"predecessor-version":[{"id":22775,"href":"https:\/\/globalpacta.com\/ca\/wp-json\/wp\/v2\/pages\/15170\/revisions\/22775"}],"up":[{"embeddable":true,"href":"https:\/\/globalpacta.com\/ca\/wp-json\/wp\/v2\/pages\/7208"}],"wp:attachment":[{"href":"https:\/\/globalpacta.com\/ca\/wp-json\/wp\/v2\/media?parent=15170"}],"curies":[{"name":"wp","href":"https:\/\/api.w.org\/{rel}","templated":true}]}}