{"id":16084,"date":"2020-09-01T11:50:05","date_gmt":"2020-09-01T11:50:05","guid":{"rendered":"https:\/\/globalpacta.com\/?page_id=16084"},"modified":"2024-05-24T12:28:49","modified_gmt":"2024-05-24T12:28:49","slug":"mauro-de-diego","status":"publish","type":"page","link":"https:\/\/globalpacta.com\/ca\/equipo-2-2\/mauro-de-diego\/","title":{"rendered":"MAURO DE DIEGO"},"content":{"rendered":"<div class=\"fusion-fullwidth fullwidth-box fusion-builder-row-1 gp-single-team nonhundred-percent-fullwidth non-hundred-percent-height-scrolling\" style=\"--awb-background-position:left top;--awb-border-sizes-top:0px;--awb-border-sizes-bottom:0px;--awb-border-sizes-left:0px;--awb-border-sizes-right:0px;--awb-border-radius-top-left:0px;--awb-border-radius-top-right:0px;--awb-border-radius-bottom-right:0px;--awb-border-radius-bottom-left:0px;--awb-padding-top:20px;--awb-padding-bottom:20px;--awb-flex-wrap:wrap;\" ><div class=\"fusion-builder-row fusion-row\"><div class=\"fusion-layout-column fusion_builder_column fusion-builder-column-0 fusion_builder_column_1_2 1_2 fusion-one-half fusion-column-first\" style=\"--awb-bg-size:cover;width:48%; margin-right: 4%;\"><div class=\"fusion-column-wrapper fusion-flex-column-wrapper-legacy\"><div class=\"fusion-image-element fusion-image-align-right in-legacy-container\" style=\"text-align:right;--awb-caption-title-font-family:var(--h2_typography-font-family);--awb-caption-title-font-weight:var(--h2_typography-font-weight);--awb-caption-title-font-style:var(--h2_typography-font-style);--awb-caption-title-size:var(--h2_typography-font-size);--awb-caption-title-transform:var(--h2_typography-text-transform);--awb-caption-title-line-height:var(--h2_typography-line-height);--awb-caption-title-letter-spacing:var(--h2_typography-letter-spacing);\"><span class=\" fusion-imageframe imageframe-none imageframe-1 hover-type-none\" style=\"margin-left:25px;float:right;\"><img decoding=\"async\" width=\"662\" height=\"662\" title=\"Mauro-de-Diego\" src=\"https:\/\/globalpacta.com\/wp-content\/uploads\/2020\/09\/Mauro-de-Diego.jpg\" alt class=\"img-responsive wp-image-16100\" srcset=\"https:\/\/globalpacta.com\/wp-content\/uploads\/2020\/09\/Mauro-de-Diego-200x200.jpg 200w, https:\/\/globalpacta.com\/wp-content\/uploads\/2020\/09\/Mauro-de-Diego-400x400.jpg 400w, https:\/\/globalpacta.com\/wp-content\/uploads\/2020\/09\/Mauro-de-Diego-600x600.jpg 600w, https:\/\/globalpacta.com\/wp-content\/uploads\/2020\/09\/Mauro-de-Diego.jpg 662w\" sizes=\"(max-width: 800px) 100vw, 662px\" \/><\/span><\/div><div class=\"fusion-clearfix\"><\/div><\/div><\/div><div class=\"fusion-layout-column fusion_builder_column fusion-builder-column-1 fusion_builder_column_1_2 1_2 fusion-one-half fusion-column-last\" style=\"--awb-bg-size:cover;width:48%;\"><div class=\"fusion-column-wrapper fusion-flex-column-wrapper-legacy\"><div class=\"fusion-text fusion-text-1\"><p><strong>Advocat<\/strong><\/p>\n<p>Mauro de Diego es dedica fonamentalment a l&#8217;exercici de l&#8217;advocacia a l&#8217;\u00e0rea del Dret Penal, tant en el seu vessant processal com en l\u2019assessorament a persones f\u00edsiques i jur\u00eddiques, amb una experi\u00e8ncia professional de gaireb\u00e9 20 anys. Amb anterioritat, va preparar oposicions per a l&#8217;acc\u00e9s a la Carrera Judicial.<\/p>\n<p>\u00c9s membre de l&#8217;Il\u00b7lustre Col\u00b7legi de l&#8217;Advocacia de Barcelona des de 2001.<\/p>\n<p>Forma part de l&#8217;equip de globalpacta des de 2020.<\/p>\n<p><strong>Formaci\u00f3 acad\u00e8mica<\/strong><\/p>\n<p>\u2013 Llicenciatura en Dret per la Facultat de Barcelona (1989-1993).<br \/>\n\u2013 Curs de Procediment Abreujat (2002).<br \/>\n&#8211; Curs de Drets Humans (Institut de Drets Humans de Catalunya, 2003).<br \/>\n&#8211; Curs de Dret Penitenciari (2005).<br \/>\n&#8211; Curs de Medicina Legal i Forense per a juristes (2005).<br \/>\n&#8211; Curs pr\u00e0ctic de Dret de la Circulaci\u00f3 (2005-2006).<br \/>\n&#8211; Jornades d&#8217;especialitzaci\u00f3 per a la intervenci\u00f3 lletrada en la Jurisdicci\u00f3 de Menors (2005-2006).<br \/>\n&#8211; Curs d&#8217;especialitzaci\u00f3 sobre Viol\u00e8ncia Dom\u00e8stica (2007).<br \/>\n&#8211; Seminari sobre el delicte fiscal i el blanqueig de capitals (2011).<br \/>\n&#8211; Curs del Tribunal del Jurat (2011).<br \/>\n&#8211; Curs b\u00e0sic de pr\u00e0ctica processal administrativa i contenciosa (2013).<br \/>\n&#8211; Curs sobre la persona jur\u00eddica com a imputada i <em>compliance<\/em> penal (2015).<br \/>\n&#8211; Cicle de jornades ESADE-Facultat de Dret sobre Reforma del Codi Penal-Delictes econ\u00f2mics (2015).<br \/>\n&#8211; Formaci\u00f3 continuada assistint a jornades diverses sobre nous processos penals, execuci\u00f3 penal, reformes en mat\u00e8ria penal, substantiva i processal.<\/p>\n<p><strong>Activitat docent<\/strong><strong>\u00a0<\/strong><\/p>\n<p>Professor a l&#8217;<em>Escola de Policia de Catalunya<\/em> de la Generalitat de Catalunya -actualment, <em>Institut de Seguretat P\u00fablica de Catalunya<\/em>&#8211; impartint l&#8217;assignatura <em>Drets Humans i Deontologia Policial<\/em> a aspirants a Mosso d&#8217;Esquadra i Policia Local (cursos 2002-2003 fins 2011-2012, ambd\u00f3s inclosos).<\/p>\n<p><strong>Idiomes<\/strong><strong>\u00a0<\/strong><\/p>\n<p>Espanyol, catal\u00e0 i angl\u00e8s.<\/p>\n<\/div><div class=\"fusion-clearfix\"><\/div><\/div><\/div><\/div><\/div>\n","protected":false},"excerpt":{"rendered":"","protected":false},"author":3,"featured_media":0,"parent":7208,"menu_order":0,"comment_status":"open","ping_status":"open","template":"","meta":{"_exactmetrics_skip_tracking":false,"_exactmetrics_sitenote_active":false,"_exactmetrics_sitenote_note":"","_exactmetrics_sitenote_category":0,"footnotes":""},"_links":{"self":[{"href":"https:\/\/globalpacta.com\/ca\/wp-json\/wp\/v2\/pages\/16084"}],"collection":[{"href":"https:\/\/globalpacta.com\/ca\/wp-json\/wp\/v2\/pages"}],"about":[{"href":"https:\/\/globalpacta.com\/ca\/wp-json\/wp\/v2\/types\/page"}],"author":[{"embeddable":true,"href":"https:\/\/globalpacta.com\/ca\/wp-json\/wp\/v2\/users\/3"}],"replies":[{"embeddable":true,"href":"https:\/\/globalpacta.com\/ca\/wp-json\/wp\/v2\/comments?post=16084"}],"version-history":[{"count":7,"href":"https:\/\/globalpacta.com\/ca\/wp-json\/wp\/v2\/pages\/16084\/revisions"}],"predecessor-version":[{"id":22774,"href":"https:\/\/globalpacta.com\/ca\/wp-json\/wp\/v2\/pages\/16084\/revisions\/22774"}],"up":[{"embeddable":true,"href":"https:\/\/globalpacta.com\/ca\/wp-json\/wp\/v2\/pages\/7208"}],"wp:attachment":[{"href":"https:\/\/globalpacta.com\/ca\/wp-json\/wp\/v2\/media?parent=16084"}],"curies":[{"name":"wp","href":"https:\/\/api.w.org\/{rel}","templated":true}]}}