{"id":16900,"date":"2021-02-05T12:27:30","date_gmt":"2021-02-05T12:27:30","guid":{"rendered":"https:\/\/globalpacta.com\/?page_id=16900"},"modified":"2021-02-08T09:37:29","modified_gmt":"2021-02-08T09:37:29","slug":"jorge-galindez","status":"publish","type":"page","link":"https:\/\/globalpacta.com\/ca\/equipo-2-2\/jorge-galindez\/","title":{"rendered":"JORGE GAL\u00cdNDEZ"},"content":{"rendered":"<div class=\"fusion-fullwidth fullwidth-box fusion-builder-row-1 gp-single-team nonhundred-percent-fullwidth non-hundred-percent-height-scrolling\" style=\"--awb-background-position:left top;--awb-border-sizes-top:0px;--awb-border-sizes-bottom:0px;--awb-border-sizes-left:0px;--awb-border-sizes-right:0px;--awb-border-radius-top-left:0px;--awb-border-radius-top-right:0px;--awb-border-radius-bottom-right:0px;--awb-border-radius-bottom-left:0px;--awb-padding-top:20px;--awb-padding-bottom:20px;--awb-flex-wrap:wrap;\" ><div class=\"fusion-builder-row fusion-row\"><div class=\"fusion-layout-column fusion_builder_column fusion-builder-column-0 fusion_builder_column_1_2 1_2 fusion-one-half fusion-column-first\" style=\"--awb-bg-size:cover;width:48%; margin-right: 4%;\"><div class=\"fusion-column-wrapper fusion-flex-column-wrapper-legacy\"><div class=\"fusion-image-element fusion-image-align-right in-legacy-container\" style=\"text-align:right;--awb-caption-title-font-family:var(--h2_typography-font-family);--awb-caption-title-font-weight:var(--h2_typography-font-weight);--awb-caption-title-font-style:var(--h2_typography-font-style);--awb-caption-title-size:var(--h2_typography-font-size);--awb-caption-title-transform:var(--h2_typography-text-transform);--awb-caption-title-line-height:var(--h2_typography-line-height);--awb-caption-title-letter-spacing:var(--h2_typography-letter-spacing);\"><span class=\" fusion-imageframe imageframe-none imageframe-1 hover-type-none\" style=\"margin-left:25px;float:right;\"><img decoding=\"async\" width=\"400\" height=\"402\" title=\"Jorge-Galindez\" src=\"https:\/\/globalpacta.com\/wp-content\/uploads\/2021\/02\/Jorge-Galindez.jpg\" alt class=\"img-responsive wp-image-16892\" srcset=\"https:\/\/globalpacta.com\/wp-content\/uploads\/2021\/02\/Jorge-Galindez-200x201.jpg 200w, https:\/\/globalpacta.com\/wp-content\/uploads\/2021\/02\/Jorge-Galindez.jpg 400w\" sizes=\"(max-width: 800px) 100vw, 400px\" \/><\/span><\/div><div class=\"fusion-clearfix\"><\/div><\/div><\/div><div class=\"fusion-layout-column fusion_builder_column fusion-builder-column-1 fusion_builder_column_1_2 1_2 fusion-one-half fusion-column-last\" style=\"--awb-bg-size:cover;width:48%;\"><div class=\"fusion-column-wrapper fusion-flex-column-wrapper-legacy\"><div class=\"fusion-text fusion-text-1\"><p><strong>Advocat<\/strong><\/p>\n<p><span style=\"font-weight: 400;\">Jorge Gal\u00edndez des dels seus inicis com advocat, s\u2019ha centrat especialment en l\u2019assessorament d\u2019empreses, acumulant experi\u00e8ncia en els \u00e0mbits mercantil, financer-comptable, concursal i de compliment normatiu. <\/span><\/p>\n<p><span style=\"font-weight: 400;\">Porta m\u00e9s de quinze anys simultaniejant l\u2019advocacia amb el c\u00e0rrec d\u2019administrador concursal, aconseguint en un alt percentatge de casos la superviv\u00e8ncia de l&#8217;empresa concursada. <\/span><\/p>\n<p><span style=\"font-weight: 400;\">\u00c9s membre del Real i Il\u00b7lustre Col\u00b7legi d&#8217;Advocats de Saragossa des de l&#8217;any 1997.<\/span><\/p>\n<p><span style=\"font-weight: 400;\">Forma part de l&#8217;equip de globalpacta des de 2020.<\/span><\/p>\n<p><strong>Formaci\u00f3 acad\u00e8mica<\/strong><\/p>\n<p>\u2013 Llicenciat en Dret. Va estudiar a la Universitat de Lleida.<br \/>\n\u2013 M\u00e0ster en Auditoria de Comptes per la Universitat de Saragossa (2001-2002).<br \/>\n\u2013 M\u00e0ster en Dret dels Esports de Muntanya per la Universitat de Saragossa (2008-2011).<br \/>\n\u2013 Programa d&#8217;especialista en Mediaci\u00f3: exercici de l&#8217;activitat mediadora civil i mercantil, pel Consell General de l&#8217;Advocacia Espanyola (2014).<br \/>\n\u2013 Programa Superior en Administraci\u00f3 i Direcci\u00f3 Empresarial, per la EAE Business School (2015-2016).<br \/>\n\u2013 Programa Executiu Compliance Officer, per l&#8217;Escola Legal de Wolters Kluwer (2015-2016).<br \/>\n\u2013 Programa d&#8217;Especialitzaci\u00f3 en Dret Concursal per l&#8217;Escola Legal de Wolters Kluwer (2020).<br \/>\n\u2013 Programa Avan\u00e7at en Corporate Compliance per la UNIR (2020).<\/p>\n<p><strong>Publicacions<\/strong><\/p>\n<p>\u2013 <em>\u201cSwaps, participaciones preferentes y \u00e9tica bancaria\u201d.<\/em> Revista del Real e Iltre. Colegio de Abogados de Zaragoza (2011).<br \/>\n\u2013 <em>\u201cLa morosidad p\u00fablica y los l\u00edmites al vuelva Ud. ma\u00f1ana\u201d.<\/em> Diario del AltoArag\u00f3n, secci\u00f3 Econ\u00f2mica (2012).<br \/>\n\u2013 <em>\u201cEl drama personal de la insolvencia\u201d.<\/em> Heraldo de Arag\u00f3n, secci\u00f3 La Firma-Tribuna (2012).<br \/>\n\u2013 <em>\u201cAlgunas reflexiones en torno al concurso de persona f\u00edsica\u201d.<\/em> Revista Jur\u00eddica de Catalunya (2013).<br \/>\n\u2013 <em>\u201cRegulaci\u00f3n jur\u00eddica de la bicicleta de monta\u00f1a en los \u00e1mbitos Deportivo, Tur\u00edstico y Medioambiental\u201d.<\/em> Edicions Desnivel (2014).<br \/>\n\u2013 <em>\u201cSoluciones legales ante la insolvencia: segunda oportunidad\u201d.<\/em> Economist &amp; Jurist (2020).<br \/>\n\u2013 <em>\u201cVolver a empezar. Herramientas preconcursales, concurso de acreedores y segunda oportunidad\u201d.<\/em> Revista Aranzadi Doctrinal (2020).<\/p>\n<p><strong>Idiomes<\/strong><\/p>\n<p>Espanyol, catal\u00e0 i angl\u00e8s.<\/p>\n<\/div><div class=\"fusion-clearfix\"><\/div><\/div><\/div><\/div><\/div>\n","protected":false},"excerpt":{"rendered":"","protected":false},"author":6,"featured_media":0,"parent":7208,"menu_order":0,"comment_status":"open","ping_status":"open","template":"","meta":{"_exactmetrics_skip_tracking":false,"_exactmetrics_sitenote_active":false,"_exactmetrics_sitenote_note":"","_exactmetrics_sitenote_category":0,"footnotes":""},"_links":{"self":[{"href":"https:\/\/globalpacta.com\/ca\/wp-json\/wp\/v2\/pages\/16900"}],"collection":[{"href":"https:\/\/globalpacta.com\/ca\/wp-json\/wp\/v2\/pages"}],"about":[{"href":"https:\/\/globalpacta.com\/ca\/wp-json\/wp\/v2\/types\/page"}],"author":[{"embeddable":true,"href":"https:\/\/globalpacta.com\/ca\/wp-json\/wp\/v2\/users\/6"}],"replies":[{"embeddable":true,"href":"https:\/\/globalpacta.com\/ca\/wp-json\/wp\/v2\/comments?post=16900"}],"version-history":[{"count":12,"href":"https:\/\/globalpacta.com\/ca\/wp-json\/wp\/v2\/pages\/16900\/revisions"}],"predecessor-version":[{"id":17043,"href":"https:\/\/globalpacta.com\/ca\/wp-json\/wp\/v2\/pages\/16900\/revisions\/17043"}],"up":[{"embeddable":true,"href":"https:\/\/globalpacta.com\/ca\/wp-json\/wp\/v2\/pages\/7208"}],"wp:attachment":[{"href":"https:\/\/globalpacta.com\/ca\/wp-json\/wp\/v2\/media?parent=16900"}],"curies":[{"name":"wp","href":"https:\/\/api.w.org\/{rel}","templated":true}]}}