{"id":17133,"date":"2021-02-27T06:23:21","date_gmt":"2021-02-27T06:23:21","guid":{"rendered":"https:\/\/globalpacta.com\/politica-de-cookies-2"},"modified":"2021-03-02T10:59:01","modified_gmt":"2021-03-02T10:59:01","slug":"politica-de-cookies-2","status":"publish","type":"page","link":"https:\/\/globalpacta.com\/ca\/politica-de-cookies-2\/","title":{"rendered":"Pol\u00edtica de Cookies"},"content":{"rendered":"<div class=\"fusion-fullwidth fullwidth-box fusion-builder-row-1 nonhundred-percent-fullwidth non-hundred-percent-height-scrolling\" style=\"--awb-background-position:left top;--awb-border-sizes-top:0px;--awb-border-sizes-bottom:0px;--awb-border-sizes-left:0px;--awb-border-sizes-right:0px;--awb-border-radius-top-left:0px;--awb-border-radius-top-right:0px;--awb-border-radius-bottom-right:0px;--awb-border-radius-bottom-left:0px;--awb-padding-top:50px;--awb-padding-bottom:100px;--awb-flex-wrap:wrap;\" ><div class=\"fusion-builder-row fusion-row\"><div class=\"fusion-layout-column fusion_builder_column fusion-builder-column-0 fusion_builder_column_1_1 1_1 fusion-one-full fusion-column-first fusion-column-last green-border rounded-border\" style=\"--awb-padding-top:40px;--awb-padding-right:60px;--awb-padding-bottom:20px;--awb-padding-left:60px;--awb-bg-color:#ffffff;--awb-bg-color-hover:#ffffff;--awb-bg-size:cover;--awb-border-color:#e2e2e2;--awb-border-top:1px;--awb-border-right:1px;--awb-border-bottom:1px;--awb-border-left:1px;--awb-border-style:solid;\"><div class=\"fusion-column-wrapper fusion-flex-column-wrapper-legacy\"><div class=\"fusion-title title fusion-title-1 fusion-title-text fusion-title-size-one\"><h1 class=\"fusion-title-heading title-heading-left\" style=\"margin:0;\"><h1><strong>POL\u00cdTICA DE <em>GALETES<\/em><\/strong><\/h1><\/h1><span class=\"awb-title-spacer\"><\/span><div class=\"title-sep-container\"><div class=\"title-sep sep-single sep-solid\" style=\"border-color:#e0dede;\"><\/div><\/div><\/div><div class=\"fusion-sep-clear\"><\/div><div class=\"fusion-separator fusion-full-width-sep\" style=\"margin-left: auto;margin-right: auto;margin-top:10px;margin-bottom:10px;width:100%;\"><\/div><div class=\"fusion-sep-clear\"><\/div><div class=\"fusion-text fusion-text-1\"><p><span style=\"font-weight: 400;\">El responsable del lloc web <\/span><a href=\"https:\/\/globalpacta.com\/ca\"><span style=\"font-weight: 400;\">https:\/\/globalpacta.com<\/span><\/a><span style=\"font-weight: 400;\"> (El &#8220;Lloc Web&#8221;) \u00e9s PACTA LEGAL, SLP que pot utilitzar una tecnologia anomenada &#8220;cookies&#8221; amb la finalitat de poder demanar informaci\u00f3 sobre l&#8217;\u00fas del Lloc Web. L\u2019informem que podr\u00edem utilitzar galetes amb la finalitat de facilitar la seva navegaci\u00f3 a trav\u00e9s del Lloc Web, distingir-lo d\u2019altres usuaris, proporcionar-li una millor experi\u00e8ncia en l\u2019\u00fas i identificar problemes per millorar-lo. Aix\u00ed mateix, en cas que presti el seu consentiment, podr\u00edem utilitzar galetes que ens permetin obtenir m\u00e9s informaci\u00f3 sobre les seves prefer\u00e8ncies i personalitzar el nostre Lloc Web de conformitat amb els seus interessos individuals.<\/span><\/p>\n<p><span style=\"font-weight: 400;\">Aquesta pol\u00edtica de galetes t\u00e9 com a finalitat informar-lo de manera clara i precisa sobre les galetes que s\u2019utilitzen al nostre Lloc Web en cada moment. En cas que vulgui obtenir m\u00e9s informaci\u00f3 sobre les galetes que utilitzem al Lloc Web, pot enviar un correu electr\u00f2nic a l&#8217;adre\u00e7a seg\u00fcent:<\/span><span style=\"font-weight: 400;\">: <\/span><a href=\"mailto:info@globalpacta.com\"><span style=\"font-weight: 400;\">info@globalpacta.com<\/span><\/a><\/p>\n<p><b>GALETES<\/b><\/p>\n<p><span style=\"font-weight: 400;\">Una galeta \u00e9s un arxiu que es descarrega al seu equip (ordinador o dispositiu m\u00f2bil) amb la finalitat d\u2019emmagatzemar dades que podran ser actualitzades i recuperades per l\u2019entitat responsable de la seva instal\u00b7laci\u00f3.<\/span><\/p>\n<p><span style=\"font-weight: 400;\">La informaci\u00f3 obtinguda a trav\u00e9s de les galetes pot incloure la data i l\u2019hora de visites al Lloc Web, les p\u00e0gines visionades, el temps que ha passat al nostre Lloc Web i els llocs visitats just abans i despr\u00e9s d&#8217;aquest.<\/span><\/p>\n<p><b>TIPUS DE GALETES QUE ES PODEN USAR AL LLOC WEB<\/b><\/p>\n<p><b>Galetes de sessi\u00f3:<\/b><\/p>\n<p><span style=\"font-weight: 400;\">S\u00f3n aquelles galetes enviades al seu ordinador i gestionades exclusivament per nosaltres per al millor funcionament del Lloc Web. La informaci\u00f3 obtinguda s\u2019utilitza per millorar la qualitat del nostre servei i la seva experi\u00e8ncia com a usuari.<\/span><\/p>\n<p><b>Galetes persistents:<\/b><\/p>\n<p><span style=\"font-weight: 400;\">Aquestes galetes queden al seu navegador m\u00e9s temps, i ens permeten recon\u00e8ixer-lo com a visitant recurrent del Lloc Web i adaptar-lo per oferir-li continguts que s\u2019ajustin a les seves prefer\u00e8ncies. <\/span><\/p>\n<p><b>Galetes funcionals o t\u00e8cniques:<\/b><\/p>\n<p><span style=\"font-weight: 400;\">Aquestes galetes permeten la navegaci\u00f3 de l\u2019usuari a trav\u00e9s del Lloc Web i la utilitzaci\u00f3 de les diferents opcions o serveis que s\u2019hi inclouen, com ara controlar el tr\u00e0nsit i la comunicaci\u00f3 de dades, identificar la sessi\u00f3, comptar visites i utilitzar elements de seguretat durant la navegaci\u00f3.<\/span><\/p>\n<p><b>Galetes de prefer\u00e8ncies o personalitzaci\u00f3:<\/b><\/p>\n<p><span style=\"font-weight: 400;\">Aquestes galetes permeten recordar informaci\u00f3 perqu\u00e8 l\u2019usuari accedeixi al servei amb determinades caracter\u00edstiques que puguin diferenciar la seva experi\u00e8ncia de la d\u2019altres usuaris, com ara l\u2019idioma, l\u2019aspecte o contingut del servei en funci\u00f3 del navegador a trav\u00e9s del qual accedeix l\u2019usuari al servei o de la regi\u00f3 des d\u2019on s&#8217;accedeix.<\/span><\/p>\n<p><b>Galetes d\u2019an\u00e0lisi o mesurament:<\/b><\/p>\n<p><span style=\"font-weight: 400;\">S\u00f3n aquelles que, tractades per nosaltres o per tercers, ens permeten quantificar el nombre d\u2019usuaris i aix\u00ed mesurar i fer i l\u2019an\u00e0lisi estad\u00edstica de la utilitzaci\u00f3 que fan els usuaris dels serveis oferts. Per fer-ho, s\u2019analitza la seva navegaci\u00f3 al nostre Lloc Web amb l\u2019objectiu de millorar l\u2019oferta dels nostres productes i serveis.<\/span><\/p>\n<p><b>Galetes de m\u00e0rqueting o d\u2019altres:<\/b><\/p>\n<p><span style=\"font-weight: 400;\">S\u00f3n aquelles que, tractades per nosaltres o per tercers, ens permeten analitzar els seus h\u00e0bits de navegaci\u00f3 a Internet perqu\u00e8 puguem mostrar-li publicitat relacionada amb el seu perfil de navegaci\u00f3.<\/span><\/p>\n<p><span style=\"font-weight: 400;\">Concretament, actualment utilitzem els galetes seg\u00fcents:<\/span><\/p>\n<p><b>GALETES PR\u00d2PIES:<\/b><\/p>\n<p><a href=\"https:\/\/globalpacta.com\/ca\"><span style=\"font-weight: 400;\">https:\/\/globalpacta.com<\/span><\/a><\/p>\n<table>\n<tbody>\n<tr>\n<td><b>Galeta<\/b><\/td>\n<td><b>Durada<\/b><\/td>\n<td><b>Funci\u00f3<\/b><\/td>\n<td><b>Tipus<\/b><\/td>\n<\/tr>\n<tr>\n<td><span style=\"font-weight: 400;\">_ga<\/span><\/td>\n<td><span style=\"font-weight: 400;\">2 anys<\/span><\/td>\n<td><span style=\"font-weight: 400;\">S\u2019utilitza per distingir els usuaris<\/span><\/td>\n<td><span style=\"font-weight: 400;\">Anal\u00edtica<\/span><\/td>\n<\/tr>\n<tr>\n<td><span style=\"font-weight: 400;\">_gat<\/span><\/td>\n<td><span style=\"font-weight: 400;\">10 minuts<\/span><\/td>\n<td><span style=\"font-weight: 400;\">Es tracta d\u2019una galeta anal\u00edtica, relacionada amb Google Analytics. S\u2019utilitza per diferenciar entre els diferents objectes de seguiment creats a la sessi\u00f3.<\/span><\/td>\n<td><span style=\"font-weight: 400;\">Anal\u00edtica<\/span><\/td>\n<\/tr>\n<tr>\n<td><span style=\"font-weight: 400;\">_gid<\/span><\/td>\n<td><span style=\"font-weight: 400;\">sessi\u00f3<\/span><\/td>\n<td><span style=\"font-weight: 400;\">Galeta que cont\u00e9 un identificador an\u00f2nim usat per distingir usuaris.<\/span><\/td>\n<td><span style=\"font-weight: 400;\">Anal\u00edtica<\/span><\/td>\n<\/tr>\n<\/tbody>\n<\/table>\n<p><strong>GALETES DE TERCERS:<\/strong><\/p>\n<p><b>-Google Ireland Limited<\/b><\/p>\n<table>\n<tbody>\n<tr>\n<td><b>Galeta<\/b><\/td>\n<td><b>Durada<\/b><\/td>\n<td><b>Funci\u00f3<\/b><\/td>\n<td><b>Tipus<\/b><\/td>\n<\/tr>\n<tr>\n<td><span style=\"font-weight: 400;\">IDE<\/span><\/td>\n<td><span style=\"font-weight: 400;\">1 any<\/span><\/td>\n<td><span style=\"font-weight: 400;\">\u00c9s una galeta de publicitat i s\u2019emmagatzema en navegadors al domini doubleclick.net.<\/span><\/td>\n<td><span style=\"font-weight: 400;\">M\u00e0rqueting i d&#8217;altres<\/span><\/td>\n<\/tr>\n<tr>\n<td><span style=\"font-weight: 400;\">RUL<\/span><\/td>\n<td><span style=\"font-weight: 400;\">1 any<\/span><\/td>\n<td><span style=\"font-weight: 400;\">Galeta necess\u00e0ria per a la utilitzaci\u00f3 de les opcions i serveis del Lloc Web.<\/span><\/td>\n<td><span style=\"font-weight: 400;\">Anal\u00edtica<\/span><\/td>\n<\/tr>\n<\/tbody>\n<\/table>\n<p><span style=\"font-weight: 400;\">Si vol obtenir m\u00e9s informaci\u00f3 sobre l\u2019\u00fas de les galetes de Google Inc., pot contactar amb ells des de la p\u00e0gina <\/span><a href=\"http:\/\/www.google.com\/policies\/technologies\/ads\/\" rel=\"nofollow noopener\" target=\"_blank\"><span style=\"font-weight: 400;\">http:\/\/www.google.com\/policies\/technologies\/ads\/<\/span><\/a><\/p>\n<p><span style=\"font-weight: 400;\">A m\u00e9s, si interacciona amb el contingut del nostre Lloc Web, tamb\u00e9 es poden establir galetes de tercers (per exemple, en pr\u00e9mer botons de xarxes socials o visualitzar v\u00eddeos allotjats en un altre lloc web).<\/span><\/p>\n<p><span style=\"font-weight: 400;\">A continuaci\u00f3, hi ha els enlla\u00e7os als llocs web on pot consultar la descripci\u00f3 del tipus de galetes que utilitzen les xarxes socials a les quals pot accedir des del nostre Lloc Web i el seu per\u00edode d&#8217;expiraci\u00f3:<\/span><\/p>\n<ul>\n<li>Twitter: <a href=\"https:\/\/help.twitter.com\/es\/rules-and-policies\/twitter-cookies\" rel=\"nofollow noopener\" target=\"_blank\">https:\/\/help.twitter.com\/es\/rules-and-policies\/twitter-cookies<\/a><\/li>\n<li>LinkedIn: <a href=\"https:\/\/www.linkedin.com\/legal\/cookie-policy\" rel=\"nofollow noopener\" target=\"_blank\">https:\/\/www.linkedin.com\/legal\/cookie-policy<\/a><\/li>\n<\/ul>\n<p><b>CONSENTIMENT<\/b><\/p>\n<p><span style=\"font-weight: 400;\">Quan entri per primera vegada al nostre Lloc Web, li apareixer\u00e0 un b\u00e0ner perqu\u00e8 pugui accedir i con\u00e8ixer les galetes que utilitza el nostre Lloc Web i, si escau, consentir-ne l\u2019\u00fas. En cas de no acceptar les galetes, \u00fanicament seran instal\u00b7lades al seu equip les galetes t\u00e8cniques, que s\u00f3n les estrictament necess\u00e0ries per al funcionament del Lloc Web o de les aplicacions o serveis que utilitzi.<\/span><\/p>\n<p><b>DESHABILITAR I BLOQUEJAR GALETES O RETIRAR EL SEU CONSENTIMENT<\/b><\/p>\n<p><span style=\"font-weight: 400;\">En qualsevol cas, l\u2019informem que, at\u00e8s que les galetes no funcionals no s\u00f3n imprescindibles per a l\u2019\u00fas del nostre Lloc Web, pot bloquejar-les o deshabilitar-les, a m\u00e9s, activant la configuraci\u00f3 del seu navegador que li permet rebutjar la instal\u00b7laci\u00f3 de totes les galetes o d\u2019algunes d\u2019aquestes. Pr\u00e0cticament la majoria dels navegadors permeten advertir de la pres\u00e8ncia de galetes o rebutjar-les autom\u00e0ticament. Si les rebutja, podr\u00e0 seguir utilitzant el nostre Lloc Web, per\u00f2 l\u2019\u00fas d&#8217;alguns dels seus serveis podr\u00e0 estar limitat i, per tant, la seva experi\u00e8ncia al nostre Lloc Web, menys satisfact\u00f2ria. Per obtenir m\u00e9s informaci\u00f3 sobre com eliminar, deshabilitar o bloquejar les galetes, visiti:<\/span><\/p>\n<p><a href=\"http:\/\/www.aboutcookies.org\/Default.aspx?page=2\" rel=\"nofollow noopener\" target=\"_blank\"><span style=\"font-weight: 400;\">http:\/\/www.aboutcookies.org\/Default.aspx?page=2<\/span><\/a><\/p>\n<p><span style=\"font-weight: 400;\">Igualment, pot trobar informaci\u00f3 sobre com fer-ho als enlla\u00e7os seg\u00fcents, en funci\u00f3 del navegador que utilitzi:<\/span><\/p>\n<ul>\n<li>Mozilla: <a href=\"https:\/\/support.mozilla.org\/es\/kb\/habilitar-y-deshabilitar-cookies-sitios-web-rastrear-preferencias\" rel=\"nofollow noopener\" target=\"_blank\">https:\/\/support.mozilla.org\/es\/kb\/habilitar-y-deshabilitar-cookies-sitios-web-rastrear-preferencias<\/a><\/li>\n<li>Chrome: <a href=\"http:\/\/support.google.com\/chrome\/bin\/answer.py?hl=es&amp;answer=95647\" rel=\"nofollow noopener\" target=\"_blank\">http:\/\/support.google.com\/chrome\/bin\/answer.py?hl=es&amp;answer=95647<\/a><\/li>\n<li>Explorer: <a href=\"https:\/\/support.microsoft.com\/es-es\/topic\/eliminar-y-administrar-cookies-168dab11-0753-043d-7c16-ede5947fc64d\" rel=\"nofollow noopener\" target=\"_blank\">https:\/\/support.microsoft.com\/es-es\/topic\/eliminar-y-administrar-cookies-168dab11-0753-043d-7c16-ede5947fc64d<\/a><\/li>\n<li>Safari:<a href=\"http:\/\/support.apple.com\/kb\/ph5042\" rel=\"nofollow noopener\" target=\"_blank\"> http:\/\/support.apple.com\/kb\/ph5042<\/a><\/li>\n<li>Opera: <a href=\"http:\/\/help.opera.com\/Windows\/11.50\/es-ES\/cookies.html\" rel=\"nofollow noopener\" target=\"_blank\">http:\/\/help.opera.com\/Windows\/11.50\/es-ES\/cookies.html<\/a><\/li>\n<\/ul>\n<p><span style=\"font-weight: 400;\">Si ho desitja, pot veure els v\u00eddeos que ha fet l\u2019Ag\u00e8ncia Espanyola de Protecci\u00f3 de Dades amb la finalitat d\u2019explicar com configurar les opcions de privacitat des de diferents plataformes i equips. <\/span><a href=\"https:\/\/www.aepd.es\/\" rel=\"nofollow noopener\" target=\"_blank\"><span style=\"font-weight: 400;\">https:\/\/www.aepd.es\/<\/span><\/a><\/p>\n<p><b>CANVIS EN LA POL\u00cdTICA DE GALETES<\/b><\/p>\n<p><span style=\"font-weight: 400;\">\u00c9s possible que actualitzem la Pol\u00edtica de Galetes del nostre Lloc Web. Per aix\u00f2, li recomanem revisar aquesta pol\u00edtica cada vegada que accedeixi al nostre Lloc Web amb l\u2019objectiu d&#8217;estar adequadament informat sobre com i per a qu\u00e8 utilitzem les galetes.<\/span><\/p>\n<p><span style=\"font-weight: 400;\">La pol\u00edtica de galetes es va actualitzar per darrera vegada el <\/span><b>febrer del 2021. <\/b><\/p>\n<\/div><div class=\"fusion-clearfix\"><\/div><\/div><\/div><\/div><\/div>\n","protected":false},"excerpt":{"rendered":"","protected":false},"author":6,"featured_media":0,"parent":0,"menu_order":0,"comment_status":"closed","ping_status":"closed","template":"","meta":{"_exactmetrics_skip_tracking":false,"_exactmetrics_sitenote_active":false,"_exactmetrics_sitenote_note":"","_exactmetrics_sitenote_category":0,"footnotes":""},"_links":{"self":[{"href":"https:\/\/globalpacta.com\/ca\/wp-json\/wp\/v2\/pages\/17133"}],"collection":[{"href":"https:\/\/globalpacta.com\/ca\/wp-json\/wp\/v2\/pages"}],"about":[{"href":"https:\/\/globalpacta.com\/ca\/wp-json\/wp\/v2\/types\/page"}],"author":[{"embeddable":true,"href":"https:\/\/globalpacta.com\/ca\/wp-json\/wp\/v2\/users\/6"}],"replies":[{"embeddable":true,"href":"https:\/\/globalpacta.com\/ca\/wp-json\/wp\/v2\/comments?post=17133"}],"version-history":[{"count":7,"href":"https:\/\/globalpacta.com\/ca\/wp-json\/wp\/v2\/pages\/17133\/revisions"}],"predecessor-version":[{"id":17207,"href":"https:\/\/globalpacta.com\/ca\/wp-json\/wp\/v2\/pages\/17133\/revisions\/17207"}],"wp:attachment":[{"href":"https:\/\/globalpacta.com\/ca\/wp-json\/wp\/v2\/media?parent=17133"}],"curies":[{"name":"wp","href":"https:\/\/api.w.org\/{rel}","templated":true}]}}