{"id":17216,"date":"2021-03-10T06:22:47","date_gmt":"2021-03-10T06:22:47","guid":{"rendered":"https:\/\/globalpacta.com\/?page_id=17216"},"modified":"2021-05-26T14:23:59","modified_gmt":"2021-05-26T14:23:59","slug":"jose-v-maza","status":"publish","type":"page","link":"https:\/\/globalpacta.com\/ca\/equipo-2-2\/jose-v-maza\/","title":{"rendered":"JOS\u00c9 V. MAZA"},"content":{"rendered":"<div class=\"fusion-fullwidth fullwidth-box fusion-builder-row-1 gp-single-team nonhundred-percent-fullwidth non-hundred-percent-height-scrolling\" style=\"--awb-background-position:left top;--awb-border-sizes-top:0px;--awb-border-sizes-bottom:0px;--awb-border-sizes-left:0px;--awb-border-sizes-right:0px;--awb-border-radius-top-left:0px;--awb-border-radius-top-right:0px;--awb-border-radius-bottom-right:0px;--awb-border-radius-bottom-left:0px;--awb-padding-top:20px;--awb-padding-bottom:20px;--awb-flex-wrap:wrap;\" ><div class=\"fusion-builder-row fusion-row\"><div class=\"fusion-layout-column fusion_builder_column fusion-builder-column-0 fusion_builder_column_1_2 1_2 fusion-one-half fusion-column-first\" style=\"--awb-bg-size:cover;width:48%; margin-right: 4%;\"><div class=\"fusion-column-wrapper fusion-flex-column-wrapper-legacy\"><div class=\"fusion-image-element fusion-image-align-right in-legacy-container\" style=\"text-align:right;--awb-caption-title-font-family:var(--h2_typography-font-family);--awb-caption-title-font-weight:var(--h2_typography-font-weight);--awb-caption-title-font-style:var(--h2_typography-font-style);--awb-caption-title-size:var(--h2_typography-font-size);--awb-caption-title-transform:var(--h2_typography-text-transform);--awb-caption-title-line-height:var(--h2_typography-line-height);--awb-caption-title-letter-spacing:var(--h2_typography-letter-spacing);\"><span class=\" fusion-imageframe imageframe-none imageframe-1 hover-type-none\" style=\"margin-left:25px;float:right;\"><img decoding=\"async\" width=\"400\" height=\"402\" title=\"Jose-Maza\" src=\"https:\/\/globalpacta.com\/wp-content\/uploads\/2021\/03\/Jose-Maza.jpg\" alt class=\"img-responsive wp-image-17231\" srcset=\"https:\/\/globalpacta.com\/wp-content\/uploads\/2021\/03\/Jose-Maza-200x201.jpg 200w, https:\/\/globalpacta.com\/wp-content\/uploads\/2021\/03\/Jose-Maza.jpg 400w\" sizes=\"(max-width: 800px) 100vw, 400px\" \/><\/span><\/div><div class=\"fusion-clearfix\"><\/div><\/div><\/div><div class=\"fusion-layout-column fusion_builder_column fusion-builder-column-1 fusion_builder_column_1_2 1_2 fusion-one-half fusion-column-last\" style=\"--awb-bg-size:cover;width:48%;\"><div class=\"fusion-column-wrapper fusion-flex-column-wrapper-legacy\"><div class=\"fusion-text fusion-text-1\"><p><strong>Consultor<\/strong><\/p>\n<p>Jos\u00e9 V. Maza ha desenvolupat la seva carrera professional en sectors de gran consum, en el sector financer i en consultoria empresarial.<\/p>\n<p>Va iniciar la seva carrera professional en l\u2019auditoria i consultoria i \u00e9s membre acreditat del ROAC. Va ocupar durant m\u00e9s de cinc anys llocs de responsabilitat en entitats financeres i fou membre del consell d&#8217;administraci\u00f3 de les seves societats participades.<\/p>\n<p>Posteriorment va assumir la direcci\u00f3 general d\u2019empreses l\u00edders de gran consum en l&#8217;\u00e0mbit nacional i internacional.<\/p>\n<p>Addicionalment \u00e9s membre del consell d&#8217;administraci\u00f3 i consultor en empreses dels sectors agroalimentari, qu\u00edmic, serveis empresarials i producci\u00f3 industrial.<\/p>\n<p>Expert en consultoria d&#8217;empreses, estrat\u00e8gia empresarial, estructura organitzativa, implantaci\u00f3 de projectes de creixement i desenvolupament de negoci.<\/p>\n<p>En l&#8217;\u00e0mbit de govern de l&#8217;empresa ha dissenyat i col\u00b7laborat en la definici\u00f3 i implantaci\u00f3 de protocols d&#8217;accionistes en empreses familiars.<\/p>\n<p>Forma part de l\u2019equip de globalpacta des de 2020.<\/p>\n<p><strong>Formaci\u00f3 acad\u00e8mica<\/strong><\/p>\n<p>\u2013 M\u00e0ster Business Administration, ESADE &#8211; Barcelona.<br \/>\n\u2013 Llicenciat en Ci\u00e8ncies Econ\u00f2miques, Secci\u00f3 Empreses &#8211; Saragossa.<br \/>\n\u2013 Programa ADECA, Sant Elm Business School &#8211; Sevilla.<\/p>\n<p><strong>Idiomes<\/strong><strong>\u00a0<\/strong><\/p>\n<p>Espanyol i angl\u00e8s.<\/p>\n<\/div><div class=\"fusion-clearfix\"><\/div><\/div><\/div><\/div><\/div>\n","protected":false},"excerpt":{"rendered":"","protected":false},"author":3,"featured_media":0,"parent":7208,"menu_order":0,"comment_status":"open","ping_status":"open","template":"","meta":{"_exactmetrics_skip_tracking":false,"_exactmetrics_sitenote_active":false,"_exactmetrics_sitenote_note":"","_exactmetrics_sitenote_category":0,"footnotes":""},"_links":{"self":[{"href":"https:\/\/globalpacta.com\/ca\/wp-json\/wp\/v2\/pages\/17216"}],"collection":[{"href":"https:\/\/globalpacta.com\/ca\/wp-json\/wp\/v2\/pages"}],"about":[{"href":"https:\/\/globalpacta.com\/ca\/wp-json\/wp\/v2\/types\/page"}],"author":[{"embeddable":true,"href":"https:\/\/globalpacta.com\/ca\/wp-json\/wp\/v2\/users\/3"}],"replies":[{"embeddable":true,"href":"https:\/\/globalpacta.com\/ca\/wp-json\/wp\/v2\/comments?post=17216"}],"version-history":[{"count":6,"href":"https:\/\/globalpacta.com\/ca\/wp-json\/wp\/v2\/pages\/17216\/revisions"}],"predecessor-version":[{"id":17887,"href":"https:\/\/globalpacta.com\/ca\/wp-json\/wp\/v2\/pages\/17216\/revisions\/17887"}],"up":[{"embeddable":true,"href":"https:\/\/globalpacta.com\/ca\/wp-json\/wp\/v2\/pages\/7208"}],"wp:attachment":[{"href":"https:\/\/globalpacta.com\/ca\/wp-json\/wp\/v2\/media?parent=17216"}],"curies":[{"name":"wp","href":"https:\/\/api.w.org\/{rel}","templated":true}]}}