{"id":17715,"date":"2021-05-21T08:31:29","date_gmt":"2021-05-21T08:31:29","guid":{"rendered":"https:\/\/globalpacta.com\/?page_id=17715"},"modified":"2021-05-21T15:14:18","modified_gmt":"2021-05-21T15:14:18","slug":"clara-moran","status":"publish","type":"page","link":"https:\/\/globalpacta.com\/ca\/equipo-2-2\/clara-moran\/","title":{"rendered":"CLARA MOR\u00c1N"},"content":{"rendered":"<div class=\"fusion-fullwidth fullwidth-box fusion-builder-row-1 gp-single-team nonhundred-percent-fullwidth non-hundred-percent-height-scrolling\" style=\"--awb-background-position:left top;--awb-border-sizes-top:0px;--awb-border-sizes-bottom:0px;--awb-border-sizes-left:0px;--awb-border-sizes-right:0px;--awb-border-radius-top-left:0px;--awb-border-radius-top-right:0px;--awb-border-radius-bottom-right:0px;--awb-border-radius-bottom-left:0px;--awb-padding-top:20px;--awb-padding-bottom:20px;--awb-flex-wrap:wrap;\" ><div class=\"fusion-builder-row fusion-row\"><div class=\"fusion-layout-column fusion_builder_column fusion-builder-column-0 fusion_builder_column_1_2 1_2 fusion-one-half fusion-column-first\" style=\"--awb-bg-size:cover;width:48%; margin-right: 4%;\"><div class=\"fusion-column-wrapper fusion-flex-column-wrapper-legacy\"><div class=\"fusion-image-element fusion-image-align-right in-legacy-container\" style=\"text-align:right;--awb-caption-title-font-family:var(--h2_typography-font-family);--awb-caption-title-font-weight:var(--h2_typography-font-weight);--awb-caption-title-font-style:var(--h2_typography-font-style);--awb-caption-title-size:var(--h2_typography-font-size);--awb-caption-title-transform:var(--h2_typography-text-transform);--awb-caption-title-line-height:var(--h2_typography-line-height);--awb-caption-title-letter-spacing:var(--h2_typography-letter-spacing);\"><span class=\" fusion-imageframe imageframe-none imageframe-1 hover-type-none\" style=\"margin-left:25px;float:right;\"><img decoding=\"async\" width=\"400\" height=\"402\" title=\"Clara-Moran\" src=\"https:\/\/globalpacta.com\/wp-content\/uploads\/2021\/05\/Clara-Moran.jpg\" alt class=\"img-responsive wp-image-17747\" srcset=\"https:\/\/globalpacta.com\/wp-content\/uploads\/2021\/05\/Clara-Moran-200x201.jpg 200w, https:\/\/globalpacta.com\/wp-content\/uploads\/2021\/05\/Clara-Moran.jpg 400w\" sizes=\"(max-width: 800px) 100vw, 400px\" \/><\/span><\/div><div class=\"fusion-clearfix\"><\/div><\/div><\/div><div class=\"fusion-layout-column fusion_builder_column fusion-builder-column-1 fusion_builder_column_1_2 1_2 fusion-one-half fusion-column-last\" style=\"--awb-bg-size:cover;width:48%;\"><div class=\"fusion-column-wrapper fusion-flex-column-wrapper-legacy\"><div class=\"fusion-text fusion-text-1\"><p><strong>Advocada<\/strong><\/p>\n<p>Clara Mor\u00e1n es dedica a l\u2019exercici de l\u2019advocacia a les \u00e0rees del Dret Civil, Mercantil, Processal i Bancari. Amb anterioritat, va preparar oposicions per a l\u2019acc\u00e9s a la Carrera Judicial i Fiscal.<\/p>\n<p>\u00c9s membre del Il\u00b7lustre Col\u00b7legi de l\u2019Advocacia de Barcelona des de 2016.<\/p>\n<p>Va formar part de l&#8217;equip de globalpacta des de l&#8217;abril de 2016 fins al mar\u00e7 de 2019 i es va tornar a incorporar al maig de 2021.<\/p>\n<p><strong>Formaci\u00f3 acad\u00e8mica<\/strong><\/p>\n<p>\u2013 Llicenciatura en Dret. Facultat de Barcelona (2008-2013).<br \/>\n\u2013 Curs de dret matrimonial can\u00f2nic (nova normativa processal en vigor des de 08\/12\/2015). Il\u00b7lustre Col\u00b7legi de l&#8217;Advocacia de Barcelona (2016).<br \/>\n\u2013 M\u00e0ster en Dret Fiscal. Il\u00b7lustre Col\u00b7legi de l&#8217;Advocacia de Barcelona (2016-2017).<br \/>\n\u2013 Seminari sobre &#8220;La tutela judicial enfront de les cl\u00e0usules abusives i la incid\u00e8ncia de la jurisprud\u00e8ncia de la Uni\u00f3 Europea\u201d (2017).<br \/>\n\u2013 Curs sobre la retribuci\u00f3 dels administradors socials (Dret mercantil, laboral i fiscal) (2017).<br \/>\n\u2013 Seminari sobre &#8220;Accions del Banc Popular. Qu\u00e8 fer ara?&#8221; (2017).<br \/>\n\u2013 Seminari sobre &#8220;Tutela del consumidor i \u00faltima jurisprud\u00e8ncia de Tribunal Suprem&#8221; (2018).<br \/>\n\u2013 Curs sobre la Llei 9\/2017, de 8 de novembre, de contractes de sector p\u00fablic (2018).<br \/>\n\u2013 Seminari sobre &#8220;An\u00e0lisi del nou procediment de l&#8217;interdicte de recobrar la possessi\u00f3 en els sup\u00f2sits d&#8217;ocupaci\u00f3 il\u00b7legal de l&#8217;habitatge&#8221; (2018).<br \/>\n\u2013 Seminari sobre &#8220;Validesa dels acords extrajudicials entre entitats financeres i consumidors. La Sent\u00e8ncia del Tribunal Suprem 11\/04\/2018&#8221; (2018).<\/p>\n<p><strong>Pon\u00e8ncies i entrevistes<\/strong><\/p>\n<p>\u2013 Speaker a <em>l\u2019Hospitality Innovation Planet<\/em> (HIP 2018, IFEMA). &#8220;Summit de compres: nou informe t\u00e8cnic de la Uni\u00f3 Europea sobre contractaci\u00f3 p\u00fablica sostenible&#8221; (2018).<br \/>\n\u2013 Entrevista-xerrada radiof\u00f2nica sobre Dret bancari en el Programa <em>El salero<\/em> de R\u00c0DIO KANAL BARCELONA (2018).<br \/>\n\u2013 Speaker al <em>Congr\u00e9s de Restauraci\u00f3 Col\u00b7lectiva 2018<\/em> (Madrid). \u201cContractaci\u00f3 p\u00fablica. Compres verds: la normativa que ve d&#8217;Europa&#8221; (2018).<\/p>\n<p><strong>Idiomes<\/strong><\/p>\n<p>Espanyol, catal\u00e0 i angl\u00e8s.<\/p>\n<\/div><div class=\"fusion-clearfix\"><\/div><\/div><\/div><\/div><\/div>\n","protected":false},"excerpt":{"rendered":"","protected":false},"author":3,"featured_media":0,"parent":7208,"menu_order":0,"comment_status":"open","ping_status":"closed","template":"","meta":{"_exactmetrics_skip_tracking":false,"_exactmetrics_sitenote_active":false,"_exactmetrics_sitenote_note":"","_exactmetrics_sitenote_category":0,"footnotes":""},"_links":{"self":[{"href":"https:\/\/globalpacta.com\/ca\/wp-json\/wp\/v2\/pages\/17715"}],"collection":[{"href":"https:\/\/globalpacta.com\/ca\/wp-json\/wp\/v2\/pages"}],"about":[{"href":"https:\/\/globalpacta.com\/ca\/wp-json\/wp\/v2\/types\/page"}],"author":[{"embeddable":true,"href":"https:\/\/globalpacta.com\/ca\/wp-json\/wp\/v2\/users\/3"}],"replies":[{"embeddable":true,"href":"https:\/\/globalpacta.com\/ca\/wp-json\/wp\/v2\/comments?post=17715"}],"version-history":[{"count":5,"href":"https:\/\/globalpacta.com\/ca\/wp-json\/wp\/v2\/pages\/17715\/revisions"}],"predecessor-version":[{"id":17841,"href":"https:\/\/globalpacta.com\/ca\/wp-json\/wp\/v2\/pages\/17715\/revisions\/17841"}],"up":[{"embeddable":true,"href":"https:\/\/globalpacta.com\/ca\/wp-json\/wp\/v2\/pages\/7208"}],"wp:attachment":[{"href":"https:\/\/globalpacta.com\/ca\/wp-json\/wp\/v2\/media?parent=17715"}],"curies":[{"name":"wp","href":"https:\/\/api.w.org\/{rel}","templated":true}]}}