{"id":17897,"date":"2021-06-07T06:56:16","date_gmt":"2021-06-07T06:56:16","guid":{"rendered":"https:\/\/globalpacta.com\/?page_id=17897"},"modified":"2021-06-07T15:32:36","modified_gmt":"2021-06-07T15:32:36","slug":"alvaro-torrecillas","status":"publish","type":"page","link":"https:\/\/globalpacta.com\/ca\/equipo-2-2\/alvaro-torrecillas\/","title":{"rendered":"\u00c1LVARO TORRECILLAS"},"content":{"rendered":"<div class=\"fusion-fullwidth fullwidth-box fusion-builder-row-1 gp-single-team nonhundred-percent-fullwidth non-hundred-percent-height-scrolling\" style=\"--awb-background-position:left top;--awb-border-sizes-top:0px;--awb-border-sizes-bottom:0px;--awb-border-sizes-left:0px;--awb-border-sizes-right:0px;--awb-border-radius-top-left:0px;--awb-border-radius-top-right:0px;--awb-border-radius-bottom-right:0px;--awb-border-radius-bottom-left:0px;--awb-padding-top:20px;--awb-padding-bottom:20px;--awb-flex-wrap:wrap;\" ><div class=\"fusion-builder-row fusion-row\"><div class=\"fusion-layout-column fusion_builder_column fusion-builder-column-0 fusion_builder_column_1_2 1_2 fusion-one-half fusion-column-first\" style=\"--awb-bg-size:cover;width:48%; margin-right: 4%;\"><div class=\"fusion-column-wrapper fusion-flex-column-wrapper-legacy\"><div class=\"fusion-image-element fusion-image-align-right in-legacy-container\" style=\"text-align:right;--awb-caption-title-font-family:var(--h2_typography-font-family);--awb-caption-title-font-weight:var(--h2_typography-font-weight);--awb-caption-title-font-style:var(--h2_typography-font-style);--awb-caption-title-size:var(--h2_typography-font-size);--awb-caption-title-transform:var(--h2_typography-text-transform);--awb-caption-title-line-height:var(--h2_typography-line-height);--awb-caption-title-letter-spacing:var(--h2_typography-letter-spacing);\"><span class=\" fusion-imageframe imageframe-none imageframe-1 hover-type-none\" style=\"margin-left:25px;float:right;\"><img decoding=\"async\" width=\"427\" height=\"427\" title=\"Alvaro\" src=\"https:\/\/globalpacta.com\/wp-content\/uploads\/2021\/06\/Alvaro.jpg\" alt class=\"img-responsive wp-image-18039\" srcset=\"https:\/\/globalpacta.com\/wp-content\/uploads\/2021\/06\/Alvaro-200x200.jpg 200w, https:\/\/globalpacta.com\/wp-content\/uploads\/2021\/06\/Alvaro-400x400.jpg 400w, https:\/\/globalpacta.com\/wp-content\/uploads\/2021\/06\/Alvaro.jpg 427w\" sizes=\"(max-width: 800px) 100vw, 427px\" \/><\/span><\/div><div class=\"fusion-clearfix\"><\/div><\/div><\/div><div class=\"fusion-layout-column fusion_builder_column fusion-builder-column-1 fusion_builder_column_1_2 1_2 fusion-one-half fusion-column-last\" style=\"--awb-bg-size:cover;width:48%;\"><div class=\"fusion-column-wrapper fusion-flex-column-wrapper-legacy\"><div class=\"fusion-text fusion-text-1\"><p><strong>Advocat<\/strong><\/p>\n<p>\u00c1lvaro Torrecillas, col\u00b7legiat pel Col\u00b7legi d&#8217;Advocats de Guadalajara i posteriorment per Madrid, va comen\u00e7ar la seva traject\u00f2ria professional dins del dret administratiu local i contenci\u00f3s administratiu, contribuint tot aix\u00f2 a crear un perfil laboral dins la branca de dret p\u00fablic en general, aix\u00ed com en el dret immobiliari i urban\u00edstic, tenint l&#8217;oportunitat de representar i assistir a clients particulars i a empreses privades enfront l&#8217;activitat m\u00e9s diversa de l&#8217;Administraci\u00f3 p\u00fablica, al temps de poder defensar tamb\u00e9 els interessos d&#8217;aquestes \u00faltimes, assessorant a ajuntaments i a empreses del sector p\u00fablic estatal, auton\u00f2miques i locals.<\/p>\n<p>Tot aix\u00f2 li ha perm\u00e8s especialitzar-se en les diferents tipologies de procediments, tant administratius com processals, actuant en totes les inst\u00e0ncies jurisdiccionals, incloent el Tribunal Suprem, el Tribunal Constitucional i el Tribunal Europeu de Drets Humans.<br \/>\nLes seves \u00e0rees legals principals de treball han estat: dret p\u00fablic general, procediments tributaris, contenci\u00f3s-administratiu i contenci\u00f3s-tributari, dret de la contractaci\u00f3 p\u00fablica, dret immobiliari i urban\u00edstic (planejament, gesti\u00f3 i disciplina), funci\u00f3 p\u00fablica, dret administratiu sancionador, responsabilitat contractual i extracontractual (patrimonial) dels poders p\u00fablics, neglig\u00e8ncies m\u00e8diques, dret tur\u00edstic i autoritzaci\u00f3, ajudes i subvencions p\u00fabliques i fundacions i associacions.<\/p>\n<p>I dins d&#8217;altres \u00e0rees o sectors espec\u00edfics del dret p\u00fablic: dret del medi ambient, dret administratiu local, morositat de l&#8217;Administraci\u00f3, normativa sectorial (costes, muntanyes, mines, servituds aeron\u00e0utiques, etc.), domini p\u00fablic i serveis p\u00fablics, expropiaci\u00f3 for\u00e7osa i servituds, auditories legals en el sector p\u00fablic i sectors regulats (energia, transports, infraestructures, sanitat, sector alimentari etc.).<\/p>\n<p>Forma part de l&#8217;equip de globalpacta des de 2020.<\/p>\n<p><strong>Formaci\u00f3 acad\u00e8mica<\/strong><\/p>\n<p>\u2013 Llicenciatura en Dret (especialitat jur\u00eddic-empresarial). Universitat Sant Pau CEU, Madrid.<br \/>\n\u2013 M\u00e0ster en Urbanisme i Ordenaci\u00f3 del Territori. Escola de Negocis San Pablo CEU, Madrid.<br \/>\n\u2013 Curs Avan\u00e7at Corporate Compliance UNIR.<\/p>\n<p><strong>Idiomes<\/strong><\/p>\n<p>Espanyol i angl\u00e8s.<\/p>\n<\/div><div class=\"fusion-clearfix\"><\/div><\/div><\/div><\/div><\/div>\n","protected":false},"excerpt":{"rendered":"","protected":false},"author":3,"featured_media":0,"parent":7208,"menu_order":0,"comment_status":"open","ping_status":"open","template":"","meta":{"_exactmetrics_skip_tracking":false,"_exactmetrics_sitenote_active":false,"_exactmetrics_sitenote_note":"","_exactmetrics_sitenote_category":0,"footnotes":""},"_links":{"self":[{"href":"https:\/\/globalpacta.com\/ca\/wp-json\/wp\/v2\/pages\/17897"}],"collection":[{"href":"https:\/\/globalpacta.com\/ca\/wp-json\/wp\/v2\/pages"}],"about":[{"href":"https:\/\/globalpacta.com\/ca\/wp-json\/wp\/v2\/types\/page"}],"author":[{"embeddable":true,"href":"https:\/\/globalpacta.com\/ca\/wp-json\/wp\/v2\/users\/3"}],"replies":[{"embeddable":true,"href":"https:\/\/globalpacta.com\/ca\/wp-json\/wp\/v2\/comments?post=17897"}],"version-history":[{"count":7,"href":"https:\/\/globalpacta.com\/ca\/wp-json\/wp\/v2\/pages\/17897\/revisions"}],"predecessor-version":[{"id":18076,"href":"https:\/\/globalpacta.com\/ca\/wp-json\/wp\/v2\/pages\/17897\/revisions\/18076"}],"up":[{"embeddable":true,"href":"https:\/\/globalpacta.com\/ca\/wp-json\/wp\/v2\/pages\/7208"}],"wp:attachment":[{"href":"https:\/\/globalpacta.com\/ca\/wp-json\/wp\/v2\/media?parent=17897"}],"curies":[{"name":"wp","href":"https:\/\/api.w.org\/{rel}","templated":true}]}}