{"id":18619,"date":"2022-02-11T15:34:28","date_gmt":"2022-02-11T15:34:28","guid":{"rendered":"https:\/\/globalpacta.com\/?page_id=18619"},"modified":"2024-05-28T10:20:56","modified_gmt":"2024-05-28T10:20:56","slug":"marcos-laguarta","status":"publish","type":"page","link":"https:\/\/globalpacta.com\/ca\/equipo-2-2\/marcos-laguarta\/","title":{"rendered":"MARCOS LAGUARTA"},"content":{"rendered":"<div class=\"fusion-fullwidth fullwidth-box fusion-builder-row-1 gp-single-team nonhundred-percent-fullwidth non-hundred-percent-height-scrolling\" style=\"--awb-background-position:left top;--awb-border-sizes-top:0px;--awb-border-sizes-bottom:0px;--awb-border-sizes-left:0px;--awb-border-sizes-right:0px;--awb-border-radius-top-left:0px;--awb-border-radius-top-right:0px;--awb-border-radius-bottom-right:0px;--awb-border-radius-bottom-left:0px;--awb-padding-top:20px;--awb-padding-bottom:20px;--awb-flex-wrap:wrap;\" ><div class=\"fusion-builder-row fusion-row\"><div class=\"fusion-layout-column fusion_builder_column fusion-builder-column-0 fusion_builder_column_1_2 1_2 fusion-one-half fusion-column-first\" style=\"--awb-bg-size:cover;width:48%; margin-right: 4%;\"><div class=\"fusion-column-wrapper fusion-flex-column-wrapper-legacy\"><div class=\"fusion-image-element fusion-image-align-right in-legacy-container\" style=\"text-align:right;--awb-caption-title-font-family:var(--h2_typography-font-family);--awb-caption-title-font-weight:var(--h2_typography-font-weight);--awb-caption-title-font-style:var(--h2_typography-font-style);--awb-caption-title-size:var(--h2_typography-font-size);--awb-caption-title-transform:var(--h2_typography-text-transform);--awb-caption-title-line-height:var(--h2_typography-line-height);--awb-caption-title-letter-spacing:var(--h2_typography-letter-spacing);\"><span class=\" fusion-imageframe imageframe-none imageframe-1 hover-type-none\" style=\"margin-left:25px;float:right;\"><img decoding=\"async\" width=\"427\" height=\"427\" title=\"Marcos-Laguarta\" src=\"https:\/\/globalpacta.com\/wp-content\/uploads\/2022\/02\/Marcos-Laguarta.jpg\" alt class=\"img-responsive wp-image-18635\" srcset=\"https:\/\/globalpacta.com\/wp-content\/uploads\/2022\/02\/Marcos-Laguarta-200x200.jpg 200w, https:\/\/globalpacta.com\/wp-content\/uploads\/2022\/02\/Marcos-Laguarta-400x400.jpg 400w, https:\/\/globalpacta.com\/wp-content\/uploads\/2022\/02\/Marcos-Laguarta.jpg 427w\" sizes=\"(max-width: 800px) 100vw, 427px\" \/><\/span><\/div><div class=\"fusion-clearfix\"><\/div><\/div><\/div><div class=\"fusion-layout-column fusion_builder_column fusion-builder-column-1 fusion_builder_column_1_2 1_2 fusion-one-half fusion-column-last\" style=\"--awb-bg-size:cover;width:48%;\"><div class=\"fusion-column-wrapper fusion-flex-column-wrapper-legacy\"><div class=\"fusion-text fusion-text-1\"><p><strong>Advocat<\/strong><\/p>\n<p>Marcos Laguarta, despr\u00e9s d&#8217;acabar les pr\u00e0ctiques del M\u00e0ster Universitari en Advocacia, es va incorporar com paralegal a globalpacta, i actualment exerceix com a advocat especialitzat en l&#8217;\u00e0mbit del Dret Mercantil.<\/p>\n<p>A m\u00e9s, col\u00b7labora amb el nostre French Desk en mat\u00e8ries immobili\u00e0ries tant d&#8217;\u00e0mbit nacional com internacional.<\/p>\n<p>\u00c9s membre del\u00a0Il\u00b7lustri\u00a0Col\u00b7legi\u00a0de l&#8217;Advocacia\u00a0de Barcelona des de 2023.<\/p>\n<p><strong>Formaci\u00f3 acad\u00e8mica<\/strong><\/p>\n<p>\u2013 Doble grau en Administraci\u00f3 i Direcci\u00f3 d&#8217;empreses i Dret per la Universitat Aut\u00f2noma de Barcelona.<\/p>\n<p>\u2013 M\u00e0ster Universitari en Advocacia per la Universitat Pompeu Fabra \u2013 BSM.<\/p>\n<p>&#8211; Curs sobre la fiscalitat associada a les reestructuracions empresarials i Due Diligence. ICAB, Barcelona (2024)<\/p>\n<p><strong>Idiomas<\/strong><\/p>\n<p>Castellano, catal\u00e1n, ingl\u00e9s y franc\u00e9s.<\/p>\n<\/div><div class=\"fusion-clearfix\"><\/div><\/div><\/div><\/div><\/div>\n","protected":false},"excerpt":{"rendered":"","protected":false},"author":3,"featured_media":0,"parent":7208,"menu_order":0,"comment_status":"open","ping_status":"open","template":"","meta":{"_exactmetrics_skip_tracking":false,"_exactmetrics_sitenote_active":false,"_exactmetrics_sitenote_note":"","_exactmetrics_sitenote_category":0,"footnotes":""},"_links":{"self":[{"href":"https:\/\/globalpacta.com\/ca\/wp-json\/wp\/v2\/pages\/18619"}],"collection":[{"href":"https:\/\/globalpacta.com\/ca\/wp-json\/wp\/v2\/pages"}],"about":[{"href":"https:\/\/globalpacta.com\/ca\/wp-json\/wp\/v2\/types\/page"}],"author":[{"embeddable":true,"href":"https:\/\/globalpacta.com\/ca\/wp-json\/wp\/v2\/users\/3"}],"replies":[{"embeddable":true,"href":"https:\/\/globalpacta.com\/ca\/wp-json\/wp\/v2\/comments?post=18619"}],"version-history":[{"count":5,"href":"https:\/\/globalpacta.com\/ca\/wp-json\/wp\/v2\/pages\/18619\/revisions"}],"predecessor-version":[{"id":22875,"href":"https:\/\/globalpacta.com\/ca\/wp-json\/wp\/v2\/pages\/18619\/revisions\/22875"}],"up":[{"embeddable":true,"href":"https:\/\/globalpacta.com\/ca\/wp-json\/wp\/v2\/pages\/7208"}],"wp:attachment":[{"href":"https:\/\/globalpacta.com\/ca\/wp-json\/wp\/v2\/media?parent=18619"}],"curies":[{"name":"wp","href":"https:\/\/api.w.org\/{rel}","templated":true}]}}