{"id":22089,"date":"2024-04-22T17:39:23","date_gmt":"2024-04-22T17:39:23","guid":{"rendered":"https:\/\/globalpacta.com\/?page_id=22089"},"modified":"2024-04-23T19:21:58","modified_gmt":"2024-04-23T19:21:58","slug":"marga-mateu","status":"publish","type":"page","link":"https:\/\/globalpacta.com\/ca\/equipo-2-2\/marga-mateu\/","title":{"rendered":"Marga Mateu"},"content":{"rendered":"<div class=\"fusion-fullwidth fullwidth-box fusion-builder-row-1 gp-single-team nonhundred-percent-fullwidth non-hundred-percent-height-scrolling\" style=\"--awb-background-position:left top;--awb-border-sizes-top:0px;--awb-border-sizes-bottom:0px;--awb-border-sizes-left:0px;--awb-border-sizes-right:0px;--awb-border-radius-top-left:0px;--awb-border-radius-top-right:0px;--awb-border-radius-bottom-right:0px;--awb-border-radius-bottom-left:0px;--awb-padding-top:20px;--awb-padding-bottom:20px;--awb-flex-wrap:wrap;\" ><div class=\"fusion-builder-row fusion-row\"><div class=\"fusion-layout-column fusion_builder_column fusion-builder-column-0 fusion_builder_column_1_2 1_2 fusion-one-half fusion-column-first\" style=\"--awb-bg-size:cover;width:48%; margin-right: 4%;\"><div class=\"fusion-column-wrapper fusion-flex-column-wrapper-legacy\"><div class=\"fusion-image-element fusion-image-align-center in-legacy-container\" style=\"text-align:center;--awb-caption-title-font-family:var(--h2_typography-font-family);--awb-caption-title-font-weight:var(--h2_typography-font-weight);--awb-caption-title-font-style:var(--h2_typography-font-style);--awb-caption-title-size:var(--h2_typography-font-size);--awb-caption-title-transform:var(--h2_typography-text-transform);--awb-caption-title-line-height:var(--h2_typography-line-height);--awb-caption-title-letter-spacing:var(--h2_typography-letter-spacing);\"><div class=\"imageframe-align-center\"><span class=\" fusion-imageframe imageframe-none imageframe-1 hover-type-none\"><img decoding=\"async\" width=\"1200\" height=\"1206\" title=\"globalpacta-Marga-Mateu\" src=\"https:\/\/globalpacta.com\/wp-content\/uploads\/2024\/04\/globalpacta-Marga-Mateu.jpg\" alt class=\"img-responsive wp-image-22200\" srcset=\"https:\/\/globalpacta.com\/wp-content\/uploads\/2024\/04\/globalpacta-Marga-Mateu-200x201.jpg 200w, https:\/\/globalpacta.com\/wp-content\/uploads\/2024\/04\/globalpacta-Marga-Mateu-400x402.jpg 400w, https:\/\/globalpacta.com\/wp-content\/uploads\/2024\/04\/globalpacta-Marga-Mateu-600x603.jpg 600w, https:\/\/globalpacta.com\/wp-content\/uploads\/2024\/04\/globalpacta-Marga-Mateu-800x804.jpg 800w, https:\/\/globalpacta.com\/wp-content\/uploads\/2024\/04\/globalpacta-Marga-Mateu.jpg 1200w\" sizes=\"(max-width: 800px) 100vw, 800px\" \/><\/span><\/div><\/div><div class=\"fusion-clearfix\"><\/div><\/div><\/div><div class=\"fusion-layout-column fusion_builder_column fusion-builder-column-1 fusion_builder_column_1_2 1_2 fusion-one-half fusion-column-last\" style=\"--awb-bg-size:cover;width:48%;\"><div class=\"fusion-column-wrapper fusion-flex-column-wrapper-legacy\"><div class=\"fusion-text fusion-text-1\"><p><strong>Consultora en Organitzaci\u00f3 i Persones \u2013 People Advisor<\/strong><\/p>\n<p>Despr\u00e9s de ser directora de recursos humans, des de l&#8217;any 2015 desenvolupa la seva activitat professional com a directora d&#8217;organitzaci\u00f3 i persones a Interim per a PIMES (a temps parcial).<\/p>\n<p>Realitza projectes de consultoria de recursos humans i altres \u00e0rees associades: cultura organitzativa, pla estrat\u00e8gic, processos organitzatius, comunicaci\u00f3 interna i conceptualitzaci\u00f3 de sistemes digitals associats entre d&#8217;altres.<\/p>\n<p>Especialitzada en mentoria organitzativa per a empreses familiars, directius i alts directius.<\/p>\n<p><strong>Formaci\u00f3 acad\u00e8mica<\/strong><br \/>Llicenciada en Psicologia (especialitats: Cl\u00ednica i Industrial),<br \/>Postgrau en Dret Laboral per la UB,<br \/>MBA per EAE de Barcelona,<br \/>PDD per l&#8217;IESE Barcelona<br \/>Coach Agile (La Salle Business School)<br \/>Professional Certified Coach (2011), per l&#8217;ICF, International Coach Federation. Certificada per l\u00b4Escola Humanista.<br \/>Col\u00b7labora en l&#8217;\u00e0mbit de la doc\u00e8ncia a diverses organitzacions.<br \/>Certificada per la UB com an Agent d&#8217;Igualtat a les Organitzacions.<\/p>\n<p><strong>Sectors on ha desenvolupat la seva traject\u00f2ria professional<\/strong><\/p>\n<p>Hostaleria i Restauraci\u00f3, Consultoria, M\u00fatua Patronal, Assegurances, Educaci\u00f3, Sanitat, Log\u00edstica, Joc i Oci, Retail, Esdeveniments Moda, Grans superf\u00edcies, T\u00e8xtil, Energia, Stands, Serveis, etc.<\/p>\n<p><strong>Com a persona<\/strong><\/p>\n<p>Li apassionen els desafiaments i els projectes desafiadors, els que busquen la coher\u00e8ncia entre el pla estrat\u00e8gic global de les companyies amb les necessitats de les persones que les integren. L&#8217;oportunitat que proporcionen els canvis, la immediatesa, fins i tot les crisis.<br \/>Destaca la seva visi\u00f3 global empresarial, la detecci\u00f3 de prioritats a accionar, una orientaci\u00f3 clara a resultats i una aposta transversal per la comunicaci\u00f3 i la tecnologia.<br \/>Mallorquina, establerta a Barcelona i gran viatgera.<\/p>\n<p><strong>Idiomes<\/strong><br \/>Castell\u00e0<br \/>Catal\u00e0<br \/>Angl\u00e8s<br \/>Franc\u00e8s<\/p>\n<\/div><div class=\"fusion-clearfix\"><\/div><\/div><\/div><\/div><\/div>\n","protected":false},"excerpt":{"rendered":"","protected":false},"author":3,"featured_media":0,"parent":7208,"menu_order":0,"comment_status":"open","ping_status":"open","template":"","meta":{"_exactmetrics_skip_tracking":false,"_exactmetrics_sitenote_active":false,"_exactmetrics_sitenote_note":"","_exactmetrics_sitenote_category":0,"footnotes":""},"_links":{"self":[{"href":"https:\/\/globalpacta.com\/ca\/wp-json\/wp\/v2\/pages\/22089"}],"collection":[{"href":"https:\/\/globalpacta.com\/ca\/wp-json\/wp\/v2\/pages"}],"about":[{"href":"https:\/\/globalpacta.com\/ca\/wp-json\/wp\/v2\/types\/page"}],"author":[{"embeddable":true,"href":"https:\/\/globalpacta.com\/ca\/wp-json\/wp\/v2\/users\/3"}],"replies":[{"embeddable":true,"href":"https:\/\/globalpacta.com\/ca\/wp-json\/wp\/v2\/comments?post=22089"}],"version-history":[{"count":24,"href":"https:\/\/globalpacta.com\/ca\/wp-json\/wp\/v2\/pages\/22089\/revisions"}],"predecessor-version":[{"id":22209,"href":"https:\/\/globalpacta.com\/ca\/wp-json\/wp\/v2\/pages\/22089\/revisions\/22209"}],"up":[{"embeddable":true,"href":"https:\/\/globalpacta.com\/ca\/wp-json\/wp\/v2\/pages\/7208"}],"wp:attachment":[{"href":"https:\/\/globalpacta.com\/ca\/wp-json\/wp\/v2\/media?parent=22089"}],"curies":[{"name":"wp","href":"https:\/\/api.w.org\/{rel}","templated":true}]}}