{"id":22314,"date":"2024-04-30T14:44:56","date_gmt":"2024-04-30T14:44:56","guid":{"rendered":"https:\/\/globalpacta.com\/?page_id=22314"},"modified":"2024-05-06T10:04:23","modified_gmt":"2024-05-06T10:04:23","slug":"joaquin-gonzalez","status":"publish","type":"page","link":"https:\/\/globalpacta.com\/ca\/equipo-2-2\/joaquin-gonzalez\/","title":{"rendered":"JOAQU\u00cdN GONZ\u00c1LEZ"},"content":{"rendered":"<div class=\"fusion-fullwidth fullwidth-box fusion-builder-row-1 gp-single-team nonhundred-percent-fullwidth non-hundred-percent-height-scrolling\" style=\"--awb-background-position:left top;--awb-border-sizes-top:0px;--awb-border-sizes-bottom:0px;--awb-border-sizes-left:0px;--awb-border-sizes-right:0px;--awb-border-radius-top-left:0px;--awb-border-radius-top-right:0px;--awb-border-radius-bottom-right:0px;--awb-border-radius-bottom-left:0px;--awb-padding-top:20px;--awb-padding-bottom:20px;--awb-flex-wrap:wrap;\" ><div class=\"fusion-builder-row fusion-row\"><div class=\"fusion-layout-column fusion_builder_column fusion-builder-column-0 fusion_builder_column_1_2 1_2 fusion-one-half fusion-column-first\" style=\"--awb-bg-size:cover;width:48%; margin-right: 4%;\"><div class=\"fusion-column-wrapper fusion-flex-column-wrapper-legacy\"><div class=\"fusion-image-element fusion-image-align-right in-legacy-container\" style=\"text-align:right;--awb-caption-title-font-family:var(--h2_typography-font-family);--awb-caption-title-font-weight:var(--h2_typography-font-weight);--awb-caption-title-font-style:var(--h2_typography-font-style);--awb-caption-title-size:var(--h2_typography-font-size);--awb-caption-title-transform:var(--h2_typography-text-transform);--awb-caption-title-line-height:var(--h2_typography-line-height);--awb-caption-title-letter-spacing:var(--h2_typography-letter-spacing);\"><span class=\" fusion-imageframe imageframe-none imageframe-1 hover-type-none\" style=\"margin-left:25px;float:right;\"><img decoding=\"async\" width=\"1731\" height=\"2048\" title=\"image003 (1)\" src=\"https:\/\/globalpacta.com\/wp-content\/uploads\/2024\/05\/image003-1-e1714645265337.jpg\" alt class=\"img-responsive wp-image-22396\"\/><\/span><\/div><div class=\"fusion-clearfix\"><\/div><\/div><\/div><div class=\"fusion-layout-column fusion_builder_column fusion-builder-column-1 fusion_builder_column_1_2 1_2 fusion-one-half fusion-column-last\" style=\"--awb-bg-size:cover;width:48%;\"><div class=\"fusion-column-wrapper fusion-flex-column-wrapper-legacy\"><div class=\"fusion-text fusion-text-1\"><p><strong>Advocat<\/strong><\/p>\n<p>Joaqu\u00edn ha exercit la seva traject\u00f2ria professional vinculada al dret p\u00fablic. En particular, ha assessorat empreses en processos de licitaci\u00f3 p\u00fablica i ha elaborat recursos en mat\u00e8ria de contractaci\u00f3 p\u00fablica. Tamb\u00e9 ha assessorat q\u00fcestions d&#8217;urbanisme; i en l&#8217;acompanyament i l&#8217;assessorament en via administrativa i en la via judicial contenciosa administrativa. A m\u00e9s, tamb\u00e9 ha participat en l&#8217;assessorament en mat\u00e8ries contenci\u00f3s-tribut\u00e0ries, elaborant recursos davant dels tribunals economicoadministratius i en la via judicial. Tot aix\u00f2 sense perjudici del seu treball en altres camps del dret p\u00fablic, com la pr\u00e0ctica en mat\u00e8ries de responsabilitat patrimonial de les administracions p\u00fabliques, dret local o dret administratiu sancionador.<\/p>\n<p>En la seva traject\u00f2ria professional, Joaqu\u00edn tamb\u00e9 ha tingut l&#8217;oportunitat de treballar i assessorar fundacions p\u00fablic &#8211; privades.<\/p>\n<p><strong>Formaci\u00f3 acad\u00e8mica<\/strong><\/p>\n<ul>\n<li>\u00a0Llicenciatura en Dret (UPF)<\/li>\n<li>Oposicions al cos d&#8217;advocats de l&#8217;Estat<\/li>\n<li>Programa Lideratge i Gesti\u00f3 P\u00fablica (IESE)<\/li>\n<\/ul>\n<p><strong>Idiomes<\/strong><strong>\u00a0<\/strong><\/p>\n<p>Espanyol, catal\u00e0 i angl\u00e8s.<\/p>\n<\/div><div class=\"fusion-clearfix\"><\/div><\/div><\/div><\/div><\/div>\n","protected":false},"excerpt":{"rendered":"","protected":false},"author":3,"featured_media":0,"parent":7208,"menu_order":0,"comment_status":"open","ping_status":"open","template":"","meta":{"_exactmetrics_skip_tracking":false,"_exactmetrics_sitenote_active":false,"_exactmetrics_sitenote_note":"","_exactmetrics_sitenote_category":0,"footnotes":""},"_links":{"self":[{"href":"https:\/\/globalpacta.com\/ca\/wp-json\/wp\/v2\/pages\/22314"}],"collection":[{"href":"https:\/\/globalpacta.com\/ca\/wp-json\/wp\/v2\/pages"}],"about":[{"href":"https:\/\/globalpacta.com\/ca\/wp-json\/wp\/v2\/types\/page"}],"author":[{"embeddable":true,"href":"https:\/\/globalpacta.com\/ca\/wp-json\/wp\/v2\/users\/3"}],"replies":[{"embeddable":true,"href":"https:\/\/globalpacta.com\/ca\/wp-json\/wp\/v2\/comments?post=22314"}],"version-history":[{"count":6,"href":"https:\/\/globalpacta.com\/ca\/wp-json\/wp\/v2\/pages\/22314\/revisions"}],"predecessor-version":[{"id":22454,"href":"https:\/\/globalpacta.com\/ca\/wp-json\/wp\/v2\/pages\/22314\/revisions\/22454"}],"up":[{"embeddable":true,"href":"https:\/\/globalpacta.com\/ca\/wp-json\/wp\/v2\/pages\/7208"}],"wp:attachment":[{"href":"https:\/\/globalpacta.com\/ca\/wp-json\/wp\/v2\/media?parent=22314"}],"curies":[{"name":"wp","href":"https:\/\/api.w.org\/{rel}","templated":true}]}}