{"id":22811,"date":"2024-05-28T08:58:06","date_gmt":"2024-05-28T08:58:06","guid":{"rendered":"https:\/\/globalpacta.com\/?page_id=22811"},"modified":"2024-05-28T09:15:44","modified_gmt":"2024-05-28T09:15:44","slug":"tenciano-alvarez","status":"publish","type":"page","link":"https:\/\/globalpacta.com\/ca\/equipo-2-2\/tenciano-alvarez\/","title":{"rendered":"TERENCIANO ALVAREZ"},"content":{"rendered":"<div class=\"fusion-fullwidth fullwidth-box fusion-builder-row-1 gp-single-team nonhundred-percent-fullwidth non-hundred-percent-height-scrolling\" style=\"--awb-background-position:left top;--awb-border-sizes-top:0px;--awb-border-sizes-bottom:0px;--awb-border-sizes-left:0px;--awb-border-sizes-right:0px;--awb-border-radius-top-left:0px;--awb-border-radius-top-right:0px;--awb-border-radius-bottom-right:0px;--awb-border-radius-bottom-left:0px;--awb-padding-top:20px;--awb-padding-bottom:20px;--awb-flex-wrap:wrap;\" ><div class=\"fusion-builder-row fusion-row\"><div class=\"fusion-layout-column fusion_builder_column fusion-builder-column-0 fusion_builder_column_1_2 1_2 fusion-one-half fusion-column-first\" style=\"--awb-bg-size:cover;width:48%; margin-right: 4%;\"><div class=\"fusion-column-wrapper fusion-flex-column-wrapper-legacy\"><div class=\"fusion-image-element fusion-image-align-right in-legacy-container\" style=\"text-align:right;--awb-caption-title-font-family:var(--h2_typography-font-family);--awb-caption-title-font-weight:var(--h2_typography-font-weight);--awb-caption-title-font-style:var(--h2_typography-font-style);--awb-caption-title-size:var(--h2_typography-font-size);--awb-caption-title-transform:var(--h2_typography-text-transform);--awb-caption-title-line-height:var(--h2_typography-line-height);--awb-caption-title-letter-spacing:var(--h2_typography-letter-spacing);\"><span class=\" fusion-imageframe imageframe-none imageframe-1 hover-type-none\" style=\"margin-left:25px;float:right;\"><img decoding=\"async\" width=\"2253\" height=\"2231\" title=\"fotoTerenciano\" src=\"https:\/\/globalpacta.com\/wp-content\/uploads\/2024\/05\/fotoTerenciano.jpg\" alt class=\"img-responsive wp-image-22826\"\/><\/span><\/div><div class=\"fusion-clearfix\"><\/div><\/div><\/div><div class=\"fusion-layout-column fusion_builder_column fusion-builder-column-1 fusion_builder_column_1_2 1_2 fusion-one-half fusion-column-last\" style=\"--awb-bg-size:cover;width:48%;\"><div class=\"fusion-column-wrapper fusion-flex-column-wrapper-legacy\"><div class=\"fusion-text fusion-text-1\"><p><strong>Advocat<\/strong><\/p>\n<p>Advocat especialista en Her\u00e8ncies, Dret Tributari i Registral, amb 24 anys d&#8217;experi\u00e8ncia com Oficial del Registre de la Propietat, responsable d&#8217;una Oficina Liquidadora de Districte Hipotecari radicada a Catalunya, enquadrada a l&#8217;Ag\u00e8ncia Tribut\u00e0ria de Catalunya.<\/p>\n<p>Des del 2013 exerceix per compte propi assessorant particulars, empreses, professionals del sector immobiliari, aix\u00ed com a altres companys, advocats i assessors, que requereixen dels seus coneixements especialitzats en operacions immobili\u00e0ries o registrals complexes, her\u00e8ncies, impostos sobre successions i donacions i sobre ITP i AJD.<\/p>\n<p>Aix\u00ed mateix, t\u00e9 un gran coneixement dels procediments tributaris i de les vies d&#8217;impugnaci\u00f3 de qualsevol impost en tots els \u00e0mbits i administracions.<\/p>\n<p>\u00c9s membre de l&#8217;Il\u00b7lustre Col\u00b7legi de l&#8217;Advocacia de Barcelona des del 1995.<\/p>\n<p><strong>Formaci\u00f3 acad\u00e8mica<\/strong><\/p>\n<p>\u2013 Llicenciatura en Dret per la Universitat Complutense de Madrid.<\/p>\n<p><strong>Idiomes<\/strong><\/p>\n<p>Espanyol, catal\u00e0 i angl\u00e8s.<\/p>\n<\/div><div class=\"fusion-clearfix\"><\/div><\/div><\/div><\/div><\/div>\n","protected":false},"excerpt":{"rendered":"","protected":false},"author":3,"featured_media":0,"parent":7208,"menu_order":0,"comment_status":"open","ping_status":"closed","template":"","meta":{"_exactmetrics_skip_tracking":false,"_exactmetrics_sitenote_active":false,"_exactmetrics_sitenote_note":"","_exactmetrics_sitenote_category":0,"footnotes":""},"_links":{"self":[{"href":"https:\/\/globalpacta.com\/ca\/wp-json\/wp\/v2\/pages\/22811"}],"collection":[{"href":"https:\/\/globalpacta.com\/ca\/wp-json\/wp\/v2\/pages"}],"about":[{"href":"https:\/\/globalpacta.com\/ca\/wp-json\/wp\/v2\/types\/page"}],"author":[{"embeddable":true,"href":"https:\/\/globalpacta.com\/ca\/wp-json\/wp\/v2\/users\/3"}],"replies":[{"embeddable":true,"href":"https:\/\/globalpacta.com\/ca\/wp-json\/wp\/v2\/comments?post=22811"}],"version-history":[{"count":4,"href":"https:\/\/globalpacta.com\/ca\/wp-json\/wp\/v2\/pages\/22811\/revisions"}],"predecessor-version":[{"id":22836,"href":"https:\/\/globalpacta.com\/ca\/wp-json\/wp\/v2\/pages\/22811\/revisions\/22836"}],"up":[{"embeddable":true,"href":"https:\/\/globalpacta.com\/ca\/wp-json\/wp\/v2\/pages\/7208"}],"wp:attachment":[{"href":"https:\/\/globalpacta.com\/ca\/wp-json\/wp\/v2\/media?parent=22811"}],"curies":[{"name":"wp","href":"https:\/\/api.w.org\/{rel}","templated":true}]}}