{"id":2921,"date":"2016-10-13T17:17:34","date_gmt":"2016-10-13T17:17:34","guid":{"rendered":"https:\/\/globalpacta.com\/rsc\/"},"modified":"2017-12-27T15:24:56","modified_gmt":"2017-12-27T15:24:56","slug":"rsc","status":"publish","type":"page","link":"https:\/\/globalpacta.com\/ca\/rsc\/","title":{"rendered":"RSC"},"content":{"rendered":"<p><div class=\"fusion-fullwidth fullwidth-box fusion-builder-row-1 nonhundred-percent-fullwidth non-hundred-percent-height-scrolling\" style=\"--awb-background-position:left top;--awb-border-radius-top-left:0px;--awb-border-radius-top-right:0px;--awb-border-radius-bottom-right:0px;--awb-border-radius-bottom-left:0px;--awb-padding-top:50px;--awb-padding-bottom:100px;--awb-border-sizes-top:0px;--awb-border-sizes-bottom:0px;--awb-flex-wrap:wrap;\" ><div class=\"fusion-builder-row fusion-row\"><div class=\"fusion-layout-column fusion_builder_column fusion-builder-column-0 fusion_builder_column_1_1 1_1 fusion-one-full fusion-column-first fusion-column-last green-border rounded-border\" style=\"--awb-padding-top:40px;--awb-padding-right:60px;--awb-padding-bottom:20px;--awb-padding-left:60px;--awb-bg-color:#ffffff;--awb-bg-color-hover:#ffffff;--awb-bg-size:cover;--awb-border-color:#e2e2e2;--awb-border-top:1px;--awb-border-right:1px;--awb-border-bottom:1px;--awb-border-left:1px;--awb-border-style:solid;\"><div class=\"fusion-column-wrapper fusion-flex-column-wrapper-legacy\"><div class=\"fusion-text fusion-text-1\"><p><strong>RESPONSABILITAT SOCIAL CORPORATIVA (RSC)<\/strong><\/p>\n<p>Les empreses amb responsabilitat social corporativa (RSC) es regeixen per uns arguments \u00e8tics i culturals en qu\u00e8 estan implicats tant els seus socis com el seu personal i contribueixen de manera activa i volunt\u00e0ria a la millora social, econ\u00f2mica i ambiental de la societat.<\/p>\n<p>Els objectius que persegueix globalpacta amb la implementaci\u00f3 de l&#8217;RSC s\u00f3n informar i formar les persones en les seves relacions jur\u00eddiques i oferir solucions preventives davant de situacions de risc. D&#8217;aquesta manera, se sensibilitza i orienta en q\u00fcestions ordin\u00e0ries amb incid\u00e8ncia jur\u00eddica. A m\u00e9s a m\u00e9s, globalpacta acosta el dret a les persones que no tenen coneixements tecnicojur\u00eddics, ja que explica el contingut i les conseq\u00fc\u00e8ncies pr\u00e0ctiques de les lleis.<\/p>\n<p>Avui dia, globalpacta concreta l&#8217;RSC organitzant i oferint confer\u00e8ncies divulgatives sobre els aspectes pr\u00e0ctics del dret en la vida quotidiana, adre\u00e7ades a les fam\u00edlies i sol\u00b7licitades per les AMPA dels centres d&#8217;ensenyament.<\/p>\n<\/div><div class=\"fusion-clearfix\"><\/div><\/div><\/div><\/div><\/div><div class=\"fusion-fullwidth fullwidth-box fusion-builder-row-2 hundred-percent-fullwidth non-hundred-percent-height-scrolling\" style=\"--awb-border-radius-top-left:0px;--awb-border-radius-top-right:0px;--awb-border-radius-bottom-right:0px;--awb-border-radius-bottom-left:0px;--awb-overflow:visible;--awb-padding-right:30px;--awb-padding-left:30px;--awb-flex-wrap:wrap;\" ><div class=\"fusion-builder-row fusion-row\"><div class=\"fusion-layout-column fusion_builder_column fusion-builder-column-1 fusion_builder_column_1_1 1_1 fusion-one-full fusion-column-first fusion-column-last fusion-column-no-min-height\" style=\"--awb-bg-size:cover;--awb-margin-bottom:0px;\"><div class=\"fusion-column-wrapper fusion-flex-column-wrapper-legacy\"><div class=\"fusion-text fusion-text-2\"><\/div><div class=\"fusion-clearfix\"><\/div><\/div><\/div><\/div><\/div><\/p>\n","protected":false},"excerpt":{"rendered":"","protected":false},"author":3,"featured_media":0,"parent":0,"menu_order":0,"comment_status":"closed","ping_status":"open","template":"100-width.php","meta":{"_exactmetrics_skip_tracking":false,"_exactmetrics_sitenote_active":false,"_exactmetrics_sitenote_note":"","_exactmetrics_sitenote_category":0,"footnotes":""},"_links":{"self":[{"href":"https:\/\/globalpacta.com\/ca\/wp-json\/wp\/v2\/pages\/2921"}],"collection":[{"href":"https:\/\/globalpacta.com\/ca\/wp-json\/wp\/v2\/pages"}],"about":[{"href":"https:\/\/globalpacta.com\/ca\/wp-json\/wp\/v2\/types\/page"}],"author":[{"embeddable":true,"href":"https:\/\/globalpacta.com\/ca\/wp-json\/wp\/v2\/users\/3"}],"replies":[{"embeddable":true,"href":"https:\/\/globalpacta.com\/ca\/wp-json\/wp\/v2\/comments?post=2921"}],"version-history":[{"count":2,"href":"https:\/\/globalpacta.com\/ca\/wp-json\/wp\/v2\/pages\/2921\/revisions"}],"predecessor-version":[{"id":6931,"href":"https:\/\/globalpacta.com\/ca\/wp-json\/wp\/v2\/pages\/2921\/revisions\/6931"}],"wp:attachment":[{"href":"https:\/\/globalpacta.com\/ca\/wp-json\/wp\/v2\/media?parent=2921"}],"curies":[{"name":"wp","href":"https:\/\/api.w.org\/{rel}","templated":true}]}}