{"id":2927,"date":"2016-09-08T15:52:06","date_gmt":"2016-09-08T15:52:06","guid":{"rendered":"https:\/\/globalpacta.com\/roberto-martinez\/"},"modified":"2024-05-24T12:23:12","modified_gmt":"2024-05-24T12:23:12","slug":"roberto-martinez","status":"publish","type":"page","link":"https:\/\/globalpacta.com\/ca\/equipo-2-2\/roberto-martinez\/","title":{"rendered":"ROBERTO MART\u00cdNEZ"},"content":{"rendered":"<div class=\"fusion-fullwidth fullwidth-box fusion-builder-row-1 gp-single-team nonhundred-percent-fullwidth non-hundred-percent-height-scrolling\" style=\"--awb-background-position:left top;--awb-border-radius-top-left:0px;--awb-border-radius-top-right:0px;--awb-border-radius-bottom-right:0px;--awb-border-radius-bottom-left:0px;--awb-padding-top:20px;--awb-padding-bottom:20px;--awb-border-sizes-top:0px;--awb-border-sizes-bottom:0px;--awb-flex-wrap:wrap;\" ><div class=\"fusion-builder-row fusion-row\"><div class=\"fusion-layout-column fusion_builder_column fusion-builder-column-0 fusion_builder_column_1_2 1_2 fusion-one-half fusion-column-first\" style=\"--awb-bg-size:cover;width:48%; margin-right: 4%;\"><div class=\"fusion-column-wrapper fusion-flex-column-wrapper-legacy\"><div class=\"fusion-image-element fusion-image-align-right in-legacy-container\" style=\"text-align:right;--awb-caption-title-font-family:var(--h2_typography-font-family);--awb-caption-title-font-weight:var(--h2_typography-font-weight);--awb-caption-title-font-style:var(--h2_typography-font-style);--awb-caption-title-size:var(--h2_typography-font-size);--awb-caption-title-transform:var(--h2_typography-text-transform);--awb-caption-title-line-height:var(--h2_typography-line-height);--awb-caption-title-letter-spacing:var(--h2_typography-letter-spacing);\"><span class=\" fusion-imageframe imageframe-none imageframe-1 hover-type-none\" style=\"margin-left:25px;float:right;\"><img decoding=\"async\" width=\"427\" height=\"427\" title=\"Roberto-Martinez\" src=\"https:\/\/globalpacta.com\/wp-content\/uploads\/2016\/09\/Roberto-Martinez.jpeg\" alt class=\"img-responsive wp-image-5170\" srcset=\"https:\/\/globalpacta.com\/wp-content\/uploads\/2016\/09\/Roberto-Martinez-200x200.jpeg 200w, https:\/\/globalpacta.com\/wp-content\/uploads\/2016\/09\/Roberto-Martinez-400x400.jpeg 400w, https:\/\/globalpacta.com\/wp-content\/uploads\/2016\/09\/Roberto-Martinez.jpeg 427w\" sizes=\"(max-width: 800px) 100vw, 427px\" \/><\/span><\/div><div class=\"fusion-clearfix\"><\/div><\/div><\/div><div class=\"fusion-layout-column fusion_builder_column fusion-builder-column-1 fusion_builder_column_1_2 1_2 fusion-one-half fusion-column-last\" style=\"--awb-bg-size:cover;width:48%;\"><div class=\"fusion-column-wrapper fusion-flex-column-wrapper-legacy\"><div class=\"fusion-text fusion-text-1\"><p><strong>Advocat.\u00a0<\/strong><strong>Soci fundador<\/strong><\/p>\n<p>Roberto Mart\u00ednez, advocat, \u00e9s soci fundador de globalpacta.<\/p>\n<p>T\u00e9 una \u00e0mplia experi\u00e8ncia en dret mercantil. Fa m\u00e9s de 15 anys que presta assessoria en mat\u00e8ria societ\u00e0ria i contractual a empreses nacionals i internacionals. A m\u00e9s a m\u00e9s, participa en \u00f2rgans consultius de diverses companyies. Roberto tamb\u00e9 t\u00e9 una \u00e0mplia experi\u00e8ncia professional en la defensa dels interessos dels clients davant els tribunals. En especial, durant la seva traject\u00f2ria professional, ha assessorat i representat diverses promotores immobili\u00e0ries i empreses del sector alimentari, tant espanyoles com estrangeres, davant els tribunals.<\/p>\n<p>\u00c9s membre del II\u00b7lustre Col\u00b7legi de l&#8217;Advocacia de Barcelona des del 1996.<\/p>\n<p><strong>Formaci\u00f3 acad\u00e8mica<\/strong><\/p>\n<p>\u2013 Llicenciatura en Dret per la Universitat de Lleida.<br \/>\n\u2013 Estudi en Relacions Internacionals. Centre d\u2019Estudis Internacionals. Universitat de Barcelona. Ministeri d&#8217;Afers Exteriors. 1996-2000.<br \/>\n\u2013 Diplomat en Dret del Medi Ambient. ICAB. 2001.<br \/>\n\u2013 Diplomatura en Dret Processal. ICAB. 2001.<br \/>\n\u2013 DEA en Dret. C\u00e0tedra de Dret Mercantil. Universitat de Barcelona. 2009.<\/p>\n<p><strong>Activitat docent<\/strong><\/p>\n<p>\u2013 Professor col\u00b7laborador (2000-2005) del M\u00e0ster en Dret de l&#8217;ISDE. Pr\u00e0cticum de Dret Processal.<br \/>\n\u2013 Professor col\u00b7laborador a la Universitat de Barcelona. Dret Mercantil (2009).<br \/>\n\u2013 Professor col\u00b7laborador a la UIC de Barcelona. M\u00e0ster de Dret. Contractaci\u00f3 mercantil (des de 2018).<\/p>\n<p><strong>Publicacions<\/strong><\/p>\n<p>\u2013 Derecho Procesal Mercantil. Volumen 01. Derecho Societario. Worker inteligente, coautor.<br \/>\n\u2013 Derecho Procesal Mercantil. Volumen 02. Derecho Contractual. Worker inteligente, coautor.<\/p>\n<p><strong>Idiomes<\/strong><\/p>\n<p>Espanyol, catal\u00e0, angl\u00e8s i franc\u00e8s.<\/p>\n<\/div><div class=\"fusion-clearfix\"><\/div><\/div><\/div><\/div><\/div>\n","protected":false},"excerpt":{"rendered":"","protected":false},"author":3,"featured_media":0,"parent":7208,"menu_order":0,"comment_status":"open","ping_status":"open","template":"","meta":{"_exactmetrics_skip_tracking":false,"_exactmetrics_sitenote_active":false,"_exactmetrics_sitenote_note":"","_exactmetrics_sitenote_category":0,"footnotes":""},"_links":{"self":[{"href":"https:\/\/globalpacta.com\/ca\/wp-json\/wp\/v2\/pages\/2927"}],"collection":[{"href":"https:\/\/globalpacta.com\/ca\/wp-json\/wp\/v2\/pages"}],"about":[{"href":"https:\/\/globalpacta.com\/ca\/wp-json\/wp\/v2\/types\/page"}],"author":[{"embeddable":true,"href":"https:\/\/globalpacta.com\/ca\/wp-json\/wp\/v2\/users\/3"}],"replies":[{"embeddable":true,"href":"https:\/\/globalpacta.com\/ca\/wp-json\/wp\/v2\/comments?post=2927"}],"version-history":[{"count":10,"href":"https:\/\/globalpacta.com\/ca\/wp-json\/wp\/v2\/pages\/2927\/revisions"}],"predecessor-version":[{"id":22768,"href":"https:\/\/globalpacta.com\/ca\/wp-json\/wp\/v2\/pages\/2927\/revisions\/22768"}],"up":[{"embeddable":true,"href":"https:\/\/globalpacta.com\/ca\/wp-json\/wp\/v2\/pages\/7208"}],"wp:attachment":[{"href":"https:\/\/globalpacta.com\/ca\/wp-json\/wp\/v2\/media?parent=2927"}],"curies":[{"name":"wp","href":"https:\/\/api.w.org\/{rel}","templated":true}]}}