{"id":2933,"date":"2017-11-07T16:16:58","date_gmt":"2017-11-07T16:16:58","guid":{"rendered":"https:\/\/globalpacta.com\/?page_id=2933"},"modified":"2024-05-24T12:24:30","modified_gmt":"2024-05-24T12:24:30","slug":"juan-carlos-pique-hernandez","status":"publish","type":"page","link":"https:\/\/globalpacta.com\/ca\/equipo-2-2\/juan-carlos-pique-hernandez\/","title":{"rendered":"JUAN-CARLOS PIQU\u00c9 HERN\u00c1NDEZ"},"content":{"rendered":"<div class=\"fusion-fullwidth fullwidth-box fusion-builder-row-1 gp-single-team nonhundred-percent-fullwidth non-hundred-percent-height-scrolling\" style=\"--awb-background-position:left top;--awb-border-radius-top-left:0px;--awb-border-radius-top-right:0px;--awb-border-radius-bottom-right:0px;--awb-border-radius-bottom-left:0px;--awb-padding-top:20px;--awb-padding-bottom:20px;--awb-border-sizes-top:0px;--awb-border-sizes-bottom:0px;--awb-flex-wrap:wrap;\" ><div class=\"fusion-builder-row fusion-row\"><div class=\"fusion-layout-column fusion_builder_column fusion-builder-column-0 fusion_builder_column_1_2 1_2 fusion-one-half fusion-column-first\" style=\"--awb-bg-size:cover;width:48%; margin-right: 4%;\"><div class=\"fusion-column-wrapper fusion-flex-column-wrapper-legacy\"><div class=\"fusion-image-element fusion-image-align-right in-legacy-container\" style=\"text-align:right;--awb-caption-title-font-family:var(--h2_typography-font-family);--awb-caption-title-font-weight:var(--h2_typography-font-weight);--awb-caption-title-font-style:var(--h2_typography-font-style);--awb-caption-title-size:var(--h2_typography-font-size);--awb-caption-title-transform:var(--h2_typography-text-transform);--awb-caption-title-line-height:var(--h2_typography-line-height);--awb-caption-title-letter-spacing:var(--h2_typography-letter-spacing);\"><span class=\" fusion-imageframe imageframe-none imageframe-1 hover-type-none\" style=\"margin-left:25px;float:right;\"><img decoding=\"async\" width=\"427\" height=\"427\" title=\"Juan-carlos-Pique\" src=\"https:\/\/globalpacta.com\/wp-content\/uploads\/2015\/02\/Juan-carlos-Pique.jpeg\" alt class=\"img-responsive wp-image-5176\" srcset=\"https:\/\/globalpacta.com\/wp-content\/uploads\/2015\/02\/Juan-carlos-Pique-200x200.jpeg 200w, https:\/\/globalpacta.com\/wp-content\/uploads\/2015\/02\/Juan-carlos-Pique-400x400.jpeg 400w, https:\/\/globalpacta.com\/wp-content\/uploads\/2015\/02\/Juan-carlos-Pique.jpeg 427w\" sizes=\"(max-width: 800px) 100vw, 427px\" \/><\/span><\/div><div class=\"fusion-clearfix\"><\/div><\/div><\/div><div class=\"fusion-layout-column fusion_builder_column fusion-builder-column-1 fusion_builder_column_1_2 1_2 fusion-one-half fusion-column-last\" style=\"--awb-bg-size:cover;width:48%;\"><div class=\"fusion-column-wrapper fusion-flex-column-wrapper-legacy\"><div class=\"fusion-text fusion-text-1\"><p><strong>Advocat.\u00a0<\/strong><strong>Soci fundador<\/strong><\/p>\n<p>Juan-Carlos Piqu\u00e9, advocat, \u00e9s soci fundador de globalpacta.<\/p>\n<p>Amb m\u00e9s de 30 anys d&#8217;experi\u00e8ncia, interv\u00e9 en l&#8217;\u00e0mbit d&#8217;assessorament mercantil, contractual i societari, i en les \u00e0rees de compliance i de dret penal.<\/p>\n<p>\u00c9s membre del II\u00b7lustre Col\u00b7legi de l&#8217;Advocacia de Barcelona des del 1984.<\/p>\n<p><strong>Formaci\u00f3 acad\u00e8mica<\/strong><\/p>\n<p>\u2013 Llicenciatura en Dret per la Universitat de Barcelona.<\/p>\n<p><strong>Activitat docent<\/strong><\/p>\n<p>\u2013 Professor associat del Departament d&#8217;Organitzaci\u00f3 d&#8217;Empreses, de l&#8217;Escola Polit\u00e8cnica Superior d\u2019Edificaci\u00f3 de Barcelona i de la Universitat Polit\u00e8cnica de Catalunya.<\/p>\n<p><strong>Publicacions<\/strong><\/p>\n<p>\u2013 Derecho Procesal Mercantil. Volumen 01. Derecho Societario. Worker inteligente, coautor.<br \/>\n\u2013 Derecho Procesal Mercantil. Volumen 02. Derecho Contractual. Worker inteligente, coautor.<br \/>\n\u2013\u00a0<em>\u201cInstrucci\u00f3n de 10 de diciembre de 1999 de la Direcci\u00f3n General de los Registros y del Notariado, sobre obligaciones de los Notarios y Registradores de la Propiedad y Mercantiles en materia de prevenci\u00f3n del blanqueo de capitales\u201d;<\/em>\u00a0coautor, article publicat en la revista Economist &amp; Jurist.<br \/>\n\u2013\u00a0<em>\u201cLa firma electr\u00f3nica.\u00a0<\/em><em>La \u00faltima revoluci\u00f3n en el mundo del derecho\u201d;<\/em>\u00a0coautor, article publicat en la revista Economist &amp; Jurist.<br \/>\n\u2013<em>\u00a0\u201cLas principales caracter\u00edsticas de la nueva Ley sobre Sociedades Laborales\u201d;<\/em>\u00a0article publicat en la revista Economist &amp; Jurist.<br \/>\n\u2013<em>\u00a0\u201cEl Nuevo C\u00f3digo Penal\u201d.<\/em>\u00a0(delitos societarios); col\u00b7laboraci\u00f3, treball col\u00b7lectiu; article publicat en la revista Economist &amp; Jurist.<\/p>\n<p><strong>Idiomes<\/strong><\/p>\n<p>Espanyol, catal\u00e0 i angl\u00e8s.<\/p>\n<\/div><div class=\"fusion-clearfix\"><\/div><\/div><\/div><\/div><\/div>\n","protected":false},"excerpt":{"rendered":"","protected":false},"author":3,"featured_media":0,"parent":7208,"menu_order":0,"comment_status":"open","ping_status":"open","template":"","meta":{"_exactmetrics_skip_tracking":false,"_exactmetrics_sitenote_active":false,"_exactmetrics_sitenote_note":"","_exactmetrics_sitenote_category":0,"footnotes":""},"_links":{"self":[{"href":"https:\/\/globalpacta.com\/ca\/wp-json\/wp\/v2\/pages\/2933"}],"collection":[{"href":"https:\/\/globalpacta.com\/ca\/wp-json\/wp\/v2\/pages"}],"about":[{"href":"https:\/\/globalpacta.com\/ca\/wp-json\/wp\/v2\/types\/page"}],"author":[{"embeddable":true,"href":"https:\/\/globalpacta.com\/ca\/wp-json\/wp\/v2\/users\/3"}],"replies":[{"embeddable":true,"href":"https:\/\/globalpacta.com\/ca\/wp-json\/wp\/v2\/comments?post=2933"}],"version-history":[{"count":5,"href":"https:\/\/globalpacta.com\/ca\/wp-json\/wp\/v2\/pages\/2933\/revisions"}],"predecessor-version":[{"id":22769,"href":"https:\/\/globalpacta.com\/ca\/wp-json\/wp\/v2\/pages\/2933\/revisions\/22769"}],"up":[{"embeddable":true,"href":"https:\/\/globalpacta.com\/ca\/wp-json\/wp\/v2\/pages\/7208"}],"wp:attachment":[{"href":"https:\/\/globalpacta.com\/ca\/wp-json\/wp\/v2\/media?parent=2933"}],"curies":[{"name":"wp","href":"https:\/\/api.w.org\/{rel}","templated":true}]}}