{"id":2935,"date":"2016-09-29T15:34:59","date_gmt":"2016-09-29T15:34:59","guid":{"rendered":"https:\/\/globalpacta.com\/antonio-agustin\/"},"modified":"2022-03-28T15:47:04","modified_gmt":"2022-03-28T15:47:04","slug":"antonio-agustin","status":"publish","type":"page","link":"https:\/\/globalpacta.com\/ca\/equipo-2-2\/antonio-agustin\/","title":{"rendered":"ANTONIO AGUST\u00cdN"},"content":{"rendered":"<div class=\"fusion-fullwidth fullwidth-box fusion-builder-row-1 gp-single-team nonhundred-percent-fullwidth non-hundred-percent-height-scrolling\" style=\"--awb-background-position:left top;--awb-border-sizes-top:0px;--awb-border-sizes-bottom:0px;--awb-border-sizes-left:0px;--awb-border-sizes-right:0px;--awb-border-radius-top-left:0px;--awb-border-radius-top-right:0px;--awb-border-radius-bottom-right:0px;--awb-border-radius-bottom-left:0px;--awb-padding-top:20px;--awb-padding-bottom:20px;--awb-flex-wrap:wrap;\" ><div class=\"fusion-builder-row fusion-row\"><div class=\"fusion-layout-column fusion_builder_column fusion-builder-column-0 fusion_builder_column_1_2 1_2 fusion-one-half fusion-column-first\" style=\"--awb-bg-size:cover;width:48%; margin-right: 4%;\"><div class=\"fusion-column-wrapper fusion-flex-column-wrapper-legacy\"><div class=\"fusion-image-element fusion-image-align-right in-legacy-container\" style=\"text-align:right;--awb-caption-title-font-family:var(--h2_typography-font-family);--awb-caption-title-font-weight:var(--h2_typography-font-weight);--awb-caption-title-font-style:var(--h2_typography-font-style);--awb-caption-title-size:var(--h2_typography-font-size);--awb-caption-title-transform:var(--h2_typography-text-transform);--awb-caption-title-line-height:var(--h2_typography-line-height);--awb-caption-title-letter-spacing:var(--h2_typography-letter-spacing);\"><span class=\" fusion-imageframe imageframe-none imageframe-1 hover-type-none\" style=\"margin-left:25px;float:right;\"><img decoding=\"async\" width=\"427\" height=\"427\" title=\"Antonio-Agustin\" src=\"https:\/\/globalpacta.com\/wp-content\/uploads\/2015\/02\/Antonio-Agusti\u0301n-e1481647319604.jpeg\" alt class=\"img-responsive wp-image-5182\"\/><\/span><\/div><div class=\"fusion-clearfix\"><\/div><\/div><\/div><div class=\"fusion-layout-column fusion_builder_column fusion-builder-column-1 fusion_builder_column_1_2 1_2 fusion-one-half fusion-column-last\" style=\"--awb-bg-size:cover;width:48%;\"><div class=\"fusion-column-wrapper fusion-flex-column-wrapper-legacy\"><div class=\"fusion-text fusion-text-1\"><p><strong>Consultor estrat\u00e8gic d&#8217;empreses of counsel.<\/strong><\/p>\n<p>Antonio Agust\u00edn \u00e9s expert en distribuci\u00f3 comercial. Amb m\u00e9s de 25 anys d&#8217;experi\u00e8ncia en el sector alimentari al detall i com a conseller d&#8217;empreses de gran consum. Ha fet estudis de consultoria per a grans corporacions i empreses l\u00edders de gran consum centrats en dues \u00e0rees: organitzaci\u00f3 comercial i estrat\u00e8gies de comercialitzaci\u00f3.<\/p>\n<p>Aquest vessant empresarial el compagina amb un de m\u00e9s humanista, ja que interv\u00e9 en el desenvolupament i la promoci\u00f3 d&#8217;activitats culturals i humanit\u00e0ries.<\/p>\n<p>A m\u00e9s a m\u00e9s, \u00e9s columnista i autor de nombrosos llibres i publicacions especialitzats en el sector de la distribuci\u00f3.<\/p>\n<p><strong>Formaci\u00f3 acad\u00e8mica<\/strong><\/p>\n<p>\u2013 Llicenciat en Filosofia i Lletres per la Universitat de Barcelona.<\/p>\n<p>\u2013 M\u00e0ster en Administraci\u00f3 d&#8217;Empreses (IESE).<\/p>\n<p><strong>Idiomes<\/strong><\/p>\n<p>Espanyol, angl\u00e8s i franc\u00e8s.<\/p>\n<\/div><div class=\"fusion-clearfix\"><\/div><\/div><\/div><\/div><\/div>\n","protected":false},"excerpt":{"rendered":"","protected":false},"author":3,"featured_media":0,"parent":7208,"menu_order":0,"comment_status":"open","ping_status":"open","template":"","meta":{"_exactmetrics_skip_tracking":false,"_exactmetrics_sitenote_active":false,"_exactmetrics_sitenote_note":"","_exactmetrics_sitenote_category":0,"footnotes":""},"_links":{"self":[{"href":"https:\/\/globalpacta.com\/ca\/wp-json\/wp\/v2\/pages\/2935"}],"collection":[{"href":"https:\/\/globalpacta.com\/ca\/wp-json\/wp\/v2\/pages"}],"about":[{"href":"https:\/\/globalpacta.com\/ca\/wp-json\/wp\/v2\/types\/page"}],"author":[{"embeddable":true,"href":"https:\/\/globalpacta.com\/ca\/wp-json\/wp\/v2\/users\/3"}],"replies":[{"embeddable":true,"href":"https:\/\/globalpacta.com\/ca\/wp-json\/wp\/v2\/comments?post=2935"}],"version-history":[{"count":7,"href":"https:\/\/globalpacta.com\/ca\/wp-json\/wp\/v2\/pages\/2935\/revisions"}],"predecessor-version":[{"id":18749,"href":"https:\/\/globalpacta.com\/ca\/wp-json\/wp\/v2\/pages\/2935\/revisions\/18749"}],"up":[{"embeddable":true,"href":"https:\/\/globalpacta.com\/ca\/wp-json\/wp\/v2\/pages\/7208"}],"wp:attachment":[{"href":"https:\/\/globalpacta.com\/ca\/wp-json\/wp\/v2\/media?parent=2935"}],"curies":[{"name":"wp","href":"https:\/\/api.w.org\/{rel}","templated":true}]}}