{"id":2939,"date":"2017-11-07T16:20:02","date_gmt":"2017-11-07T16:20:02","guid":{"rendered":"https:\/\/globalpacta.com\/?page_id=2939"},"modified":"2018-03-19T15:16:32","modified_gmt":"2018-03-19T15:16:32","slug":"jacques-clanche","status":"publish","type":"page","link":"https:\/\/globalpacta.com\/ca\/equipo-2-2\/jacques-clanche\/","title":{"rendered":"JACQUES CLANCH\u00c9"},"content":{"rendered":"<div class=\"fusion-fullwidth fullwidth-box fusion-builder-row-1 gp-single-team nonhundred-percent-fullwidth non-hundred-percent-height-scrolling\" style=\"--awb-background-position:left top;--awb-border-radius-top-left:0px;--awb-border-radius-top-right:0px;--awb-border-radius-bottom-right:0px;--awb-border-radius-bottom-left:0px;--awb-padding-top:20px;--awb-padding-bottom:20px;--awb-border-sizes-top:0px;--awb-border-sizes-bottom:0px;--awb-flex-wrap:wrap;\" ><div class=\"fusion-builder-row fusion-row\"><div class=\"fusion-layout-column fusion_builder_column fusion-builder-column-0 fusion_builder_column_1_2 1_2 fusion-one-half fusion-column-first\" style=\"--awb-bg-size:cover;width:48%; margin-right: 4%;\"><div class=\"fusion-column-wrapper fusion-flex-column-wrapper-legacy\"><div class=\"fusion-image-element fusion-image-align-right in-legacy-container\" style=\"text-align:right;--awb-caption-title-font-family:var(--h2_typography-font-family);--awb-caption-title-font-weight:var(--h2_typography-font-weight);--awb-caption-title-font-style:var(--h2_typography-font-style);--awb-caption-title-size:var(--h2_typography-font-size);--awb-caption-title-transform:var(--h2_typography-text-transform);--awb-caption-title-line-height:var(--h2_typography-line-height);--awb-caption-title-letter-spacing:var(--h2_typography-letter-spacing);\"><span class=\" fusion-imageframe imageframe-none imageframe-1 hover-type-none\" style=\"margin-left:25px;float:right;\"><img decoding=\"async\" width=\"427\" height=\"427\" title=\"Jacques-Clanche\" src=\"https:\/\/globalpacta.com\/wp-content\/uploads\/2015\/02\/Jacques-Clanche.jpeg\" alt class=\"img-responsive wp-image-5188\" srcset=\"https:\/\/globalpacta.com\/wp-content\/uploads\/2015\/02\/Jacques-Clanche-200x200.jpeg 200w, https:\/\/globalpacta.com\/wp-content\/uploads\/2015\/02\/Jacques-Clanche-400x400.jpeg 400w, https:\/\/globalpacta.com\/wp-content\/uploads\/2015\/02\/Jacques-Clanche.jpeg 427w\" sizes=\"(max-width: 800px) 100vw, 427px\" \/><\/span><\/div><div class=\"fusion-clearfix\"><\/div><\/div><\/div><div class=\"fusion-layout-column fusion_builder_column fusion-builder-column-1 fusion_builder_column_1_2 1_2 fusion-one-half fusion-column-last\" style=\"--awb-bg-size:cover;width:48%;\"><div class=\"fusion-column-wrapper fusion-flex-column-wrapper-legacy\"><div class=\"fusion-text fusion-text-1\"><p><strong>Advocat franc\u00e8s.\u00a0<\/strong><strong>Associat<\/strong><\/p>\n<p>Jacques Clanch\u00e9 va exercir de notari a Fran\u00e7a del 1974 al 1999. L&#8217;any 2000 va fundar l&#8217;Assessoria jur\u00eddica francoespanyola, actualment French Desk.<\/p>\n<p>Des de l&#8217;inici de la seva traject\u00f2ria professional a Espanya, aprofitant la seva experi\u00e8ncia com notari a Fran\u00e7a, Jacques assessora m\u00faltiples clients en les seves problem\u00e0tiques de successi\u00f3 a Fran\u00e7a i a Espanya, i tamb\u00e9 en la gesti\u00f3 dels seus patrimonis, transaccions patrimonials internacionals o donacions.<\/p>\n<p>Forma part de l&#8217;equip de globalpacta des del 2015.<\/p>\n<p><strong>Formaci\u00f3 acad\u00e8mica<\/strong><\/p>\n<p>\u2013 Facultat de Dret i Escola de Notaris de Par\u00eds.<\/p>\n<p>\u2013 Dret comunitari a la Facultat de Dret de Par\u00eds (1990).<\/p>\n<p>\u2013 Certificat europeu de pr\u00e0ctica de la llengua espanyola de la \u201cInternacional Certificat Conference\u201d (ICC) (1994).<\/p>\n<p><strong>Funci\u00f3 notarial<\/strong><\/p>\n<p>\u2013 Vicepresident secretari de la caixa d&#8217;asseguran\u00e7a de responsabilitat notarial del Consell Notarial dels notaris del Tribunal d&#8217;Apel\u00b7laci\u00f3 de Pau (6 anys).<\/p>\n<p>\u2013 Deg\u00e0 del Col\u00b7legi Notarial de la prov\u00edncia francesa dels Pirineus Atl\u00e0ntics (1987-1989).<\/p>\n<p>\u2013 Membre del Consell Regional dels notaris del Tribunal d&#8217;Apel\u00b7laci\u00f3 de Pau (1990-1994).<\/p>\n<p>\u2013 President de la Uni\u00f3n Notarial Franco Espa\u00f1ola (UNOFE) Arag\u00f3n \u2013 Pa\u00edses de Adour.<\/p>\n<p><strong>Idiomes<\/strong><\/p>\n<p>Castell\u00e0 i franc\u00e8s.<\/p>\n<\/div><div class=\"fusion-clearfix\"><\/div><\/div><\/div><\/div><\/div>\n","protected":false},"excerpt":{"rendered":"","protected":false},"author":3,"featured_media":0,"parent":7208,"menu_order":0,"comment_status":"open","ping_status":"open","template":"","meta":{"_exactmetrics_skip_tracking":false,"_exactmetrics_sitenote_active":false,"_exactmetrics_sitenote_note":"","_exactmetrics_sitenote_category":0,"footnotes":""},"_links":{"self":[{"href":"https:\/\/globalpacta.com\/ca\/wp-json\/wp\/v2\/pages\/2939"}],"collection":[{"href":"https:\/\/globalpacta.com\/ca\/wp-json\/wp\/v2\/pages"}],"about":[{"href":"https:\/\/globalpacta.com\/ca\/wp-json\/wp\/v2\/types\/page"}],"author":[{"embeddable":true,"href":"https:\/\/globalpacta.com\/ca\/wp-json\/wp\/v2\/users\/3"}],"replies":[{"embeddable":true,"href":"https:\/\/globalpacta.com\/ca\/wp-json\/wp\/v2\/comments?post=2939"}],"version-history":[{"count":3,"href":"https:\/\/globalpacta.com\/ca\/wp-json\/wp\/v2\/pages\/2939\/revisions"}],"predecessor-version":[{"id":9276,"href":"https:\/\/globalpacta.com\/ca\/wp-json\/wp\/v2\/pages\/2939\/revisions\/9276"}],"up":[{"embeddable":true,"href":"https:\/\/globalpacta.com\/ca\/wp-json\/wp\/v2\/pages\/7208"}],"wp:attachment":[{"href":"https:\/\/globalpacta.com\/ca\/wp-json\/wp\/v2\/media?parent=2939"}],"curies":[{"name":"wp","href":"https:\/\/api.w.org\/{rel}","templated":true}]}}