{"id":2943,"date":"2017-11-07T16:21:41","date_gmt":"2017-11-07T16:21:41","guid":{"rendered":"https:\/\/globalpacta.com\/?page_id=2943"},"modified":"2018-03-01T11:49:28","modified_gmt":"2018-03-01T11:49:28","slug":"carlos-martinez","status":"publish","type":"page","link":"https:\/\/globalpacta.com\/ca\/equipo-2-2\/carlos-martinez\/","title":{"rendered":"CARLOS MART\u00cdNEZ"},"content":{"rendered":"<div class=\"fusion-fullwidth fullwidth-box fusion-builder-row-1 gp-single-team nonhundred-percent-fullwidth non-hundred-percent-height-scrolling\" style=\"--awb-background-position:left top;--awb-border-radius-top-left:0px;--awb-border-radius-top-right:0px;--awb-border-radius-bottom-right:0px;--awb-border-radius-bottom-left:0px;--awb-padding-top:20px;--awb-padding-bottom:20px;--awb-border-sizes-top:0px;--awb-border-sizes-bottom:0px;--awb-flex-wrap:wrap;\" ><div class=\"fusion-builder-row fusion-row\"><div class=\"fusion-layout-column fusion_builder_column fusion-builder-column-0 fusion_builder_column_1_2 1_2 fusion-one-half fusion-column-first\" style=\"--awb-bg-size:cover;width:48%; margin-right: 4%;\"><div class=\"fusion-column-wrapper fusion-flex-column-wrapper-legacy\"><div class=\"fusion-image-element fusion-image-align-right in-legacy-container\" style=\"text-align:right;--awb-caption-title-font-family:var(--h2_typography-font-family);--awb-caption-title-font-weight:var(--h2_typography-font-weight);--awb-caption-title-font-style:var(--h2_typography-font-style);--awb-caption-title-size:var(--h2_typography-font-size);--awb-caption-title-transform:var(--h2_typography-text-transform);--awb-caption-title-line-height:var(--h2_typography-line-height);--awb-caption-title-letter-spacing:var(--h2_typography-letter-spacing);\"><span class=\" fusion-imageframe imageframe-none imageframe-1 hover-type-none\" style=\"margin-left:25px;float:right;\"><img decoding=\"async\" width=\"427\" height=\"427\" title=\"Carlos-Martinez\" src=\"https:\/\/globalpacta.com\/wp-content\/uploads\/2015\/02\/Carlos-Martinez.jpeg\" alt class=\"img-responsive wp-image-5200\" srcset=\"https:\/\/globalpacta.com\/wp-content\/uploads\/2015\/02\/Carlos-Martinez-200x200.jpeg 200w, https:\/\/globalpacta.com\/wp-content\/uploads\/2015\/02\/Carlos-Martinez-400x400.jpeg 400w, https:\/\/globalpacta.com\/wp-content\/uploads\/2015\/02\/Carlos-Martinez.jpeg 427w\" sizes=\"(max-width: 800px) 100vw, 427px\" \/><\/span><\/div><div class=\"fusion-clearfix\"><\/div><\/div><\/div><div class=\"fusion-layout-column fusion_builder_column fusion-builder-column-1 fusion_builder_column_1_2 1_2 fusion-one-half fusion-column-last\" style=\"--awb-bg-size:cover;width:48%;\"><div class=\"fusion-column-wrapper fusion-flex-column-wrapper-legacy\"><div class=\"fusion-text fusion-text-1\"><p><strong>Fiscalista.\u00a0<\/strong><strong>Associat<\/strong><\/p>\n<p>Carlos Mart\u00ednez \u00e9s especialista des de fa 35 anys en l&#8217;assessorament fiscal i comptable de pimes i de persones f\u00edsiques en els seus diversos vessants. \u00c9s l&#8217;encarregat de la fiscalitat nacional, internacional, matrimonial i de successions. A m\u00e9s a m\u00e9s, \u00e9s el responsable de l&#8217;assessorament financer i fiscal (planificaci\u00f3 al voltant de la gesti\u00f3 financera i les seves implicacions fiscals), i tamb\u00e9 de l&#8217;assessorament comptable (aplicaci\u00f3 del Pla General de Comptabilitat i normativa de l&#8217;ICAC).<\/p>\n<p>\u00c9s membre de l&#8217;Asociaci\u00f3n Centro de Estudios Financieros.<\/p>\n<p>Forma part de l&#8217;equip de globalpacta des del 2011.<\/p>\n<p><strong>Formaci\u00f3 acad\u00e8mica<\/strong><\/p>\n<p>\u2013 Cursat estudis en Ci\u00e8ncies Empresarials (Universitat de Barcelona).<br \/>\n\u2013 M\u00e0ster en Assessoria Fiscal i Dret Tributari (MAF) al Centre d&#8217;Estudis Financers (CEF).<\/p>\n<p><strong>Idiomes<\/strong><\/p>\n<p>Castell\u00e0 i catal\u00e0.<\/p>\n<\/div><div class=\"fusion-clearfix\"><\/div><\/div><\/div><\/div><\/div>\n","protected":false},"excerpt":{"rendered":"","protected":false},"author":3,"featured_media":0,"parent":7208,"menu_order":0,"comment_status":"open","ping_status":"open","template":"","meta":{"_exactmetrics_skip_tracking":false,"_exactmetrics_sitenote_active":false,"_exactmetrics_sitenote_note":"","_exactmetrics_sitenote_category":0,"footnotes":""},"_links":{"self":[{"href":"https:\/\/globalpacta.com\/ca\/wp-json\/wp\/v2\/pages\/2943"}],"collection":[{"href":"https:\/\/globalpacta.com\/ca\/wp-json\/wp\/v2\/pages"}],"about":[{"href":"https:\/\/globalpacta.com\/ca\/wp-json\/wp\/v2\/types\/page"}],"author":[{"embeddable":true,"href":"https:\/\/globalpacta.com\/ca\/wp-json\/wp\/v2\/users\/3"}],"replies":[{"embeddable":true,"href":"https:\/\/globalpacta.com\/ca\/wp-json\/wp\/v2\/comments?post=2943"}],"version-history":[{"count":2,"href":"https:\/\/globalpacta.com\/ca\/wp-json\/wp\/v2\/pages\/2943\/revisions"}],"predecessor-version":[{"id":8303,"href":"https:\/\/globalpacta.com\/ca\/wp-json\/wp\/v2\/pages\/2943\/revisions\/8303"}],"up":[{"embeddable":true,"href":"https:\/\/globalpacta.com\/ca\/wp-json\/wp\/v2\/pages\/7208"}],"wp:attachment":[{"href":"https:\/\/globalpacta.com\/ca\/wp-json\/wp\/v2\/media?parent=2943"}],"curies":[{"name":"wp","href":"https:\/\/api.w.org\/{rel}","templated":true}]}}