{"id":2945,"date":"2017-11-07T16:22:17","date_gmt":"2017-11-07T16:22:17","guid":{"rendered":"https:\/\/globalpacta.com\/?page_id=2945"},"modified":"2018-03-19T15:12:34","modified_gmt":"2018-03-19T15:12:34","slug":"gina-plantos","status":"publish","type":"page","link":"https:\/\/globalpacta.com\/ca\/equipo-2-2\/gina-plantos\/","title":{"rendered":"GINA PLANTOS"},"content":{"rendered":"<div class=\"fusion-fullwidth fullwidth-box fusion-builder-row-1 gp-single-team nonhundred-percent-fullwidth non-hundred-percent-height-scrolling\" style=\"--awb-background-position:left top;--awb-border-radius-top-left:0px;--awb-border-radius-top-right:0px;--awb-border-radius-bottom-right:0px;--awb-border-radius-bottom-left:0px;--awb-padding-top:20px;--awb-padding-bottom:20px;--awb-border-sizes-top:0px;--awb-border-sizes-bottom:0px;--awb-flex-wrap:wrap;\" ><div class=\"fusion-builder-row fusion-row\"><div class=\"fusion-layout-column fusion_builder_column fusion-builder-column-0 fusion_builder_column_1_2 1_2 fusion-one-half fusion-column-first\" style=\"--awb-bg-size:cover;width:48%; margin-right: 4%;\"><div class=\"fusion-column-wrapper fusion-flex-column-wrapper-legacy\"><div class=\"fusion-image-element fusion-image-align-right in-legacy-container\" style=\"text-align:right;--awb-caption-title-font-family:var(--h2_typography-font-family);--awb-caption-title-font-weight:var(--h2_typography-font-weight);--awb-caption-title-font-style:var(--h2_typography-font-style);--awb-caption-title-size:var(--h2_typography-font-size);--awb-caption-title-transform:var(--h2_typography-text-transform);--awb-caption-title-line-height:var(--h2_typography-line-height);--awb-caption-title-letter-spacing:var(--h2_typography-letter-spacing);\"><span class=\" fusion-imageframe imageframe-none imageframe-1 hover-type-none\" style=\"margin-left:25px;float:right;\"><img decoding=\"async\" width=\"427\" height=\"427\" title=\"Gina Plantos\" src=\"https:\/\/globalpacta.com\/wp-content\/uploads\/2017\/01\/Gina-Plantos.jpg\" alt class=\"img-responsive wp-image-4972\" srcset=\"https:\/\/globalpacta.com\/wp-content\/uploads\/2017\/01\/Gina-Plantos-200x200.jpg 200w, https:\/\/globalpacta.com\/wp-content\/uploads\/2017\/01\/Gina-Plantos-400x400.jpg 400w, https:\/\/globalpacta.com\/wp-content\/uploads\/2017\/01\/Gina-Plantos.jpg 427w\" sizes=\"(max-width: 800px) 100vw, 427px\" \/><\/span><\/div><div class=\"fusion-clearfix\"><\/div><\/div><\/div><div class=\"fusion-layout-column fusion_builder_column fusion-builder-column-1 fusion_builder_column_1_2 1_2 fusion-one-half fusion-column-last\" style=\"--awb-bg-size:cover;width:48%;\"><div class=\"fusion-column-wrapper fusion-flex-column-wrapper-legacy\"><div class=\"fusion-text fusion-text-1\"><p><strong>Economista<\/strong><\/p>\n<p>Gina Plantos \u00e9s la nostra s\u00f2cia a Romania. \u00c9s llicenciada en Economia i t\u00e9 una \u00e0mplia experi\u00e8ncia en organitzaci\u00f3, gesti\u00f3 i desenvolupament en el sector privat com a comptable i directora econ\u00f2mica. Des de l&#8217;any 2006 \u00e9s la gerent d&#8217;SC Odyn Consulting, empresa dedicada a oferir serveis comptables i financers.<\/p>\n<p>\u00c9s membre de Globalpacta des del 2016.<\/p>\n<p><strong>Formaci\u00f3 acad\u00e8mica<\/strong><\/p>\n<p>\u2013 Llicenciada en Economia per la Universitat George Bacovia de Bacau.<\/p>\n<p>\u2013 Diploma en Comptabilitat Estad\u00edstica pel Lyc\u00e9e Emil Botta.<\/p>\n<p>\u2013 Diploma d&#8217;experta en comptabilitat i censora pel CECCAR Bacau.<\/p>\n<p><strong>Idiomes<\/strong><\/p>\n<p>Roman\u00e8s, angl\u00e8s i franc\u00e8s.<\/p>\n<\/div><div class=\"fusion-clearfix\"><\/div><\/div><\/div><\/div><\/div>\n","protected":false},"excerpt":{"rendered":"","protected":false},"author":3,"featured_media":0,"parent":7208,"menu_order":0,"comment_status":"open","ping_status":"open","template":"","meta":{"_exactmetrics_skip_tracking":false,"_exactmetrics_sitenote_active":false,"_exactmetrics_sitenote_note":"","_exactmetrics_sitenote_category":0,"footnotes":""},"_links":{"self":[{"href":"https:\/\/globalpacta.com\/ca\/wp-json\/wp\/v2\/pages\/2945"}],"collection":[{"href":"https:\/\/globalpacta.com\/ca\/wp-json\/wp\/v2\/pages"}],"about":[{"href":"https:\/\/globalpacta.com\/ca\/wp-json\/wp\/v2\/types\/page"}],"author":[{"embeddable":true,"href":"https:\/\/globalpacta.com\/ca\/wp-json\/wp\/v2\/users\/3"}],"replies":[{"embeddable":true,"href":"https:\/\/globalpacta.com\/ca\/wp-json\/wp\/v2\/comments?post=2945"}],"version-history":[{"count":3,"href":"https:\/\/globalpacta.com\/ca\/wp-json\/wp\/v2\/pages\/2945\/revisions"}],"predecessor-version":[{"id":9270,"href":"https:\/\/globalpacta.com\/ca\/wp-json\/wp\/v2\/pages\/2945\/revisions\/9270"}],"up":[{"embeddable":true,"href":"https:\/\/globalpacta.com\/ca\/wp-json\/wp\/v2\/pages\/7208"}],"wp:attachment":[{"href":"https:\/\/globalpacta.com\/ca\/wp-json\/wp\/v2\/media?parent=2945"}],"curies":[{"name":"wp","href":"https:\/\/api.w.org\/{rel}","templated":true}]}}