{"id":2947,"date":"2017-11-07T16:26:09","date_gmt":"2017-11-07T16:26:09","guid":{"rendered":"https:\/\/globalpacta.com\/?page_id=2947"},"modified":"2022-03-28T15:48:17","modified_gmt":"2022-03-28T15:48:17","slug":"javier-rueda","status":"publish","type":"page","link":"https:\/\/globalpacta.com\/ca\/equipo-2-2\/javier-rueda\/","title":{"rendered":"JAVIER RUEDA"},"content":{"rendered":"<div class=\"fusion-fullwidth fullwidth-box fusion-builder-row-1 gp-single-team nonhundred-percent-fullwidth non-hundred-percent-height-scrolling\" style=\"--awb-background-position:left top;--awb-border-sizes-top:0px;--awb-border-sizes-bottom:0px;--awb-border-sizes-left:0px;--awb-border-sizes-right:0px;--awb-border-radius-top-left:0px;--awb-border-radius-top-right:0px;--awb-border-radius-bottom-right:0px;--awb-border-radius-bottom-left:0px;--awb-padding-top:20px;--awb-padding-bottom:20px;--awb-flex-wrap:wrap;\" ><div class=\"fusion-builder-row fusion-row\"><div class=\"fusion-layout-column fusion_builder_column fusion-builder-column-0 fusion_builder_column_1_2 1_2 fusion-one-half fusion-column-first\" style=\"--awb-bg-size:cover;width:48%; margin-right: 4%;\"><div class=\"fusion-column-wrapper fusion-flex-column-wrapper-legacy\"><div class=\"fusion-image-element fusion-image-align-right in-legacy-container\" style=\"text-align:right;--awb-caption-title-font-family:var(--h2_typography-font-family);--awb-caption-title-font-weight:var(--h2_typography-font-weight);--awb-caption-title-font-style:var(--h2_typography-font-style);--awb-caption-title-size:var(--h2_typography-font-size);--awb-caption-title-transform:var(--h2_typography-text-transform);--awb-caption-title-line-height:var(--h2_typography-line-height);--awb-caption-title-letter-spacing:var(--h2_typography-letter-spacing);\"><span class=\" fusion-imageframe imageframe-none imageframe-1 hover-type-none\" style=\"margin-left:25px;float:right;\"><img decoding=\"async\" width=\"427\" height=\"427\" title=\"Javier Rueda\" src=\"https:\/\/globalpacta.com\/wp-content\/uploads\/2015\/02\/Javier-Rueda-e1481647302131.jpeg\" alt class=\"img-responsive wp-image-4588\" srcset=\"https:\/\/globalpacta.com\/wp-content\/uploads\/2015\/02\/Javier-Rueda-e1481647302131-200x200.jpeg 200w, https:\/\/globalpacta.com\/wp-content\/uploads\/2015\/02\/Javier-Rueda-e1481647302131-400x400.jpeg 400w, https:\/\/globalpacta.com\/wp-content\/uploads\/2015\/02\/Javier-Rueda-e1481647302131.jpeg 427w\" sizes=\"(max-width: 800px) 100vw, 427px\" \/><\/span><\/div><div class=\"fusion-clearfix\"><\/div><\/div><\/div><div class=\"fusion-layout-column fusion_builder_column fusion-builder-column-1 fusion_builder_column_1_2 1_2 fusion-one-half fusion-column-last\" style=\"--awb-bg-size:cover;width:48%;\"><div class=\"fusion-column-wrapper fusion-flex-column-wrapper-legacy\"><div class=\"fusion-text fusion-text-1\"><p><strong>Consultor estrat\u00e8gic d&#8217;empreses de counsel.<\/strong><\/p>\n<p>Javier Rueda ha desenvolupat la seva carrera en el m\u00f3n de la venda al detall en empreses l\u00edders tant a Espanya com a altres pa\u00efsos. T\u00e9 una \u00e0mplia experi\u00e8ncia en l&#8217;\u00e0rea d&#8217;operacions, vendes, gesti\u00f3 d&#8217;equips, cadena de subministrament, franqu\u00edcia, expansi\u00f3 nacional i internacional, i direcci\u00f3 general. Tot plegat, li ha proporcionat un coneixement profund dels diversos formats existents \u2014com ara hipermercats, supermercats, botigues de descompte i autoserveis a l&#8217;engr\u00f2s\u2014 i dels diferents models d&#8217;explotaci\u00f3, incloent-hi la franqu\u00edcia.<\/p>\n<p>Actualment \u00e9s soci\/fundador de Pickdpack, empresa dedicada als embalatges de productes d&#8217;alimentaci\u00f3 especialitzada en el sector de la restauraci\u00f3, a m\u00e9s de consultor de vendes al detall, FMCG, distribuci\u00f3 i hostaleria, i secretari general del Food Service Institute.<\/p>\n<p>Forma part de l&#8217;equip de globalpacta des de 2016.<\/p>\n<p><strong>Formaci\u00f3 acad\u00e8mica<\/strong><\/p>\n<p>\u2013 Llicenciat en Ci\u00e8ncies Econ\u00f2miques per la Universitat Aut\u00f2noma de Madrid.<\/p>\n<p>\u2013 M\u00e0ster en Administraci\u00f3 d&#8217;Empreses (MBA) per l&#8217;IESE de la Universitat de Navarra.<\/p>\n<p><strong>Idiomes<\/strong><\/p>\n<p>Castell\u00e0, angl\u00e8s, franc\u00e8s i grec.<\/p>\n<\/div><div class=\"fusion-clearfix\"><\/div><\/div><\/div><\/div><\/div>\n","protected":false},"excerpt":{"rendered":"","protected":false},"author":3,"featured_media":0,"parent":7208,"menu_order":0,"comment_status":"open","ping_status":"open","template":"","meta":{"_exactmetrics_skip_tracking":false,"_exactmetrics_sitenote_active":false,"_exactmetrics_sitenote_note":"","_exactmetrics_sitenote_category":0,"footnotes":""},"_links":{"self":[{"href":"https:\/\/globalpacta.com\/ca\/wp-json\/wp\/v2\/pages\/2947"}],"collection":[{"href":"https:\/\/globalpacta.com\/ca\/wp-json\/wp\/v2\/pages"}],"about":[{"href":"https:\/\/globalpacta.com\/ca\/wp-json\/wp\/v2\/types\/page"}],"author":[{"embeddable":true,"href":"https:\/\/globalpacta.com\/ca\/wp-json\/wp\/v2\/users\/3"}],"replies":[{"embeddable":true,"href":"https:\/\/globalpacta.com\/ca\/wp-json\/wp\/v2\/comments?post=2947"}],"version-history":[{"count":7,"href":"https:\/\/globalpacta.com\/ca\/wp-json\/wp\/v2\/pages\/2947\/revisions"}],"predecessor-version":[{"id":18755,"href":"https:\/\/globalpacta.com\/ca\/wp-json\/wp\/v2\/pages\/2947\/revisions\/18755"}],"up":[{"embeddable":true,"href":"https:\/\/globalpacta.com\/ca\/wp-json\/wp\/v2\/pages\/7208"}],"wp:attachment":[{"href":"https:\/\/globalpacta.com\/ca\/wp-json\/wp\/v2\/media?parent=2947"}],"curies":[{"name":"wp","href":"https:\/\/api.w.org\/{rel}","templated":true}]}}