{"id":2965,"date":"2017-11-07T16:35:05","date_gmt":"2017-11-07T16:35:05","guid":{"rendered":"https:\/\/globalpacta.com\/?page_id=2965"},"modified":"2020-01-13T08:28:52","modified_gmt":"2020-01-13T08:28:52","slug":"jorge-gutierrez","status":"publish","type":"page","link":"https:\/\/globalpacta.com\/ca\/equipo-2-2\/jorge-gutierrez\/","title":{"rendered":"JORGE GUTI\u00c9RREZ"},"content":{"rendered":"<div class=\"fusion-fullwidth fullwidth-box fusion-builder-row-1 gp-single-team nonhundred-percent-fullwidth non-hundred-percent-height-scrolling\" style=\"--awb-background-position:left top;--awb-border-radius-top-left:0px;--awb-border-radius-top-right:0px;--awb-border-radius-bottom-right:0px;--awb-border-radius-bottom-left:0px;--awb-padding-top:20px;--awb-padding-bottom:20px;--awb-border-sizes-top:0px;--awb-border-sizes-bottom:0px;--awb-flex-wrap:wrap;\" ><div class=\"fusion-builder-row fusion-row\"><div class=\"fusion-layout-column fusion_builder_column fusion-builder-column-0 fusion_builder_column_1_2 1_2 fusion-one-half fusion-column-first\" style=\"--awb-bg-size:cover;width:48%; margin-right: 4%;\"><div class=\"fusion-column-wrapper fusion-flex-column-wrapper-legacy\"><div class=\"fusion-image-element fusion-image-align-right in-legacy-container\" style=\"text-align:right;--awb-caption-title-font-family:var(--h2_typography-font-family);--awb-caption-title-font-weight:var(--h2_typography-font-weight);--awb-caption-title-font-style:var(--h2_typography-font-style);--awb-caption-title-size:var(--h2_typography-font-size);--awb-caption-title-transform:var(--h2_typography-text-transform);--awb-caption-title-line-height:var(--h2_typography-line-height);--awb-caption-title-letter-spacing:var(--h2_typography-letter-spacing);\"><span class=\" fusion-imageframe imageframe-none imageframe-1 hover-type-none\" style=\"margin-left:25px;float:right;\"><img decoding=\"async\" width=\"427\" height=\"427\" title=\"Jorge-Gutierrez\" src=\"https:\/\/globalpacta.com\/wp-content\/uploads\/2015\/02\/Jorge-Gutie\u0301rrez-e1481647492943.jpeg\" alt class=\"img-responsive wp-image-5218\"\/><\/span><\/div><div class=\"fusion-clearfix\"><\/div><\/div><\/div><div class=\"fusion-layout-column fusion_builder_column fusion-builder-column-1 fusion_builder_column_1_2 1_2 fusion-one-half fusion-column-last\" style=\"--awb-bg-size:cover;width:48%;\"><div class=\"fusion-column-wrapper fusion-flex-column-wrapper-legacy\"><div class=\"fusion-text fusion-text-1\"><p><strong>Advocat.\u00a0<\/strong><strong>Associat<\/strong><\/p>\n<p>Jorge Guti\u00e9rrez \u00e9s responsable de l&#8217;\u00c0rea de Protecci\u00f3 de Dades i Seguretat Jur\u00eddica a Internet.<\/p>\n<p>En els \u00faltims anys s&#8217;ha especialitzat en el dret relacionat amb les noves tecnologies i la protecci\u00f3 de dades; ha assessorat i implantat protocols de seguretat i compliment normatiu en desenes d&#8217;empreses. Tamb\u00e9 t\u00e9 el certificat de capacitaci\u00f3 com a delegat de protecci\u00f3 de dades, figura que preveu el nou Reglament de protecci\u00f3 de dades de la UE per a empreses p\u00fabliques i privades.<\/p>\n<p>Ha desenvolupat bona part de la seva carrera dins l&#8217;empresa privada, la qual cosa li aporta un coneixement molt directe del funcionament, dels reptes i de la problem\u00e0tica a la qual s&#8217;enfronten les pimes en la conjuntura actual.<\/p>\n<p>A m\u00e9s a m\u00e9s, coordina l&#8217;activitat de globalpacta al Brasil. Jorge porta 20 anys vinculat professionalment i personalment a aquest pa\u00eds, on ha residit durant llargues temporades i hi ha desenvolupat diversos projectes professionals. Tot aix\u00f2 li ha aportat un coneixement molt extens del m\u00f3n empresarial i legal del pa\u00eds.<\/p>\n<p>\u00c9s membre de l&#8217;Il\u00b7lustre Col\u00b7legi d\u2019Advocats de Barcelona.<\/p>\n<p>Forma part de l&#8217;equip de globalpacta des del maig del 2013.<\/p>\n<p><strong>Formaci\u00f3 acad\u00e8mica<\/strong><\/p>\n<p>\u2013 Llicenciat en Dret per la Universitat de Barcelona (1993).<br \/>\n\u2013 M\u00e0ster en Administraci\u00f3 d&#8217;Empreses (MBA). Universitat de Barcelona, Universitat Aut\u00f2noma de Catalunya i Universitat Polit\u00e8cnica de Catalunya.<br \/>\n\u2013 International Law Certificate. London Business School.<br \/>\n\u2013 International Trade Certificate. London Business School.<br \/>\n\u2013 Curs de Pr\u00e0ctica Processal Civil. ICAB.<br \/>\n\u2013 Curs d&#8217;especialitzaci\u00f3 en Protecci\u00f3 de Dades de Car\u00e0cter Personal. ICAB.<br \/>\n\u2013 Curs d&#8217;especialitzaci\u00f3 en Dret dels Consumidors en la Contractaci\u00f3 Electr\u00f2nica. ICAB.<br \/>\n\u2013 Curs de Controller Officer. Wolter Kluwers.<br \/>\n-Curs de Controller Officer. ICAB.<br \/>\n-Certificaci\u00f3 com a Data Protection Officer.<\/p>\n<p>&nbsp;<\/p>\n<p><strong>Idiomes<\/strong><\/p>\n<p>Espanyol, Catal\u00e0, Angl\u00e8s i Portugu\u00e8s.<\/p>\n<\/div><div class=\"fusion-clearfix\"><\/div><\/div><\/div><\/div><\/div>\n","protected":false},"excerpt":{"rendered":"","protected":false},"author":3,"featured_media":0,"parent":7208,"menu_order":0,"comment_status":"open","ping_status":"open","template":"","meta":{"_exactmetrics_skip_tracking":false,"_exactmetrics_sitenote_active":false,"_exactmetrics_sitenote_note":"","_exactmetrics_sitenote_category":0,"footnotes":""},"_links":{"self":[{"href":"https:\/\/globalpacta.com\/ca\/wp-json\/wp\/v2\/pages\/2965"}],"collection":[{"href":"https:\/\/globalpacta.com\/ca\/wp-json\/wp\/v2\/pages"}],"about":[{"href":"https:\/\/globalpacta.com\/ca\/wp-json\/wp\/v2\/types\/page"}],"author":[{"embeddable":true,"href":"https:\/\/globalpacta.com\/ca\/wp-json\/wp\/v2\/users\/3"}],"replies":[{"embeddable":true,"href":"https:\/\/globalpacta.com\/ca\/wp-json\/wp\/v2\/comments?post=2965"}],"version-history":[{"count":4,"href":"https:\/\/globalpacta.com\/ca\/wp-json\/wp\/v2\/pages\/2965\/revisions"}],"predecessor-version":[{"id":14099,"href":"https:\/\/globalpacta.com\/ca\/wp-json\/wp\/v2\/pages\/2965\/revisions\/14099"}],"up":[{"embeddable":true,"href":"https:\/\/globalpacta.com\/ca\/wp-json\/wp\/v2\/pages\/7208"}],"wp:attachment":[{"href":"https:\/\/globalpacta.com\/ca\/wp-json\/wp\/v2\/media?parent=2965"}],"curies":[{"name":"wp","href":"https:\/\/api.w.org\/{rel}","templated":true}]}}