{"id":2967,"date":"2017-11-07T16:36:08","date_gmt":"2017-11-07T16:36:08","guid":{"rendered":"https:\/\/globalpacta.com\/?page_id=2967"},"modified":"2018-03-01T11:51:55","modified_gmt":"2018-03-01T11:51:55","slug":"samuel-jimenez","status":"publish","type":"page","link":"https:\/\/globalpacta.com\/ca\/equipo-2-2\/samuel-jimenez\/","title":{"rendered":"SAMUEL JIM\u00c9NEZ"},"content":{"rendered":"<div class=\"fusion-fullwidth fullwidth-box fusion-builder-row-1 gp-single-team nonhundred-percent-fullwidth non-hundred-percent-height-scrolling\" style=\"--awb-background-position:left top;--awb-border-radius-top-left:0px;--awb-border-radius-top-right:0px;--awb-border-radius-bottom-right:0px;--awb-border-radius-bottom-left:0px;--awb-padding-top:20px;--awb-padding-bottom:20px;--awb-border-sizes-top:0px;--awb-border-sizes-bottom:0px;--awb-flex-wrap:wrap;\" ><div class=\"fusion-builder-row fusion-row\"><div class=\"fusion-layout-column fusion_builder_column fusion-builder-column-0 fusion_builder_column_1_2 1_2 fusion-one-half fusion-column-first\" style=\"--awb-bg-size:cover;width:48%; margin-right: 4%;\"><div class=\"fusion-column-wrapper fusion-flex-column-wrapper-legacy\"><div class=\"fusion-image-element fusion-image-align-right in-legacy-container\" style=\"text-align:right;--awb-caption-title-font-family:var(--h2_typography-font-family);--awb-caption-title-font-weight:var(--h2_typography-font-weight);--awb-caption-title-font-style:var(--h2_typography-font-style);--awb-caption-title-size:var(--h2_typography-font-size);--awb-caption-title-transform:var(--h2_typography-text-transform);--awb-caption-title-line-height:var(--h2_typography-line-height);--awb-caption-title-letter-spacing:var(--h2_typography-letter-spacing);\"><span class=\" fusion-imageframe imageframe-none imageframe-1 hover-type-none\" style=\"margin-left:25px;float:right;\"><img decoding=\"async\" width=\"427\" height=\"427\" title=\"Samuel-Jimenez\" src=\"https:\/\/globalpacta.com\/wp-content\/uploads\/2015\/02\/Samuel-Jimenez.jpeg\" alt class=\"img-responsive wp-image-5224\" srcset=\"https:\/\/globalpacta.com\/wp-content\/uploads\/2015\/02\/Samuel-Jimenez-200x200.jpeg 200w, https:\/\/globalpacta.com\/wp-content\/uploads\/2015\/02\/Samuel-Jimenez-400x400.jpeg 400w, https:\/\/globalpacta.com\/wp-content\/uploads\/2015\/02\/Samuel-Jimenez.jpeg 427w\" sizes=\"(max-width: 800px) 100vw, 427px\" \/><\/span><\/div><div class=\"fusion-clearfix\"><\/div><\/div><\/div><div class=\"fusion-layout-column fusion_builder_column fusion-builder-column-1 fusion_builder_column_1_2 1_2 fusion-one-half fusion-column-last\" style=\"--awb-bg-size:cover;width:48%;\"><div class=\"fusion-column-wrapper fusion-flex-column-wrapper-legacy\"><div class=\"fusion-text fusion-text-1\"><p><strong>Economista.\u00a0<\/strong><strong>Associat<\/strong><\/p>\n<p>Samuel Jim\u00e9nez assessora en temes relacionats amb l&#8217;aspecte econ\u00f2mic i de control de gesti\u00f3 de les empreses. T\u00e9 una \u00e0mplia experi\u00e8ncia en el camp de l&#8217;an\u00e0lisi econ\u00f2mica, pressupost\u00e0ria i d&#8217;elaboraci\u00f3 d&#8217;indicadors i de quadres de comandament per a l&#8217;optimitzaci\u00f3 de la presa de decisions per part de ger\u00e8ncia. Aix\u00ed mateix, col\u00b7labora en temes comptables i fiscals de fundacions i associacions.<\/p>\n<p>\u00c9s membre del Col\u00b7legi d\u2019Economistes de Catalunya.<\/p>\n<p>Forma part de l&#8217;equip de globalpacta des de 2016.<\/p>\n<p><strong>Formaci\u00f3 acad\u00e8mica<\/strong><\/p>\n<p>\u2013 Llicenciatura en Econ\u00f2miques per la UNED.<\/p>\n<p>-Curs de Direcci\u00f3 i Gesti\u00f3 de Pimes per l&#8217;EAE (2004-2005).<\/p>\n<p>-Postgrau en Direcci\u00f3 Comptable i de Control de Gesti\u00f3 per la Universitat Pompeu Fabra (2010-2011).<\/p>\n<p>-Curs de perfeccionament de controlador pel CEF (2014).<\/p>\n<p><strong>Activitat docent<\/strong><\/p>\n<ul>\n<li>Professor en l&#8217;\u00c0rea Comptable del Gremi d&#8217;Instal\u00b7ladors del Baix Llobregat.<\/li>\n<\/ul>\n<p><strong>Idiomes<\/strong><strong><br \/>\n<\/strong>Castell\u00e0, Catal\u00e0 i Angl\u00e8s.<\/p>\n<\/div><div class=\"fusion-clearfix\"><\/div><\/div><\/div><\/div><\/div>\n","protected":false},"excerpt":{"rendered":"","protected":false},"author":3,"featured_media":0,"parent":7208,"menu_order":0,"comment_status":"open","ping_status":"open","template":"","meta":{"_exactmetrics_skip_tracking":false,"_exactmetrics_sitenote_active":false,"_exactmetrics_sitenote_note":"","_exactmetrics_sitenote_category":0,"footnotes":""},"_links":{"self":[{"href":"https:\/\/globalpacta.com\/ca\/wp-json\/wp\/v2\/pages\/2967"}],"collection":[{"href":"https:\/\/globalpacta.com\/ca\/wp-json\/wp\/v2\/pages"}],"about":[{"href":"https:\/\/globalpacta.com\/ca\/wp-json\/wp\/v2\/types\/page"}],"author":[{"embeddable":true,"href":"https:\/\/globalpacta.com\/ca\/wp-json\/wp\/v2\/users\/3"}],"replies":[{"embeddable":true,"href":"https:\/\/globalpacta.com\/ca\/wp-json\/wp\/v2\/comments?post=2967"}],"version-history":[{"count":2,"href":"https:\/\/globalpacta.com\/ca\/wp-json\/wp\/v2\/pages\/2967\/revisions"}],"predecessor-version":[{"id":8318,"href":"https:\/\/globalpacta.com\/ca\/wp-json\/wp\/v2\/pages\/2967\/revisions\/8318"}],"up":[{"embeddable":true,"href":"https:\/\/globalpacta.com\/ca\/wp-json\/wp\/v2\/pages\/7208"}],"wp:attachment":[{"href":"https:\/\/globalpacta.com\/ca\/wp-json\/wp\/v2\/media?parent=2967"}],"curies":[{"name":"wp","href":"https:\/\/api.w.org\/{rel}","templated":true}]}}