{"id":2975,"date":"2017-11-07T16:39:37","date_gmt":"2017-11-07T16:39:37","guid":{"rendered":"https:\/\/globalpacta.com\/?page_id=2975"},"modified":"2018-03-15T17:47:45","modified_gmt":"2018-03-15T17:47:45","slug":"carine-roger","status":"publish","type":"page","link":"https:\/\/globalpacta.com\/ca\/equipo-2-2\/carine-roger\/","title":{"rendered":"CARINE ROGER"},"content":{"rendered":"<div class=\"fusion-fullwidth fullwidth-box fusion-builder-row-1 gp-single-team nonhundred-percent-fullwidth non-hundred-percent-height-scrolling\" style=\"--awb-background-position:left top;--awb-border-radius-top-left:0px;--awb-border-radius-top-right:0px;--awb-border-radius-bottom-right:0px;--awb-border-radius-bottom-left:0px;--awb-padding-top:20px;--awb-padding-bottom:20px;--awb-border-sizes-top:0px;--awb-border-sizes-bottom:0px;--awb-flex-wrap:wrap;\" ><div class=\"fusion-builder-row fusion-row\"><div class=\"fusion-layout-column fusion_builder_column fusion-builder-column-0 fusion_builder_column_1_2 1_2 fusion-one-half fusion-column-first\" style=\"--awb-bg-size:cover;width:48%; margin-right: 4%;\"><div class=\"fusion-column-wrapper fusion-flex-column-wrapper-legacy\"><div class=\"fusion-image-element fusion-image-align-right in-legacy-container\" style=\"text-align:right;--awb-caption-title-font-family:var(--h2_typography-font-family);--awb-caption-title-font-weight:var(--h2_typography-font-weight);--awb-caption-title-font-style:var(--h2_typography-font-style);--awb-caption-title-size:var(--h2_typography-font-size);--awb-caption-title-transform:var(--h2_typography-text-transform);--awb-caption-title-line-height:var(--h2_typography-line-height);--awb-caption-title-letter-spacing:var(--h2_typography-letter-spacing);\"><span class=\" fusion-imageframe imageframe-none imageframe-1 hover-type-none\" style=\"margin-left:25px;float:right;\"><img decoding=\"async\" width=\"427\" height=\"427\" title=\"Carine Roger\" src=\"https:\/\/globalpacta.com\/wp-content\/uploads\/2017\/01\/Carine-Roger.jpg\" alt class=\"img-responsive wp-image-4966\" srcset=\"https:\/\/globalpacta.com\/wp-content\/uploads\/2017\/01\/Carine-Roger-200x200.jpg 200w, https:\/\/globalpacta.com\/wp-content\/uploads\/2017\/01\/Carine-Roger-400x400.jpg 400w, https:\/\/globalpacta.com\/wp-content\/uploads\/2017\/01\/Carine-Roger.jpg 427w\" sizes=\"(max-width: 800px) 100vw, 427px\" \/><\/span><\/div><div class=\"fusion-clearfix\"><\/div><\/div><\/div><div class=\"fusion-layout-column fusion_builder_column fusion-builder-column-1 fusion_builder_column_1_2 1_2 fusion-one-half fusion-column-last\" style=\"--awb-bg-size:cover;width:48%;\"><div class=\"fusion-column-wrapper fusion-flex-column-wrapper-legacy\"><div class=\"fusion-text fusion-text-1\"><p><strong>Advocada<\/strong><\/p>\n<p>Carine Roger forma part del nostre equip a l&#8217;oficina de Marsella. Durant la seva traject\u00f2ria professional ha exercit com a advocada en diverses \u00e0rees del dret, com ara el dret mercantil, dret p\u00fablic, dret immobiliari i de responsabilitat civil, dret bancari i propietat intel\u00b7lectual.<\/p>\n<p>Aix\u00ed mateix, tamb\u00e9 ha exercit en l&#8217;Administraci\u00f3 p\u00fablica com a assessora del president i del director general de la Cambra de Comer\u00e7 i Ind\u00fastria de la regi\u00f3 d\u2019Arles en mat\u00e8ria jur\u00eddica i en la gesti\u00f3 de projectes. Des del 2008 tamb\u00e9 \u00e9s regidora de districte de la ciutat de Marsella com a delegada d&#8217;Urbanisme i Transports.<\/p>\n<p><strong>Formaci\u00f3 acad\u00e8mica<\/strong><\/p>\n<p>\u2013 Diploma d&#8217;Estudis Aplicats (DEA) de Dret Mercantil per la Universitat d\u2019Aix-Marseille.<\/p>\n<p>\u2013 Diploma d&#8217;Estudis Superiors Especialitzats (DESE) en Dret de Negoci i Dret de la Construcci\u00f3 i de l&#8217;Urbanisme per la Universitat d\u2019Aix-Marseille.<\/p>\n<p>\u2013 Diploma d&#8217;Estudis Superiors Especialitzats (DESE) en Dret de l&#8217;Urbanisme, la Construcci\u00f3 i la Planificaci\u00f3 al Centre d&#8217;Estudis Jur\u00eddics d&#8217;Urbanisme de la Universitat d\u2019Aix-Marseille.<\/p>\n<p><strong>Idiomes<\/strong><\/p>\n<p>Franc\u00e8s, Castell\u00e0 i Angl\u00e8s.<\/p>\n<\/div><div class=\"fusion-clearfix\"><\/div><\/div><\/div><\/div><\/div>\n","protected":false},"excerpt":{"rendered":"","protected":false},"author":3,"featured_media":0,"parent":7208,"menu_order":0,"comment_status":"open","ping_status":"open","template":"","meta":{"_exactmetrics_skip_tracking":false,"_exactmetrics_sitenote_active":false,"_exactmetrics_sitenote_note":"","_exactmetrics_sitenote_category":0,"footnotes":""},"_links":{"self":[{"href":"https:\/\/globalpacta.com\/ca\/wp-json\/wp\/v2\/pages\/2975"}],"collection":[{"href":"https:\/\/globalpacta.com\/ca\/wp-json\/wp\/v2\/pages"}],"about":[{"href":"https:\/\/globalpacta.com\/ca\/wp-json\/wp\/v2\/types\/page"}],"author":[{"embeddable":true,"href":"https:\/\/globalpacta.com\/ca\/wp-json\/wp\/v2\/users\/3"}],"replies":[{"embeddable":true,"href":"https:\/\/globalpacta.com\/ca\/wp-json\/wp\/v2\/comments?post=2975"}],"version-history":[{"count":3,"href":"https:\/\/globalpacta.com\/ca\/wp-json\/wp\/v2\/pages\/2975\/revisions"}],"predecessor-version":[{"id":9118,"href":"https:\/\/globalpacta.com\/ca\/wp-json\/wp\/v2\/pages\/2975\/revisions\/9118"}],"up":[{"embeddable":true,"href":"https:\/\/globalpacta.com\/ca\/wp-json\/wp\/v2\/pages\/7208"}],"wp:attachment":[{"href":"https:\/\/globalpacta.com\/ca\/wp-json\/wp\/v2\/media?parent=2975"}],"curies":[{"name":"wp","href":"https:\/\/api.w.org\/{rel}","templated":true}]}}