{"id":2977,"date":"2017-11-07T16:40:39","date_gmt":"2017-11-07T16:40:39","guid":{"rendered":"https:\/\/globalpacta.com\/?page_id=2977"},"modified":"2018-03-01T11:52:07","modified_gmt":"2018-03-01T11:52:07","slug":"pere-rossinyol","status":"publish","type":"page","link":"https:\/\/globalpacta.com\/ca\/equipo-2-2\/pere-rossinyol\/","title":{"rendered":"PERE ROSSINYOL"},"content":{"rendered":"<div class=\"fusion-fullwidth fullwidth-box fusion-builder-row-1 gp-single-team nonhundred-percent-fullwidth non-hundred-percent-height-scrolling\" style=\"--awb-background-position:left top;--awb-border-radius-top-left:0px;--awb-border-radius-top-right:0px;--awb-border-radius-bottom-right:0px;--awb-border-radius-bottom-left:0px;--awb-padding-top:20px;--awb-padding-bottom:20px;--awb-border-sizes-top:0px;--awb-border-sizes-bottom:0px;--awb-flex-wrap:wrap;\" ><div class=\"fusion-builder-row fusion-row\"><div class=\"fusion-layout-column fusion_builder_column fusion-builder-column-0 fusion_builder_column_1_2 1_2 fusion-one-half fusion-column-first\" style=\"--awb-bg-size:cover;width:48%; margin-right: 4%;\"><div class=\"fusion-column-wrapper fusion-flex-column-wrapper-legacy\"><div class=\"fusion-image-element fusion-image-align-right in-legacy-container\" style=\"text-align:right;--awb-caption-title-font-family:var(--h2_typography-font-family);--awb-caption-title-font-weight:var(--h2_typography-font-weight);--awb-caption-title-font-style:var(--h2_typography-font-style);--awb-caption-title-size:var(--h2_typography-font-size);--awb-caption-title-transform:var(--h2_typography-text-transform);--awb-caption-title-line-height:var(--h2_typography-line-height);--awb-caption-title-letter-spacing:var(--h2_typography-letter-spacing);\"><span class=\" fusion-imageframe imageframe-none imageframe-1 hover-type-none\" style=\"margin-left:25px;float:right;\"><img decoding=\"async\" width=\"427\" height=\"427\" title=\"Pere Rossinyol\" src=\"https:\/\/globalpacta.com\/wp-content\/uploads\/2015\/02\/Pere-Rossinyol-e1481647450706.jpeg\" alt class=\"img-responsive wp-image-4546\" srcset=\"https:\/\/globalpacta.com\/wp-content\/uploads\/2015\/02\/Pere-Rossinyol-e1481647450706-200x200.jpeg 200w, https:\/\/globalpacta.com\/wp-content\/uploads\/2015\/02\/Pere-Rossinyol-e1481647450706-400x400.jpeg 400w, https:\/\/globalpacta.com\/wp-content\/uploads\/2015\/02\/Pere-Rossinyol-e1481647450706.jpeg 427w\" sizes=\"(max-width: 800px) 100vw, 427px\" \/><\/span><\/div><div class=\"fusion-clearfix\"><\/div><\/div><\/div><div class=\"fusion-layout-column fusion_builder_column fusion-builder-column-1 fusion_builder_column_1_2 1_2 fusion-one-half fusion-column-last\" style=\"--awb-bg-size:cover;width:48%;\"><div class=\"fusion-column-wrapper fusion-flex-column-wrapper-legacy\"><div class=\"fusion-text fusion-text-1\"><p><strong>Financer.\u00a0<\/strong><strong>Associat<\/strong><\/p>\n<p>Pere Rossinyol assessora els clients des d&#8217;un punt de vista economicofinancer. T\u00e9 una \u00e0mplia experi\u00e8ncia en assessoria financera per a empreses en crisi i per a persones f\u00edsiques, i en reestructuraci\u00f3 i reorganitzaci\u00f3 empresarial. Durant la seva traject\u00f2ria professional ha ofert assist\u00e8ncia financera sobretot a empreses del sector agroalimentari.<\/p>\n<p>\u00c9s membre de l&#8217;European Financial Planning Association d&#8217;Espanya.<\/p>\n<p>Forma part de l&#8217;equip de globalpacta des del 2011.<\/p>\n<p><strong>Formaci\u00f3 acad\u00e8mica<\/strong><\/p>\n<p>\u2013 Expert T\u00e8cnic Econ\u00f2mic per la Universitat Aut\u00f2noma de Barcelona.<br \/>\n\u2013 Assessor Financer Europeu per la Universitat Polit\u00e8cnica de Madrid.<br \/>\n\u2013 Expert T\u00e8cnic Immobiliari pel Centro de Estudios T\u00e9cnicos Empresariales (ESINE).<\/p>\n<p><strong>Idiomes<\/strong><\/p>\n<p>Castell\u00e0, Catal\u00e0, Angl\u00e8s i Franc\u00e8s.<\/p>\n<\/div><div class=\"fusion-clearfix\"><\/div><\/div><\/div><\/div><\/div>\n","protected":false},"excerpt":{"rendered":"","protected":false},"author":3,"featured_media":0,"parent":7208,"menu_order":0,"comment_status":"open","ping_status":"open","template":"","meta":{"_exactmetrics_skip_tracking":false,"_exactmetrics_sitenote_active":false,"_exactmetrics_sitenote_note":"","_exactmetrics_sitenote_category":0,"footnotes":""},"_links":{"self":[{"href":"https:\/\/globalpacta.com\/ca\/wp-json\/wp\/v2\/pages\/2977"}],"collection":[{"href":"https:\/\/globalpacta.com\/ca\/wp-json\/wp\/v2\/pages"}],"about":[{"href":"https:\/\/globalpacta.com\/ca\/wp-json\/wp\/v2\/types\/page"}],"author":[{"embeddable":true,"href":"https:\/\/globalpacta.com\/ca\/wp-json\/wp\/v2\/users\/3"}],"replies":[{"embeddable":true,"href":"https:\/\/globalpacta.com\/ca\/wp-json\/wp\/v2\/comments?post=2977"}],"version-history":[{"count":2,"href":"https:\/\/globalpacta.com\/ca\/wp-json\/wp\/v2\/pages\/2977\/revisions"}],"predecessor-version":[{"id":8320,"href":"https:\/\/globalpacta.com\/ca\/wp-json\/wp\/v2\/pages\/2977\/revisions\/8320"}],"up":[{"embeddable":true,"href":"https:\/\/globalpacta.com\/ca\/wp-json\/wp\/v2\/pages\/7208"}],"wp:attachment":[{"href":"https:\/\/globalpacta.com\/ca\/wp-json\/wp\/v2\/media?parent=2977"}],"curies":[{"name":"wp","href":"https:\/\/api.w.org\/{rel}","templated":true}]}}