{"id":2979,"date":"2017-11-07T16:41:24","date_gmt":"2017-11-07T16:41:24","guid":{"rendered":"https:\/\/globalpacta.com\/?page_id=2979"},"modified":"2018-03-01T11:52:13","modified_gmt":"2018-03-01T11:52:13","slug":"lionel-roux","status":"publish","type":"page","link":"https:\/\/globalpacta.com\/ca\/equipo-2-2\/lionel-roux\/","title":{"rendered":"LIONEL ROUX"},"content":{"rendered":"<div class=\"fusion-fullwidth fullwidth-box fusion-builder-row-1 gp-single-team nonhundred-percent-fullwidth non-hundred-percent-height-scrolling\" style=\"--awb-background-position:left top;--awb-border-radius-top-left:0px;--awb-border-radius-top-right:0px;--awb-border-radius-bottom-right:0px;--awb-border-radius-bottom-left:0px;--awb-padding-top:20px;--awb-padding-bottom:20px;--awb-border-sizes-top:0px;--awb-border-sizes-bottom:0px;--awb-flex-wrap:wrap;\" ><div class=\"fusion-builder-row fusion-row\"><div class=\"fusion-layout-column fusion_builder_column fusion-builder-column-0 fusion_builder_column_1_2 1_2 fusion-one-half fusion-column-first\" style=\"--awb-bg-size:cover;width:48%; margin-right: 4%;\"><div class=\"fusion-column-wrapper fusion-flex-column-wrapper-legacy\"><div class=\"fusion-image-element fusion-image-align-right in-legacy-container\" style=\"text-align:right;--awb-caption-title-font-family:var(--h2_typography-font-family);--awb-caption-title-font-weight:var(--h2_typography-font-weight);--awb-caption-title-font-style:var(--h2_typography-font-style);--awb-caption-title-size:var(--h2_typography-font-size);--awb-caption-title-transform:var(--h2_typography-text-transform);--awb-caption-title-line-height:var(--h2_typography-line-height);--awb-caption-title-letter-spacing:var(--h2_typography-letter-spacing);\"><span class=\" fusion-imageframe imageframe-none imageframe-1 hover-type-none\" style=\"margin-left:25px;float:right;\"><img decoding=\"async\" width=\"427\" height=\"427\" title=\"Lionel Roux\" src=\"https:\/\/globalpacta.com\/wp-content\/uploads\/2017\/01\/Lionel-Roux.jpg\" alt class=\"img-responsive wp-image-4978\" srcset=\"https:\/\/globalpacta.com\/wp-content\/uploads\/2017\/01\/Lionel-Roux-200x200.jpg 200w, https:\/\/globalpacta.com\/wp-content\/uploads\/2017\/01\/Lionel-Roux-400x400.jpg 400w, https:\/\/globalpacta.com\/wp-content\/uploads\/2017\/01\/Lionel-Roux.jpg 427w\" sizes=\"(max-width: 800px) 100vw, 427px\" \/><\/span><\/div><div class=\"fusion-clearfix\"><\/div><\/div><\/div><div class=\"fusion-layout-column fusion_builder_column fusion-builder-column-1 fusion_builder_column_1_2 1_2 fusion-one-half fusion-column-last\" style=\"--awb-bg-size:cover;width:48%;\"><div class=\"fusion-column-wrapper fusion-flex-column-wrapper-legacy\"><div class=\"fusion-text fusion-text-1\"><p><strong>Advocat<\/strong><\/p>\n<p>Lionel Roux forma part del nostre equip a l&#8217;oficina de Marsella. \u00c9s un advocat multidisciplinari amb \u00e0mplia experi\u00e8ncia en dret de fam\u00edlia, civil, immobiliari, dret de les obligacions de la responsabilitat i contractes, i contenci\u00f3s de compensacions.<\/p>\n<p><strong>Formaci\u00f3 acad\u00e8mica<\/strong><\/p>\n<ul>\n<li>Llicenciat en Dret per la Universitat de Dret d\u2019Aix-en-Provence.<\/li>\n<li>Diploma d&#8217;Estudis Avan\u00e7ats en Legislaci\u00f3 sobre Mitjans de Comunicaci\u00f3 i Premsa per la Universitat de Dret d\u2019Aix-en-Provence.<\/li>\n<\/ul>\n<p><strong>Idiomes<\/strong><\/p>\n<p>Franc\u00e8s.<\/p>\n<\/div><div class=\"fusion-clearfix\"><\/div><\/div><\/div><\/div><\/div>\n","protected":false},"excerpt":{"rendered":"","protected":false},"author":3,"featured_media":0,"parent":7208,"menu_order":0,"comment_status":"open","ping_status":"open","template":"","meta":{"_exactmetrics_skip_tracking":false,"_exactmetrics_sitenote_active":false,"_exactmetrics_sitenote_note":"","_exactmetrics_sitenote_category":0,"footnotes":""},"_links":{"self":[{"href":"https:\/\/globalpacta.com\/ca\/wp-json\/wp\/v2\/pages\/2979"}],"collection":[{"href":"https:\/\/globalpacta.com\/ca\/wp-json\/wp\/v2\/pages"}],"about":[{"href":"https:\/\/globalpacta.com\/ca\/wp-json\/wp\/v2\/types\/page"}],"author":[{"embeddable":true,"href":"https:\/\/globalpacta.com\/ca\/wp-json\/wp\/v2\/users\/3"}],"replies":[{"embeddable":true,"href":"https:\/\/globalpacta.com\/ca\/wp-json\/wp\/v2\/comments?post=2979"}],"version-history":[{"count":2,"href":"https:\/\/globalpacta.com\/ca\/wp-json\/wp\/v2\/pages\/2979\/revisions"}],"predecessor-version":[{"id":8321,"href":"https:\/\/globalpacta.com\/ca\/wp-json\/wp\/v2\/pages\/2979\/revisions\/8321"}],"up":[{"embeddable":true,"href":"https:\/\/globalpacta.com\/ca\/wp-json\/wp\/v2\/pages\/7208"}],"wp:attachment":[{"href":"https:\/\/globalpacta.com\/ca\/wp-json\/wp\/v2\/media?parent=2979"}],"curies":[{"name":"wp","href":"https:\/\/api.w.org\/{rel}","templated":true}]}}