{"id":2983,"date":"2017-11-07T16:45:23","date_gmt":"2017-11-07T16:45:23","guid":{"rendered":"https:\/\/globalpacta.com\/?page_id=2983"},"modified":"2024-05-24T12:33:40","modified_gmt":"2024-05-24T12:33:40","slug":"maria-vives","status":"publish","type":"page","link":"https:\/\/globalpacta.com\/ca\/equipo-2-2\/maria-vives\/","title":{"rendered":"MAR\u00cdA VIVES"},"content":{"rendered":"<div class=\"fusion-fullwidth fullwidth-box fusion-builder-row-1 gp-single-team nonhundred-percent-fullwidth non-hundred-percent-height-scrolling\" style=\"--awb-background-position:left top;--awb-border-sizes-top:0px;--awb-border-sizes-bottom:0px;--awb-border-sizes-left:0px;--awb-border-sizes-right:0px;--awb-border-radius-top-left:0px;--awb-border-radius-top-right:0px;--awb-border-radius-bottom-right:0px;--awb-border-radius-bottom-left:0px;--awb-padding-top:20px;--awb-padding-bottom:20px;--awb-flex-wrap:wrap;\" ><div class=\"fusion-builder-row fusion-row\"><div class=\"fusion-layout-column fusion_builder_column fusion-builder-column-0 fusion_builder_column_1_2 1_2 fusion-one-half fusion-column-first\" style=\"--awb-bg-size:cover;width:48%; margin-right: 4%;\"><div class=\"fusion-column-wrapper fusion-flex-column-wrapper-legacy\"><div class=\"fusion-image-element fusion-image-align-right in-legacy-container\" style=\"text-align:right;--awb-caption-title-font-family:var(--h2_typography-font-family);--awb-caption-title-font-weight:var(--h2_typography-font-weight);--awb-caption-title-font-style:var(--h2_typography-font-style);--awb-caption-title-size:var(--h2_typography-font-size);--awb-caption-title-transform:var(--h2_typography-text-transform);--awb-caption-title-line-height:var(--h2_typography-line-height);--awb-caption-title-letter-spacing:var(--h2_typography-letter-spacing);\"><span class=\" fusion-imageframe imageframe-none imageframe-1 hover-type-none\" style=\"margin-left:25px;float:right;\"><img decoding=\"async\" width=\"427\" height=\"427\" title=\"Maria-Vives\" src=\"https:\/\/globalpacta.com\/wp-content\/uploads\/2015\/02\/Maria-Vives.jpeg\" alt class=\"img-responsive wp-image-5236\" srcset=\"https:\/\/globalpacta.com\/wp-content\/uploads\/2015\/02\/Maria-Vives-200x200.jpeg 200w, https:\/\/globalpacta.com\/wp-content\/uploads\/2015\/02\/Maria-Vives-400x400.jpeg 400w, https:\/\/globalpacta.com\/wp-content\/uploads\/2015\/02\/Maria-Vives.jpeg 427w\" sizes=\"(max-width: 800px) 100vw, 427px\" \/><\/span><\/div><div class=\"fusion-clearfix\"><\/div><\/div><\/div><div class=\"fusion-layout-column fusion_builder_column fusion-builder-column-1 fusion_builder_column_1_2 1_2 fusion-one-half fusion-column-last\" style=\"--awb-bg-size:cover;width:48%;\"><div class=\"fusion-column-wrapper fusion-flex-column-wrapper-legacy\"><div class=\"fusion-text fusion-text-1\"><p><strong>Advocada.\u00a0<\/strong><strong>Associada<\/strong><\/p>\n<p>Mar\u00eda Vives col\u00b7labora amb globalpacta en la resoluci\u00f3 d&#8217;assumptes de dret civil i penal. \u00c9s membre del II\u00b7lustre Col\u00b7legi de l&#8217;Advocacia de Barcelona.<\/p>\n<p>Forma part de l&#8217;equip de globalpacta des del 2012.<\/p>\n<p><strong>Formaci\u00f3 acad\u00e8mica<\/strong><\/p>\n<ul>\n<li>Llicenciatura en Dret per la Universitat de Barcelona. Menci\u00f3 especial. Premi extraordinari de llicenciatura.<\/li>\n<li>TEAT: T\u00e8cnica en Empreses i Activitats Tur\u00edstiques. Universitat de Girona.<\/li>\n<li>Curs de Procediment Administratiu. Escola d\u2019Administraci\u00f3 P\u00fablica de Catalunya de la Generalitat de Catalunya. Barcelona.<\/li>\n<li>Curs d&#8217;Arrendaments Urbans (ICAB).<\/li>\n<\/ul>\n<p><strong>Idiomes<\/strong><\/p>\n<p>Castell\u00e0, Catal\u00e0, Angl\u00e8s i Franc\u00e8s.<\/p>\n<\/div><div class=\"fusion-clearfix\"><\/div><\/div><\/div><\/div><\/div>\n","protected":false},"excerpt":{"rendered":"","protected":false},"author":3,"featured_media":0,"parent":7208,"menu_order":0,"comment_status":"open","ping_status":"open","template":"","meta":{"_exactmetrics_skip_tracking":false,"_exactmetrics_sitenote_active":false,"_exactmetrics_sitenote_note":"","_exactmetrics_sitenote_category":0,"footnotes":""},"_links":{"self":[{"href":"https:\/\/globalpacta.com\/ca\/wp-json\/wp\/v2\/pages\/2983"}],"collection":[{"href":"https:\/\/globalpacta.com\/ca\/wp-json\/wp\/v2\/pages"}],"about":[{"href":"https:\/\/globalpacta.com\/ca\/wp-json\/wp\/v2\/types\/page"}],"author":[{"embeddable":true,"href":"https:\/\/globalpacta.com\/ca\/wp-json\/wp\/v2\/users\/3"}],"replies":[{"embeddable":true,"href":"https:\/\/globalpacta.com\/ca\/wp-json\/wp\/v2\/comments?post=2983"}],"version-history":[{"count":4,"href":"https:\/\/globalpacta.com\/ca\/wp-json\/wp\/v2\/pages\/2983\/revisions"}],"predecessor-version":[{"id":22783,"href":"https:\/\/globalpacta.com\/ca\/wp-json\/wp\/v2\/pages\/2983\/revisions\/22783"}],"up":[{"embeddable":true,"href":"https:\/\/globalpacta.com\/ca\/wp-json\/wp\/v2\/pages\/7208"}],"wp:attachment":[{"href":"https:\/\/globalpacta.com\/ca\/wp-json\/wp\/v2\/media?parent=2983"}],"curies":[{"name":"wp","href":"https:\/\/api.w.org\/{rel}","templated":true}]}}