{"id":2992,"date":"2017-11-07T16:55:34","date_gmt":"2017-11-07T16:55:34","guid":{"rendered":"https:\/\/globalpacta.com\/?page_id=2992"},"modified":"2017-11-07T16:55:59","modified_gmt":"2017-11-07T16:55:59","slug":"politica-de-privacidad","status":"publish","type":"page","link":"https:\/\/globalpacta.com\/ca\/politica-de-privacidad\/","title":{"rendered":"POL\u00cdTICA DE PRIVACITAT"},"content":{"rendered":"<div class=\"fusion-fullwidth fullwidth-box fusion-builder-row-1 nonhundred-percent-fullwidth non-hundred-percent-height-scrolling\" style=\"--awb-background-position:left top;--awb-border-radius-top-left:0px;--awb-border-radius-top-right:0px;--awb-border-radius-bottom-right:0px;--awb-border-radius-bottom-left:0px;--awb-padding-top:50px;--awb-padding-bottom:100px;--awb-border-sizes-top:0px;--awb-border-sizes-bottom:0px;--awb-flex-wrap:wrap;\" ><div class=\"fusion-builder-row fusion-row\"><div class=\"fusion-layout-column fusion_builder_column fusion-builder-column-0 fusion_builder_column_1_1 1_1 fusion-one-full fusion-column-first fusion-column-last green-border rounded-border\" style=\"--awb-padding-top:40px;--awb-padding-right:60px;--awb-padding-bottom:20px;--awb-padding-left:60px;--awb-bg-color:#ffffff;--awb-bg-color-hover:#ffffff;--awb-bg-size:cover;--awb-border-color:#e2e2e2;--awb-border-top:1px;--awb-border-right:1px;--awb-border-bottom:1px;--awb-border-left:1px;--awb-border-style:solid;\"><div class=\"fusion-column-wrapper fusion-flex-column-wrapper-legacy\"><div class=\"fusion-text fusion-text-1\"><p><strong>DADES IDENTIFICATIVES<\/strong>:<\/p>\n<p>La p\u00e0gina web\u00a0<a href=\"http:\/\/www.globalpacta.com\/\">WWW.GLOBALPACTA.COM<\/a>\u00a0\u00e9s titularitat de PACTA LEGAL, SLP (d&#8217;ara endavant, PACTA), societat mercantil amb domicili al carrer Muntaner, 340, pral. (CP: E-08021) de Barcelona, amb NIF: B-65483158. Inscrita en el Registre Mercantil de Barcelona: tom 42327, foli 212, secci\u00f3 general, full B-403947.<\/p>\n<p>Tel.: (34) 93 363 79 10<\/p>\n<p>Fax: (34) 93 363 79 11<\/p>\n<p>Adre\u00e7a electr\u00f2nica de contacte: info@globalpacta.com<\/p>\n<p><strong>ABAST DE L&#8217;AV\u00cdS LEGAL:<\/strong><\/p>\n<p>Aquest av\u00eds legal estableix les condicions generals que regulen tant l&#8217;acc\u00e9s com la navegaci\u00f3, aix\u00ed com l&#8217;\u00fas dels continguts d&#8217;aquesta p\u00e0gina web.<\/p>\n<p>Aquesta p\u00e0gina web t\u00e9 car\u00e0cter merament informatiu. El seu contingut en cap cas t\u00e9 car\u00e0cter d&#8217;assessorament.<\/p>\n<p>PACTA es reserva en tot moment el dret a modificar el contingut de la p\u00e0gina web, aix\u00ed com d&#8217;aquest av\u00eds legal o altres avisos legals espec\u00edfics.<\/p>\n<p>La prestaci\u00f3 del servei d&#8217;aquest lloc web t\u00e9 una durada limitada al moment en qu\u00e8 l&#8217;usuari es trobi connectat al lloc web o a algun dels serveis que es puguin facilitar a trav\u00e9s d&#8217;aquest.<\/p>\n<p><strong>CONDICIONS DE L&#8217;\u00daS DEL WEB<\/strong>:<\/p>\n<p>Amb el simple acc\u00e9s, la navegaci\u00f3 o la utilitzaci\u00f3 de la p\u00e0gina web es t\u00e9 la condici\u00f3 d&#8217;usuari. L&#8217;usuari accepta de forma plena i sense cap tipus de reserva les condicions que cont\u00e9 aquest av\u00eds legal.<\/p>\n<p>L&#8217;usuari es compromet a utilitzar la p\u00e0gina web juntament amb els seus serveis i continguts de forma l\u00edcita, d&#8217;acord amb la legislaci\u00f3 vigent, els usos generalment acceptats, la bona fe i l&#8217;ordre p\u00fablic.<\/p>\n<p>L&#8217;usuari es compromet a no dur a terme accions que puguin causar danys a la p\u00e0gina web i inutilitzar-la, sobrecarregar-la o deteriorar-la de qualsevol manera, o impedir als altres usuaris el lliure acc\u00e9s, \u00fas o gaudi de la p\u00e0gina web.<\/p>\n<p><strong>PROPIETAT INTEL\u00b7LECTUAL I \u00daS DE CONTINGUTS:<\/strong><\/p>\n<p>PACTA \u00e9s titular dels drets de propietat intel\u00b7lectual i industrial d&#8217;aquesta p\u00e0gina web i de tots els seus continguts (a t\u00edtol merament enunciatiu: textos, fotografies i altres continguts audiovisuals, programa, disseny gr\u00e0fic, etc.) o disposa de la corresponent llic\u00e8ncia o autoritzaci\u00f3 per al seu \u00fas. L&#8217;acc\u00e9s a la navegaci\u00f3 per aquesta p\u00e0gina web i el seu \u00fas per part de l&#8217;usuari no impliquen en cap cas la ren\u00fancia, transmissi\u00f3, llic\u00e8ncia ni cessi\u00f3 total o parcial d&#8217;aquells.<\/p>\n<p>Queda prohibit reproduir, modificar, reutilitzar, explotar, comunicar p\u00fablicament, carregar arxius, enviar per correu, transmetre, utilitzar, tractar o distribuir de qualsevol forma tots o part dels continguts inclosos en aquesta p\u00e0gina web per a prop\u00f2sits p\u00fablics o comercials, si no es t\u00e9 l&#8217;autoritzaci\u00f3 expressa i per escrit de PACTA. El logotip \u201cgl<u>o<\/u>balpacta\u201d \u00e9s una marca en tr\u00e0mit de registre de la qual PACTA en t\u00e9 llic\u00e8ncia d&#8217;\u00fas. En queda totalment prohibida la reproducci\u00f3 o l&#8217;\u00fas sense l&#8217;autoritzaci\u00f3 per escrit del seu titular<\/p>\n<p><strong>ENLLA\u00c7OS<\/strong><\/p>\n<p><strong>Enlla\u00e7os a altres p\u00e0gines web externes:<\/strong><\/p>\n<p>En aquesta p\u00e0gina web es poden trobar enlla\u00e7os a altres p\u00e0gines web gestionades per tercers. PACTA no pot controlar la informaci\u00f3, els continguts, els productes o els serveis facilitats en altres llocs web. Per aix\u00f2, no es fa responsable del contingut o d&#8217;altres aspectes de p\u00e0gines web alienes.<\/p>\n<p><strong>Enlla\u00e7os externs amb destinaci\u00f3 a\u00a0<\/strong><a href=\"http:\/\/www.globalpacta.com\/\"><strong>WWW.GLOBALPACTA.COM<\/strong><\/a><strong>\u00a0,<\/strong><\/p>\n<p>Si qualsevol altre lloc web, usuari o entitat vol establir un enlla\u00e7 amb destinaci\u00f3 a\u00a0<a href=\"http:\/\/www.globalpacta.com\/\">WWW.GLOBALPACTA.COM<\/a>\u00a0, aquest enlla\u00e7 s&#8217;ha de sotmetre a les condicions que es detallen a continuaci\u00f3:<\/p>\n<ol>\n<li>L&#8217;enlla\u00e7 ha d&#8217;anar dirigit a la p\u00e0gina principal o a qualsevol de les seves seccions. L&#8217;enlla\u00e7, en tot cas, ha de ser absolut i complet i ha de portar l&#8217;usuari amb un sol clic a la URL de la p\u00e0gina principal o a la URL de qualsevol de les seves seccions. L&#8217;enlla\u00e7 ha de comprendre tota l&#8217;extensi\u00f3 de pantalla del portal WWW.GLOBALPACTA.COM.<\/li>\n<li>En cap cas, llevat d&#8217;autoritzaci\u00f3 expressa per escrit per part de PACTA, el lloc web que estableix l&#8217;enlla\u00e7 pot reproduir de qualsevol manera<a href=\"http:\/\/www.globalpacta.com\/\">WWW.GLOBALPACTA.COM<\/a>\u00a0incloent-lo com a part integrant del seu web, utilitzant marcs, readre\u00e7aments o qualsevol altra mesura que suposi ocultar l&#8217;origen de la informaci\u00f3.<\/li>\n<li>No s&#8217;autoritza l&#8217;establiment d&#8217;enlla\u00e7os a\u00a0<a href=\"http:\/\/www.globalpacta.com\/\">WWW.GLOBALPACTA.COM<\/a>\u00a0des de llocs web amb continguts il\u00b7l\u00edcits, il\u00b7legals, degradants o obscens o que contravinguin la moral o l&#8217;ordre p\u00fablic.<\/li>\n<\/ol>\n<p><strong>EXCLUSI\u00d3 DE RESPONSABILITAT:<\/strong><\/p>\n<p>La responsabilitat en l&#8217;\u00fas de la p\u00e0gina web correspon de forma \u00fanica i exclusiva a l&#8217;usuari.<\/p>\n<p>PACTA no es fa responsable, en cap cas, dels danys i perjudicis de qualsevol naturalesa que es puguin causar per:<\/p>\n<ol>\n<li>La no-disponibilitat, manteniment i funcionament de la p\u00e0gina web o dels seus serveis o continguts, ja que requereix subministraments i serveis de tercers.<\/li>\n<li>Els errors i les omissions en la informaci\u00f3 publicada, aix\u00ed com la falta d&#8217;utilitat, adequaci\u00f3 o validesa de la p\u00e0gina web o dels seus serveis o continguts per satisfer necessitats, activitats o resultats concrets o expectatives dels usuaris.<\/li>\n<\/ol>\n<p>Els danys produ\u00efts en els equips inform\u00e0tics dels usuaris o de tercers durant l&#8217;\u00fas del lloc web per l&#8217;exist\u00e8ncia d&#8217;un virus o qualsevol altre element inform\u00e0tic perjudicial. Correspon a l&#8217;usuari, en qualsevol cas, la disponibilitat d&#8217;eines adequades per a la detecci\u00f3 i desinfecci\u00f3 de programes inform\u00e0tics perjudicials.<\/p>\n<p><strong>LEGISLACI\u00d3:<\/strong><\/p>\n<p>Aquest av\u00eds legal es regeix en tots i cadascun dels seus punts per la legislaci\u00f3 espanyola.<\/p>\n<\/div><div class=\"fusion-clearfix\"><\/div><\/div><\/div><\/div><\/div>\n","protected":false},"excerpt":{"rendered":"","protected":false},"author":3,"featured_media":0,"parent":0,"menu_order":0,"comment_status":"closed","ping_status":"open","template":"100-width.php","meta":{"_exactmetrics_skip_tracking":false,"_exactmetrics_sitenote_active":false,"_exactmetrics_sitenote_note":"","_exactmetrics_sitenote_category":0,"footnotes":""},"_links":{"self":[{"href":"https:\/\/globalpacta.com\/ca\/wp-json\/wp\/v2\/pages\/2992"}],"collection":[{"href":"https:\/\/globalpacta.com\/ca\/wp-json\/wp\/v2\/pages"}],"about":[{"href":"https:\/\/globalpacta.com\/ca\/wp-json\/wp\/v2\/types\/page"}],"author":[{"embeddable":true,"href":"https:\/\/globalpacta.com\/ca\/wp-json\/wp\/v2\/users\/3"}],"replies":[{"embeddable":true,"href":"https:\/\/globalpacta.com\/ca\/wp-json\/wp\/v2\/comments?post=2992"}],"version-history":[{"count":2,"href":"https:\/\/globalpacta.com\/ca\/wp-json\/wp\/v2\/pages\/2992\/revisions"}],"predecessor-version":[{"id":2994,"href":"https:\/\/globalpacta.com\/ca\/wp-json\/wp\/v2\/pages\/2992\/revisions\/2994"}],"wp:attachment":[{"href":"https:\/\/globalpacta.com\/ca\/wp-json\/wp\/v2\/media?parent=2992"}],"curies":[{"name":"wp","href":"https:\/\/api.w.org\/{rel}","templated":true}]}}