{"id":7324,"date":"2016-09-08T15:25:24","date_gmt":"2016-09-08T15:25:24","guid":{"rendered":"http:\/\/globalpacta.com\/juan-carlos-pique"},"modified":"2020-08-31T15:42:35","modified_gmt":"2020-08-31T15:42:35","slug":"juan-carlos-pique","status":"publish","type":"page","link":"https:\/\/globalpacta.com\/en\/equipo-3-2\/juan-carlos-pique\/","title":{"rendered":"JUAN-CARLOS PIQU\u00c9 HERN\u00c1NDEZ"},"content":{"rendered":"<div class=\"fusion-fullwidth fullwidth-box fusion-builder-row-1 gp-single-team nonhundred-percent-fullwidth non-hundred-percent-height-scrolling\" style=\"--awb-background-position:left top;--awb-border-radius-top-left:0px;--awb-border-radius-top-right:0px;--awb-border-radius-bottom-right:0px;--awb-border-radius-bottom-left:0px;--awb-padding-top:20px;--awb-padding-bottom:20px;--awb-border-sizes-top:0px;--awb-border-sizes-bottom:0px;--awb-flex-wrap:wrap;\" ><div class=\"fusion-builder-row fusion-row\"><div class=\"fusion-layout-column fusion_builder_column fusion-builder-column-0 fusion_builder_column_1_2 1_2 fusion-one-half fusion-column-first\" style=\"--awb-bg-size:cover;width:48%; margin-right: 4%;\"><div class=\"fusion-column-wrapper fusion-flex-column-wrapper-legacy\"><div class=\"fusion-image-element fusion-image-align-right in-legacy-container\" style=\"text-align:right;--awb-caption-title-font-family:var(--h2_typography-font-family);--awb-caption-title-font-weight:var(--h2_typography-font-weight);--awb-caption-title-font-style:var(--h2_typography-font-style);--awb-caption-title-size:var(--h2_typography-font-size);--awb-caption-title-transform:var(--h2_typography-text-transform);--awb-caption-title-line-height:var(--h2_typography-line-height);--awb-caption-title-letter-spacing:var(--h2_typography-letter-spacing);\"><span class=\" fusion-imageframe imageframe-none imageframe-1 hover-type-none\" style=\"margin-left:25px;float:right;\"><img decoding=\"async\" width=\"427\" height=\"427\" title=\"Juan-carlos-Pique\" src=\"https:\/\/globalpacta.com\/wp-content\/uploads\/2015\/02\/Juan-carlos-Pique.jpeg\" alt class=\"img-responsive wp-image-5177\" srcset=\"https:\/\/globalpacta.com\/wp-content\/uploads\/2015\/02\/Juan-carlos-Pique-200x200.jpeg 200w, https:\/\/globalpacta.com\/wp-content\/uploads\/2015\/02\/Juan-carlos-Pique-400x400.jpeg 400w, https:\/\/globalpacta.com\/wp-content\/uploads\/2015\/02\/Juan-carlos-Pique.jpeg 427w\" sizes=\"(max-width: 800px) 100vw, 427px\" \/><\/span><\/div><div class=\"fusion-clearfix\"><\/div><\/div><\/div><div class=\"fusion-layout-column fusion_builder_column fusion-builder-column-1 fusion_builder_column_1_2 1_2 fusion-one-half fusion-column-last\" style=\"--awb-bg-size:cover;width:48%;\"><div class=\"fusion-column-wrapper fusion-flex-column-wrapper-legacy\"><div class=\"fusion-text fusion-text-1\"><p><strong>Lawyer. Founding partner<\/strong><\/p>\n<p>Juan-Carlos Piqu\u00e9 is a lawyer and a founding partner of globalpacta.<\/p>\n<p>He has more than 30 years experience in advising businesses in the fields of commercial, contractual and company law and in the areas of compliance and criminal law.<\/p>\n<p>He has been a member of the Barcelona Bar Association since 1984.<\/p>\n<p><strong>Education<\/strong><\/p>\n<p>\u2013 Degree in Law from the University of Barcelona.<\/p>\n<p><strong>Teaching<\/strong><\/p>\n<p>\u2013 Associate professor, Department of Business Organisation, Barcelona School of Building Construction, Polytechnic University of Catalonia.<\/p>\n<p><strong>Publications<\/strong><\/p>\n<p>\u2013\u00a0Derecho Procesal Mercantil. Volumen 01. Derecho Societario. Worker Inteligente, co-author.<br \/>\n\u2013\u00a0Derecho Procesal Mercantil. Volumen 02. Derecho Contractual. Worker Inteligente, co-author.<br \/>\n\u2013\u00a0<em>\u201cInstrucci\u00f3n de 10 de diciembre de 1999 de la Direcci\u00f3n General de los Registros y\u00a0del Notariado, sobre obligaciones de los Notarios y Registradores de la Propiedad y Mercantiles en materia de prevenci\u00f3n del blanqueo de capitales\u201d;<\/em> co-author, magazine article, Economist &amp; Jurist.<br \/>\n\u2013\u00a0<em>\u201cLa firma electr\u00f3nica. La \u00faltima revoluci\u00f3n en el mundo del derecho\u201d;<\/em>\u00a0coautor, art\u00edculo en revista, Economist &amp; Jurist.<br \/>\n\u2013<em>\u00a0\u201cLas principales caracter\u00edsticas de la nueva Ley sobre Sociedades Laborales\u201d;<\/em> magazine article, Economist &amp; Jurist.<br \/>\n\u2013<em>\u00a0\u201cEl Nuevo C\u00f3digo Penal\u201d.<\/em>\u00a0(delitos societarios); collaboration, collective work, Economist &amp; Jurist.<\/p>\n<p><strong>Languages<\/strong><\/p>\n<p>Spanish, Catalan and English.<\/p>\n<\/div><div class=\"fusion-clearfix\"><\/div><\/div><\/div><\/div><\/div>\n","protected":false},"excerpt":{"rendered":"","protected":false},"author":3,"featured_media":0,"parent":7209,"menu_order":0,"comment_status":"open","ping_status":"open","template":"","meta":{"_exactmetrics_skip_tracking":false,"_exactmetrics_sitenote_active":false,"_exactmetrics_sitenote_note":"","_exactmetrics_sitenote_category":0,"footnotes":""},"_links":{"self":[{"href":"https:\/\/globalpacta.com\/en\/wp-json\/wp\/v2\/pages\/7324"}],"collection":[{"href":"https:\/\/globalpacta.com\/en\/wp-json\/wp\/v2\/pages"}],"about":[{"href":"https:\/\/globalpacta.com\/en\/wp-json\/wp\/v2\/types\/page"}],"author":[{"embeddable":true,"href":"https:\/\/globalpacta.com\/en\/wp-json\/wp\/v2\/users\/3"}],"replies":[{"embeddable":true,"href":"https:\/\/globalpacta.com\/en\/wp-json\/wp\/v2\/comments?post=7324"}],"version-history":[{"count":3,"href":"https:\/\/globalpacta.com\/en\/wp-json\/wp\/v2\/pages\/7324\/revisions"}],"predecessor-version":[{"id":16075,"href":"https:\/\/globalpacta.com\/en\/wp-json\/wp\/v2\/pages\/7324\/revisions\/16075"}],"up":[{"embeddable":true,"href":"https:\/\/globalpacta.com\/en\/wp-json\/wp\/v2\/pages\/7209"}],"wp:attachment":[{"href":"https:\/\/globalpacta.com\/en\/wp-json\/wp\/v2\/media?parent=7324"}],"curies":[{"name":"wp","href":"https:\/\/api.w.org\/{rel}","templated":true}]}}