{"id":10573,"date":"2018-10-25T15:33:06","date_gmt":"2018-10-25T15:33:06","guid":{"rendered":"http:\/\/globalpacta.com?page_id=10573"},"modified":"2018-10-25T15:33:06","modified_gmt":"2018-10-25T15:33:06","slug":"florence-loan","status":"publish","type":"page","link":"https:\/\/globalpacta.com\/fr\/equipo-2\/florence-loan\/","title":{"rendered":"FLORENCE LOAN"},"content":{"rendered":"<div class=\"fusion-fullwidth fullwidth-box fusion-builder-row-1 gp-single-team nonhundred-percent-fullwidth non-hundred-percent-height-scrolling\" style=\"--awb-background-position:left top;--awb-border-radius-top-left:0px;--awb-border-radius-top-right:0px;--awb-border-radius-bottom-right:0px;--awb-border-radius-bottom-left:0px;--awb-padding-top:20px;--awb-padding-bottom:20px;--awb-border-sizes-top:0px;--awb-border-sizes-bottom:0px;--awb-flex-wrap:wrap;\" ><div class=\"fusion-builder-row fusion-row\"><div class=\"fusion-layout-column fusion_builder_column fusion-builder-column-0 fusion_builder_column_1_2 1_2 fusion-one-half fusion-column-first\" style=\"--awb-bg-size:cover;width:48%; margin-right: 4%;\"><div class=\"fusion-column-wrapper fusion-flex-column-wrapper-legacy\"><div class=\"fusion-image-element fusion-image-align-right in-legacy-container\" style=\"text-align:right;--awb-caption-title-font-family:var(--h2_typography-font-family);--awb-caption-title-font-weight:var(--h2_typography-font-weight);--awb-caption-title-font-style:var(--h2_typography-font-style);--awb-caption-title-size:var(--h2_typography-font-size);--awb-caption-title-transform:var(--h2_typography-text-transform);--awb-caption-title-line-height:var(--h2_typography-line-height);--awb-caption-title-letter-spacing:var(--h2_typography-letter-spacing);\"><span class=\" fusion-imageframe imageframe-none imageframe-1 hover-type-none\" style=\"margin-left:25px;float:right;\"><img decoding=\"async\" width=\"300\" height=\"300\" title=\"floan\" src=\"http:\/\/globalpacta.com\/wp-content\/uploads\/2018\/10\/floan-300x300.jpg\" alt class=\"img-responsive wp-image-10581\" srcset=\"https:\/\/globalpacta.com\/wp-content\/uploads\/2018\/10\/floan-200x200.jpg 200w, https:\/\/globalpacta.com\/wp-content\/uploads\/2018\/10\/floan-400x400.jpg 400w, https:\/\/globalpacta.com\/wp-content\/uploads\/2018\/10\/floan.jpg 427w\" sizes=\"(max-width: 800px) 100vw, 300px\" \/><\/span><\/div><div class=\"fusion-clearfix\"><\/div><\/div><\/div><div class=\"fusion-layout-column fusion_builder_column fusion-builder-column-1 fusion_builder_column_1_2 1_2 fusion-one-half fusion-column-last\" style=\"--awb-bg-size:cover;width:48%;\"><div class=\"fusion-column-wrapper fusion-flex-column-wrapper-legacy\"><div class=\"fusion-text fusion-text-1\"><p><strong>Avocate au Barreau de C\u00f4te d\u2019Ivoire<\/strong><\/p>\n<p>Florence Loan dispose d\u2019une connaissance approfondie du Droit bancaire, Droit des contrats, Droit des assurances, Droit social, Droit commercial, Droit des soci\u00e9t\u00e9s.<\/p>\n<p>Elle exerce dans les domaines de la banque, du commerce et de l\u2019assurance.<\/p>\n<p>Elle est inscrite au Barreau de C\u00f4te d\u2019Ivoire depuis 1996 et a \u00e9t\u00e9<br \/>\nPremier secr\u00e9taire de Conf\u00e9rence en 1998-1999 et a \u00e9t\u00e9 secr\u00e9taire de l\u2019Ordre des avocats de C\u00f4te d\u2019Ivoire de 2015 \u00e0 2018.<\/p>\n<p><strong>Formation acad\u00e9mique<\/strong><\/p>\n<p>\u2013 Licence et d\u2019une ma\u00eetrise en droit priv\u00e9 de l\u2019Universit\u00e9 d\u2019Abidjan (C\u00f4te d\u2019Ivoire)<\/p>\n<p>\u2013 Master 2 Juriste d\u2019entreprise de l\u2019Universit\u00e9 de Toulouse Capitole (France).<\/p>\n<p><strong>Langues<\/strong><\/p>\n<p>Fran\u00e7ais et anglais.<\/p>\n<\/div><div class=\"fusion-clearfix\"><\/div><\/div><\/div><\/div><\/div>\n","protected":false},"excerpt":{"rendered":"","protected":false},"author":5,"featured_media":0,"parent":7210,"menu_order":0,"comment_status":"open","ping_status":"open","template":"","meta":{"_exactmetrics_skip_tracking":false,"_exactmetrics_sitenote_active":false,"_exactmetrics_sitenote_note":"","_exactmetrics_sitenote_category":0,"footnotes":""},"_links":{"self":[{"href":"https:\/\/globalpacta.com\/fr\/wp-json\/wp\/v2\/pages\/10573"}],"collection":[{"href":"https:\/\/globalpacta.com\/fr\/wp-json\/wp\/v2\/pages"}],"about":[{"href":"https:\/\/globalpacta.com\/fr\/wp-json\/wp\/v2\/types\/page"}],"author":[{"embeddable":true,"href":"https:\/\/globalpacta.com\/fr\/wp-json\/wp\/v2\/users\/5"}],"replies":[{"embeddable":true,"href":"https:\/\/globalpacta.com\/fr\/wp-json\/wp\/v2\/comments?post=10573"}],"version-history":[{"count":1,"href":"https:\/\/globalpacta.com\/fr\/wp-json\/wp\/v2\/pages\/10573\/revisions"}],"predecessor-version":[{"id":10600,"href":"https:\/\/globalpacta.com\/fr\/wp-json\/wp\/v2\/pages\/10573\/revisions\/10600"}],"up":[{"embeddable":true,"href":"https:\/\/globalpacta.com\/fr\/wp-json\/wp\/v2\/pages\/7210"}],"wp:attachment":[{"href":"https:\/\/globalpacta.com\/fr\/wp-json\/wp\/v2\/media?parent=10573"}],"curies":[{"name":"wp","href":"https:\/\/api.w.org\/{rel}","templated":true}]}}