{"id":10605,"date":"2018-10-26T15:06:36","date_gmt":"2018-10-26T15:06:36","guid":{"rendered":"http:\/\/globalpacta.com?page_id=10605"},"modified":"2018-10-26T15:06:36","modified_gmt":"2018-10-26T15:06:36","slug":"mari-cruz","status":"publish","type":"page","link":"https:\/\/globalpacta.com\/fr\/mari-cruz\/","title":{"rendered":"MARI CRUZ PUCHAU"},"content":{"rendered":"<div class=\"fusion-fullwidth fullwidth-box fusion-builder-row-1 gp-single-team nonhundred-percent-fullwidth non-hundred-percent-height-scrolling\" style=\"--awb-background-position:left top;--awb-border-radius-top-left:0px;--awb-border-radius-top-right:0px;--awb-border-radius-bottom-right:0px;--awb-border-radius-bottom-left:0px;--awb-padding-top:20px;--awb-padding-bottom:20px;--awb-border-sizes-top:0px;--awb-border-sizes-bottom:0px;--awb-flex-wrap:wrap;\" ><div class=\"fusion-builder-row fusion-row\"><div class=\"fusion-layout-column fusion_builder_column fusion-builder-column-0 fusion_builder_column_1_2 1_2 fusion-one-half fusion-column-first\" style=\"--awb-bg-size:cover;width:48%; margin-right: 4%;\"><div class=\"fusion-column-wrapper fusion-flex-column-wrapper-legacy\"><div class=\"fusion-image-element fusion-image-align-right in-legacy-container\" style=\"text-align:right;--awb-caption-title-font-family:var(--h2_typography-font-family);--awb-caption-title-font-weight:var(--h2_typography-font-weight);--awb-caption-title-font-style:var(--h2_typography-font-style);--awb-caption-title-size:var(--h2_typography-font-size);--awb-caption-title-transform:var(--h2_typography-text-transform);--awb-caption-title-line-height:var(--h2_typography-line-height);--awb-caption-title-letter-spacing:var(--h2_typography-letter-spacing);\"><span class=\" fusion-imageframe imageframe-none imageframe-1 hover-type-none\" style=\"margin-left:25px;float:right;\"><img decoding=\"async\" width=\"300\" height=\"300\" title=\"mcruz\" src=\"http:\/\/globalpacta.com\/wp-content\/uploads\/2018\/10\/mcruz-300x300.jpg\" alt class=\"img-responsive wp-image-10589\" srcset=\"https:\/\/globalpacta.com\/wp-content\/uploads\/2018\/10\/mcruz-200x200.jpg 200w, https:\/\/globalpacta.com\/wp-content\/uploads\/2018\/10\/mcruz-400x400.jpg 400w, https:\/\/globalpacta.com\/wp-content\/uploads\/2018\/10\/mcruz.jpg 427w\" sizes=\"(max-width: 800px) 100vw, 300px\" \/><\/span><\/div><div class=\"fusion-clearfix\"><\/div><\/div><\/div><div class=\"fusion-layout-column fusion_builder_column fusion-builder-column-1 fusion_builder_column_1_2 1_2 fusion-one-half fusion-column-last\" style=\"--awb-bg-size:cover;width:48%;\"><div class=\"fusion-column-wrapper fusion-flex-column-wrapper-legacy\"><div class=\"fusion-text fusion-text-1\"><p><strong>Avocat<\/strong><\/p>\n<p>Mari Cruz Puchau de Lecea, apr\u00e8s avoir termin\u00e9 ses \u00e9tudes de Secr\u00e9taire Juridique et d\u00e9velopp\u00e9 cette profession pendant plusieurs ann\u00e9es, a obtenu la ma\u00eetrise en droit et a commenc\u00e9 \u00e0 collaborer au d\u00e9partement de proc\u00e9dure judiciaire et commercial de diff\u00e9rents cabinets d\u2019avocats ainsi qu\u2019au Service de repr\u00e9sentation dans plusieurs soci\u00e9t\u00e9s de services pour des institutions financi\u00e8res, en apportant son soutien tant aux personnes physiques que morales dans diverses situations: incapacit\u00e9s, faillite, mineurs abandonn\u00e9s, mairies, etc.<\/p>\n<p>Elle est membre du Barreau de Barcelone depuis 2012.<\/p>\n<p><strong>Formation acad\u00e9mique<\/strong><\/p>\n<p>&#8211; Ma\u00eetrise en conseil juridique d\u2019Enterprise \u00e0 l\u2019\u00ab\u00a0Universidad Oberta de Catalunnya\u00a0\u00bb.<br \/>\n&#8211; Licenci\u00e9 en droit \u00e0 l\u2019\u00ab\u00a0Universidad Oberta de Catalunnya\u00a0\u00bb.<br \/>\n&#8211; Technicien sup\u00e9rieur en secr\u00e9tariat au\u00a0 Centre \u00ab\u00a0d\u2019 Estudis Professionals Xavier.\u00a0\u00bb<br \/>\n&#8211; V Congr\u00e8s des droits des animaux.<br \/>\n&#8211; Cours des soci\u00e9t\u00e9s commerciales.<br \/>\n&#8211; Cours de langage juridique catalan.<br \/>\n&#8211; Cours de responsabilit\u00e9 des administrateurs.<br \/>\n&#8211; Cours sur la pr\u00e9vention et la protection contre l&rsquo;exploitation sexuelle des enfants.<br \/>\n&#8211; Cours de droit de la faillite avanc\u00e9e.<\/p>\n<p><strong>Langues<\/strong><\/p>\n<p>Espagnol, catalan, anglais, fran\u00e7ais et italien.<\/p>\n<\/div><div class=\"fusion-clearfix\"><\/div><\/div><\/div><\/div><\/div>\n","protected":false},"excerpt":{"rendered":"","protected":false},"author":5,"featured_media":0,"parent":0,"menu_order":0,"comment_status":"open","ping_status":"open","template":"","meta":{"_exactmetrics_skip_tracking":false,"_exactmetrics_sitenote_active":false,"_exactmetrics_sitenote_note":"","_exactmetrics_sitenote_category":0,"footnotes":""},"_links":{"self":[{"href":"https:\/\/globalpacta.com\/fr\/wp-json\/wp\/v2\/pages\/10605"}],"collection":[{"href":"https:\/\/globalpacta.com\/fr\/wp-json\/wp\/v2\/pages"}],"about":[{"href":"https:\/\/globalpacta.com\/fr\/wp-json\/wp\/v2\/types\/page"}],"author":[{"embeddable":true,"href":"https:\/\/globalpacta.com\/fr\/wp-json\/wp\/v2\/users\/5"}],"replies":[{"embeddable":true,"href":"https:\/\/globalpacta.com\/fr\/wp-json\/wp\/v2\/comments?post=10605"}],"version-history":[{"count":1,"href":"https:\/\/globalpacta.com\/fr\/wp-json\/wp\/v2\/pages\/10605\/revisions"}],"predecessor-version":[{"id":10613,"href":"https:\/\/globalpacta.com\/fr\/wp-json\/wp\/v2\/pages\/10605\/revisions\/10613"}],"wp:attachment":[{"href":"https:\/\/globalpacta.com\/fr\/wp-json\/wp\/v2\/media?parent=10605"}],"curies":[{"name":"wp","href":"https:\/\/api.w.org\/{rel}","templated":true}]}}