{"id":11453,"date":"2019-01-31T16:26:29","date_gmt":"2019-01-31T16:26:29","guid":{"rendered":"https:\/\/globalpacta.com?page_id=11453"},"modified":"2024-09-17T09:19:37","modified_gmt":"2024-09-17T09:19:37","slug":"aviso-legal","status":"publish","type":"page","link":"https:\/\/globalpacta.com\/fr\/aviso-legal\/","title":{"rendered":"Aviso Legal"},"content":{"rendered":"<div class=\"fusion-fullwidth fullwidth-box fusion-builder-row-1 nonhundred-percent-fullwidth non-hundred-percent-height-scrolling\" style=\"--awb-background-position:left top;--awb-border-sizes-top:0px;--awb-border-sizes-bottom:0px;--awb-border-sizes-left:0px;--awb-border-sizes-right:0px;--awb-border-radius-top-left:0px;--awb-border-radius-top-right:0px;--awb-border-radius-bottom-right:0px;--awb-border-radius-bottom-left:0px;--awb-padding-top:50px;--awb-padding-bottom:100px;--awb-flex-wrap:wrap;\" ><div class=\"fusion-builder-row fusion-row\"><div class=\"fusion-layout-column fusion_builder_column fusion-builder-column-0 fusion_builder_column_1_1 1_1 fusion-one-full fusion-column-first fusion-column-last green-border rounded-border\" style=\"--awb-padding-top:40px;--awb-padding-right:60px;--awb-padding-bottom:20px;--awb-padding-left:60px;--awb-bg-color:#ffffff;--awb-bg-color-hover:#ffffff;--awb-bg-size:cover;--awb-border-color:#e2e2e2;--awb-border-top:1px;--awb-border-right:1px;--awb-border-bottom:1px;--awb-border-left:1px;--awb-border-style:solid;\"><div class=\"fusion-column-wrapper fusion-flex-column-wrapper-legacy\"><div class=\"fusion-title title fusion-title-1 fusion-title-text fusion-title-size-one\"><h1 class=\"fusion-title-heading title-heading-left\" style=\"margin:0;\"><h1>AVIS JURIDIQUE<\/h1><\/h1><span class=\"awb-title-spacer\"><\/span><div class=\"title-sep-container\"><div class=\"title-sep sep-single sep-solid\" style=\"border-color:#e0dede;\"><\/div><\/div><\/div><div class=\"fusion-sep-clear\"><\/div><div class=\"fusion-separator fusion-full-width-sep\" style=\"margin-left: auto;margin-right: auto;margin-top:10px;margin-bottom:10px;width:100%;\"><\/div><div class=\"fusion-sep-clear\"><\/div><div class=\"fusion-text fusion-text-1\"><p><strong>Responsable du traitement des donn\u00e9es : Pacta legal, S.L.P.<\/strong><\/p>\n<p><strong>Finalit\u00e9 du traitement :<\/strong> gestion commerciale et administrative des services ou des informations demand\u00e9s ainsi que l&rsquo;ex\u00e9cution des contrats ou des commandes pass\u00e9es.<\/p>\n<p><strong>L\u00e9gitimit\u00e9 du traitement :<\/strong> consentement de l&rsquo;int\u00e9ress\u00e9 \u00e0 faciliter ses donn\u00e9es personnelles ; relation contractuelle.<\/p>\n<p><strong>Destinataire :<\/strong> les donn\u00e9es qui nous sont fournies seront incorpor\u00e9es \u00e0 une base de donn\u00e9es appartenant \u00e0 globalpacta, int\u00e9gr\u00e9e par PACTA LEGAL, S.L.P et AMB PACTA, S.L. et ne seront pas c\u00e9d\u00e9es \u00e0 des tiers, \u00e0 moins que la loi ne l&rsquo;exige.<\/p>\n<p><strong>Droits :<\/strong> acc\u00e8s, rectification et suppression de vos donn\u00e9es, ainsi que d&rsquo;autres droits pr\u00e9vus par la r\u00e9glementation en vigueur.<\/p>\n<p>Vous pouvez exercer vos droits en cliquant sur le lien suivant : <a href=\"https:\/\/globalpacta.com\/fr\/ejercicio-de-derechos\">Exercer vos droits<\/a>.<\/p>\n<p>Si vous souhaitez obtenir de plus amples informations, veuillez consulter notre <a href=\"https:\/\/globalpacta.com\/fr\/politica-de-privacidad\">politique de confidentialit\u00e9<\/a> et notre politique en mati\u00e8re de <a href=\"https:\/\/globalpacta.com\/fr\/politica-de-cookies\">cookies<\/a>.<\/p>\n<p><strong>Plaintes aupr\u00e8s de l&rsquo;autorit\u00e9 charg\u00e9e de la protection des donn\u00e9es :<\/strong> vous pouvez adresser toute plainte relative au traitement de vos donn\u00e9es personnelles \u00e0 l&rsquo;Agence espagnole de protection des donn\u00e9es \u00e0 l&rsquo;adresse suivante :<a href=\"https:\/\/www.aepd.es\/.\" rel=\"nofollow noopener\" target=\"_blank\"> https:\/\/www.aepd.es\/.<\/a><\/p>\n<\/div><div class=\"fusion-clearfix\"><\/div><\/div><\/div><\/div><\/div>\n","protected":false},"excerpt":{"rendered":"","protected":false},"author":3,"featured_media":0,"parent":0,"menu_order":0,"comment_status":"closed","ping_status":"closed","template":"","meta":{"_exactmetrics_skip_tracking":false,"_exactmetrics_sitenote_active":false,"_exactmetrics_sitenote_note":"","_exactmetrics_sitenote_category":0,"footnotes":""},"_links":{"self":[{"href":"https:\/\/globalpacta.com\/fr\/wp-json\/wp\/v2\/pages\/11453"}],"collection":[{"href":"https:\/\/globalpacta.com\/fr\/wp-json\/wp\/v2\/pages"}],"about":[{"href":"https:\/\/globalpacta.com\/fr\/wp-json\/wp\/v2\/types\/page"}],"author":[{"embeddable":true,"href":"https:\/\/globalpacta.com\/fr\/wp-json\/wp\/v2\/users\/3"}],"replies":[{"embeddable":true,"href":"https:\/\/globalpacta.com\/fr\/wp-json\/wp\/v2\/comments?post=11453"}],"version-history":[{"count":8,"href":"https:\/\/globalpacta.com\/fr\/wp-json\/wp\/v2\/pages\/11453\/revisions"}],"predecessor-version":[{"id":24396,"href":"https:\/\/globalpacta.com\/fr\/wp-json\/wp\/v2\/pages\/11453\/revisions\/24396"}],"wp:attachment":[{"href":"https:\/\/globalpacta.com\/fr\/wp-json\/wp\/v2\/media?parent=11453"}],"curies":[{"name":"wp","href":"https:\/\/api.w.org\/{rel}","templated":true}]}}