{"id":11577,"date":"2019-02-04T14:20:01","date_gmt":"2019-02-04T14:20:01","guid":{"rendered":"https:\/\/globalpacta.com?page_id=11577"},"modified":"2024-09-17T09:27:27","modified_gmt":"2024-09-17T09:27:27","slug":"politica-de-privacidad","status":"publish","type":"page","link":"https:\/\/globalpacta.com\/fr\/politica-de-privacidad\/","title":{"rendered":"Pol\u00edtica de privacidad"},"content":{"rendered":"<div class=\"fusion-fullwidth fullwidth-box fusion-builder-row-1 nonhundred-percent-fullwidth non-hundred-percent-height-scrolling\" style=\"--awb-background-position:left top;--awb-border-sizes-top:0px;--awb-border-sizes-bottom:0px;--awb-border-sizes-left:0px;--awb-border-sizes-right:0px;--awb-border-radius-top-left:0px;--awb-border-radius-top-right:0px;--awb-border-radius-bottom-right:0px;--awb-border-radius-bottom-left:0px;--awb-padding-top:50px;--awb-padding-bottom:100px;--awb-flex-wrap:wrap;\" ><div class=\"fusion-builder-row fusion-row\"><div class=\"fusion-layout-column fusion_builder_column fusion-builder-column-0 fusion_builder_column_1_1 1_1 fusion-one-full fusion-column-first fusion-column-last green-border rounded-border\" style=\"--awb-padding-top:40px;--awb-padding-right:60px;--awb-padding-bottom:20px;--awb-padding-left:60px;--awb-bg-color:#ffffff;--awb-bg-color-hover:#ffffff;--awb-bg-size:cover;--awb-border-color:#e2e2e2;--awb-border-top:1px;--awb-border-right:1px;--awb-border-bottom:1px;--awb-border-left:1px;--awb-border-style:solid;\"><div class=\"fusion-column-wrapper fusion-flex-column-wrapper-legacy\"><div class=\"fusion-title title fusion-title-1 fusion-title-text fusion-title-size-one\"><h1 class=\"fusion-title-heading title-heading-left\" style=\"margin:0;\"><h1>POLITIQUE DE PROTECTION DE LA VIE PRIV\u00c9E ET DE LA CONFIDENTIALIT\u00c9<\/h1><\/h1><span class=\"awb-title-spacer\"><\/span><div class=\"title-sep-container\"><div class=\"title-sep sep-single sep-solid\" style=\"border-color:#e0dede;\"><\/div><\/div><\/div><div class=\"fusion-sep-clear\"><\/div><div class=\"fusion-separator fusion-full-width-sep\" style=\"margin-left: auto;margin-right: auto;margin-top:10px;margin-bottom:10px;width:100%;\"><\/div><div class=\"fusion-sep-clear\"><\/div><div class=\"fusion-text fusion-text-1\"><h3><strong>1. Qui est responsable du traitement de vos donn\u00e9es ?<\/strong><\/h3>\n<p>Le responsable du traitement des donn\u00e9es et propri\u00e9taire du site web <a href=\"http:\/\/globalpacta.com\/fr\/\">http:\/\/globalpacta.com\/<\/a> est Globalpacta S.L. (ci-apr\u00e8s globalpacta), soci\u00e9t\u00e9 commerciale dont le si\u00e8ge social est situ\u00e9 \u00e0 : c\/ Muntaner, 340, Principal, 08021 Barcelone, avec code fiscal (NIF) : B-66984485, inscrite au registre du commerce de Barcelone, au volume 45941, folio 164, feuille B 503587, entr\u00e9e 1.<\/p>\n<p>T\u00e9l\u00e9phone : +34 93.363.79 : +34 93.363.79.10<\/p>\n<p>Courrier \u00e9lectronique : <a href=\"mailto:protecciondatos@globalpacta.com\">protecciondatos@globalpacta.com<\/a><\/p>\n<h3><strong>2. Quelle est la finalit\u00e9 du traitement de vos donn\u00e9es personnelles ?<\/strong><\/h3>\n<p>Chez globalpacta, nous traitons les informations que vous nous fournissez afin de vous fournir les services que vous nous demandez et de vous envoyer des informations \u00e0 leur sujet, dans le cas o\u00f9 nous vous demandons de nous fournir vos coordonn\u00e9es et votre adresse \u00e9lectronique dans les espaces pr\u00e9vus \u00e0 cet effet dans notre formulaire, ou si vous nous contactez d&rsquo;une autre mani\u00e8re.<\/p>\n<p>Si vous contractez nos services, le traitement de vos donn\u00e9es personnelles sera effectu\u00e9 dans le but de fournir et d&rsquo;administrer lesdits services et de respecter les obligations l\u00e9gales.<\/p>\n<p>Pendant combien de temps conservons-nous vos donn\u00e9es ?<\/p>\n<p>Les donn\u00e9es personnelles que vous nous fournissez sont conserv\u00e9es aussi longtemps que dure notre relation professionnelle ou commerciale et que vous ne demandez pas leur suppression. En tout \u00e9tat de cause, elles seront conserv\u00e9es pendant la dur\u00e9e l\u00e9gale n\u00e9cessaire \u00e0 l&rsquo;ex\u00e9cution des obligations.<\/p>\n<h3><strong>3. Quelle est la base juridique du traitement de vos donn\u00e9es ?<\/strong><\/h3>\n<p>La base juridique du traitement de vos donn\u00e9es est l&rsquo;accord\/la relation contractuel(le), qui est g\u00e9n\u00e9r\u00e9(e) lorsque nous vous fournissons nos services et, dans tous les cas, avec votre consentement expr\u00e8s lorsque vous nous fournissez vos donn\u00e9es.<\/p>\n<h3><strong>4. Avec qui partagerons-nous vos donn\u00e9es personnelles ?<\/strong><\/h3>\n<p>Vos donn\u00e9es seront incorpor\u00e9es dans une base de donn\u00e9es appartenant \u00e0 globalpacta, int\u00e9gr\u00e9e par PACTA LEGAL, S.L.P et AMB PACTA, S.L. et ne seront pas c\u00e9d\u00e9es \u00e0 des tiers, sauf en cas d&rsquo;obligation l\u00e9gale. N\u00e9anmoins, pour la r\u00e9alisation de nos diff\u00e9rents services, il pourrait \u00eatre n\u00e9cessaire de partager vos donn\u00e9es avec des fournisseurs ou des collaborateurs professionnels qui, dans tous les cas, seront soumis \u00e0 l&rsquo;obligation correspondante de confidentialit\u00e9 et de secret professionnel.<\/p>\n<h3><strong>5. Quels sont vos droits concernant les donn\u00e9es que vous nous fournissez ?<\/strong><\/h3>\n<p>Toute personne a le droit d&rsquo;obtenir la confirmation que ses donn\u00e9es sont trait\u00e9es par globalpacta ou non.<\/p>\n<p>Les personnes concern\u00e9es ont le droit d&rsquo;acc\u00e9der \u00e0 leurs donn\u00e9es personnelles, de demander la modification de donn\u00e9es incorrectes, le cas \u00e9ch\u00e9ant, et de demander leur suppression lorsque, entre autres raisons, les donn\u00e9es ne sont plus n\u00e9cessaires aux fins pour lesquelles elles ont \u00e9t\u00e9 collect\u00e9es.<\/p>\n<p>Dans des situations d\u00e9termin\u00e9es, les personnes concern\u00e9es peuvent demander la limitation du traitement de leurs donn\u00e9es, auquel cas celles-ci ne seront conserv\u00e9es que pour l&rsquo;exercice ou la d\u00e9fense de r\u00e9clamations.<\/p>\n<p>Dans des circonstances d\u00e9termin\u00e9es et pour des raisons tenant \u00e0 leur situation particuli\u00e8re, les personnes concern\u00e9es peuvent s&rsquo;opposer au traitement de leurs donn\u00e9es. globalpacta cessera de traiter ces donn\u00e9es, \u00e0 moins qu&rsquo;elle ne soit oblig\u00e9e de le faire pour des raisons l\u00e9gales ou imp\u00e9ratives, ou pour exercer la d\u00e9fense d&rsquo;\u00e9ventuelles r\u00e9clamations.<\/p>\n<p>Pour plus d&rsquo;informations et pour exercer vos droits, veuillez consulter la section <a href=\"https:\/\/globalpacta.com\/fr\/ejercicio-de-derechos\">Exercer vos droits de ce site web.<\/a><\/p>\n<h3><strong>6. Confidentialit\u00e9 des donn\u00e9es<\/strong><\/h3>\n<p>Les courriers \u00e9lectroniques, y compris les fichiers joints, peuvent contenir des informations confidentielles et ne sont destin\u00e9s qu&rsquo;\u00e0 l&rsquo;usage de la personne et\/ou de l&rsquo;entit\u00e9 \u00e0 laquelle ils sont adress\u00e9s. Il est interdit de les copier, de les divulguer ou de les distribuer sans l&rsquo;autorisation expresse de globalpacta. Si vous recevez un courrier \u00e9lectronique de notre soci\u00e9t\u00e9 et que vous n&rsquo;en \u00eates pas le destinataire, nous vous serions reconnaissants de bien vouloir nous en informer en r\u00e9pondant au m\u00eame courrier \u00e9lectronique et en le supprimant.<\/p>\n<h3><strong>7. L\u00e9gislation<\/strong><\/h3>\n<p>La pr\u00e9sente politique de confidentialit\u00e9 est r\u00e9gie en chacun de ses points par le R\u00e8glement g\u00e9n\u00e9ral sur la protection des donn\u00e9es (UE) et d&rsquo;autres r\u00e9glementations connexes.<\/p>\n<h3><strong>8. Mises \u00e0 jour<\/strong><\/h3>\n<p>Cette politique de confidentialit\u00e9 a \u00e9t\u00e9 mise \u00e0 jour pour la derni\u00e8re fois en <strong>janvier 2019.<\/strong><\/p>\n<\/div><div class=\"fusion-clearfix\"><\/div><\/div><\/div><\/div><\/div>\n","protected":false},"excerpt":{"rendered":"","protected":false},"author":3,"featured_media":0,"parent":0,"menu_order":0,"comment_status":"closed","ping_status":"closed","template":"","meta":{"_exactmetrics_skip_tracking":false,"_exactmetrics_sitenote_active":false,"_exactmetrics_sitenote_note":"","_exactmetrics_sitenote_category":0,"footnotes":""},"_links":{"self":[{"href":"https:\/\/globalpacta.com\/fr\/wp-json\/wp\/v2\/pages\/11577"}],"collection":[{"href":"https:\/\/globalpacta.com\/fr\/wp-json\/wp\/v2\/pages"}],"about":[{"href":"https:\/\/globalpacta.com\/fr\/wp-json\/wp\/v2\/types\/page"}],"author":[{"embeddable":true,"href":"https:\/\/globalpacta.com\/fr\/wp-json\/wp\/v2\/users\/3"}],"replies":[{"embeddable":true,"href":"https:\/\/globalpacta.com\/fr\/wp-json\/wp\/v2\/comments?post=11577"}],"version-history":[{"count":8,"href":"https:\/\/globalpacta.com\/fr\/wp-json\/wp\/v2\/pages\/11577\/revisions"}],"predecessor-version":[{"id":24401,"href":"https:\/\/globalpacta.com\/fr\/wp-json\/wp\/v2\/pages\/11577\/revisions\/24401"}],"wp:attachment":[{"href":"https:\/\/globalpacta.com\/fr\/wp-json\/wp\/v2\/media?parent=11577"}],"curies":[{"name":"wp","href":"https:\/\/api.w.org\/{rel}","templated":true}]}}