{"id":15172,"date":"2020-04-15T11:48:47","date_gmt":"2020-04-15T11:48:47","guid":{"rendered":"https:\/\/globalpacta.com\/?page_id=15172"},"modified":"2020-04-24T09:32:47","modified_gmt":"2020-04-24T09:32:47","slug":"julia-jorda-sanchis","status":"publish","type":"page","link":"https:\/\/globalpacta.com\/fr\/equipo-2\/julia-jorda-sanchis\/","title":{"rendered":"J\u00daLIA JORD\u00c0 SANCHIS"},"content":{"rendered":"<div class=\"fusion-fullwidth fullwidth-box fusion-builder-row-1 gp-single-team nonhundred-percent-fullwidth non-hundred-percent-height-scrolling\" style=\"--awb-background-position:left top;--awb-border-radius-top-left:0px;--awb-border-radius-top-right:0px;--awb-border-radius-bottom-right:0px;--awb-border-radius-bottom-left:0px;--awb-padding-top:20px;--awb-padding-bottom:20px;--awb-border-sizes-top:0px;--awb-border-sizes-bottom:0px;--awb-flex-wrap:wrap;\" ><div class=\"fusion-builder-row fusion-row\"><div class=\"fusion-layout-column fusion_builder_column fusion-builder-column-0 fusion_builder_column_1_2 1_2 fusion-one-half fusion-column-first\" style=\"--awb-bg-size:cover;width:48%; margin-right: 4%;\"><div class=\"fusion-column-wrapper fusion-flex-column-wrapper-legacy\"><div class=\"fusion-image-element fusion-image-align-right in-legacy-container\" style=\"text-align:right;--awb-caption-title-font-family:var(--h2_typography-font-family);--awb-caption-title-font-weight:var(--h2_typography-font-weight);--awb-caption-title-font-style:var(--h2_typography-font-style);--awb-caption-title-size:var(--h2_typography-font-size);--awb-caption-title-transform:var(--h2_typography-text-transform);--awb-caption-title-line-height:var(--h2_typography-line-height);--awb-caption-title-letter-spacing:var(--h2_typography-letter-spacing);\"><span class=\" fusion-imageframe imageframe-none imageframe-1 hover-type-none\" style=\"margin-left:25px;float:right;\"><img decoding=\"async\" width=\"662\" height=\"662\" title=\"Julia_Jorda_2020_fondo\" src=\"https:\/\/globalpacta.com\/wp-content\/uploads\/2020\/04\/Julia_Jorda_2020_fondo.jpg\" alt class=\"img-responsive wp-image-15187\" srcset=\"https:\/\/globalpacta.com\/wp-content\/uploads\/2020\/04\/Julia_Jorda_2020_fondo-200x200.jpg 200w, https:\/\/globalpacta.com\/wp-content\/uploads\/2020\/04\/Julia_Jorda_2020_fondo-400x400.jpg 400w, https:\/\/globalpacta.com\/wp-content\/uploads\/2020\/04\/Julia_Jorda_2020_fondo-600x600.jpg 600w, https:\/\/globalpacta.com\/wp-content\/uploads\/2020\/04\/Julia_Jorda_2020_fondo.jpg 662w\" sizes=\"(max-width: 800px) 100vw, 662px\" \/><\/span><\/div><div class=\"fusion-clearfix\"><\/div><\/div><\/div><div class=\"fusion-layout-column fusion_builder_column fusion-builder-column-1 fusion_builder_column_1_2 1_2 fusion-one-half fusion-column-last\" style=\"--awb-bg-size:cover;width:48%;\"><div class=\"fusion-column-wrapper fusion-flex-column-wrapper-legacy\"><div class=\"fusion-text fusion-text-1\"><p><strong>Avocat<\/strong><\/p>\n<p>Sa carri\u00e8re commence en 2016, exer\u00e7ant en tant qu&rsquo;avocate du travail depuis 2019.<\/p>\n<p>En tant qu&rsquo;avocate, elle intervient dans la pratique contentieuse devant la Juridiction sociale et participe \u00e0 des conseils juridiques aux entreprises sur les conditions de travail, ainsi qu&rsquo;\u00e0 la r\u00e9siliation des contrats de travail et des accords de r\u00e9mun\u00e9ration correspondants.<\/p>\n<p>Elle a particip\u00e9 \u00e0 des proc\u00e9dures de licenciements collectifs et \u00e0 toutes sortes de n\u00e9gociations avec les repr\u00e9sentants des travailleurs sur les conditions de travail dans les processus de restructuration des entreprises, notamment la modification des conditions de travail, la mobilit\u00e9 g\u00e9ographique, la suspension des contrats, les syst\u00e8mes de retraite et autres.<\/p>\n<p>Elle est membre de l\u2019Il\u00b7lustre Col\u00b7legi d\u2019Advocats de Barcelone.<\/p>\n<p>Elle fait partie de l&rsquo;\u00e9quipe de globalpacta depuis 2020.<\/p>\n<p><strong>Formation acad\u00e9mique<\/strong><\/p>\n<p>\u2013 Dipl\u00f4m\u00e9e en droit de l&rsquo;Universit\u00e9 Rovira i Virgili.<br \/>\n\u2013 Master en acc\u00e8s \u00e0 la profession d&rsquo;avocat \u00e0 l&rsquo;Universit\u00e9 Rovira i Virgili.<\/p>\n<p><strong>Langues<\/strong><strong>\u00a0<\/strong><\/p>\n<p>Espagnol, catalan et anglais.<\/p>\n<\/div><div class=\"fusion-clearfix\"><\/div><\/div><\/div><\/div><\/div>\n","protected":false},"excerpt":{"rendered":"","protected":false},"author":3,"featured_media":0,"parent":7210,"menu_order":0,"comment_status":"open","ping_status":"open","template":"","meta":{"_exactmetrics_skip_tracking":false,"_exactmetrics_sitenote_active":false,"_exactmetrics_sitenote_note":"","_exactmetrics_sitenote_category":0,"footnotes":""},"_links":{"self":[{"href":"https:\/\/globalpacta.com\/fr\/wp-json\/wp\/v2\/pages\/15172"}],"collection":[{"href":"https:\/\/globalpacta.com\/fr\/wp-json\/wp\/v2\/pages"}],"about":[{"href":"https:\/\/globalpacta.com\/fr\/wp-json\/wp\/v2\/types\/page"}],"author":[{"embeddable":true,"href":"https:\/\/globalpacta.com\/fr\/wp-json\/wp\/v2\/users\/3"}],"replies":[{"embeddable":true,"href":"https:\/\/globalpacta.com\/fr\/wp-json\/wp\/v2\/comments?post=15172"}],"version-history":[{"count":5,"href":"https:\/\/globalpacta.com\/fr\/wp-json\/wp\/v2\/pages\/15172\/revisions"}],"predecessor-version":[{"id":15812,"href":"https:\/\/globalpacta.com\/fr\/wp-json\/wp\/v2\/pages\/15172\/revisions\/15812"}],"up":[{"embeddable":true,"href":"https:\/\/globalpacta.com\/fr\/wp-json\/wp\/v2\/pages\/7210"}],"wp:attachment":[{"href":"https:\/\/globalpacta.com\/fr\/wp-json\/wp\/v2\/media?parent=15172"}],"curies":[{"name":"wp","href":"https:\/\/api.w.org\/{rel}","templated":true}]}}