{"id":15967,"date":"2020-07-02T15:12:02","date_gmt":"2020-07-02T15:12:02","guid":{"rendered":"https:\/\/globalpacta.com\/?page_id=15967"},"modified":"2022-07-11T18:44:48","modified_gmt":"2022-07-11T18:44:48","slug":"elisabetta-morrielli","status":"publish","type":"page","link":"https:\/\/globalpacta.com\/fr\/equipo-2\/elisabetta-morrielli\/","title":{"rendered":"ELISABETTA MORRIELLI"},"content":{"rendered":"<div class=\"fusion-fullwidth fullwidth-box fusion-builder-row-1 gp-single-team nonhundred-percent-fullwidth non-hundred-percent-height-scrolling\" style=\"--awb-background-position:left top;--awb-border-sizes-top:0px;--awb-border-sizes-bottom:0px;--awb-border-sizes-left:0px;--awb-border-sizes-right:0px;--awb-border-radius-top-left:0px;--awb-border-radius-top-right:0px;--awb-border-radius-bottom-right:0px;--awb-border-radius-bottom-left:0px;--awb-padding-top:20px;--awb-padding-bottom:20px;--awb-flex-wrap:wrap;\" ><div class=\"fusion-builder-row fusion-row\"><div class=\"fusion-layout-column fusion_builder_column fusion-builder-column-0 fusion_builder_column_1_2 1_2 fusion-one-half fusion-column-first\" style=\"--awb-bg-size:cover;width:48%; margin-right: 4%;\"><div class=\"fusion-column-wrapper fusion-flex-column-wrapper-legacy\"><div class=\"fusion-image-element fusion-image-align-right in-legacy-container\" style=\"text-align:right;--awb-caption-title-font-family:var(--h2_typography-font-family);--awb-caption-title-font-weight:var(--h2_typography-font-weight);--awb-caption-title-font-style:var(--h2_typography-font-style);--awb-caption-title-size:var(--h2_typography-font-size);--awb-caption-title-transform:var(--h2_typography-text-transform);--awb-caption-title-line-height:var(--h2_typography-line-height);--awb-caption-title-letter-spacing:var(--h2_typography-letter-spacing);\"><span class=\" fusion-imageframe imageframe-none imageframe-1 hover-type-none\" style=\"margin-left:25px;float:right;\"><img decoding=\"async\" width=\"1333\" height=\"2000\" title=\"Elisabetta-Morrielli-2022-2\" src=\"https:\/\/globalpacta.com\/wp-content\/uploads\/2022\/07\/Elisabetta-Morrielli-2022-2.jpg\" alt class=\"img-responsive wp-image-18970\" srcset=\"https:\/\/globalpacta.com\/wp-content\/uploads\/2022\/07\/Elisabetta-Morrielli-2022-2-200x300.jpg 200w, https:\/\/globalpacta.com\/wp-content\/uploads\/2022\/07\/Elisabetta-Morrielli-2022-2-400x600.jpg 400w, https:\/\/globalpacta.com\/wp-content\/uploads\/2022\/07\/Elisabetta-Morrielli-2022-2-600x900.jpg 600w, https:\/\/globalpacta.com\/wp-content\/uploads\/2022\/07\/Elisabetta-Morrielli-2022-2-800x1200.jpg 800w, https:\/\/globalpacta.com\/wp-content\/uploads\/2022\/07\/Elisabetta-Morrielli-2022-2-1200x1800.jpg 1200w, https:\/\/globalpacta.com\/wp-content\/uploads\/2022\/07\/Elisabetta-Morrielli-2022-2.jpg 1333w\" sizes=\"(max-width: 800px) 100vw, 800px\" \/><\/span><\/div><div class=\"fusion-clearfix\"><\/div><\/div><\/div><div class=\"fusion-layout-column fusion_builder_column fusion-builder-column-1 fusion_builder_column_1_2 1_2 fusion-one-half fusion-column-last\" style=\"--awb-bg-size:cover;width:48%;\"><div class=\"fusion-column-wrapper fusion-flex-column-wrapper-legacy\"><div class=\"fusion-text fusion-text-1\"><p><strong>Consultante en Ressources Humaines \u2013 People Advisor<\/strong><\/p>\n<p>Elisabetta Morrielli a d\u00e9velopp\u00e9 son exp\u00e9rience de plus de 20 ans dans les ressources Humaines au sein d\u2019entreprises du secteur industriel, dans le Conseil RH et dans des organisations internationales en Espagne et France ainsi que d\u2019autres pays d\u2019Europe, d\u2019Am\u00e9rique Latine et d\u2019Afrique. Elle b\u00e9n\u00e9ficie d\u2019une exp\u00e9rience globale en Direction des Ressources Humaines, HR Business Partner, Gestion de Talent et de Projets RH dans des contextes multiculturels et multi-pays.<\/p>\n<p>Son expertise permet d\u2019offir du conseil \u00e0 la fois strat\u00e9gique et op\u00e9rationnel, pour des entreprises locales, internationales ou multiculturelles pour qu\u2019elles atteignent leurs objectifs \u00e0 court et long terme.<\/p>\n<p>Dans son parcours elle a accompagn\u00e9 des entreprises de tailles diverses (de 10 a 30M d\u2019euros de CA) dans la gestion op\u00e9rationnelle des personnes, d\u00e9finition de Politiques et Programmes RH, implementation d\u2019actions de d\u00e9veloppement organisationnel et gestion du changement au sein de si\u00e8ges et filiales d\u2019organisations mulltinationales et internationales, coordination de projets d\u2019harmonisation de b\u00e9nefices en Espagne et France, \u00e9valuation des comp\u00e9tences d\u2019\u00e9quipes et individuelles dans le cadre de processus de s\u00e9lection externes et promotions internes, impl\u00e9mentation de plans de successions ainsi que de formation et d\u00e9veloppement de filiales d\u2019Europe centrale et du sud, formations internes d\u2019\u00e9quipes de Ressources Humaines et commerciales en Europe, Etats Unis et Afrique.<\/p>\n<p>Aux particuliers, elle offre un support indispensable et personnalis\u00e9 dans leur langue maternelle, par le biais d\u2019outils professionnels d\u2019\u00e9valuation des comp\u00e9tences et d\u2019orientation dans le monde du travail, en apportant sa vision de femme expatri\u00e9e.<\/p>\n<p>Elle fait partie de l\u2019\u00e9quipe de globalpacta depuis 2020.<\/p>\n<p><strong>Formation acad\u00e9mique<\/strong><\/p>\n<ul>\n<li>Master en Direction des Ressources Humaines, EAE Business School \u2013 Barcelone.<\/li>\n<\/ul>\n<ul>\n<li>Sp\u00e9cialisation en Gestion de Projets, IAMM \u2013 Montpellier.<\/li>\n<\/ul>\n<ul>\n<li>Maitrise en Sciences Politiques, Universit\u00e9 La Sapienza \u2013 Rome.<\/li>\n<\/ul>\n<p><strong>Langues<\/strong><\/p>\n<p>Fran\u00e7ais, anglais, espagnol et italien.<\/p>\n<\/div><div class=\"fusion-clearfix\"><\/div><\/div><\/div><\/div><\/div>\n","protected":false},"excerpt":{"rendered":"","protected":false},"author":3,"featured_media":0,"parent":7210,"menu_order":0,"comment_status":"open","ping_status":"open","template":"","meta":{"_exactmetrics_skip_tracking":false,"_exactmetrics_sitenote_active":false,"_exactmetrics_sitenote_note":"","_exactmetrics_sitenote_category":0,"footnotes":""},"_links":{"self":[{"href":"https:\/\/globalpacta.com\/fr\/wp-json\/wp\/v2\/pages\/15967"}],"collection":[{"href":"https:\/\/globalpacta.com\/fr\/wp-json\/wp\/v2\/pages"}],"about":[{"href":"https:\/\/globalpacta.com\/fr\/wp-json\/wp\/v2\/types\/page"}],"author":[{"embeddable":true,"href":"https:\/\/globalpacta.com\/fr\/wp-json\/wp\/v2\/users\/3"}],"replies":[{"embeddable":true,"href":"https:\/\/globalpacta.com\/fr\/wp-json\/wp\/v2\/comments?post=15967"}],"version-history":[{"count":6,"href":"https:\/\/globalpacta.com\/fr\/wp-json\/wp\/v2\/pages\/15967\/revisions"}],"predecessor-version":[{"id":18979,"href":"https:\/\/globalpacta.com\/fr\/wp-json\/wp\/v2\/pages\/15967\/revisions\/18979"}],"up":[{"embeddable":true,"href":"https:\/\/globalpacta.com\/fr\/wp-json\/wp\/v2\/pages\/7210"}],"wp:attachment":[{"href":"https:\/\/globalpacta.com\/fr\/wp-json\/wp\/v2\/media?parent=15967"}],"curies":[{"name":"wp","href":"https:\/\/api.w.org\/{rel}","templated":true}]}}