{"id":16086,"date":"2020-09-01T14:35:11","date_gmt":"2020-09-01T14:35:11","guid":{"rendered":"https:\/\/globalpacta.com\/?page_id=16086"},"modified":"2020-10-27T10:34:54","modified_gmt":"2020-10-27T10:34:54","slug":"mauro-de-diego","status":"publish","type":"page","link":"https:\/\/globalpacta.com\/fr\/equipo-2\/mauro-de-diego\/","title":{"rendered":"MAURO DE DIEGO"},"content":{"rendered":"<div class=\"fusion-fullwidth fullwidth-box fusion-builder-row-1 gp-single-team nonhundred-percent-fullwidth non-hundred-percent-height-scrolling\" style=\"--awb-background-position:left top;--awb-border-sizes-top:0px;--awb-border-sizes-bottom:0px;--awb-border-sizes-left:0px;--awb-border-sizes-right:0px;--awb-border-radius-top-left:0px;--awb-border-radius-top-right:0px;--awb-border-radius-bottom-right:0px;--awb-border-radius-bottom-left:0px;--awb-padding-top:20px;--awb-padding-bottom:20px;--awb-flex-wrap:wrap;\" ><div class=\"fusion-builder-row fusion-row\"><div class=\"fusion-layout-column fusion_builder_column fusion-builder-column-0 fusion_builder_column_1_2 1_2 fusion-one-half fusion-column-first\" style=\"--awb-bg-size:cover;width:48%; margin-right: 4%;\"><div class=\"fusion-column-wrapper fusion-flex-column-wrapper-legacy\"><div class=\"fusion-image-element fusion-image-align-right in-legacy-container\" style=\"text-align:right;--awb-caption-title-font-family:var(--h2_typography-font-family);--awb-caption-title-font-weight:var(--h2_typography-font-weight);--awb-caption-title-font-style:var(--h2_typography-font-style);--awb-caption-title-size:var(--h2_typography-font-size);--awb-caption-title-transform:var(--h2_typography-text-transform);--awb-caption-title-line-height:var(--h2_typography-line-height);--awb-caption-title-letter-spacing:var(--h2_typography-letter-spacing);\"><span class=\" fusion-imageframe imageframe-none imageframe-1 hover-type-none\" style=\"margin-left:25px;float:right;\"><img decoding=\"async\" width=\"662\" height=\"662\" title=\"Mauro-de-Diego\" src=\"https:\/\/globalpacta.com\/wp-content\/uploads\/2020\/09\/Mauro-de-Diego.jpg\" alt class=\"img-responsive wp-image-16102\" srcset=\"https:\/\/globalpacta.com\/wp-content\/uploads\/2020\/09\/Mauro-de-Diego-200x200.jpg 200w, https:\/\/globalpacta.com\/wp-content\/uploads\/2020\/09\/Mauro-de-Diego-400x400.jpg 400w, https:\/\/globalpacta.com\/wp-content\/uploads\/2020\/09\/Mauro-de-Diego-600x600.jpg 600w, https:\/\/globalpacta.com\/wp-content\/uploads\/2020\/09\/Mauro-de-Diego.jpg 662w\" sizes=\"(max-width: 800px) 100vw, 662px\" \/><\/span><\/div><div class=\"fusion-clearfix\"><\/div><\/div><\/div><div class=\"fusion-layout-column fusion_builder_column fusion-builder-column-1 fusion_builder_column_1_2 1_2 fusion-one-half fusion-column-last\" style=\"--awb-bg-size:cover;width:48%;\"><div class=\"fusion-column-wrapper fusion-flex-column-wrapper-legacy\"><div class=\"fusion-text fusion-text-1\"><p class=\"p1\"><b>Avocat<\/b><\/p>\n<p class=\"p1\">Fort d\u2019une exp\u00e9rience professionnelle de pr\u00e8s de 20 ans, Mauro de Diego se d\u00e9die principalement au m\u00e9tier d\u2019avocat en droit p\u00e9nal, se consacrant notamment aux aspects proc\u00e9duraux et conseillant des personnes physiques et morales. Il a auparavant pr\u00e9par\u00e9 des concours pour acc\u00e9der \u00e0 la carri\u00e8re juridique.<\/p>\n<p class=\"p1\">Il est membre du Barreau de Barcelone depuis 2001.<\/p>\n<p class=\"p1\">Il fait partie de l\u2019\u00e9quipe de globalpacta depuis 2020.<\/p>\n<p class=\"p1\"><b>Formation acad\u00e9mique<\/b><\/p>\n<p class=\"p1\">\u2013 Ma\u00eetrise de droit de la Facult\u00e9 de Barcelone (1989-1993).<br \/>\u2013 Cours sur la proc\u00e9dure acc\u00e9l\u00e9r\u00e9e (2002).<br \/>\u2013 Cours sur les droits de l\u2019homme (Instituto de Derechos Humanos de Catalu\u00f1a, 2003).<br \/>\u2013 Cours de droit p\u00e9nitentiaire (2005).<br \/>\u2013 Cours de science m\u00e9dico-l\u00e9gale et de m\u00e9decine l\u00e9gale pour juristes (2005).<br \/>\u2013 Cours pratique de droit de la circulation routi\u00e8re (2005-2006).<br \/>\u2013 Journ\u00e9es de sp\u00e9cialisation sur l\u2019intervention de l\u2019avocat aupr\u00e8s du tribunal pour enfants (2005-2006).<br \/>\u2013 Cours de sp\u00e9cialisation sur la violence domestique (2007).<br \/>\u2013 S\u00e9minaire sur la fraude fiscale et le blanchiment de capitaux (2011).<br \/>\u2013 Cours du tribunal du jury (2011).<br \/>\u2013 Cours fondamental de pratique en mati\u00e8re de proc\u00e9dure administrative et contentieuse (2013).<br \/>\u2013 Cours sur la personne morale mise en cause et la\u00a0compliance\u00a0p\u00e9nale (2015).<br \/>\u2013 Cycle de journ\u00e9es ESADE-Facult\u00e9 de droit sur la r\u00e9forme du code p\u00e9nal relative aux d\u00e9lits \u00e9conomiques (2015).<br \/>\u2013 Formation continue \u00e0 travers la participation \u00e0 diverses journ\u00e9es d\u00e9di\u00e9es aux nouvelles proc\u00e9dures p\u00e9nales, \u00e0 l\u2019application des peines, aux r\u00e9formes en mati\u00e8re de droit p\u00e9nal, substantiel et proc\u00e9dural.<\/p>\n<p class=\"p1\"><b>Enseignement <\/b><\/p>\n<p class=\"p1\">Professeur \u00e0 l\u2019\u00c9cole de Police de Catalogne (Escola de Policia de Catalunya)\u00a0de la G\u00e9n\u00e9ralit\u00e9 de Catalogne \u2013 actuellement, l\u2019Institut de Seguretat P\u00fablica de Catalunya\u2013 o\u00f9 il enseigne la mati\u00e8re\u00a0Droits de l\u2019homme et d\u00e9ontologie polici\u00e8re\u00a0aux candidats aux Mossos d\u2019Esquadra et \u00e0 la police locale (ann\u00e9es scolaires 2002-2003 \u00e0 2011-2012 incluse).<\/p>\n<p class=\"p1\"><b>Langues\u00a0<\/b><\/p>\n<p class=\"p1\">Espagnol, catalan et anglais.<\/p>\n<\/div><div class=\"fusion-clearfix\"><\/div><\/div><\/div><\/div><\/div>\n","protected":false},"excerpt":{"rendered":"","protected":false},"author":3,"featured_media":0,"parent":7210,"menu_order":0,"comment_status":"open","ping_status":"open","template":"","meta":{"_exactmetrics_skip_tracking":false,"_exactmetrics_sitenote_active":false,"_exactmetrics_sitenote_note":"","_exactmetrics_sitenote_category":0,"footnotes":""},"_links":{"self":[{"href":"https:\/\/globalpacta.com\/fr\/wp-json\/wp\/v2\/pages\/16086"}],"collection":[{"href":"https:\/\/globalpacta.com\/fr\/wp-json\/wp\/v2\/pages"}],"about":[{"href":"https:\/\/globalpacta.com\/fr\/wp-json\/wp\/v2\/types\/page"}],"author":[{"embeddable":true,"href":"https:\/\/globalpacta.com\/fr\/wp-json\/wp\/v2\/users\/3"}],"replies":[{"embeddable":true,"href":"https:\/\/globalpacta.com\/fr\/wp-json\/wp\/v2\/comments?post=16086"}],"version-history":[{"count":4,"href":"https:\/\/globalpacta.com\/fr\/wp-json\/wp\/v2\/pages\/16086\/revisions"}],"predecessor-version":[{"id":16430,"href":"https:\/\/globalpacta.com\/fr\/wp-json\/wp\/v2\/pages\/16086\/revisions\/16430"}],"up":[{"embeddable":true,"href":"https:\/\/globalpacta.com\/fr\/wp-json\/wp\/v2\/pages\/7210"}],"wp:attachment":[{"href":"https:\/\/globalpacta.com\/fr\/wp-json\/wp\/v2\/media?parent=16086"}],"curies":[{"name":"wp","href":"https:\/\/api.w.org\/{rel}","templated":true}]}}