{"id":16902,"date":"2021-02-05T12:42:19","date_gmt":"2021-02-05T12:42:19","guid":{"rendered":"https:\/\/globalpacta.com\/?page_id=16902"},"modified":"2021-02-08T09:41:52","modified_gmt":"2021-02-08T09:41:52","slug":"jorge-galindez","status":"publish","type":"page","link":"https:\/\/globalpacta.com\/fr\/equipo-2\/jorge-galindez\/","title":{"rendered":"JORGE GAL\u00cdNDEZ"},"content":{"rendered":"<div class=\"fusion-fullwidth fullwidth-box fusion-builder-row-1 gp-single-team nonhundred-percent-fullwidth non-hundred-percent-height-scrolling\" style=\"--awb-background-position:left top;--awb-border-sizes-top:0px;--awb-border-sizes-bottom:0px;--awb-border-sizes-left:0px;--awb-border-sizes-right:0px;--awb-border-radius-top-left:0px;--awb-border-radius-top-right:0px;--awb-border-radius-bottom-right:0px;--awb-border-radius-bottom-left:0px;--awb-padding-top:20px;--awb-padding-bottom:20px;--awb-flex-wrap:wrap;\" ><div class=\"fusion-builder-row fusion-row\"><div class=\"fusion-layout-column fusion_builder_column fusion-builder-column-0 fusion_builder_column_1_2 1_2 fusion-one-half fusion-column-first\" style=\"--awb-bg-size:cover;width:48%; margin-right: 4%;\"><div class=\"fusion-column-wrapper fusion-flex-column-wrapper-legacy\"><div class=\"fusion-image-element fusion-image-align-right in-legacy-container\" style=\"text-align:right;--awb-caption-title-font-family:var(--h2_typography-font-family);--awb-caption-title-font-weight:var(--h2_typography-font-weight);--awb-caption-title-font-style:var(--h2_typography-font-style);--awb-caption-title-size:var(--h2_typography-font-size);--awb-caption-title-transform:var(--h2_typography-text-transform);--awb-caption-title-line-height:var(--h2_typography-line-height);--awb-caption-title-letter-spacing:var(--h2_typography-letter-spacing);\"><span class=\" fusion-imageframe imageframe-none imageframe-1 hover-type-none\" style=\"margin-left:25px;float:right;\"><img decoding=\"async\" width=\"400\" height=\"402\" title=\"Jorge-Galindez\" src=\"https:\/\/globalpacta.com\/wp-content\/uploads\/2021\/02\/Jorge-Galindez.jpg\" alt class=\"img-responsive wp-image-16894\" srcset=\"https:\/\/globalpacta.com\/wp-content\/uploads\/2021\/02\/Jorge-Galindez-200x201.jpg 200w, https:\/\/globalpacta.com\/wp-content\/uploads\/2021\/02\/Jorge-Galindez.jpg 400w\" sizes=\"(max-width: 800px) 100vw, 400px\" \/><\/span><\/div><div class=\"fusion-clearfix\"><\/div><\/div><\/div><div class=\"fusion-layout-column fusion_builder_column fusion-builder-column-1 fusion_builder_column_1_2 1_2 fusion-one-half fusion-column-last\" style=\"--awb-bg-size:cover;width:48%;\"><div class=\"fusion-column-wrapper fusion-flex-column-wrapper-legacy\"><div class=\"fusion-text fusion-text-1\"><p><strong>Avocat<\/strong><\/p>\n<p><span style=\"font-weight: 400\">Jorge Gal\u00edndez depuis ses d\u00e9buts en tant qu&rsquo;avocat s&rsquo;est particuli\u00e8rement concentr\u00e9 sur le conseil aux entreprises, accumulant de l&rsquo;exp\u00e9rience dans les domaines commercial, comptable financier, de la faillite et de la conformit\u00e9 r\u00e9glementaire. <\/span><\/p>\n<p><span style=\"font-weight: 400\">Il associe la profession d&rsquo;avocat au poste d&rsquo;administrateur de faillite depuis plus de quinze ans, ayant r\u00e9alis\u00e9 dans un pourcentage \u00e9lev\u00e9 de cas la survie de l&rsquo;entreprise en faillite. <\/span><\/p>\n<p><span style=\"font-weight: 400\">Il est membre de l\u2019Association Royale et Illustre des Avocats de Saragosse depuis 1997.<\/span><\/p>\n<p><span style=\"font-weight: 400\">Il fait partie de l&rsquo;\u00e9quipe de globalpacta depuis 2020.<\/span><\/p>\n<p><strong>Formation acad\u00e9mique<\/strong><\/p>\n<p>\u2013 Licence en droit. Il a \u00e9tudi\u00e9 \u00e0 l&rsquo;Universit\u00e9 de Lleida.<br \/>\n\u2013 Master en Audit des Comptes de l&rsquo;Universit\u00e9 de Saragosse (2001-2002).<br \/>\n\u2013 Ma\u00eetrise en droit des sports de montagne de l&rsquo;Universit\u00e9 de Saragosse (2008-2011).<br \/>\n\u2013 Programme sp\u00e9cialis\u00e9 en m\u00e9diation: exercice de l&rsquo;activit\u00e9 de m\u00e9diation civile et commerciale, par le Conseil g\u00e9n\u00e9ral des avocats espagnols (2014).<br \/>\n\u2013 Programme Sup\u00e9rieur en Administration et Management des Entreprises, par EAE Business School (2015-2016).<br \/>\n\u2013 Compliance Officer Executive Program, par la Wolters Kluwer Legal School (2015-2016).<br \/>\n\u2013 Programme de sp\u00e9cialisation en droit des faillites par la Wolters Kluwer Legal School (2020).<br \/>\n\u2013 Programme avanc\u00e9 en conformit\u00e9 d&rsquo;entreprise par UNIR (2020).<\/p>\n<p><strong>Publications<\/strong><\/p>\n<p>\u2013 <em>\u201cSwaps, participaciones preferentes y \u00e9tica bancaria\u201d.<\/em> Revista del Real e Iltre. Colegio de Abogados de Zaragoza (2011).<br \/>\n\u2013 <em>\u201cLa morosidad p\u00fablica y los l\u00edmites al vuelva Ud. ma\u00f1ana\u201d.<\/em> Diario del AltoArag\u00f3n, section \u00c9conomique (2012).<br \/>\n\u2013 <em>\u201cEl drama personal de la insolvencia\u201d.<\/em> Heraldo de Arag\u00f3n, section La Firma-Tribuna (2012).<br \/>\n\u2013 <em>\u201cAlgunas reflexiones en torno al concurso de persona f\u00edsica\u201d.<\/em> Revista Jur\u00eddica de Catalunya (2013).<br \/>\n\u2013 <em>\u201cRegulaci\u00f3n jur\u00eddica de la bicicleta de monta\u00f1a en los \u00e1mbitos Deportivo, Tur\u00edstico y Medioambiental\u201d.<\/em> \u00c9ditions Desnivel (2014).<br \/>\n\u2013 <em>\u201cSoluciones legales ante la insolvencia: segunda oportunidad\u201d.<\/em> Economist &amp; Jurist (2020).<br \/>\n\u2013 <em>\u201cVolver a empezar. Herramientas preconcursales, concurso de acreedores y segunda oportunidad\u201d.<\/em> Revue Aranzadi Doctrinal (2020).<\/p>\n<p><strong>Langues<\/strong><\/p>\n<p>Espagnol, catalan et anglais.<\/p>\n<\/div><div class=\"fusion-clearfix\"><\/div><\/div><\/div><\/div><\/div>\n","protected":false},"excerpt":{"rendered":"","protected":false},"author":6,"featured_media":0,"parent":7210,"menu_order":0,"comment_status":"open","ping_status":"open","template":"","meta":{"_exactmetrics_skip_tracking":false,"_exactmetrics_sitenote_active":false,"_exactmetrics_sitenote_note":"","_exactmetrics_sitenote_category":0,"footnotes":""},"_links":{"self":[{"href":"https:\/\/globalpacta.com\/fr\/wp-json\/wp\/v2\/pages\/16902"}],"collection":[{"href":"https:\/\/globalpacta.com\/fr\/wp-json\/wp\/v2\/pages"}],"about":[{"href":"https:\/\/globalpacta.com\/fr\/wp-json\/wp\/v2\/types\/page"}],"author":[{"embeddable":true,"href":"https:\/\/globalpacta.com\/fr\/wp-json\/wp\/v2\/users\/6"}],"replies":[{"embeddable":true,"href":"https:\/\/globalpacta.com\/fr\/wp-json\/wp\/v2\/comments?post=16902"}],"version-history":[{"count":12,"href":"https:\/\/globalpacta.com\/fr\/wp-json\/wp\/v2\/pages\/16902\/revisions"}],"predecessor-version":[{"id":17057,"href":"https:\/\/globalpacta.com\/fr\/wp-json\/wp\/v2\/pages\/16902\/revisions\/17057"}],"up":[{"embeddable":true,"href":"https:\/\/globalpacta.com\/fr\/wp-json\/wp\/v2\/pages\/7210"}],"wp:attachment":[{"href":"https:\/\/globalpacta.com\/fr\/wp-json\/wp\/v2\/media?parent=16902"}],"curies":[{"name":"wp","href":"https:\/\/api.w.org\/{rel}","templated":true}]}}