{"id":17144,"date":"2021-02-27T06:52:41","date_gmt":"2021-02-27T06:52:41","guid":{"rendered":"https:\/\/globalpacta.com\/politica-de-cookies-2"},"modified":"2021-03-02T11:00:23","modified_gmt":"2021-03-02T11:00:23","slug":"politica-de-cookies-2","status":"publish","type":"page","link":"https:\/\/globalpacta.com\/fr\/politica-de-cookies-2\/","title":{"rendered":"Pol\u00edtica de Cookies"},"content":{"rendered":"<div class=\"fusion-fullwidth fullwidth-box fusion-builder-row-1 nonhundred-percent-fullwidth non-hundred-percent-height-scrolling\" style=\"--awb-background-position:left top;--awb-border-sizes-top:0px;--awb-border-sizes-bottom:0px;--awb-border-sizes-left:0px;--awb-border-sizes-right:0px;--awb-border-radius-top-left:0px;--awb-border-radius-top-right:0px;--awb-border-radius-bottom-right:0px;--awb-border-radius-bottom-left:0px;--awb-padding-top:50px;--awb-padding-bottom:100px;--awb-flex-wrap:wrap;\" ><div class=\"fusion-builder-row fusion-row\"><div class=\"fusion-layout-column fusion_builder_column fusion-builder-column-0 fusion_builder_column_1_1 1_1 fusion-one-full fusion-column-first fusion-column-last green-border rounded-border\" style=\"--awb-padding-top:40px;--awb-padding-right:60px;--awb-padding-bottom:20px;--awb-padding-left:60px;--awb-bg-color:#ffffff;--awb-bg-color-hover:#ffffff;--awb-bg-size:cover;--awb-border-color:#e2e2e2;--awb-border-top:1px;--awb-border-right:1px;--awb-border-bottom:1px;--awb-border-left:1px;--awb-border-style:solid;\"><div class=\"fusion-column-wrapper fusion-flex-column-wrapper-legacy\"><div class=\"fusion-title title fusion-title-1 fusion-title-text fusion-title-size-one\"><h1 class=\"fusion-title-heading title-heading-left\" style=\"margin:0;\"><h1><strong>POLITIQUE EN MATI\u00c8RE DE <em>COOKIES<\/em><\/strong><\/h1><\/h1><span class=\"awb-title-spacer\"><\/span><div class=\"title-sep-container\"><div class=\"title-sep sep-single sep-solid\" style=\"border-color:#e0dede;\"><\/div><\/div><\/div><div class=\"fusion-sep-clear\"><\/div><div class=\"fusion-separator fusion-full-width-sep\" style=\"margin-left: auto;margin-right: auto;margin-top:10px;margin-bottom:10px;width:100%;\"><\/div><div class=\"fusion-sep-clear\"><\/div><div class=\"fusion-text fusion-text-1\"><p><span style=\"font-weight: 400;\">Le responsable du site web <\/span><a href=\"https:\/\/globalpacta.com\/fr\"><span style=\"font-weight: 400;\">https:\/\/globalpacta.com<\/span><\/a><span style=\"font-weight: 400;\"> (le \u00abSite Web\u00bb) est PACTA LEGAL, SLP, il peut utiliser une technologie appel\u00e9e \u00abcookies\u00bb afin de recueillir des informations sur l&rsquo;utilisation du Site Web Nous vous informons que nous pouvons utiliser des cookies afin de faciliter votre navigation sur le Site Web, de vous distinguer des autres utilisateurs, de vous offrir une meilleure exp\u00e9rience d&rsquo;utilisation et d&rsquo;identifier les probl\u00e8mes afin de l&rsquo;am\u00e9liorer. En donnant votre accord, vous nous permettez d\u2019utiliser des cookies pour en savoir plus sur vos pr\u00e9f\u00e9rences et pour personnaliser notre Site Web en fonction de vos int\u00e9r\u00eats.<\/span><\/p>\n<p><span style=\"font-weight: 400;\">L&rsquo;objectif de cette politique en mati\u00e8re de cookies est de vous informer de mani\u00e8re claire et pr\u00e9cise sur les cookies qui sont utilis\u00e9s sur notre Site Web \u00e0 tout moment. Si vous souhaitez obtenir plus d&rsquo;informations sur les cookies que nous utilisons sur le Site Web, vous pouvez envoyer un e-mail \u00e0 l&rsquo;adresse suivante<\/span><span style=\"font-weight: 400;\">: <\/span><a href=\"mailto:info@globalpacta.com\"><span style=\"font-weight: 400;\">info@globalpacta.com<\/span><\/a><\/p>\n<p><b>COOKIES<\/b><\/p>\n<p><span style=\"font-weight: 400;\">Un cookie est un fichier qui est t\u00e9l\u00e9charg\u00e9 sur votre ordinateur ou votre appareil mobile afin de stocker des donn\u00e9es qui peuvent \u00eatre mises \u00e0 jour et r\u00e9cup\u00e9r\u00e9es par l&rsquo;entit\u00e9 responsable de son installation.<\/span><\/p>\n<p><span style=\"font-weight: 400;\">Les informations recueillies par le biais des cookies peuvent comprendre la date et l&rsquo;heure des visites sur le Site Web, les pages consult\u00e9es, la dur\u00e9e de votre visite sur notre Site Web et les sites visit\u00e9s juste avant et juste apr\u00e8s le Site Web.<\/span><\/p>\n<p><b>TYPE DE COOKIES PEUVANT \u00caTRE UTILIS\u00c9S SUR LE SITE<\/b><\/p>\n<p><b>Cookies de session:<\/b><\/p>\n<p><span style=\"font-weight: 400;\">Il s\u2019agit des cookies qui sont envoy\u00e9s \u00e0 votre ordinateur et que nous g\u00e9rons exclusivement pour le meilleur fonctionnement du Site Web. Les informations que nous recueillons sont utilis\u00e9es pour am\u00e9liorer la qualit\u00e9 de notre service et votre exp\u00e9rience d&rsquo;utilisateur.<\/span><\/p>\n<p><b>Cookies persistants:<\/b><\/p>\n<p><span style=\"font-weight: 400;\">Ces cookies restent plus longtemps dans votre navigateur, ce qui nous permet de vous reconna\u00eetre comme un visiteur r\u00e9gulier du Site Web et d&rsquo;adapter ce dernier pour vous offrir un contenu qui correspond \u00e0 vos pr\u00e9f\u00e9rences. <\/span><\/p>\n<p><b>Cookies fonctionnels ou techniques:<\/b><\/p>\n<p><span style=\"font-weight: 400;\">Ces cookies permettent \u00e0 l&rsquo;utilisateur de naviguer sur le Site Web et d&rsquo;utiliser les diff\u00e9rentes options ou services qui y existent, tels que le contr\u00f4le du trafic et la communication de donn\u00e9es, d&rsquo;identifier la session, de compter les visites et d&rsquo;utiliser des dispositifs de s\u00e9curit\u00e9 pendant la navigation.<\/span><\/p>\n<p><b>Cookies de pr\u00e9f\u00e9rence ou de personnalisation:<\/b><\/p>\n<p><span style=\"font-weight: 400;\">Ces cookies permettent de m\u00e9moriser des informations afin que l&rsquo;utilisateur puisse acc\u00e9der au service avec certaines caract\u00e9ristiques qui peuvent diff\u00e9rencier son exp\u00e9rience de celle des autres utilisateurs, telles que la langue, l&rsquo;apparence ou le contenu du service selon le type de navigateur par lequel l&rsquo;utilisateur acc\u00e8de au service ou la r\u00e9gion \u00e0 partir de laquelle il y acc\u00e8de<\/span><\/p>\n<p><b>Cookies d&rsquo;analyse ou de mesure:<\/b><\/p>\n<p><span style=\"font-weight: 400;\">Il s\u2019agit de cookies trait\u00e9s par nous-m\u00eame ou par des tiers qui permettent de quantifier le nombre d&rsquo;utilisateurs et donc d&rsquo;effectuer la mesure et l&rsquo;analyse statistique de l&rsquo;utilisation faite par les utilisateurs des services offerts. Pour cela, votre navigation sur notre Site Web est analys\u00e9e afin d&rsquo;am\u00e9liorer l&rsquo;offre de nos produits et services.<\/span><\/p>\n<p><b>Cookies de marketing ou autres:<\/b><\/p>\n<p><span style=\"font-weight: 400;\">Il s\u2019agit de cookies trait\u00e9s par nous-m\u00eame ou par des tiers qui permettent d&rsquo;analyser vos habitudes de navigation sur Internet afin de vous montrer la publicit\u00e9 li\u00e9e \u00e0 votre profil de navigation.<\/span><\/p>\n<p><span style=\"font-weight: 400;\">Nous utilisons actuellement les cookies suivants :<\/span><\/p>\n<p><b>COOKIES PROPRES :<\/b><\/p>\n<p><a href=\"https:\/\/globalpacta.com\/fr\"><span style=\"font-weight: 400;\">https:\/\/globalpacta.com<\/span><\/a><\/p>\n<table>\n<tbody>\n<tr>\n<td><b>Cookie<\/b><\/td>\n<td><b>Dur\u00e9e<\/b><\/td>\n<td><b>Fonction<\/b><\/td>\n<td><b>Type<\/b><\/td>\n<\/tr>\n<tr>\n<td><span style=\"font-weight: 400;\">_ga<\/span><\/td>\n<td><span style=\"font-weight: 400;\">2 ans<\/span><\/td>\n<td><span style=\"font-weight: 400;\">Utilis\u00e9 pour distinguer les utilisateurs.<\/span><\/td>\n<td><span style=\"font-weight: 400;\">Analytique<\/span><\/td>\n<\/tr>\n<tr>\n<td><span style=\"font-weight: 400;\">_gat<\/span><\/td>\n<td><span style=\"font-weight: 400;\">10 minutes<\/span><\/td>\n<td><span style=\"font-weight: 400;\">Il s&rsquo;agit d&rsquo;un cookie analytique, li\u00e9 \u00e0 Google Analytics. Il sert \u00e0 diff\u00e9rencier les diff\u00e9rents objets de suivi cr\u00e9\u00e9s lors de la session.<\/span><\/td>\n<td><span style=\"font-weight: 400;\">Analytique<\/span><\/td>\n<\/tr>\n<tr>\n<td><span style=\"font-weight: 400;\">_gid<\/span><\/td>\n<td><span style=\"font-weight: 400;\">session<\/span><\/td>\n<td><span style=\"font-weight: 400;\">Cookie contenant un identifiant anonyme utilis\u00e9 pour distinguer les utilisateurs.<\/span><\/td>\n<td><span style=\"font-weight: 400;\">Analytique<\/span><\/td>\n<\/tr>\n<\/tbody>\n<\/table>\n<p><strong>COOKIES TIERS:<\/strong><\/p>\n<p><b>-Google Ireland Limited<\/b><\/p>\n<table>\n<tbody>\n<tr>\n<td><b>Cookie<\/b><\/td>\n<td><b>Dur\u00e9e<\/b><\/td>\n<td><b>Fonction<\/b><\/td>\n<td><b>Type<\/b><\/td>\n<\/tr>\n<tr>\n<td><span style=\"font-weight: 400;\">IDE<\/span><\/td>\n<td><span style=\"font-weight: 400;\">1 an<\/span><\/td>\n<td><span style=\"font-weight: 400;\">Il s&rsquo;agit d&rsquo;un cookie publicitaire qui est stock\u00e9 dans les navigateurs du domaine doubleclick.net.<\/span><\/td>\n<td><span style=\"font-weight: 400;\">Marketing et autres<\/span><\/td>\n<\/tr>\n<tr>\n<td><span style=\"font-weight: 400;\">RUL<\/span><\/td>\n<td><span style=\"font-weight: 400;\">1 an<\/span><\/td>\n<td><span style=\"font-weight: 400;\">Cookie n\u00e9cessaire \u00e0 l&rsquo;utilisation des options et des services du Site Web.<\/span><\/td>\n<td><span style=\"font-weight: 400;\">Analytique<\/span><\/td>\n<\/tr>\n<\/tbody>\n<\/table>\n<p><span style=\"font-weight: 400;\">Si vous souhaitez obtenir de plus amples informations sur l&rsquo;utilisation des cookies par Google Inc. vous pouvez les contacter sur la page<\/span> <a href=\"http:\/\/www.google.com\/policies\/technologies\/ads\/\" rel=\"nofollow noopener\" target=\"_blank\"><span style=\"font-weight: 400;\">http:\/\/www.google.com\/policies\/technologies\/ads\/<\/span><\/a><\/p>\n<p><span style=\"font-weight: 400;\">Si vous interagissez avec le contenu de notre Site Web, des cookies tiers peuvent \u00e9galement \u00eatre d\u00e9finis (par exemple, lorsque vous cliquez sur des boutons de r\u00e9seaux sociaux ou que vous regardez des vid\u00e9os h\u00e9berg\u00e9es sur un autre site web).<\/span><\/p>\n<p><span style=\"font-weight: 400;\">Nous incluons ci-dessous les liens vers les sites web o\u00f9 vous pouvez consulter la description du type de cookies utilis\u00e9s par les r\u00e9seaux sociaux auxquels vous pouvez acc\u00e9der depuis notre Site Web et leur p\u00e9riode d&rsquo;expiration:<\/span><\/p>\n<ul>\n<li>Twitter: <a href=\"https:\/\/help.twitter.com\/es\/rules-and-policies\/twitter-cookies\" rel=\"nofollow noopener\" target=\"_blank\">https:\/\/help.twitter.com\/es\/rules-and-policies\/twitter-cookies<\/a><\/li>\n<li>LinkedIn: <a href=\"https:\/\/www.linkedin.com\/legal\/cookie-policy\" rel=\"nofollow noopener\" target=\"_blank\">https:\/\/www.linkedin.com\/legal\/cookie-policy<\/a><\/li>\n<\/ul>\n<p><b>CONSENTEMENT<\/b><\/p>\n<p><span style=\"font-weight: 400;\">Lorsque vous entrez sur notre Site Web pour la premi\u00e8re fois, une banni\u00e8re appara\u00eet pour que vous puissiez acc\u00e9der aux cookies que ce dernier utilise, vous informer et, le cas \u00e9ch\u00e9ant, consentir \u00e0 leur utilisation. Si vous n&rsquo;acceptez pas les cookies, seuls les cookies techniques strictement n\u00e9cessaires au fonctionnement du Site Web ou des applications ou services que vous utilisez seront install\u00e9s sur votre ordinateur.<\/span><\/p>\n<p><b>D\u00c9SACTIVET ET BLOQUER LES COOKIES OU RETRAIT DU CONSENTEMENT<\/b><\/p>\n<p><span style=\"font-weight: 400;\">En tout \u00e9tat de cause, nous vous informons que, les cookies non fonctionnels n&rsquo;\u00e9tant pas indispensables pour l&rsquo;utilisation de notre Site Web, vous pouvez les bloquer ou les d\u00e9sactiver en activant le param\u00e8tre de votre navigateur qui vous permet de refuser l&rsquo;installation de tous les cookies ou de certains d&rsquo;entre eux. La plupart des navigateurs vous permettent d&rsquo;\u00eatre averti de la pr\u00e9sence de cookies ou de les refuser automatiquement. Si vous les refusez, vous pouvez toujours utiliser notre Site Web, bien que l&rsquo;utilisation de certains de ses services puisse \u00eatre limit\u00e9e et rendre par cons\u00e9quent votre exp\u00e9rience sur ce dernier moins satisfaisante. Pour plus d&rsquo;informations sur la suppression, la d\u00e9sactivation ou le blocage des cookies, veuillez consulter le site:<\/span><\/p>\n<p><a href=\"http:\/\/www.aboutcookies.org\/Default.aspx?page=2\" rel=\"nofollow noopener\" target=\"_blank\"><span style=\"font-weight: 400;\">http:\/\/www.aboutcookies.org\/Default.aspx?page=2<\/span><\/a><\/p>\n<p><span style=\"font-weight: 400;\">Vous pouvez \u00e9galement trouver des informations sur ce m\u00eame sujet sur les liens suivants, en fonction du navigateur que vous utilisez :<\/span><\/p>\n<ul>\n<li>Mozilla: <a href=\"https:\/\/support.mozilla.org\/es\/kb\/habilitar-y-deshabilitar-cookies-sitios-web-rastrear-preferencias\" rel=\"nofollow noopener\" target=\"_blank\">https:\/\/support.mozilla.org\/es\/kb\/habilitar-y-deshabilitar-cookies-sitios-web-rastrear-preferencias<\/a><\/li>\n<li>Chrome: <a href=\"http:\/\/support.google.com\/chrome\/bin\/answer.py?hl=es&amp;answer=95647\" rel=\"nofollow noopener\" target=\"_blank\">http:\/\/support.google.com\/chrome\/bin\/answer.py?hl=es&amp;answer=95647<\/a><\/li>\n<li>Explorer: <a href=\"https:\/\/support.microsoft.com\/es-es\/topic\/eliminar-y-administrar-cookies-168dab11-0753-043d-7c16-ede5947fc64d\" rel=\"nofollow noopener\" target=\"_blank\">https:\/\/support.microsoft.com\/es-es\/topic\/eliminar-y-administrar-cookies-168dab11-0753-043d-7c16-ede5947fc64d<\/a><\/li>\n<li>Safari:<a href=\"http:\/\/support.apple.com\/kb\/ph5042\" rel=\"nofollow noopener\" target=\"_blank\"> http:\/\/support.apple.com\/kb\/ph5042<\/a><\/li>\n<li>Opera: <a href=\"http:\/\/help.opera.com\/Windows\/11.50\/es-ES\/cookies.html\" rel=\"nofollow noopener\" target=\"_blank\">http:\/\/help.opera.com\/Windows\/11.50\/es-ES\/cookies.html<\/a><\/li>\n<\/ul>\n<p><span style=\"font-weight: 400;\">Si vous le souhaitez, vous pouvez regarder les vid\u00e9os d\u00e9velopp\u00e9es par l&rsquo;Agence espagnole de protection des donn\u00e9es afin d&rsquo;expliquer comment configurer les options de confidentialit\u00e9 \u00e0 partir de diff\u00e9rentes plateformes et appareils: <\/span><a href=\"https:\/\/www.aepd.es\/\" rel=\"nofollow noopener\" target=\"_blank\"><span style=\"font-weight: 400;\">https:\/\/www.aepd.es\/<\/span><\/a><\/p>\n<p><b>CHANGEMENTS DANS LA POLITIQUE EN MATI\u00c8RE DE COOKIES<\/b><\/p>\n<p><span style=\"font-weight: 400;\">Nous pouvons mettre \u00e0 jour la politique en mati\u00e8re de cookies de notre Site Web. Par cons\u00e9quent, nous vous recommandons de revoir cette politique chaque fois que vous acc\u00e9dez \u00e0 notre Site Web afin d&rsquo;\u00eatre correctement inform\u00e9 sur la mani\u00e8re dont nous utilisons les cookies et sur les raisons pour lesquelles nous les utilisons.<\/span><\/p>\n<p><span style=\"font-weight: 400;\">La Politique en mati\u00e8re de cookies a \u00e9t\u00e9 mise \u00e0 jour pour la derni\u00e8re fois en <\/span><b>f\u00e9vrier 2021. <\/b><\/p>\n<\/div><div class=\"fusion-clearfix\"><\/div><\/div><\/div><\/div><\/div>\n","protected":false},"excerpt":{"rendered":"","protected":false},"author":6,"featured_media":0,"parent":0,"menu_order":0,"comment_status":"closed","ping_status":"closed","template":"","meta":{"_exactmetrics_skip_tracking":false,"_exactmetrics_sitenote_active":false,"_exactmetrics_sitenote_note":"","_exactmetrics_sitenote_category":0,"footnotes":""},"_links":{"self":[{"href":"https:\/\/globalpacta.com\/fr\/wp-json\/wp\/v2\/pages\/17144"}],"collection":[{"href":"https:\/\/globalpacta.com\/fr\/wp-json\/wp\/v2\/pages"}],"about":[{"href":"https:\/\/globalpacta.com\/fr\/wp-json\/wp\/v2\/types\/page"}],"author":[{"embeddable":true,"href":"https:\/\/globalpacta.com\/fr\/wp-json\/wp\/v2\/users\/6"}],"replies":[{"embeddable":true,"href":"https:\/\/globalpacta.com\/fr\/wp-json\/wp\/v2\/comments?post=17144"}],"version-history":[{"count":8,"href":"https:\/\/globalpacta.com\/fr\/wp-json\/wp\/v2\/pages\/17144\/revisions"}],"predecessor-version":[{"id":17209,"href":"https:\/\/globalpacta.com\/fr\/wp-json\/wp\/v2\/pages\/17144\/revisions\/17209"}],"wp:attachment":[{"href":"https:\/\/globalpacta.com\/fr\/wp-json\/wp\/v2\/media?parent=17144"}],"curies":[{"name":"wp","href":"https:\/\/api.w.org\/{rel}","templated":true}]}}