{"id":17218,"date":"2021-03-10T06:41:45","date_gmt":"2021-03-10T06:41:45","guid":{"rendered":"https:\/\/globalpacta.com\/?page_id=17218"},"modified":"2021-05-26T14:28:00","modified_gmt":"2021-05-26T14:28:00","slug":"jose-v-maza","status":"publish","type":"page","link":"https:\/\/globalpacta.com\/fr\/equipo-2\/jose-v-maza\/","title":{"rendered":"JOS\u00c9 V. MAZA"},"content":{"rendered":"<div class=\"fusion-fullwidth fullwidth-box fusion-builder-row-1 gp-single-team nonhundred-percent-fullwidth non-hundred-percent-height-scrolling\" style=\"--awb-background-position:left top;--awb-border-sizes-top:0px;--awb-border-sizes-bottom:0px;--awb-border-sizes-left:0px;--awb-border-sizes-right:0px;--awb-border-radius-top-left:0px;--awb-border-radius-top-right:0px;--awb-border-radius-bottom-right:0px;--awb-border-radius-bottom-left:0px;--awb-padding-top:20px;--awb-padding-bottom:20px;--awb-flex-wrap:wrap;\" ><div class=\"fusion-builder-row fusion-row\"><div class=\"fusion-layout-column fusion_builder_column fusion-builder-column-0 fusion_builder_column_1_2 1_2 fusion-one-half fusion-column-first\" style=\"--awb-bg-size:cover;width:48%; margin-right: 4%;\"><div class=\"fusion-column-wrapper fusion-flex-column-wrapper-legacy\"><div class=\"fusion-image-element fusion-image-align-right in-legacy-container\" style=\"text-align:right;--awb-caption-title-font-family:var(--h2_typography-font-family);--awb-caption-title-font-weight:var(--h2_typography-font-weight);--awb-caption-title-font-style:var(--h2_typography-font-style);--awb-caption-title-size:var(--h2_typography-font-size);--awb-caption-title-transform:var(--h2_typography-text-transform);--awb-caption-title-line-height:var(--h2_typography-line-height);--awb-caption-title-letter-spacing:var(--h2_typography-letter-spacing);\"><span class=\" fusion-imageframe imageframe-none imageframe-1 hover-type-none\" style=\"margin-left:25px;float:right;\"><img decoding=\"async\" width=\"400\" height=\"402\" title=\"Jose-Maza\" src=\"https:\/\/globalpacta.com\/wp-content\/uploads\/2021\/03\/Jose-Maza.jpg\" alt class=\"img-responsive wp-image-17233\" srcset=\"https:\/\/globalpacta.com\/wp-content\/uploads\/2021\/03\/Jose-Maza-200x201.jpg 200w, https:\/\/globalpacta.com\/wp-content\/uploads\/2021\/03\/Jose-Maza.jpg 400w\" sizes=\"(max-width: 800px) 100vw, 400px\" \/><\/span><\/div><div class=\"fusion-clearfix\"><\/div><\/div><\/div><div class=\"fusion-layout-column fusion_builder_column fusion-builder-column-1 fusion_builder_column_1_2 1_2 fusion-one-half fusion-column-last\" style=\"--awb-bg-size:cover;width:48%;\"><div class=\"fusion-column-wrapper fusion-flex-column-wrapper-legacy\"><div class=\"fusion-text fusion-text-1\"><p><strong>Consultant<\/strong><\/p>\n<p>Jos\u00e9 V. Maza a d\u00e9velopp\u00e9 sa carri\u00e8re professionnelle dans les secteurs des biens de consommation, dans le secteur financier et dans le conseil aux entreprises.<\/p>\n<p>Il a d\u00e9but\u00e9 sa carri\u00e8re professionnelle dans l&rsquo;audit et le conseil et est membre accr\u00e9dit\u00e9 du ROAC. Il a occup\u00e9 des postes de responsabilit\u00e9 dans des entit\u00e9s financi\u00e8res pendant plus de cinq ans et a \u00e9t\u00e9 membre du conseil d&rsquo;administration de leurs soci\u00e9t\u00e9s d\u00e9tenues.<\/p>\n<p>Par la suite, il a assum\u00e9 la direction g\u00e9n\u00e9rale des principales soci\u00e9t\u00e9s de biens de consommation sur la sc\u00e8ne nationale et internationale.<\/p>\n<p>De plus, il est membre du conseil d&rsquo;administration et consultant dans des entreprises des secteurs de l&rsquo;agroalimentaire, de la chimie, des services aux entreprises et de la production industrielle.<\/p>\n<p>Expert en conseil aux entreprises, strat\u00e9gie d&rsquo;entreprise, structure organisationnelle, mise en \u0153uvre de projets de croissance et d\u00e9veloppement des affaires.<\/p>\n<p>Dans le domaine de la gouvernance d&rsquo;entreprise, il a con\u00e7u et collabor\u00e9 \u00e0 la d\u00e9finition et \u00e0 la mise en \u0153uvre de protocoles d&rsquo;actionnaires dans des entreprises familiales.<\/p>\n<p>Il fait partie de l\u2019\u00e9quipe de globalpacta depuis 2020.<\/p>\n<p><strong>Formation acad\u00e9mique<\/strong><\/p>\n<p>\u2013 Master Business Administration, ESADE &#8211; Barcelone.<br \/>\n\u2013 Dipl\u00f4me d&rsquo;Economie, Section Affaires &#8211; Saragosse.<br \/>\n\u2013 Programme ADECA, \u00c9cole de commerce San Telmo &#8211; S\u00e9ville.<\/p>\n<p><strong>Langues<\/strong><strong>\u00a0<\/strong><\/p>\n<p>Espagnol et anglais.<\/p>\n<\/div><div class=\"fusion-clearfix\"><\/div><\/div><\/div><\/div><\/div>\n","protected":false},"excerpt":{"rendered":"","protected":false},"author":3,"featured_media":0,"parent":7210,"menu_order":0,"comment_status":"open","ping_status":"open","template":"","meta":{"_exactmetrics_skip_tracking":false,"_exactmetrics_sitenote_active":false,"_exactmetrics_sitenote_note":"","_exactmetrics_sitenote_category":0,"footnotes":""},"_links":{"self":[{"href":"https:\/\/globalpacta.com\/fr\/wp-json\/wp\/v2\/pages\/17218"}],"collection":[{"href":"https:\/\/globalpacta.com\/fr\/wp-json\/wp\/v2\/pages"}],"about":[{"href":"https:\/\/globalpacta.com\/fr\/wp-json\/wp\/v2\/types\/page"}],"author":[{"embeddable":true,"href":"https:\/\/globalpacta.com\/fr\/wp-json\/wp\/v2\/users\/3"}],"replies":[{"embeddable":true,"href":"https:\/\/globalpacta.com\/fr\/wp-json\/wp\/v2\/comments?post=17218"}],"version-history":[{"count":6,"href":"https:\/\/globalpacta.com\/fr\/wp-json\/wp\/v2\/pages\/17218\/revisions"}],"predecessor-version":[{"id":17889,"href":"https:\/\/globalpacta.com\/fr\/wp-json\/wp\/v2\/pages\/17218\/revisions\/17889"}],"up":[{"embeddable":true,"href":"https:\/\/globalpacta.com\/fr\/wp-json\/wp\/v2\/pages\/7210"}],"wp:attachment":[{"href":"https:\/\/globalpacta.com\/fr\/wp-json\/wp\/v2\/media?parent=17218"}],"curies":[{"name":"wp","href":"https:\/\/api.w.org\/{rel}","templated":true}]}}