{"id":17717,"date":"2021-05-21T09:19:02","date_gmt":"2021-05-21T09:19:02","guid":{"rendered":"https:\/\/globalpacta.com\/?page_id=17717"},"modified":"2021-05-21T15:14:40","modified_gmt":"2021-05-21T15:14:40","slug":"clara-moran","status":"publish","type":"page","link":"https:\/\/globalpacta.com\/fr\/equipo-2\/clara-moran\/","title":{"rendered":"CLARA MOR\u00c1N"},"content":{"rendered":"<div class=\"fusion-fullwidth fullwidth-box fusion-builder-row-1 gp-single-team nonhundred-percent-fullwidth non-hundred-percent-height-scrolling\" style=\"--awb-background-position:left top;--awb-border-sizes-top:0px;--awb-border-sizes-bottom:0px;--awb-border-sizes-left:0px;--awb-border-sizes-right:0px;--awb-border-radius-top-left:0px;--awb-border-radius-top-right:0px;--awb-border-radius-bottom-right:0px;--awb-border-radius-bottom-left:0px;--awb-padding-top:20px;--awb-padding-bottom:20px;--awb-flex-wrap:wrap;\" ><div class=\"fusion-builder-row fusion-row\"><div class=\"fusion-layout-column fusion_builder_column fusion-builder-column-0 fusion_builder_column_1_2 1_2 fusion-one-half fusion-column-first\" style=\"--awb-bg-size:cover;width:48%; margin-right: 4%;\"><div class=\"fusion-column-wrapper fusion-flex-column-wrapper-legacy\"><div class=\"fusion-image-element fusion-image-align-right in-legacy-container\" style=\"text-align:right;--awb-caption-title-font-family:var(--h2_typography-font-family);--awb-caption-title-font-weight:var(--h2_typography-font-weight);--awb-caption-title-font-style:var(--h2_typography-font-style);--awb-caption-title-size:var(--h2_typography-font-size);--awb-caption-title-transform:var(--h2_typography-text-transform);--awb-caption-title-line-height:var(--h2_typography-line-height);--awb-caption-title-letter-spacing:var(--h2_typography-letter-spacing);\"><span class=\" fusion-imageframe imageframe-none imageframe-1 hover-type-none\" style=\"margin-left:25px;float:right;\"><img decoding=\"async\" width=\"400\" height=\"402\" title=\"Clara-Moran\" src=\"https:\/\/globalpacta.com\/wp-content\/uploads\/2021\/05\/Clara-Moran.jpg\" alt class=\"img-responsive wp-image-17749\" srcset=\"https:\/\/globalpacta.com\/wp-content\/uploads\/2021\/05\/Clara-Moran-200x201.jpg 200w, https:\/\/globalpacta.com\/wp-content\/uploads\/2021\/05\/Clara-Moran.jpg 400w\" sizes=\"(max-width: 800px) 100vw, 400px\" \/><\/span><\/div><div class=\"fusion-clearfix\"><\/div><\/div><\/div><div class=\"fusion-layout-column fusion_builder_column fusion-builder-column-1 fusion_builder_column_1_2 1_2 fusion-one-half fusion-column-last\" style=\"--awb-bg-size:cover;width:48%;\"><div class=\"fusion-column-wrapper fusion-flex-column-wrapper-legacy\"><div class=\"fusion-text fusion-text-1\"><p><strong>Avocate<\/strong><\/p>\n<p>Clara Mor\u00e1n se consacre \u00e0 la pratique du droit dans les domaines du droit civil, commercial, proc\u00e9dural et bancaire. Auparavant, il pr\u00e9parait des concours pour acc\u00e9der \u00e0 la carri\u00e8re judiciaire et fiscale.<\/p>\n<p>Elle est membre du Barreau de Barcelone depuis 2016.<\/p>\n<p>Elle a fait partie de l&rsquo;\u00e9quipe de globalpacta d&rsquo;avril 2016 \u00e0 mars 2019 et est revenu en mai 2021.<\/p>\n<p><strong>Formation acad\u00e9mique<\/strong><\/p>\n<p>\u2013 Licence en droit. Facult\u00e9 de Barcelone (2008-2013).<br \/>\n\u2013 Cours sur le droit canonique du mariage (nouvelles r\u00e8gles de proc\u00e9dure en vigueur depuis le 08\/12\/2015). Illustres Col\u00b7legi de l\u2019Advocacia de Barcelone (2016).<br \/>\n\u2013 Master en droit fiscal. Illustre Col\u00b7legi de l\u2019Advocacia de Barcelona (2016-2017).<br \/>\n\u2013 S\u00e9minaire sur \u00ab La protection judiciaire contre les clauses abusives et l&rsquo;incidence de la jurisprudence de l&rsquo;Union europ\u00e9enne \u00bb (2017).<br \/>\n\u2013 Cours sur la r\u00e9mun\u00e9ration des administrateurs sociaux (Droit commercial, social et fiscal) (2017).<br \/>\n\u2013 S\u00e9minaire sur \u00ab Banco Popular Actions. Quoi faire maintenant? \u00bb (2017).<br \/>\n\u2013 S\u00e9minaire sur \u00ab La protection des consommateurs et la derni\u00e8re jurisprudence de la Cour supr\u00eame \u00bb (2018).<br \/>\n\u2013 Cours sur la loi 9\/2017, du 8 novembre, sur les march\u00e9s publics (2018).<br \/>\n\u2013 S\u00e9minaire sur \u00ab Analyse de la nouvelle proc\u00e9dure d&rsquo;injonction de reprendre possession en cas d&rsquo;occupation ill\u00e9gale du logement \u00bb (2018).<br \/>\n\u2013 S\u00e9minaire sur \u00ab La validit\u00e9 des accords extrajudiciaires entre les entit\u00e9s financi\u00e8res et les consommateurs. L&rsquo;arr\u00eat de la Cour supr\u00eame du 11\/04\/2018 \u00bb (2018).<\/p>\n<p><strong>Pr\u00e9sentations et entretiens<\/strong><\/p>\n<p>\u2013 Conf\u00e9rencier au <em>Hospitality Innovation Planet<\/em> (HIP 2018, IFEMA). \u00ab Sommet des achats: nouveau rapport technique de l&rsquo;Union europ\u00e9enne sur les march\u00e9s publics durables \u00bb (2018).<br \/>\n\u2013 Interview-radio sur le droit bancaire dans le cadre du programme <em>El salero<\/em> de RADIO KANAL BARCELONA (2018).<br \/>\n\u2013 Conf\u00e9rencier au Congr\u00e8s de la restauration collective 2018 (Madrid). \u00ab March\u00e9s publics. Achats verts: les r\u00e9glementations qui viennent d&rsquo;Europe \u00bb (2018).<\/p>\n<p><strong>Langues<\/strong><\/p>\n<p>Espagnol, catalan et anglais.<\/p>\n<\/div><div class=\"fusion-clearfix\"><\/div><\/div><\/div><\/div><\/div>\n","protected":false},"excerpt":{"rendered":"","protected":false},"author":3,"featured_media":0,"parent":7210,"menu_order":0,"comment_status":"open","ping_status":"closed","template":"","meta":{"_exactmetrics_skip_tracking":false,"_exactmetrics_sitenote_active":false,"_exactmetrics_sitenote_note":"","_exactmetrics_sitenote_category":0,"footnotes":""},"_links":{"self":[{"href":"https:\/\/globalpacta.com\/fr\/wp-json\/wp\/v2\/pages\/17717"}],"collection":[{"href":"https:\/\/globalpacta.com\/fr\/wp-json\/wp\/v2\/pages"}],"about":[{"href":"https:\/\/globalpacta.com\/fr\/wp-json\/wp\/v2\/types\/page"}],"author":[{"embeddable":true,"href":"https:\/\/globalpacta.com\/fr\/wp-json\/wp\/v2\/users\/3"}],"replies":[{"embeddable":true,"href":"https:\/\/globalpacta.com\/fr\/wp-json\/wp\/v2\/comments?post=17717"}],"version-history":[{"count":5,"href":"https:\/\/globalpacta.com\/fr\/wp-json\/wp\/v2\/pages\/17717\/revisions"}],"predecessor-version":[{"id":17843,"href":"https:\/\/globalpacta.com\/fr\/wp-json\/wp\/v2\/pages\/17717\/revisions\/17843"}],"up":[{"embeddable":true,"href":"https:\/\/globalpacta.com\/fr\/wp-json\/wp\/v2\/pages\/7210"}],"wp:attachment":[{"href":"https:\/\/globalpacta.com\/fr\/wp-json\/wp\/v2\/media?parent=17717"}],"curies":[{"name":"wp","href":"https:\/\/api.w.org\/{rel}","templated":true}]}}