{"id":17733,"date":"2021-05-21T09:19:02","date_gmt":"2021-05-21T09:19:02","guid":{"rendered":"https:\/\/globalpacta.com\/?page_id=17733"},"modified":"2021-06-07T14:37:44","modified_gmt":"2021-06-07T14:37:44","slug":"oriol-martinez","status":"publish","type":"page","link":"https:\/\/globalpacta.com\/fr\/equipo-2\/oriol-martinez\/","title":{"rendered":"ORIOL MART\u00cdNEZ"},"content":{"rendered":"<div class=\"fusion-fullwidth fullwidth-box fusion-builder-row-1 gp-single-team nonhundred-percent-fullwidth non-hundred-percent-height-scrolling\" style=\"--awb-background-position:left top;--awb-border-sizes-top:0px;--awb-border-sizes-bottom:0px;--awb-border-sizes-left:0px;--awb-border-sizes-right:0px;--awb-border-radius-top-left:0px;--awb-border-radius-top-right:0px;--awb-border-radius-bottom-right:0px;--awb-border-radius-bottom-left:0px;--awb-padding-top:20px;--awb-padding-bottom:20px;--awb-flex-wrap:wrap;\" ><div class=\"fusion-builder-row fusion-row\"><div class=\"fusion-layout-column fusion_builder_column fusion-builder-column-0 fusion_builder_column_1_2 1_2 fusion-one-half fusion-column-first\" style=\"--awb-bg-size:cover;width:48%; margin-right: 4%;\"><div class=\"fusion-column-wrapper fusion-flex-column-wrapper-legacy\"><div class=\"fusion-image-element fusion-image-align-right in-legacy-container\" style=\"text-align:right;--awb-caption-title-font-family:var(--h2_typography-font-family);--awb-caption-title-font-weight:var(--h2_typography-font-weight);--awb-caption-title-font-style:var(--h2_typography-font-style);--awb-caption-title-size:var(--h2_typography-font-size);--awb-caption-title-transform:var(--h2_typography-text-transform);--awb-caption-title-line-height:var(--h2_typography-line-height);--awb-caption-title-letter-spacing:var(--h2_typography-letter-spacing);\"><span class=\" fusion-imageframe imageframe-none imageframe-1 hover-type-none\" style=\"margin-left:25px;float:right;\"><img decoding=\"async\" width=\"427\" height=\"427\" title=\"Jorge-Galindez-02\" src=\"https:\/\/globalpacta.com\/wp-content\/uploads\/2021\/06\/Jorge-Galindez-02.jpg\" alt class=\"img-responsive wp-image-17988\" srcset=\"https:\/\/globalpacta.com\/wp-content\/uploads\/2021\/06\/Jorge-Galindez-02-200x200.jpg 200w, https:\/\/globalpacta.com\/wp-content\/uploads\/2021\/06\/Jorge-Galindez-02-400x400.jpg 400w, https:\/\/globalpacta.com\/wp-content\/uploads\/2021\/06\/Jorge-Galindez-02.jpg 427w\" sizes=\"(max-width: 800px) 100vw, 427px\" \/><\/span><\/div><div class=\"fusion-clearfix\"><\/div><\/div><\/div><div class=\"fusion-layout-column fusion_builder_column fusion-builder-column-1 fusion_builder_column_1_2 1_2 fusion-one-half fusion-column-last\" style=\"--awb-bg-size:cover;width:48%;\"><div class=\"fusion-column-wrapper fusion-flex-column-wrapper-legacy\"><div class=\"fusion-text fusion-text-1\"><p><strong>Business Development &amp; Marketing Manager<\/strong><\/p>\n<p>Oriol Mart\u00ednez est dipl\u00f4m\u00e9 en administration des affaires et gestion de l&rsquo;ESADE et d&rsquo;un master de la m\u00eame \u00e9cole.<\/p>\n<p>Son parcours professionnel lui conf\u00e8re une exp\u00e9rience intense dans le d\u00e9veloppement des affaires dans des cabinets de conseil en technologie, qui \u00e0 leur tour ont toujours \u00e9t\u00e9 li\u00e9s au monde ins\u00e9parable de la vente et du marketing.<\/p>\n<p>Dans ce dernier domaine, il a \u00e9galement d\u00e9velopp\u00e9 des projets de conseil en communication et en lev\u00e9e de fonds pour des entit\u00e9s du tiers secteur.<\/p>\n<p>Il fait partie de l&rsquo;\u00e9quipe de globalpacta depuis 2021 en tant que directeur adjoint pour promouvoir le d\u00e9veloppement des affaires et diriger le marketing de l&rsquo;entreprise.<\/p>\n<p><strong>Formation acad\u00e9mique<\/strong><\/p>\n<p>\u2013 Licence et Master en administration des affaires et gestion de l&rsquo;ESADE, Universit\u00e9 Ramon Llull.<\/p>\n<p><strong>Langues<\/strong><\/p>\n<p>Espagnol, catalan, anglais et fran\u00e7ais.<\/p>\n<\/div><div class=\"fusion-clearfix\"><\/div><\/div><\/div><\/div><\/div>\n","protected":false},"excerpt":{"rendered":"","protected":false},"author":3,"featured_media":0,"parent":7210,"menu_order":0,"comment_status":"open","ping_status":"closed","template":"","meta":{"_exactmetrics_skip_tracking":false,"_exactmetrics_sitenote_active":false,"_exactmetrics_sitenote_note":"","_exactmetrics_sitenote_category":0,"footnotes":""},"_links":{"self":[{"href":"https:\/\/globalpacta.com\/fr\/wp-json\/wp\/v2\/pages\/17733"}],"collection":[{"href":"https:\/\/globalpacta.com\/fr\/wp-json\/wp\/v2\/pages"}],"about":[{"href":"https:\/\/globalpacta.com\/fr\/wp-json\/wp\/v2\/types\/page"}],"author":[{"embeddable":true,"href":"https:\/\/globalpacta.com\/fr\/wp-json\/wp\/v2\/users\/3"}],"replies":[{"embeddable":true,"href":"https:\/\/globalpacta.com\/fr\/wp-json\/wp\/v2\/comments?post=17733"}],"version-history":[{"count":7,"href":"https:\/\/globalpacta.com\/fr\/wp-json\/wp\/v2\/pages\/17733\/revisions"}],"predecessor-version":[{"id":17999,"href":"https:\/\/globalpacta.com\/fr\/wp-json\/wp\/v2\/pages\/17733\/revisions\/17999"}],"up":[{"embeddable":true,"href":"https:\/\/globalpacta.com\/fr\/wp-json\/wp\/v2\/pages\/7210"}],"wp:attachment":[{"href":"https:\/\/globalpacta.com\/fr\/wp-json\/wp\/v2\/media?parent=17733"}],"curies":[{"name":"wp","href":"https:\/\/api.w.org\/{rel}","templated":true}]}}