{"id":17899,"date":"2021-06-07T07:00:55","date_gmt":"2021-06-07T07:00:55","guid":{"rendered":"https:\/\/globalpacta.com\/?page_id=17899"},"modified":"2021-06-07T15:32:56","modified_gmt":"2021-06-07T15:32:56","slug":"alvaro-torrecillas","status":"publish","type":"page","link":"https:\/\/globalpacta.com\/fr\/equipo-2\/alvaro-torrecillas\/","title":{"rendered":"\u00c1LVARO TORRECILLAS"},"content":{"rendered":"<div class=\"fusion-fullwidth fullwidth-box fusion-builder-row-1 gp-single-team nonhundred-percent-fullwidth non-hundred-percent-height-scrolling\" style=\"--awb-background-position:left top;--awb-border-sizes-top:0px;--awb-border-sizes-bottom:0px;--awb-border-sizes-left:0px;--awb-border-sizes-right:0px;--awb-border-radius-top-left:0px;--awb-border-radius-top-right:0px;--awb-border-radius-bottom-right:0px;--awb-border-radius-bottom-left:0px;--awb-padding-top:20px;--awb-padding-bottom:20px;--awb-flex-wrap:wrap;\" ><div class=\"fusion-builder-row fusion-row\"><div class=\"fusion-layout-column fusion_builder_column fusion-builder-column-0 fusion_builder_column_1_2 1_2 fusion-one-half fusion-column-first\" style=\"--awb-bg-size:cover;width:48%; margin-right: 4%;\"><div class=\"fusion-column-wrapper fusion-flex-column-wrapper-legacy\"><div class=\"fusion-image-element fusion-image-align-right in-legacy-container\" style=\"text-align:right;--awb-caption-title-font-family:var(--h2_typography-font-family);--awb-caption-title-font-weight:var(--h2_typography-font-weight);--awb-caption-title-font-style:var(--h2_typography-font-style);--awb-caption-title-size:var(--h2_typography-font-size);--awb-caption-title-transform:var(--h2_typography-text-transform);--awb-caption-title-line-height:var(--h2_typography-line-height);--awb-caption-title-letter-spacing:var(--h2_typography-letter-spacing);\"><span class=\" fusion-imageframe imageframe-none imageframe-1 hover-type-none\" style=\"margin-left:25px;float:right;\"><img decoding=\"async\" width=\"427\" height=\"427\" title=\"Alvaro\" src=\"https:\/\/globalpacta.com\/wp-content\/uploads\/2021\/06\/Alvaro.jpg\" alt class=\"img-responsive wp-image-18041\" srcset=\"https:\/\/globalpacta.com\/wp-content\/uploads\/2021\/06\/Alvaro-200x200.jpg 200w, https:\/\/globalpacta.com\/wp-content\/uploads\/2021\/06\/Alvaro-400x400.jpg 400w, https:\/\/globalpacta.com\/wp-content\/uploads\/2021\/06\/Alvaro.jpg 427w\" sizes=\"(max-width: 800px) 100vw, 427px\" \/><\/span><\/div><div class=\"fusion-clearfix\"><\/div><\/div><\/div><div class=\"fusion-layout-column fusion_builder_column fusion-builder-column-1 fusion_builder_column_1_2 1_2 fusion-one-half fusion-column-last\" style=\"--awb-bg-size:cover;width:48%;\"><div class=\"fusion-column-wrapper fusion-flex-column-wrapper-legacy\"><div class=\"fusion-text fusion-text-1\"><p><strong>Avocat<\/strong><\/p>\n<p>\u00c1lvaro Torrecillas, membre du Barreau de Guadalajara et plus tard \u00e0 Madrid, a commenc\u00e9 sa carri\u00e8re professionnelle dans le droit administratif local et le droit administratif contentieux, qui ont tous contribu\u00e9 \u00e0 cr\u00e9er un profil de travail dans la branche du droit public en g\u00e9n\u00e9ral, ainsi que en droit immobilier et urbain, avoir l&rsquo;opportunit\u00e9 de repr\u00e9senter et d&rsquo;assister des particuliers et des entreprises priv\u00e9es face \u00e0 l&rsquo;activit\u00e9 la plus diversifi\u00e9e de l&rsquo;administration publique, tout en \u00e9tant capable de d\u00e9fendre les int\u00e9r\u00eats de cette derni\u00e8re en conseillant les mairies et les entreprises du secteur public de l\u2019\u00c9tat, r\u00e9gional et local.<\/p>\n<p>Tout cela lui a permis de se sp\u00e9cialiser dans les diff\u00e9rents types de proc\u00e9dures, tant administratives que proc\u00e9durales, agissant dans toutes les instances juridictionnelles, y compris la Cour supr\u00eame, la Cour constitutionnelle et la Cour europ\u00e9enne des droits de l&rsquo;homme.<\/p>\n<p>Ses principaux domaines de travail juridiques ont \u00e9t\u00e9: le droit public g\u00e9n\u00e9ral, la fiscalit\u00e9, les proc\u00e9dures contentieuses-administratives et fiscales contentieuses, le droit des march\u00e9s publics, le droit immobilier et urbain (planification, gestion et discipline), la fonction publique, le droit des sanctions administratives, la responsabilit\u00e9 contractuelle. et non contractuelle (patrimoniale) des pouvoirs publics, n\u00e9gligence m\u00e9dicale, loi touristique et autorisatrice, aides et subventions publiques et fondations et associations.<\/p>\n<p>Et dans d&rsquo;autres domaines ou secteurs sp\u00e9cifiques du droit public: droit de l&rsquo;environnement, droit administratif local, d\u00e9linquance de l&rsquo;Administration, r\u00e9glementations sectorielles (c\u00f4tes, montagnes, mines, servitudes a\u00e9ronautiques, etc.), domaine public et services publics, expropriation et servitudes obligatoires, audits juridiques dans le secteur public et les secteurs r\u00e9glement\u00e9s (\u00e9nergie, transports, infrastructures, sant\u00e9, secteur alimentaire, etc.).<\/p>\n<p>Il fait partie de l&rsquo;\u00e9quipe de globalpacta depuis 2020.<\/p>\n<p><strong>Formation acad\u00e9mique<\/strong><\/p>\n<p>\u2013 Licence en droit (sp\u00e9cialit\u00e9 juridique-business). Universit\u00e9 San Pablo CEU, Madrid.<br \/>\n\u2013 Master en urbanisme et am\u00e9nagement du territoire. \u00c9cole de commerce San Pablo CEU, Madrid.<br \/>\n\u2013 Cours avanc\u00e9 de conformit\u00e9 d&rsquo;entreprise UNIR.<\/p>\n<p><strong>Langues<\/strong><\/p>\n<p>Espagnol et anglais.<\/p>\n<\/div><div class=\"fusion-clearfix\"><\/div><\/div><\/div><\/div><\/div>\n","protected":false},"excerpt":{"rendered":"","protected":false},"author":3,"featured_media":0,"parent":7210,"menu_order":0,"comment_status":"open","ping_status":"open","template":"","meta":{"_exactmetrics_skip_tracking":false,"_exactmetrics_sitenote_active":false,"_exactmetrics_sitenote_note":"","_exactmetrics_sitenote_category":0,"footnotes":""},"_links":{"self":[{"href":"https:\/\/globalpacta.com\/fr\/wp-json\/wp\/v2\/pages\/17899"}],"collection":[{"href":"https:\/\/globalpacta.com\/fr\/wp-json\/wp\/v2\/pages"}],"about":[{"href":"https:\/\/globalpacta.com\/fr\/wp-json\/wp\/v2\/types\/page"}],"author":[{"embeddable":true,"href":"https:\/\/globalpacta.com\/fr\/wp-json\/wp\/v2\/users\/3"}],"replies":[{"embeddable":true,"href":"https:\/\/globalpacta.com\/fr\/wp-json\/wp\/v2\/comments?post=17899"}],"version-history":[{"count":7,"href":"https:\/\/globalpacta.com\/fr\/wp-json\/wp\/v2\/pages\/17899\/revisions"}],"predecessor-version":[{"id":18080,"href":"https:\/\/globalpacta.com\/fr\/wp-json\/wp\/v2\/pages\/17899\/revisions\/18080"}],"up":[{"embeddable":true,"href":"https:\/\/globalpacta.com\/fr\/wp-json\/wp\/v2\/pages\/7210"}],"wp:attachment":[{"href":"https:\/\/globalpacta.com\/fr\/wp-json\/wp\/v2\/media?parent=17899"}],"curies":[{"name":"wp","href":"https:\/\/api.w.org\/{rel}","templated":true}]}}