{"id":18621,"date":"2022-02-11T15:50:43","date_gmt":"2022-02-11T15:50:43","guid":{"rendered":"https:\/\/globalpacta.com\/?page_id=18621"},"modified":"2024-05-28T10:21:57","modified_gmt":"2024-05-28T10:21:57","slug":"marcos-laguarta","status":"publish","type":"page","link":"https:\/\/globalpacta.com\/fr\/equipo-2\/marcos-laguarta\/","title":{"rendered":"MARCOS LAGUARTA"},"content":{"rendered":"<div class=\"fusion-fullwidth fullwidth-box fusion-builder-row-1 gp-single-team nonhundred-percent-fullwidth non-hundred-percent-height-scrolling\" style=\"--awb-background-position:left top;--awb-border-sizes-top:0px;--awb-border-sizes-bottom:0px;--awb-border-sizes-left:0px;--awb-border-sizes-right:0px;--awb-border-radius-top-left:0px;--awb-border-radius-top-right:0px;--awb-border-radius-bottom-right:0px;--awb-border-radius-bottom-left:0px;--awb-padding-top:20px;--awb-padding-bottom:20px;--awb-flex-wrap:wrap;\" ><div class=\"fusion-builder-row fusion-row\"><div class=\"fusion-layout-column fusion_builder_column fusion-builder-column-0 fusion_builder_column_1_2 1_2 fusion-one-half fusion-column-first\" style=\"--awb-bg-size:cover;width:48%; margin-right: 4%;\"><div class=\"fusion-column-wrapper fusion-flex-column-wrapper-legacy\"><div class=\"fusion-image-element fusion-image-align-right in-legacy-container\" style=\"text-align:right;--awb-caption-title-font-family:var(--h2_typography-font-family);--awb-caption-title-font-weight:var(--h2_typography-font-weight);--awb-caption-title-font-style:var(--h2_typography-font-style);--awb-caption-title-size:var(--h2_typography-font-size);--awb-caption-title-transform:var(--h2_typography-text-transform);--awb-caption-title-line-height:var(--h2_typography-line-height);--awb-caption-title-letter-spacing:var(--h2_typography-letter-spacing);\"><span class=\" fusion-imageframe imageframe-none imageframe-1 hover-type-none\" style=\"margin-left:25px;float:right;\"><img decoding=\"async\" width=\"427\" height=\"427\" title=\"Marcos-Laguarta\" src=\"https:\/\/globalpacta.com\/wp-content\/uploads\/2022\/02\/Marcos-Laguarta.jpg\" alt class=\"img-responsive wp-image-18637\" srcset=\"https:\/\/globalpacta.com\/wp-content\/uploads\/2022\/02\/Marcos-Laguarta-200x200.jpg 200w, https:\/\/globalpacta.com\/wp-content\/uploads\/2022\/02\/Marcos-Laguarta-400x400.jpg 400w, https:\/\/globalpacta.com\/wp-content\/uploads\/2022\/02\/Marcos-Laguarta.jpg 427w\" sizes=\"(max-width: 800px) 100vw, 427px\" \/><\/span><\/div><div class=\"fusion-clearfix\"><\/div><\/div><\/div><div class=\"fusion-layout-column fusion_builder_column fusion-builder-column-1 fusion_builder_column_1_2 1_2 fusion-one-half fusion-column-last\" style=\"--awb-bg-size:cover;width:48%;\"><div class=\"fusion-column-wrapper fusion-flex-column-wrapper-legacy\"><div class=\"fusion-text fusion-text-1\"><p><strong>Avocat<\/strong><\/p>\n<p>Marcos Laguarta, apr\u00e8s avoir effectu\u00e9 le stage de Master en Droit, a rejoint globalpacta en tant que parajuriste et exerce actuellement comme avocat sp\u00e9cialis\u00e9 dans le domaine du droit commercial.<\/p>\n<p>De plus, il collabore avec notre French Desk sur des questions immobili\u00e8res tant au niveau national qu&rsquo;international.<\/p>\n<p>Il est membre du Il\u00b7lustre Col\u00b7legi de l&rsquo;Advocacia de Barcelona depuis 2023.<\/p>\n<p><strong>Formation acad\u00e9mique<\/strong><\/p>\n<p>\u2013 Double dipl\u00f4me en Administration et Gestion des Entreprises et Droit de l\u2019Universit\u00e9 Autonome de Barcelone.<\/p>\n<p>\u2013 Master en Droit de l&rsquo;Universit\u00e9 Pompeu Fabra \u2013 BSM.<\/p>\n<p>&#8211; Cours sur la fiscalit\u00e9 associ\u00e9e aux restructurations d&rsquo;entreprises et la Due Diligence. ICAB, Barcelone (2024)<\/p>\n<p><strong>Langues<\/strong><\/p>\n<p>Espagnol, catalan, anglais et fran\u00e7ais.<\/p>\n<\/div><div class=\"fusion-clearfix\"><\/div><\/div><\/div><\/div><\/div>\n","protected":false},"excerpt":{"rendered":"","protected":false},"author":3,"featured_media":0,"parent":7210,"menu_order":0,"comment_status":"open","ping_status":"open","template":"","meta":{"_exactmetrics_skip_tracking":false,"_exactmetrics_sitenote_active":false,"_exactmetrics_sitenote_note":"","_exactmetrics_sitenote_category":0,"footnotes":""},"_links":{"self":[{"href":"https:\/\/globalpacta.com\/fr\/wp-json\/wp\/v2\/pages\/18621"}],"collection":[{"href":"https:\/\/globalpacta.com\/fr\/wp-json\/wp\/v2\/pages"}],"about":[{"href":"https:\/\/globalpacta.com\/fr\/wp-json\/wp\/v2\/types\/page"}],"author":[{"embeddable":true,"href":"https:\/\/globalpacta.com\/fr\/wp-json\/wp\/v2\/users\/3"}],"replies":[{"embeddable":true,"href":"https:\/\/globalpacta.com\/fr\/wp-json\/wp\/v2\/comments?post=18621"}],"version-history":[{"count":6,"href":"https:\/\/globalpacta.com\/fr\/wp-json\/wp\/v2\/pages\/18621\/revisions"}],"predecessor-version":[{"id":22877,"href":"https:\/\/globalpacta.com\/fr\/wp-json\/wp\/v2\/pages\/18621\/revisions\/22877"}],"up":[{"embeddable":true,"href":"https:\/\/globalpacta.com\/fr\/wp-json\/wp\/v2\/pages\/7210"}],"wp:attachment":[{"href":"https:\/\/globalpacta.com\/fr\/wp-json\/wp\/v2\/media?parent=18621"}],"curies":[{"name":"wp","href":"https:\/\/api.w.org\/{rel}","templated":true}]}}