{"id":22091,"date":"2024-04-22T17:41:41","date_gmt":"2024-04-22T17:41:41","guid":{"rendered":"https:\/\/globalpacta.com\/?page_id=22091"},"modified":"2024-04-23T19:22:06","modified_gmt":"2024-04-23T19:22:06","slug":"marga-mateu","status":"publish","type":"page","link":"https:\/\/globalpacta.com\/fr\/equipo-2\/marga-mateu\/","title":{"rendered":"Marga Mateu"},"content":{"rendered":"<div class=\"fusion-fullwidth fullwidth-box fusion-builder-row-1 gp-single-team nonhundred-percent-fullwidth non-hundred-percent-height-scrolling\" style=\"--awb-background-position:left top;--awb-border-sizes-top:0px;--awb-border-sizes-bottom:0px;--awb-border-sizes-left:0px;--awb-border-sizes-right:0px;--awb-border-radius-top-left:0px;--awb-border-radius-top-right:0px;--awb-border-radius-bottom-right:0px;--awb-border-radius-bottom-left:0px;--awb-padding-top:20px;--awb-padding-bottom:20px;--awb-flex-wrap:wrap;\" ><div class=\"fusion-builder-row fusion-row\"><div class=\"fusion-layout-column fusion_builder_column fusion-builder-column-0 fusion_builder_column_1_2 1_2 fusion-one-half fusion-column-first\" style=\"--awb-bg-size:cover;width:48%; margin-right: 4%;\"><div class=\"fusion-column-wrapper fusion-flex-column-wrapper-legacy\"><div class=\"fusion-image-element fusion-image-align-center in-legacy-container\" style=\"text-align:center;--awb-caption-title-font-family:var(--h2_typography-font-family);--awb-caption-title-font-weight:var(--h2_typography-font-weight);--awb-caption-title-font-style:var(--h2_typography-font-style);--awb-caption-title-size:var(--h2_typography-font-size);--awb-caption-title-transform:var(--h2_typography-text-transform);--awb-caption-title-line-height:var(--h2_typography-line-height);--awb-caption-title-letter-spacing:var(--h2_typography-letter-spacing);\"><div class=\"imageframe-align-center\"><span class=\" fusion-imageframe imageframe-none imageframe-1 hover-type-none\"><img decoding=\"async\" width=\"1200\" height=\"1206\" title=\"globalpacta-Marga-Mateu\" src=\"https:\/\/globalpacta.com\/wp-content\/uploads\/2024\/04\/globalpacta-Marga-Mateu.jpg\" alt class=\"img-responsive wp-image-22202\" srcset=\"https:\/\/globalpacta.com\/wp-content\/uploads\/2024\/04\/globalpacta-Marga-Mateu-200x201.jpg 200w, https:\/\/globalpacta.com\/wp-content\/uploads\/2024\/04\/globalpacta-Marga-Mateu-400x402.jpg 400w, https:\/\/globalpacta.com\/wp-content\/uploads\/2024\/04\/globalpacta-Marga-Mateu-600x603.jpg 600w, https:\/\/globalpacta.com\/wp-content\/uploads\/2024\/04\/globalpacta-Marga-Mateu-800x804.jpg 800w, https:\/\/globalpacta.com\/wp-content\/uploads\/2024\/04\/globalpacta-Marga-Mateu.jpg 1200w\" sizes=\"(max-width: 800px) 100vw, 800px\" \/><\/span><\/div><\/div><div class=\"fusion-clearfix\"><\/div><\/div><\/div><div class=\"fusion-layout-column fusion_builder_column fusion-builder-column-1 fusion_builder_column_1_2 1_2 fusion-one-half fusion-column-last\" style=\"--awb-bg-size:cover;width:48%;\"><div class=\"fusion-column-wrapper fusion-flex-column-wrapper-legacy\"><div class=\"fusion-text fusion-text-1\"><p><strong>Consultant en organisation et en ressources humaines &#8211; Consultant en ressources humaines<\/strong><\/p>\n<p>Apr\u00e8s avoir exerc\u00e9 les fonctions de Directrice des Ressources Humaines, elle d\u00e9veloppe depuis 2015 son activit\u00e9 professionnelle en tant que Directrice de l&rsquo;Organisation et des Ressources Humaines chez Interim pour PME (\u00e0 temps partiel).<\/p>\n<p>Elle r\u00e9alise des projets de conseil en ressources humaines et autres domaines connexes : culture organisationnelle, plan strat\u00e9gique, processus organisationnels, communication interne et conception de syst\u00e8mes num\u00e9riques associ\u00e9s, entre autres.<\/p>\n<p>Sp\u00e9cialis\u00e9 dans le mentorat organisationnel pour les entreprises familiales, les managers et les dirigeants.<\/p>\n<p><strong>Formation acad\u00e9mique<\/strong><br \/>Dipl\u00f4me en psychologie (sp\u00e9cialisation psychologie clinique et industrielle),<br \/>Dipl\u00f4me d&rsquo;\u00e9tudes sup\u00e9rieures en droit du travail de l&rsquo;UB.<br \/>MBA de l&rsquo;EAE Barcelone<br \/>PDD de l&rsquo;IESE Barcelone<br \/>Coach Agile (\u00c9cole de Commerce La Salle)<br \/>Coach Professionnel Certifi\u00e9 (2011), par l&rsquo;ICF, International Coach Federation. Certifi\u00e9 par l&rsquo;Ecole Humaniste.<br \/>Collabore dans le domaine de l\u2019enseignement dans diff\u00e9rentes organisations.<br \/>Certifi\u00e9 par l&rsquo;UB comme agent d&rsquo;\u00e9galit\u00e9 dans les organisations.<\/p>\n<p><strong>Secteurs dans lesquels elle a d\u00e9velopp\u00e9 sa carri\u00e8re professionnelle.<\/strong><\/p>\n<p>H\u00f4tellerie-restauration, conseil, mutuelle patronale, assurances, \u00e9ducation, sant\u00e9, logistique, jeux et loisirs, commerce de d\u00e9tail, \u00e9v\u00e9nementiel mode, grands magasins, textile, \u00e9nergie, stands, services\u2026<\/p>\n<p><strong>En tant que personne<\/strong><\/p>\n<p>Elle est passionn\u00e9e par les d\u00e9fis et les projets stimulants, ceux qui recherchent la coh\u00e9rence entre le plan strat\u00e9gique global des entreprises et les besoins des personnes qui les composent. L\u2019opportunit\u00e9 offerte par le changement, l\u2019imm\u00e9diatet\u00e9, voire les crises.<br \/>Sa vision globale de l&rsquo;entreprise, la d\u00e9tection des priorit\u00e9s d&rsquo;action, une orientation claire vers les r\u00e9sultats et un engagement transversal en faveur de la communication et de la technologie se d\u00e9marquent.<br \/>Majorquine, bas\u00e9 \u00e0 Barcelone et grande voyageuse.<\/p>\n<p><strong>Langues<\/strong><br \/>Espagnol<br \/>Catalan<br \/>Anglais<br \/>Fran\u00e7ais<\/p>\n<\/div><div class=\"fusion-clearfix\"><\/div><\/div><\/div><\/div><\/div>\n","protected":false},"excerpt":{"rendered":"","protected":false},"author":3,"featured_media":0,"parent":7210,"menu_order":0,"comment_status":"open","ping_status":"open","template":"","meta":{"_exactmetrics_skip_tracking":false,"_exactmetrics_sitenote_active":false,"_exactmetrics_sitenote_note":"","_exactmetrics_sitenote_category":0,"footnotes":""},"_links":{"self":[{"href":"https:\/\/globalpacta.com\/fr\/wp-json\/wp\/v2\/pages\/22091"}],"collection":[{"href":"https:\/\/globalpacta.com\/fr\/wp-json\/wp\/v2\/pages"}],"about":[{"href":"https:\/\/globalpacta.com\/fr\/wp-json\/wp\/v2\/types\/page"}],"author":[{"embeddable":true,"href":"https:\/\/globalpacta.com\/fr\/wp-json\/wp\/v2\/users\/3"}],"replies":[{"embeddable":true,"href":"https:\/\/globalpacta.com\/fr\/wp-json\/wp\/v2\/comments?post=22091"}],"version-history":[{"count":20,"href":"https:\/\/globalpacta.com\/fr\/wp-json\/wp\/v2\/pages\/22091\/revisions"}],"predecessor-version":[{"id":22217,"href":"https:\/\/globalpacta.com\/fr\/wp-json\/wp\/v2\/pages\/22091\/revisions\/22217"}],"up":[{"embeddable":true,"href":"https:\/\/globalpacta.com\/fr\/wp-json\/wp\/v2\/pages\/7210"}],"wp:attachment":[{"href":"https:\/\/globalpacta.com\/fr\/wp-json\/wp\/v2\/media?parent=22091"}],"curies":[{"name":"wp","href":"https:\/\/api.w.org\/{rel}","templated":true}]}}