{"id":22813,"date":"2024-05-28T10:13:15","date_gmt":"2024-05-28T10:13:15","guid":{"rendered":"https:\/\/globalpacta.com\/?page_id=22813"},"modified":"2024-06-04T10:38:30","modified_gmt":"2024-06-04T10:38:30","slug":"terenciano-alvarez","status":"publish","type":"page","link":"https:\/\/globalpacta.com\/fr\/equipo-2\/terenciano-alvarez\/","title":{"rendered":"TERENCIANO ALVAREZ"},"content":{"rendered":"<div class=\"fusion-fullwidth fullwidth-box fusion-builder-row-1 gp-single-team nonhundred-percent-fullwidth non-hundred-percent-height-scrolling\" style=\"--awb-background-position:left top;--awb-border-sizes-top:0px;--awb-border-sizes-bottom:0px;--awb-border-sizes-left:0px;--awb-border-sizes-right:0px;--awb-border-radius-top-left:0px;--awb-border-radius-top-right:0px;--awb-border-radius-bottom-right:0px;--awb-border-radius-bottom-left:0px;--awb-padding-top:20px;--awb-padding-bottom:20px;--awb-flex-wrap:wrap;\" ><div class=\"fusion-builder-row fusion-row\"><div class=\"fusion-layout-column fusion_builder_column fusion-builder-column-0 fusion_builder_column_1_2 1_2 fusion-one-half fusion-column-first\" style=\"--awb-bg-size:cover;width:48%; margin-right: 4%;\"><div class=\"fusion-column-wrapper fusion-flex-column-wrapper-legacy\"><div class=\"fusion-image-element fusion-image-align-right in-legacy-container\" style=\"text-align:right;--awb-caption-title-font-family:var(--h2_typography-font-family);--awb-caption-title-font-weight:var(--h2_typography-font-weight);--awb-caption-title-font-style:var(--h2_typography-font-style);--awb-caption-title-size:var(--h2_typography-font-size);--awb-caption-title-transform:var(--h2_typography-text-transform);--awb-caption-title-line-height:var(--h2_typography-line-height);--awb-caption-title-letter-spacing:var(--h2_typography-letter-spacing);\"><span class=\" fusion-imageframe imageframe-none imageframe-1 hover-type-none\" style=\"margin-left:25px;float:right;\"><img decoding=\"async\" width=\"2254\" height=\"2258\" title=\"fotoTerenciano\" src=\"https:\/\/globalpacta.com\/wp-content\/uploads\/2024\/05\/fotoTerenciano.jpg\" alt class=\"img-responsive wp-image-22828\"\/><\/span><\/div><div class=\"fusion-clearfix\"><\/div><\/div><\/div><div class=\"fusion-layout-column fusion_builder_column fusion-builder-column-1 fusion_builder_column_1_2 1_2 fusion-one-half fusion-column-last\" style=\"--awb-bg-size:cover;width:48%;\"><div class=\"fusion-column-wrapper fusion-flex-column-wrapper-legacy\"><div class=\"fusion-text fusion-text-1\"><p><strong>Avocate<\/strong><\/p>\n<p>Avocate sp\u00e9cialis\u00e9e en droit des successions, droit fiscal et droit de l&rsquo;enregistrement, avec 24 ans d&rsquo;exp\u00e9rience en tant qu&rsquo;officier du cadastre, responsable d&rsquo;un bureau de liquidation de district hypoth\u00e9caire bas\u00e9 en Catalogne, faisant partie de l&rsquo;Agence fiscale catalane (Ag\u00e8ncia Tribut\u00e0ria de Catalunya).<\/p>\n<p>Depuis 2013, il travaille en ind\u00e9pendant en conseillant des particuliers, des entreprises, des professionnels du secteur immobilier, ainsi que d&rsquo;autres coll\u00e8gues, avocats et conseillers, qui ont besoin de ses connaissances sp\u00e9cialis\u00e9es en mati\u00e8re de transactions immobili\u00e8res ou de registres complexes, d&rsquo;imp\u00f4ts sur les successions, et les donations, ainsi que de PTI et de DJA.<\/p>\n<p>Il poss\u00e8de \u00e9galement une connaissance approfondie des proc\u00e9dures fiscales et des moyens de contester tout imp\u00f4t dans tous les domaines et toutes les administrations.<\/p>\n<p>Il est membre de l&rsquo;Ordre des avocats de Barcelone depuis 1995.<\/p>\n<p><strong>Formation acad\u00e9mique<\/strong><\/p>\n<p>\u2013 Licenci\u00e9 en droit de l&rsquo;Universit\u00e9 Complutense de Madrid.<\/p>\n<p><strong>Langues<\/strong><\/p>\n<p>Espagnol, catalan et anglais.<\/p>\n<\/div><div class=\"fusion-clearfix\"><\/div><\/div><\/div><\/div><\/div>\n","protected":false},"excerpt":{"rendered":"","protected":false},"author":3,"featured_media":0,"parent":7210,"menu_order":0,"comment_status":"open","ping_status":"closed","template":"","meta":{"_exactmetrics_skip_tracking":false,"_exactmetrics_sitenote_active":false,"_exactmetrics_sitenote_note":"","_exactmetrics_sitenote_category":0,"footnotes":""},"_links":{"self":[{"href":"https:\/\/globalpacta.com\/fr\/wp-json\/wp\/v2\/pages\/22813"}],"collection":[{"href":"https:\/\/globalpacta.com\/fr\/wp-json\/wp\/v2\/pages"}],"about":[{"href":"https:\/\/globalpacta.com\/fr\/wp-json\/wp\/v2\/types\/page"}],"author":[{"embeddable":true,"href":"https:\/\/globalpacta.com\/fr\/wp-json\/wp\/v2\/users\/3"}],"replies":[{"embeddable":true,"href":"https:\/\/globalpacta.com\/fr\/wp-json\/wp\/v2\/comments?post=22813"}],"version-history":[{"count":4,"href":"https:\/\/globalpacta.com\/fr\/wp-json\/wp\/v2\/pages\/22813\/revisions"}],"predecessor-version":[{"id":22869,"href":"https:\/\/globalpacta.com\/fr\/wp-json\/wp\/v2\/pages\/22813\/revisions\/22869"}],"up":[{"embeddable":true,"href":"https:\/\/globalpacta.com\/fr\/wp-json\/wp\/v2\/pages\/7210"}],"wp:attachment":[{"href":"https:\/\/globalpacta.com\/fr\/wp-json\/wp\/v2\/media?parent=22813"}],"curies":[{"name":"wp","href":"https:\/\/api.w.org\/{rel}","templated":true}]}}