{"id":5796,"date":"2017-11-21T14:45:35","date_gmt":"2017-11-21T14:45:35","guid":{"rendered":"https:\/\/globalpacta.com\/rsc"},"modified":"2017-12-27T16:46:02","modified_gmt":"2017-12-27T16:46:02","slug":"rsc","status":"publish","type":"page","link":"https:\/\/globalpacta.com\/fr\/rsc\/","title":{"rendered":"RSE"},"content":{"rendered":"<p><div class=\"fusion-fullwidth fullwidth-box fusion-builder-row-1 nonhundred-percent-fullwidth non-hundred-percent-height-scrolling\" style=\"--awb-background-position:left top;--awb-border-radius-top-left:0px;--awb-border-radius-top-right:0px;--awb-border-radius-bottom-right:0px;--awb-border-radius-bottom-left:0px;--awb-padding-top:50px;--awb-padding-bottom:100px;--awb-border-sizes-top:0px;--awb-border-sizes-bottom:0px;--awb-flex-wrap:wrap;\" ><div class=\"fusion-builder-row fusion-row\"><div class=\"fusion-layout-column fusion_builder_column fusion-builder-column-0 fusion_builder_column_1_1 1_1 fusion-one-full fusion-column-first fusion-column-last green-border rounded-border\" style=\"--awb-padding-top:40px;--awb-padding-right:60px;--awb-padding-bottom:20px;--awb-padding-left:60px;--awb-bg-color:#ffffff;--awb-bg-color-hover:#ffffff;--awb-bg-size:cover;--awb-border-color:#e2e2e2;--awb-border-top:1px;--awb-border-right:1px;--awb-border-bottom:1px;--awb-border-left:1px;--awb-border-style:solid;\"><div class=\"fusion-column-wrapper fusion-flex-column-wrapper-legacy\"><div class=\"fusion-text fusion-text-1\"><p><strong>RESPONSABILIT\u00c9 SOCIALE DES ENTREPRISES (RSE)<\/strong><\/p>\n<p>Les entreprises engag\u00e9es en RSE, sont r\u00e9gies par des normes \u00e9thiques et culturelles, qui touchent aussi bien leurs associ\u00e9s que leur personnel, et contribuent activement et volontairement \u00e0 l&rsquo;am\u00e9lioration sociale, \u00e9conomique et environnementale de la soci\u00e9t\u00e9.<\/p>\n<p>Les objectifs que poursuit Globalpacta avec la mise en \u0153uvre de la RSE sont d&rsquo;informer et d&rsquo;\u00e9duquer les gens dans leurs relations juridiques et fournir des solutions de pr\u00e9vention aux situations des risques. De plus, cela nous permet de sensibiliser et d&rsquo;informer sur des affaires ordinaires ayant des implications juridiques. En outre, globalpacta apporte le droit \u00e0 ceux qui n&rsquo;ont pas de connaissances techniques et juridiques et leur explique le contenu et les cons\u00e9quences pratiques de la loi.<\/p>\n<p>\u00c0 l&rsquo;heure actuelle, Globalpacta concr\u00e9tise la RSE en proposant des conf\u00e9rences d&rsquo;information sur les aspects pratiques du droit dans la vie quotidienne, destin\u00e9es aux familles et aux parents d&rsquo;\u00e9l\u00e8ves dans les \u00e9coles.<\/p>\n<\/div><div class=\"fusion-clearfix\"><\/div><\/div><\/div><\/div><\/div><div class=\"fusion-fullwidth fullwidth-box fusion-builder-row-2 hundred-percent-fullwidth non-hundred-percent-height-scrolling\" style=\"--awb-border-radius-top-left:0px;--awb-border-radius-top-right:0px;--awb-border-radius-bottom-right:0px;--awb-border-radius-bottom-left:0px;--awb-overflow:visible;--awb-padding-right:30px;--awb-padding-left:30px;--awb-flex-wrap:wrap;\" ><div class=\"fusion-builder-row fusion-row\"><div class=\"fusion-layout-column fusion_builder_column fusion-builder-column-1 fusion_builder_column_1_1 1_1 fusion-one-full fusion-column-first fusion-column-last fusion-column-no-min-height\" style=\"--awb-bg-size:cover;--awb-margin-bottom:0px;\"><div class=\"fusion-column-wrapper fusion-flex-column-wrapper-legacy\"><div class=\"fusion-text fusion-text-2\"><\/div><div class=\"fusion-clearfix\"><\/div><\/div><\/div><\/div><\/div><\/p>\n","protected":false},"excerpt":{"rendered":"","protected":false},"author":3,"featured_media":0,"parent":0,"menu_order":0,"comment_status":"closed","ping_status":"open","template":"100-width.php","meta":{"_exactmetrics_skip_tracking":false,"_exactmetrics_sitenote_active":false,"_exactmetrics_sitenote_note":"","_exactmetrics_sitenote_category":0,"footnotes":""},"_links":{"self":[{"href":"https:\/\/globalpacta.com\/fr\/wp-json\/wp\/v2\/pages\/5796"}],"collection":[{"href":"https:\/\/globalpacta.com\/fr\/wp-json\/wp\/v2\/pages"}],"about":[{"href":"https:\/\/globalpacta.com\/fr\/wp-json\/wp\/v2\/types\/page"}],"author":[{"embeddable":true,"href":"https:\/\/globalpacta.com\/fr\/wp-json\/wp\/v2\/users\/3"}],"replies":[{"embeddable":true,"href":"https:\/\/globalpacta.com\/fr\/wp-json\/wp\/v2\/comments?post=5796"}],"version-history":[{"count":3,"href":"https:\/\/globalpacta.com\/fr\/wp-json\/wp\/v2\/pages\/5796\/revisions"}],"predecessor-version":[{"id":6979,"href":"https:\/\/globalpacta.com\/fr\/wp-json\/wp\/v2\/pages\/5796\/revisions\/6979"}],"wp:attachment":[{"href":"https:\/\/globalpacta.com\/fr\/wp-json\/wp\/v2\/media?parent=5796"}],"curies":[{"name":"wp","href":"https:\/\/api.w.org\/{rel}","templated":true}]}}